{"id":7266,"date":"2019-05-13T14:33:35","date_gmt":"2019-05-13T12:33:35","guid":{"rendered":"https:\/\/www.cobirehab.com\/?post_type=product&#038;p=7266"},"modified":"2026-03-20T13:12:35","modified_gmt":"2026-03-20T12:12:35","slug":"personal-transporter","status":"publish","type":"product","link":"https:\/\/www.cobirehab.com\/en\/product\/personal-transporter\/","title":{"rendered":"MobiBed"},"content":{"rendered":"<h1>Everyone enjoys being part of the community<\/h1>\n<p>Regardless of any reduction in functional ability \u2013 and regardless of how few resources an individual has \u2013 all children and adults love to be part of the group. Immobile persons often experience that they are socially excluded.\u00a0With a Lasal MobiBed the user can be both mobile and social. The personal transporter is used for resting, stabilising, supporting and transport indoors. It creates many positioning options and is easy to adjust. These options allow user to participate in activities, both in a reclining or sitting down position.<\/p>\n<p>Lasal MobiBed is simple to adjust and operate with electrically driven adjustment of height, and back and foot support. The caretaker\u2019s working posture is improved significantly because of the height adjustment.\u00a0There are three length settings in the back section and three in the seat section, which allows up to nine length positions. The MobiBed also comes with step adjustable handlebar and with parking brake on the handlebar.<\/p>\n<p>The personal transporter is not suitable for use outdoors, though it can be used on terraces and other similar paved level surfaces.<\/p>\n<h4>Accessories for positioning<\/h4>\n<p>We provide several products as accessories for positioning the user in Lasal MobiBed, among others belts, bedrails and insert cushions, which can be put together using clasps and visco elastic mattress with removable cover.<\/p>\n<p>As a supplement for the insert cushions, we also provide a large range of positioning cushions from <a href=\"https:\/\/www.cobirehab.com\/en\/product\/lasal-positioning-cushion-2\/\">Lasal<\/a> and <a href=\"https:\/\/www.cobirehab.com\/en\/product\/cobi-positioning-cushions\/\">Cobi<\/a>. Combined the insert cushions and the positioning cushions allow a unique positioning for each user.<\/p>\n<h4>Insert cushions<\/h4>\n<p>The insert cushions are available in several sizes and models. The insert cushions are made from comfortable materials and have removable and washable outer covers. The core insert cushions have a water-repellent and antibacterial polyester cover.<\/p>\n<p>In addition, the modules are equipped with a zip, so that the core filling can be varied as required. The removed filling is stored in a fabric bag. Since the small beads can easily spill out, it is recommenced that when removing them, a sheet is placed below the cushion.<\/p>\n<p>The MobiBed is not crashtestet. Please read the following document about <a href=\"https:\/\/www.cobirehab.com\/wp-content\/uploads\/2020\/09\/Transportation-of-passenger-in-COBI-Mobibed-inside-a-vehicle-2020.pdf\">transporting the MobiBed in a vehicle<\/a>.<\/p>\n<p>&nbsp;<\/p>\n<p>&nbsp;<\/p>\n<p>&nbsp;<\/p>\n","protected":false},"excerpt":{"rendered":"<p class=\"p1\">Lasal MobiBed means the user can be both mobile and social.<\/p>\n<p class=\"p1\">The transporter can be used for resting, stabilising, supporting and yes of course, to transport the user around indoors. It creates many positioning options and is easy to adjust.<\/p>\n<hr \/>\n<h4>Ideal use for<\/h4>\n<p>&#8211; Children, young adults and adults with highly reduced<br \/>\nfunctional ability<br \/>\n&#8211; People who have difficulty sitting in the same position long<br \/>\nperiods of time<br \/>\n&#8211; People with deformities, e.g. in the back or hip<br \/>\n&#8211; People with low muscle tone<br \/>\n&#8211; People who need to change position regularly, sitting down or lying down.<\/p>\n","protected":false},"featured_media":43623,"comment_status":"closed","ping_status":"closed","template":"","meta":{"_et_pb_use_builder":"off","_et_pb_old_content":"<strong>Konstruktion<\/strong>\r\nKelvin k\u00f8restolen er opbygget af moduler af puder fyldt med latex og Kr\u00f8yer kugler. Indstillingsmulighederne i hofte-, kn\u00e6, og ankelled, kombineret med stolens 45\u02da tilt, g\u00f8r det let at tilpasse stolen til den enkelte brugers behov, trods deformiteter, kontrakturer og smerter. Brugeren vil opn\u00e5 en optimal st\u00f8tte fra isse til h\u00e6l.\r\n\r\nK\u00f8restolen er konstrueret med flexarme, som giver brugerens arme mulighed for at blive underst\u00f8ttet og skaber tryghed, ro samt en h\u00f8j grad af komfort.\r\n\r\n<strong>St\u00f8rre livskvalitet<\/strong>\r\nKelvin k\u00f8restolen er medvirkende til at give en h\u00f8jere grad af fleksibilitet og livskvalitet, samt er med til at opretholde sociale relationer.\r\n\r\n<strong>Fleksibelt modulsystem<\/strong>\r\nDet komplette Kelvin system er opbygget af moduler, og alle komponenterne er koordinerede med hinanden og passer sammen uden generende s\u00f8mme. S\u00e6det med den integrerede underbensst\u00f8tte kan p\u00e5s\u00e6ttes ekstra moduler. Desuden er det muligt at tilv\u00e6lge en abduktionspude, swing-away fodst\u00f8tter, h\u00f8jderegulerbart arml\u00e6n og bord, samt flere st\u00f8rrelser og typer af nakkest\u00f8tter. Serien af tilbeh\u00f8r kan uden besv\u00e6r og efter behov p\u00e5s\u00e6ttes og tilpasses den enkelte bruger.\r\n\r\nGenbrugsv\u00e6rdien af Kelvin k\u00f8restolen er h\u00f8j, da stolens store sortiment af tilbeh\u00f8r og modulopbygningens fleksibilitet g\u00f8r det nemt at gentilpasse stolen til en anden bruger. Dette kan g\u00f8res i samarbejde med Cobi Rehabs erfarne konsulenter.\r\n\r\n<span style=\"color: #93a79b\"><strong>- Stabilitet og fleksibilitet p\u00e5 en gang<\/strong><\/span>\r\n<span style=\"color: #93a79b\"><strong>- Stor genbrugsv\u00e6rdi<\/strong><\/span>\r\n<span style=\"color: #93a79b\"><strong>- Mulighed for individuel tilpasning<\/strong><\/span>\r\n<span style=\"color: #93a79b\"><strong>- Mere livskvalitet<\/strong><\/span>\r\n<span style=\"color: #93a79b\"><strong>- Mere tryghed<\/strong><\/span>","_et_gb_content_width":""},"product_brand":[],"product_cat":[118],"product_tag":[238],"class_list":{"0":"post-7266","1":"product","2":"type-product","3":"status-publish","4":"has-post-thumbnail","6":"product_cat-wheelchairs","7":"product_tag-personal-transporter","9":"first","10":"instock","11":"shipping-taxable","12":"product-type-simple"},"yoast_head":"<!-- This site is optimized with the Yoast SEO plugin v27.2 - https:\/\/yoast.com\/product\/yoast-seo-wordpress\/ -->\n<title>Personal transporter (MobiBed) for immobile persons. Adjustable.<\/title>\n<meta name=\"description\" content=\"Personal transporter. Electrically driven adjustment of height, and back and foot support. Different cushions allows a unique positioning.For indoor use.\" \/>\n<meta name=\"robots\" content=\"index, follow, max-snippet:-1, max-image-preview:large, max-video-preview:-1\" \/>\n<link rel=\"canonical\" href=\"https:\/\/www.cobirehab.com\/en\/product\/personal-transporter\/\" \/>\n<meta property=\"og:locale\" content=\"en_US\" \/>\n<meta property=\"og:type\" content=\"article\" \/>\n<meta property=\"og:title\" content=\"Personal transporter (MobiBed) for immobile persons. Adjustable.\" \/>\n<meta property=\"og:description\" content=\"Personal transporter. Electrically driven adjustment of height, and back and foot support. Different cushions allows a unique positioning.For indoor use.\" \/>\n<meta property=\"og:url\" content=\"https:\/\/www.cobirehab.com\/en\/product\/personal-transporter\/\" \/>\n<meta property=\"og:site_name\" content=\"Cobi Rehab\" \/>\n<meta property=\"article:modified_time\" content=\"2026-03-20T12:12:35+00:00\" \/>\n<meta property=\"og:image\" content=\"https:\/\/www.cobirehab.com\/wp-content\/uploads\/2023\/05\/Cobi_2023-05-02_0075.jpg\" \/>\n\t<meta property=\"og:image:width\" content=\"2000\" \/>\n\t<meta property=\"og:image:height\" content=\"1333\" \/>\n\t<meta property=\"og:image:type\" content=\"image\/jpeg\" \/>\n<meta name=\"twitter:card\" content=\"summary_large_image\" \/>\n<meta name=\"twitter:label1\" content=\"Est. reading time\" \/>\n\t<meta name=\"twitter:data1\" content=\"2 minutes\" \/>\n<script type=\"application\/ld+json\" class=\"yoast-schema-graph\">{\"@context\":\"https:\/\/schema.org\",\"@graph\":[{\"@type\":\"WebPage\",\"@id\":\"https:\/\/www.cobirehab.com\/en\/product\/personal-transporter\/\",\"url\":\"https:\/\/www.cobirehab.com\/en\/product\/personal-transporter\/\",\"name\":\"Personal transporter (MobiBed) for immobile persons. Adjustable.\",\"isPartOf\":{\"@id\":\"https:\/\/www.cobirehab.com\/en\/#website\"},\"primaryImageOfPage\":{\"@id\":\"https:\/\/www.cobirehab.com\/en\/product\/personal-transporter\/#primaryimage\"},\"image\":{\"@id\":\"https:\/\/www.cobirehab.com\/en\/product\/personal-transporter\/#primaryimage\"},\"thumbnailUrl\":\"https:\/\/www.cobirehab.com\/wp-content\/uploads\/2023\/05\/Cobi_2023-05-02_0075.jpg\",\"datePublished\":\"2019-05-13T12:33:35+00:00\",\"dateModified\":\"2026-03-20T12:12:35+00:00\",\"description\":\"Personal transporter. Electrically driven adjustment of height, and back and foot support. Different cushions allows a unique positioning.For indoor use.\",\"breadcrumb\":{\"@id\":\"https:\/\/www.cobirehab.com\/en\/product\/personal-transporter\/#breadcrumb\"},\"inLanguage\":\"en-US\",\"potentialAction\":[{\"@type\":\"ReadAction\",\"target\":[\"https:\/\/www.cobirehab.com\/en\/product\/personal-transporter\/\"]}]},{\"@type\":\"ImageObject\",\"inLanguage\":\"en-US\",\"@id\":\"https:\/\/www.cobirehab.com\/en\/product\/personal-transporter\/#primaryimage\",\"url\":\"https:\/\/www.cobirehab.com\/wp-content\/uploads\/2023\/05\/Cobi_2023-05-02_0075.jpg\",\"contentUrl\":\"https:\/\/www.cobirehab.com\/wp-content\/uploads\/2023\/05\/Cobi_2023-05-02_0075.jpg\",\"width\":2000,\"height\":1333,\"caption\":\"Mobil k\u00f8reenhed til immobile borgere\"},{\"@type\":\"BreadcrumbList\",\"@id\":\"https:\/\/www.cobirehab.com\/en\/product\/personal-transporter\/#breadcrumb\",\"itemListElement\":[{\"@type\":\"ListItem\",\"position\":1,\"name\":\"Hjem\",\"item\":\"https:\/\/www.cobirehab.com\/\"},{\"@type\":\"ListItem\",\"position\":2,\"name\":\"Products\",\"item\":\"https:\/\/www.cobirehab.com\/en\/products\/\"},{\"@type\":\"ListItem\",\"position\":3,\"name\":\"MobiBed\"}]},{\"@type\":\"WebSite\",\"@id\":\"https:\/\/www.cobirehab.com\/en\/#website\",\"url\":\"https:\/\/www.cobirehab.com\/en\/\",\"name\":\"Cobi Rehab\",\"description\":\"The Positioning Company\",\"publisher\":{\"@id\":\"https:\/\/www.cobirehab.com\/en\/#organization\"},\"alternateName\":\"Cobi\",\"potentialAction\":[{\"@type\":\"SearchAction\",\"target\":{\"@type\":\"EntryPoint\",\"urlTemplate\":\"https:\/\/www.cobirehab.com\/en\/?s={search_term_string}\"},\"query-input\":{\"@type\":\"PropertyValueSpecification\",\"valueRequired\":true,\"valueName\":\"search_term_string\"}}],\"inLanguage\":\"en-US\"},{\"@type\":\"Organization\",\"@id\":\"https:\/\/www.cobirehab.com\/en\/#organization\",\"name\":\"Cobi Rehab\",\"url\":\"https:\/\/www.cobirehab.com\/en\/\",\"logo\":{\"@type\":\"ImageObject\",\"inLanguage\":\"en-US\",\"@id\":\"https:\/\/www.cobirehab.com\/en\/#\/schema\/logo\/image\/\",\"url\":\"https:\/\/www.cobirehab.com\/wp-content\/uploads\/2018\/04\/COBI-REHAB-17-logo-versA-pos.png\",\"contentUrl\":\"https:\/\/www.cobirehab.com\/wp-content\/uploads\/2018\/04\/COBI-REHAB-17-logo-versA-pos.png\",\"width\":1195,\"height\":768,\"caption\":\"Cobi Rehab\"},\"image\":{\"@id\":\"https:\/\/www.cobirehab.com\/en\/#\/schema\/logo\/image\/\"}}]}<\/script>\n<!-- \/ Yoast SEO plugin. -->","yoast_head_json":{"title":"Personal transporter (MobiBed) for immobile persons. Adjustable.","description":"Personal transporter. Electrically driven adjustment of height, and back and foot support. Different cushions allows a unique positioning.For indoor use.","robots":{"index":"index","follow":"follow","max-snippet":"max-snippet:-1","max-image-preview":"max-image-preview:large","max-video-preview":"max-video-preview:-1"},"canonical":"https:\/\/www.cobirehab.com\/en\/product\/personal-transporter\/","og_locale":"en_US","og_type":"article","og_title":"Personal transporter (MobiBed) for immobile persons. Adjustable.","og_description":"Personal transporter. Electrically driven adjustment of height, and back and foot support. Different cushions allows a unique positioning.For indoor use.","og_url":"https:\/\/www.cobirehab.com\/en\/product\/personal-transporter\/","og_site_name":"Cobi Rehab","article_modified_time":"2026-03-20T12:12:35+00:00","og_image":[{"width":2000,"height":1333,"url":"https:\/\/www.cobirehab.com\/wp-content\/uploads\/2023\/05\/Cobi_2023-05-02_0075.jpg","type":"image\/jpeg"}],"twitter_card":"summary_large_image","twitter_misc":{"Est. reading time":"2 minutes"},"schema":{"@context":"https:\/\/schema.org","@graph":[{"@type":"WebPage","@id":"https:\/\/www.cobirehab.com\/en\/product\/personal-transporter\/","url":"https:\/\/www.cobirehab.com\/en\/product\/personal-transporter\/","name":"Personal transporter (MobiBed) for immobile persons. Adjustable.","isPartOf":{"@id":"https:\/\/www.cobirehab.com\/en\/#website"},"primaryImageOfPage":{"@id":"https:\/\/www.cobirehab.com\/en\/product\/personal-transporter\/#primaryimage"},"image":{"@id":"https:\/\/www.cobirehab.com\/en\/product\/personal-transporter\/#primaryimage"},"thumbnailUrl":"https:\/\/www.cobirehab.com\/wp-content\/uploads\/2023\/05\/Cobi_2023-05-02_0075.jpg","datePublished":"2019-05-13T12:33:35+00:00","dateModified":"2026-03-20T12:12:35+00:00","description":"Personal transporter. Electrically driven adjustment of height, and back and foot support. Different cushions allows a unique positioning.For indoor use.","breadcrumb":{"@id":"https:\/\/www.cobirehab.com\/en\/product\/personal-transporter\/#breadcrumb"},"inLanguage":"en-US","potentialAction":[{"@type":"ReadAction","target":["https:\/\/www.cobirehab.com\/en\/product\/personal-transporter\/"]}]},{"@type":"ImageObject","inLanguage":"en-US","@id":"https:\/\/www.cobirehab.com\/en\/product\/personal-transporter\/#primaryimage","url":"https:\/\/www.cobirehab.com\/wp-content\/uploads\/2023\/05\/Cobi_2023-05-02_0075.jpg","contentUrl":"https:\/\/www.cobirehab.com\/wp-content\/uploads\/2023\/05\/Cobi_2023-05-02_0075.jpg","width":2000,"height":1333,"caption":"Mobil k\u00f8reenhed til immobile borgere"},{"@type":"BreadcrumbList","@id":"https:\/\/www.cobirehab.com\/en\/product\/personal-transporter\/#breadcrumb","itemListElement":[{"@type":"ListItem","position":1,"name":"Hjem","item":"https:\/\/www.cobirehab.com\/"},{"@type":"ListItem","position":2,"name":"Products","item":"https:\/\/www.cobirehab.com\/en\/products\/"},{"@type":"ListItem","position":3,"name":"MobiBed"}]},{"@type":"WebSite","@id":"https:\/\/www.cobirehab.com\/en\/#website","url":"https:\/\/www.cobirehab.com\/en\/","name":"Cobi Rehab","description":"The Positioning Company","publisher":{"@id":"https:\/\/www.cobirehab.com\/en\/#organization"},"alternateName":"Cobi","potentialAction":[{"@type":"SearchAction","target":{"@type":"EntryPoint","urlTemplate":"https:\/\/www.cobirehab.com\/en\/?s={search_term_string}"},"query-input":{"@type":"PropertyValueSpecification","valueRequired":true,"valueName":"search_term_string"}}],"inLanguage":"en-US"},{"@type":"Organization","@id":"https:\/\/www.cobirehab.com\/en\/#organization","name":"Cobi Rehab","url":"https:\/\/www.cobirehab.com\/en\/","logo":{"@type":"ImageObject","inLanguage":"en-US","@id":"https:\/\/www.cobirehab.com\/en\/#\/schema\/logo\/image\/","url":"https:\/\/www.cobirehab.com\/wp-content\/uploads\/2018\/04\/COBI-REHAB-17-logo-versA-pos.png","contentUrl":"https:\/\/www.cobirehab.com\/wp-content\/uploads\/2018\/04\/COBI-REHAB-17-logo-versA-pos.png","width":1195,"height":768,"caption":"Cobi Rehab"},"image":{"@id":"https:\/\/www.cobirehab.com\/en\/#\/schema\/logo\/image\/"}}]}},"_links":{"self":[{"href":"https:\/\/www.cobirehab.com\/en\/wp-json\/wp\/v2\/product\/7266","targetHints":{"allow":["GET"]}}],"collection":[{"href":"https:\/\/www.cobirehab.com\/en\/wp-json\/wp\/v2\/product"}],"about":[{"href":"https:\/\/www.cobirehab.com\/en\/wp-json\/wp\/v2\/types\/product"}],"replies":[{"embeddable":true,"href":"https:\/\/www.cobirehab.com\/en\/wp-json\/wp\/v2\/comments?post=7266"}],"wp:featuredmedia":[{"embeddable":true,"href":"https:\/\/www.cobirehab.com\/en\/wp-json\/wp\/v2\/media\/43623"}],"wp:attachment":[{"href":"https:\/\/www.cobirehab.com\/en\/wp-json\/wp\/v2\/media?parent=7266"}],"wp:term":[{"taxonomy":"product_brand","embeddable":true,"href":"https:\/\/www.cobirehab.com\/en\/wp-json\/wp\/v2\/product_brand?post=7266"},{"taxonomy":"product_cat","embeddable":true,"href":"https:\/\/www.cobirehab.com\/en\/wp-json\/wp\/v2\/product_cat?post=7266"},{"taxonomy":"product_tag","embeddable":true,"href":"https:\/\/www.cobirehab.com\/en\/wp-json\/wp\/v2\/product_tag?post=7266"}],"curies":[{"name":"wp","href":"https:\/\/api.w.org\/{rel}","templated":true}]}}