{"id":5432,"date":"2019-02-11T11:46:20","date_gmt":"2019-02-11T10:46:20","guid":{"rendered":"http:\/\/www.cobirehab.com\/?post_type=product&#038;p=5432"},"modified":"2025-02-07T11:38:56","modified_gmt":"2025-02-07T10:38:56","slug":"bariatric-shower-chair","status":"publish","type":"product","link":"https:\/\/www.cobirehab.com\/en\/product\/bariatric-shower-chair\/","title":{"rendered":"Bariatric Shower Chair Vastus"},"content":{"rendered":"<h1>Bariatric Shower Chair Vastus<\/h1>\n<p>Our Vastus bariatric shower chair is designed with armrests bending out like a butterfly, so the body doesn\u2019t get squeezed, getting in and out the shower chair. The butterfly armrests of the Shower Chair also provide much better functionality for the user, compared to other chairs with straight and short armrests where it is almost impossible for a bariatric user to get a good grip. For bariatric users up to 325 kg.<\/p>\n<h4>Construction<\/h4>\n<p>The height of the Vastus Shower Chair is adjustable from 44 to 59 cm. It is very important to adjust the Shower Chair to the right height. If the chair is too high for the user, the feet will lift off the ground, making it hard to get seated in the chair. If the chair is too low, the user will have trouble getting up.<\/p>\n<p>It is often a problem for bariatric users to be seated comfortably. Sometimes the seat depth is too short, sometimes too deep and with no back support. We have designed the seat to be individually adjusted to provide a comfortable seating. The backrest can be moved +\/- 6 cm and the bended tubing assures that the right comfort can be found.<\/p>\n<p>It is easy to clean the Vastus Shower Chair with its removable seat pad. No tools are needed and the bedpan is redesigned for a smoothly hygienic cleaning operation.<\/p>\n<p>It is also made easy to both handle and move the chair from place to place. In the construction of the chair we have only used high-tech lightweight tubing, to provide the highest strength at the lowest weight.<\/p>\n<p>The commode bucket is included when purchasing the Vastus Shower Chair.<\/p>\n<p>See our other <a href=\"https:\/\/www.cobirehab.com\/en\/product-category\/shower-toilet\/\">bariatric shower and toilet products<\/a>.<\/p>\n<p>Find <a href=\"https:\/\/hmi-basen.dk\/en\/r11x.asp?linkinfo=22278\">the Shower Chair<\/a> on the Danish Assist Data<\/p>\n<p class=\"p1\"><strong><span style=\"color: #93a79b;\">&#8211;\u00a0Adjustable seat height<\/span><\/strong><br \/>\n<strong><span style=\"color: #93a79b;\">&#8211; Adjustable seat depth<\/span><\/strong><br \/>\n<strong><span style=\"color: #93a79b;\">&#8211; Long stable armrests<\/span><\/strong><br \/>\n<strong><span style=\"color: #93a79b;\">&#8211; Two seat widths<br \/>\n&#8211; Combined bedside commode and shower bench<\/span><\/strong><\/p>\n","protected":false},"excerpt":{"rendered":"<p><strong>Strongly engineered and functionally designed Shower Chair exclusively for bariatric users!<\/strong><\/p>\n<p>A combination chair with toilet opening. When the seat cover is removed, the Vastus Shower Chair becomes a bedside commode<\/p>\n<hr \/>\n<h4><\/h4>\n<h4>\u00a0Ideal use for&#8230;<\/h4>\n<p>&#8211; Bariatric users.<\/p>\n","protected":false},"featured_media":47561,"comment_status":"closed","ping_status":"closed","template":"","meta":{"_et_pb_use_builder":"off","_et_pb_old_content":"<p>En kombinationsstol med toilet \u00e5bning. N\u00e5r l\u00e5get til s\u00e6det fjernes, bliver stolen til en toiletstol.<br \/><br \/>XXL-Rehab Clean er designet til at give bariatriske brugere en god siddekomfort og en let\u00a0ind- og udstigning af stolen uden at blive klemt.<strong><br \/><br \/>Konstruktion og funktioner <br \/><\/strong>Til bade- og toiletstolen har vi anvendt h\u00f8jteknologiske letv\u00e6gtsr\u00f8r for at give stolen mest mulig stabilitet og den laveste v\u00e6gt. R\u00f8rene er endvidere effektivt overfladebehandlet. Bade- og toiletstolen er velegnet til et bademilj\u00f8. <br \/><br \/>Arml\u00e6nene er designet, s\u00e5 kroppen ikke bliver klemt, og de g\u00e5r ud over siddefladen. Dette g\u00f8r det nemt at f\u00e5 et godt greb og komme ind og ud af stolen, n\u00e5r brugeren enten \u00f8nsker at s\u00e6tte sig eller rejse sig fra stolen. Rygl\u00e6net kan justeres til brugeren for at opn\u00e5 en behagelig siddestilling. <br \/><br \/>Rygl\u00e6net kan flyttes +\/- 6 cm, og de buede r\u00f8r sikrer en god siddekomfort. Bade- og toiletstolens s\u00e6deh\u00f8jde er justerbar fra 44-59 cm, s\u00e5 en rigtig siddeh\u00f8jde kan opn\u00e5s, og samtidig er det let at komme ind og ud af stolen. Hvis stolen er for h\u00f8j, vil brugerens f\u00f8dder sv\u00e6ve over gulvet, hvilket vil g\u00f8re det sv\u00e6rt for brugeren at placere sig godt i stolen. Hvis stolen er for lav, vil brugeren have sv\u00e6rt ved at komme ud af stolen. <br \/><br \/><strong>Reng\u00f8ring <br \/><\/strong>Det er nemt at reng\u00f8re XXL-Rehab Clean. Stolens s\u00e6de og b\u00e6kkenspan aftages let, uden brug af v\u00e6rkt\u00f8j og stolen kan reng\u00f8res med almindelige reng\u00f8ringsmidler.<\/p><p class=\"p1\"><span style=\"color: #93a79b;\"><strong>-\u00a0Justerbar s\u00e6deh\u00f8jde<\/strong><\/span> <br \/><span style=\"color: #93a79b;\"><strong>- Justerbar s\u00e6dedybde<\/strong><\/span> <br \/><span style=\"color: #93a79b;\"><strong>- Lange stabile arml\u00e6n<\/strong><\/span> <br \/><span style=\"color: #93a79b;\"><strong>- 2 st\u00f8rrelser<br \/>- Kombineret bade- og toiletstol<\/strong><\/span><\/p>","_et_gb_content_width":""},"product_brand":[],"product_cat":[88],"product_tag":[239],"class_list":{"0":"post-5432","1":"product","2":"type-product","3":"status-publish","4":"has-post-thumbnail","6":"product_cat-shower-toilet","7":"product_tag-bariatric-shower-chair","9":"first","10":"instock","11":"shipping-taxable","12":"product-type-simple"},"yoast_head":"<!-- This site is optimized with the Yoast SEO plugin v27.2 - https:\/\/yoast.com\/product\/yoast-seo-wordpress\/ -->\n<title>Bariatric Shower Chair Vastus from Cobi Rehab | Order today<\/title>\n<meta name=\"description\" content=\"Bariatric Shower Chair Vastus up to 325 kg. Height adjustable. Armrests bend out like a butterfly, so user doesn\u2019t get squeezed, getting in and out.\" \/>\n<meta name=\"robots\" content=\"index, follow, max-snippet:-1, max-image-preview:large, max-video-preview:-1\" \/>\n<link rel=\"canonical\" href=\"https:\/\/www.cobirehab.com\/en\/product\/bariatric-shower-chair\/\" \/>\n<meta property=\"og:locale\" content=\"en_US\" \/>\n<meta property=\"og:type\" content=\"article\" \/>\n<meta property=\"og:title\" content=\"Bariatric Shower Chair Vastus from Cobi Rehab | Order today\" \/>\n<meta property=\"og:description\" content=\"Bariatric Shower Chair Vastus up to 325 kg. Height adjustable. Armrests bend out like a butterfly, so user doesn\u2019t get squeezed, getting in and out.\" \/>\n<meta property=\"og:url\" content=\"https:\/\/www.cobirehab.com\/en\/product\/bariatric-shower-chair\/\" \/>\n<meta property=\"og:site_name\" content=\"Cobi Rehab\" \/>\n<meta property=\"article:modified_time\" content=\"2025-02-07T10:38:56+00:00\" \/>\n<meta property=\"og:image\" content=\"https:\/\/www.cobirehab.com\/wp-content\/uploads\/2025\/01\/2019-Badetoiletstol_Shower-Chair_front-2.jpg\" \/>\n\t<meta property=\"og:image:width\" content=\"544\" \/>\n\t<meta property=\"og:image:height\" content=\"544\" \/>\n\t<meta property=\"og:image:type\" content=\"image\/jpeg\" \/>\n<meta name=\"twitter:card\" content=\"summary_large_image\" \/>\n<meta name=\"twitter:label1\" content=\"Est. reading time\" \/>\n\t<meta name=\"twitter:data1\" content=\"2 minutes\" \/>\n<script type=\"application\/ld+json\" class=\"yoast-schema-graph\">{\"@context\":\"https:\/\/schema.org\",\"@graph\":[{\"@type\":\"WebPage\",\"@id\":\"https:\/\/www.cobirehab.com\/en\/product\/bariatric-shower-chair\/\",\"url\":\"https:\/\/www.cobirehab.com\/en\/product\/bariatric-shower-chair\/\",\"name\":\"Bariatric Shower Chair Vastus from Cobi Rehab | Order today\",\"isPartOf\":{\"@id\":\"https:\/\/www.cobirehab.com\/en\/#website\"},\"primaryImageOfPage\":{\"@id\":\"https:\/\/www.cobirehab.com\/en\/product\/bariatric-shower-chair\/#primaryimage\"},\"image\":{\"@id\":\"https:\/\/www.cobirehab.com\/en\/product\/bariatric-shower-chair\/#primaryimage\"},\"thumbnailUrl\":\"https:\/\/www.cobirehab.com\/wp-content\/uploads\/2025\/01\/2019-Badetoiletstol_Shower-Chair_front-2.jpg\",\"datePublished\":\"2019-02-11T10:46:20+00:00\",\"dateModified\":\"2025-02-07T10:38:56+00:00\",\"description\":\"Bariatric Shower Chair Vastus up to 325 kg. Height adjustable. Armrests bend out like a butterfly, so user doesn\u2019t get squeezed, getting in and out.\",\"breadcrumb\":{\"@id\":\"https:\/\/www.cobirehab.com\/en\/product\/bariatric-shower-chair\/#breadcrumb\"},\"inLanguage\":\"en-US\",\"potentialAction\":[{\"@type\":\"ReadAction\",\"target\":[\"https:\/\/www.cobirehab.com\/en\/product\/bariatric-shower-chair\/\"]}]},{\"@type\":\"ImageObject\",\"inLanguage\":\"en-US\",\"@id\":\"https:\/\/www.cobirehab.com\/en\/product\/bariatric-shower-chair\/#primaryimage\",\"url\":\"https:\/\/www.cobirehab.com\/wp-content\/uploads\/2025\/01\/2019-Badetoiletstol_Shower-Chair_front-2.jpg\",\"contentUrl\":\"https:\/\/www.cobirehab.com\/wp-content\/uploads\/2025\/01\/2019-Badetoiletstol_Shower-Chair_front-2.jpg\",\"width\":544,\"height\":544,\"caption\":\"Badetoiletstol_Shower Chair_Dusch- und Toilttenstuhl_Dusch- och toaletstol Vastus\"},{\"@type\":\"BreadcrumbList\",\"@id\":\"https:\/\/www.cobirehab.com\/en\/product\/bariatric-shower-chair\/#breadcrumb\",\"itemListElement\":[{\"@type\":\"ListItem\",\"position\":1,\"name\":\"Hjem\",\"item\":\"https:\/\/www.cobirehab.com\/\"},{\"@type\":\"ListItem\",\"position\":2,\"name\":\"Products\",\"item\":\"https:\/\/www.cobirehab.com\/en\/products\/\"},{\"@type\":\"ListItem\",\"position\":3,\"name\":\"Bariatric Shower Chair Vastus\"}]},{\"@type\":\"WebSite\",\"@id\":\"https:\/\/www.cobirehab.com\/en\/#website\",\"url\":\"https:\/\/www.cobirehab.com\/en\/\",\"name\":\"Cobi Rehab\",\"description\":\"The Positioning Company\",\"publisher\":{\"@id\":\"https:\/\/www.cobirehab.com\/en\/#organization\"},\"alternateName\":\"Cobi\",\"potentialAction\":[{\"@type\":\"SearchAction\",\"target\":{\"@type\":\"EntryPoint\",\"urlTemplate\":\"https:\/\/www.cobirehab.com\/en\/?s={search_term_string}\"},\"query-input\":{\"@type\":\"PropertyValueSpecification\",\"valueRequired\":true,\"valueName\":\"search_term_string\"}}],\"inLanguage\":\"en-US\"},{\"@type\":\"Organization\",\"@id\":\"https:\/\/www.cobirehab.com\/en\/#organization\",\"name\":\"Cobi Rehab\",\"url\":\"https:\/\/www.cobirehab.com\/en\/\",\"logo\":{\"@type\":\"ImageObject\",\"inLanguage\":\"en-US\",\"@id\":\"https:\/\/www.cobirehab.com\/en\/#\/schema\/logo\/image\/\",\"url\":\"https:\/\/www.cobirehab.com\/wp-content\/uploads\/2018\/04\/COBI-REHAB-17-logo-versA-pos.png\",\"contentUrl\":\"https:\/\/www.cobirehab.com\/wp-content\/uploads\/2018\/04\/COBI-REHAB-17-logo-versA-pos.png\",\"width\":1195,\"height\":768,\"caption\":\"Cobi Rehab\"},\"image\":{\"@id\":\"https:\/\/www.cobirehab.com\/en\/#\/schema\/logo\/image\/\"}}]}<\/script>\n<!-- \/ Yoast SEO plugin. -->","yoast_head_json":{"title":"Bariatric Shower Chair Vastus from Cobi Rehab | Order today","description":"Bariatric Shower Chair Vastus up to 325 kg. Height adjustable. Armrests bend out like a butterfly, so user doesn\u2019t get squeezed, getting in and out.","robots":{"index":"index","follow":"follow","max-snippet":"max-snippet:-1","max-image-preview":"max-image-preview:large","max-video-preview":"max-video-preview:-1"},"canonical":"https:\/\/www.cobirehab.com\/en\/product\/bariatric-shower-chair\/","og_locale":"en_US","og_type":"article","og_title":"Bariatric Shower Chair Vastus from Cobi Rehab | Order today","og_description":"Bariatric Shower Chair Vastus up to 325 kg. Height adjustable. Armrests bend out like a butterfly, so user doesn\u2019t get squeezed, getting in and out.","og_url":"https:\/\/www.cobirehab.com\/en\/product\/bariatric-shower-chair\/","og_site_name":"Cobi Rehab","article_modified_time":"2025-02-07T10:38:56+00:00","og_image":[{"width":544,"height":544,"url":"https:\/\/www.cobirehab.com\/wp-content\/uploads\/2025\/01\/2019-Badetoiletstol_Shower-Chair_front-2.jpg","type":"image\/jpeg"}],"twitter_card":"summary_large_image","twitter_misc":{"Est. reading time":"2 minutes"},"schema":{"@context":"https:\/\/schema.org","@graph":[{"@type":"WebPage","@id":"https:\/\/www.cobirehab.com\/en\/product\/bariatric-shower-chair\/","url":"https:\/\/www.cobirehab.com\/en\/product\/bariatric-shower-chair\/","name":"Bariatric Shower Chair Vastus from Cobi Rehab | Order today","isPartOf":{"@id":"https:\/\/www.cobirehab.com\/en\/#website"},"primaryImageOfPage":{"@id":"https:\/\/www.cobirehab.com\/en\/product\/bariatric-shower-chair\/#primaryimage"},"image":{"@id":"https:\/\/www.cobirehab.com\/en\/product\/bariatric-shower-chair\/#primaryimage"},"thumbnailUrl":"https:\/\/www.cobirehab.com\/wp-content\/uploads\/2025\/01\/2019-Badetoiletstol_Shower-Chair_front-2.jpg","datePublished":"2019-02-11T10:46:20+00:00","dateModified":"2025-02-07T10:38:56+00:00","description":"Bariatric Shower Chair Vastus up to 325 kg. Height adjustable. Armrests bend out like a butterfly, so user doesn\u2019t get squeezed, getting in and out.","breadcrumb":{"@id":"https:\/\/www.cobirehab.com\/en\/product\/bariatric-shower-chair\/#breadcrumb"},"inLanguage":"en-US","potentialAction":[{"@type":"ReadAction","target":["https:\/\/www.cobirehab.com\/en\/product\/bariatric-shower-chair\/"]}]},{"@type":"ImageObject","inLanguage":"en-US","@id":"https:\/\/www.cobirehab.com\/en\/product\/bariatric-shower-chair\/#primaryimage","url":"https:\/\/www.cobirehab.com\/wp-content\/uploads\/2025\/01\/2019-Badetoiletstol_Shower-Chair_front-2.jpg","contentUrl":"https:\/\/www.cobirehab.com\/wp-content\/uploads\/2025\/01\/2019-Badetoiletstol_Shower-Chair_front-2.jpg","width":544,"height":544,"caption":"Badetoiletstol_Shower Chair_Dusch- und Toilttenstuhl_Dusch- och toaletstol Vastus"},{"@type":"BreadcrumbList","@id":"https:\/\/www.cobirehab.com\/en\/product\/bariatric-shower-chair\/#breadcrumb","itemListElement":[{"@type":"ListItem","position":1,"name":"Hjem","item":"https:\/\/www.cobirehab.com\/"},{"@type":"ListItem","position":2,"name":"Products","item":"https:\/\/www.cobirehab.com\/en\/products\/"},{"@type":"ListItem","position":3,"name":"Bariatric Shower Chair Vastus"}]},{"@type":"WebSite","@id":"https:\/\/www.cobirehab.com\/en\/#website","url":"https:\/\/www.cobirehab.com\/en\/","name":"Cobi Rehab","description":"The Positioning Company","publisher":{"@id":"https:\/\/www.cobirehab.com\/en\/#organization"},"alternateName":"Cobi","potentialAction":[{"@type":"SearchAction","target":{"@type":"EntryPoint","urlTemplate":"https:\/\/www.cobirehab.com\/en\/?s={search_term_string}"},"query-input":{"@type":"PropertyValueSpecification","valueRequired":true,"valueName":"search_term_string"}}],"inLanguage":"en-US"},{"@type":"Organization","@id":"https:\/\/www.cobirehab.com\/en\/#organization","name":"Cobi Rehab","url":"https:\/\/www.cobirehab.com\/en\/","logo":{"@type":"ImageObject","inLanguage":"en-US","@id":"https:\/\/www.cobirehab.com\/en\/#\/schema\/logo\/image\/","url":"https:\/\/www.cobirehab.com\/wp-content\/uploads\/2018\/04\/COBI-REHAB-17-logo-versA-pos.png","contentUrl":"https:\/\/www.cobirehab.com\/wp-content\/uploads\/2018\/04\/COBI-REHAB-17-logo-versA-pos.png","width":1195,"height":768,"caption":"Cobi Rehab"},"image":{"@id":"https:\/\/www.cobirehab.com\/en\/#\/schema\/logo\/image\/"}}]}},"_links":{"self":[{"href":"https:\/\/www.cobirehab.com\/en\/wp-json\/wp\/v2\/product\/5432","targetHints":{"allow":["GET"]}}],"collection":[{"href":"https:\/\/www.cobirehab.com\/en\/wp-json\/wp\/v2\/product"}],"about":[{"href":"https:\/\/www.cobirehab.com\/en\/wp-json\/wp\/v2\/types\/product"}],"replies":[{"embeddable":true,"href":"https:\/\/www.cobirehab.com\/en\/wp-json\/wp\/v2\/comments?post=5432"}],"wp:featuredmedia":[{"embeddable":true,"href":"https:\/\/www.cobirehab.com\/en\/wp-json\/wp\/v2\/media\/47561"}],"wp:attachment":[{"href":"https:\/\/www.cobirehab.com\/en\/wp-json\/wp\/v2\/media?parent=5432"}],"wp:term":[{"taxonomy":"product_brand","embeddable":true,"href":"https:\/\/www.cobirehab.com\/en\/wp-json\/wp\/v2\/product_brand?post=5432"},{"taxonomy":"product_cat","embeddable":true,"href":"https:\/\/www.cobirehab.com\/en\/wp-json\/wp\/v2\/product_cat?post=5432"},{"taxonomy":"product_tag","embeddable":true,"href":"https:\/\/www.cobirehab.com\/en\/wp-json\/wp\/v2\/product_tag?post=5432"}],"curies":[{"name":"wp","href":"https:\/\/api.w.org\/{rel}","templated":true}]}}