{"id":4885,"date":"2018-12-17T13:05:57","date_gmt":"2018-12-17T12:05:57","guid":{"rendered":"http:\/\/www.cobirehab.com\/?post_type=product&#038;p=4885"},"modified":"2024-08-06T11:55:17","modified_gmt":"2024-08-06T09:55:17","slug":"bariatric-shower-commode-rise-n-tilt","status":"publish","type":"product","link":"https:\/\/www.cobirehab.com\/en\/product\/bariatric-shower-commode-rise-n-tilt\/","title":{"rendered":"Bariatric Shower Commode  Rise N Tilt"},"content":{"rendered":"<h1>Shower Commode Rise N Tilt<\/h1>\n<p>Bariatric Shower Commode Rise N Tilt is a combination chair with built-in lift and tilt function. It is the world\u2019s first shower commode for bariatric users, which can both lift and tilt the user to a 30\u00b0 degree. The shower commode has a weight capacity of 325 kg.<\/p>\n<p>Rise N Tilt has two differents types of armrests. Classic armrests and armrests bending out like a butterfly, so the body doesn\u2019t get squeezed, getting in and out the shower commode. The butterfly armrests of the Rise N Tilt also provide much better functionality for the user. Straight and short armrests can make it is almost impossible for a bariatric user to get a good grip.<\/p>\n<h5>Making tasks easier and safer<\/h5>\n<p>Bariatric Shower Commode Rise N Tilt provides better access for caregivers in relation to hygiene, skin and tissue care. Nursing and dressing of feet may, for caregivers, take place in a standing position, thus achieving an ergonomically sound working position. The shower commode also allows the caregiver and the user to have eye contact. Better eye contact provides far better communication.<\/p>\n<h5>Improved and more efficient care<\/h5>\n<p>This shower commode raises the efficiency of care because it enables a single caregiver to perform the whole showering procedure, as well as a wide range of everyday hygiene tasks. The high level of support provided by the shower commode results in streamlined routines. This means considerable time savings compared with traditional methods. Bariatric Shower Commode Rise N Tilt is designed to give bariatric users a comfortable and safe bathing experience. It can also be used where the user\u2019s condition is poor with reduced postural control.<\/p>\n<h5>Enhancing quality of life<\/h5>\n<p>Bariatric Shower Commode Rise N Tilt can enhance the quality of life for a bariatric user by making assisted showering and other hygiene routines not only safer and more comfortable, but also a more dignified experience.<\/p>\n<p>See our other <a href=\"https:\/\/www.cobirehab.com\/en\/product-category\/shower-toilet\/\">bariatric shower and toilet products<\/a>.<\/p>\n<p>Find <a href=\"https:\/\/hmi-basen.dk\/en\/r11x.asp?linkinfo=33893\">Shower Commode Rise N Tilt <\/a>\u00a0on the Danish Assist Data<\/p>\n<p class=\"p1\"><strong><span style=\"color: #93a79b;\">&#8211;\u00a0The Care Raiser function is unique, as it lifts the lower part of the user\u2019s body to enable easy and discreet access for sensitive hygiene tasks.<\/span><\/strong><br \/>\n<strong><span style=\"color: #93a79b;\">&#8211; The high backrest and sturdy armrests provide optimum user support and security.<\/span><\/strong><br \/>\n<strong><span style=\"color: #93a79b;\">&#8211; The reclined position gives full access for the caregiver to most parts of the body and is very comfortable for the user.<\/span><\/strong><\/p>\n","protected":false},"excerpt":{"rendered":"<p>Bariatric Shower Commode Rise N Tilt is a combination chair with built-in lift and tilt function.<\/p>\n<p>It is the world\u2019s first shower commode for bariatric users, which can both lift and tilt the user to a 30\u00b0\u00a0degree.<\/p>\n<p>The shower commode has a weight capacity of 325 kg.<\/p>\n<hr \/>\n<h4><\/h4>\n<h4>Ideal use for<\/h4>\n<p>&#8211; Bariatric users<br \/>\n&#8211; Users with reduced muscle tone, pressure sores, spasm\/involuntary movements.<br \/>\n&#8211; Users recovering after amputations and strokes.<\/p>\n","protected":false},"featured_media":5540,"comment_status":"closed","ping_status":"closed","template":"","meta":{"_et_pb_use_builder":"off","_et_pb_old_content":"<p>XXL-Rehab Rise N Tilt badetoiletstol er en kombinationsstol med indbygget l\u00f8ft og tilt funktion. Det er\u00a0verdens f\u00f8rste badetoiletstol til bariatriske brugere, der kan l\u00f8fte og tilte brugeren til en 30\u00b0 h\u00e6ldning.\u00a0Badetoiletstolen har en brugerv\u00e6gt p\u00e5 325 kg.<br \/><br \/><strong>G\u00f8r opgaverne nemmere og sikrere<\/strong><br \/>XXL-Rehab Rise N Tilt badetoiletstol giver bedre adgang for plejepersonalet i forhold til hygiejne, hud- og v\u00e6vpleje. Sygepleje og p\u00e5kl\u00e6dning af f\u00f8dder kan, for plejepersonalets vedkommende, foreg\u00e5 i st\u00e5ende stilling, hvorved der opn\u00e5s en ergonomisk forsvarlig arbejdsstilling. Stolen muligg\u00f8r samtidig, at plejepersonalet og brugeren har \u00f8jenkontakt, hvilket giver langt bedre kommunikation.<br \/><br \/><strong>Bedre og effektiv pleje<\/strong><br \/>Denne badetoiletstol \u00f8ger effektiviteten i plejen, fordi den g\u00f8r\u00a0det muligt for \u00e9n person at udf\u00f8re hele badeproceduren, samt\u00a0en bred vifte af hverdagens hygiejneopgaver. Badetoiletstolens\u00a0enkle funktioner resulterer i str\u00f8mlinede rutiner, som giver optimering\u00a0og sikkerhed af plejen i forhold til traditionelle badetoiletstole.\u00a0Denne badetoiletstol er designet til at give bariatriske brugere\u00a0en behagelig og sikker badeoplevelse og kan med fordel\u00a0ogs\u00e5 anvendes, hvor brugerens tilstand er d\u00e5rlig med nedsat\u00a0postural kontrol.<br \/><br \/><strong>Forbedrer livskvaliteten<\/strong><br \/>XXL-Rehab Rise N Tilt badetoiletstol kan forbedre livskvaliteten\u00a0for den bariatriske bruger, idet assisteret brusebadning og\u00a0andre hygiejnerutiner bliver b\u00e5de en mere sikker og komfortabel,\u00a0men ogs\u00e5 en mere v\u00e6rdig oplevelse.<\/p><p class=\"p1\"><strong><span style=\"color: #93a79b\">-\u00a0El-hejs og tiltfunktion op til 30\u00b0<\/span> <\/strong><br \/><span style=\"color: #93a79b\"><strong>- Mulighed for ekstra brede butterfly arml\u00e6n<\/strong><\/span> <br \/><span style=\"color: #93a79b\"><strong>- Bremser p\u00e5 alle 4 hjul<\/strong><\/span> <br \/><span style=\"color: #93a79b\"><strong>- Unik l\u00f8ftefunktion<\/strong><\/span> <br \/><span style=\"color: #93a79b\"><strong>- H\u00e5ndbetjening giver plejeren fuld kontrol<\/strong><\/span> <br \/><span style=\"color: #93a79b\"><strong>- H\u00f8jt rygl\u00e6n og robuste arml\u00e6n<\/strong><\/span><\/p>","_et_gb_content_width":""},"product_brand":[],"product_cat":[88],"product_tag":[240],"class_list":{"0":"post-4885","1":"product","2":"type-product","3":"status-publish","4":"has-post-thumbnail","6":"product_cat-shower-toilet","7":"product_tag-bariatric-shower-commode","9":"first","10":"instock","11":"shipping-taxable","12":"product-type-simple"},"yoast_head":"<!-- This site is optimized with the Yoast SEO plugin v27.2 - https:\/\/yoast.com\/product\/yoast-seo-wordpress\/ -->\n<title>Bariatric Shower Commode Rise N Tilt. Lift and tilt up to 325 kg.<\/title>\n<meta name=\"description\" content=\"Bariatric Shower Commode Rise N Tilt is the world\u2019s first shower commode to combine lift and tilt up to a 30\u00b0 degree - in one chair.\" \/>\n<meta name=\"robots\" content=\"index, follow, max-snippet:-1, max-image-preview:large, max-video-preview:-1\" \/>\n<link rel=\"canonical\" href=\"https:\/\/www.cobirehab.com\/en\/product\/bariatric-shower-commode-rise-n-tilt\/\" \/>\n<meta property=\"og:locale\" content=\"en_US\" \/>\n<meta property=\"og:type\" content=\"article\" \/>\n<meta property=\"og:title\" content=\"Bariatric Shower Commode Rise N Tilt. Lift and tilt up to 325 kg.\" \/>\n<meta property=\"og:description\" content=\"Bariatric Shower Commode Rise N Tilt is the world\u2019s first shower commode to combine lift and tilt up to a 30\u00b0 degree - in one chair.\" \/>\n<meta property=\"og:url\" content=\"https:\/\/www.cobirehab.com\/en\/product\/bariatric-shower-commode-rise-n-tilt\/\" \/>\n<meta property=\"og:site_name\" content=\"Cobi Rehab\" \/>\n<meta property=\"article:modified_time\" content=\"2024-08-06T09:55:17+00:00\" \/>\n<meta property=\"og:image\" content=\"https:\/\/www.cobirehab.com\/wp-content\/uploads\/2019\/02\/XXL-ShowerCommRiseNTilt-A-w.jpg\" \/>\n\t<meta property=\"og:image:width\" content=\"544\" \/>\n\t<meta property=\"og:image:height\" content=\"544\" \/>\n\t<meta property=\"og:image:type\" content=\"image\/jpeg\" \/>\n<meta name=\"twitter:card\" content=\"summary_large_image\" \/>\n<meta name=\"twitter:label1\" content=\"Est. reading time\" \/>\n\t<meta name=\"twitter:data1\" content=\"3 minutes\" \/>\n<script type=\"application\/ld+json\" class=\"yoast-schema-graph\">{\"@context\":\"https:\/\/schema.org\",\"@graph\":[{\"@type\":\"WebPage\",\"@id\":\"https:\/\/www.cobirehab.com\/en\/product\/bariatric-shower-commode-rise-n-tilt\/\",\"url\":\"https:\/\/www.cobirehab.com\/en\/product\/bariatric-shower-commode-rise-n-tilt\/\",\"name\":\"Bariatric Shower Commode Rise N Tilt. Lift and tilt up to 325 kg.\",\"isPartOf\":{\"@id\":\"https:\/\/www.cobirehab.com\/en\/#website\"},\"primaryImageOfPage\":{\"@id\":\"https:\/\/www.cobirehab.com\/en\/product\/bariatric-shower-commode-rise-n-tilt\/#primaryimage\"},\"image\":{\"@id\":\"https:\/\/www.cobirehab.com\/en\/product\/bariatric-shower-commode-rise-n-tilt\/#primaryimage\"},\"thumbnailUrl\":\"https:\/\/www.cobirehab.com\/wp-content\/uploads\/2019\/02\/XXL-ShowerCommRiseNTilt-A-w.jpg\",\"datePublished\":\"2018-12-17T12:05:57+00:00\",\"dateModified\":\"2024-08-06T09:55:17+00:00\",\"description\":\"Bariatric Shower Commode Rise N Tilt is the world\u2019s first shower commode to combine lift and tilt up to a 30\u00b0 degree - in one chair.\",\"breadcrumb\":{\"@id\":\"https:\/\/www.cobirehab.com\/en\/product\/bariatric-shower-commode-rise-n-tilt\/#breadcrumb\"},\"inLanguage\":\"en-US\",\"potentialAction\":[{\"@type\":\"ReadAction\",\"target\":[\"https:\/\/www.cobirehab.com\/en\/product\/bariatric-shower-commode-rise-n-tilt\/\"]}]},{\"@type\":\"ImageObject\",\"inLanguage\":\"en-US\",\"@id\":\"https:\/\/www.cobirehab.com\/en\/product\/bariatric-shower-commode-rise-n-tilt\/#primaryimage\",\"url\":\"https:\/\/www.cobirehab.com\/wp-content\/uploads\/2019\/02\/XXL-ShowerCommRiseNTilt-A-w.jpg\",\"contentUrl\":\"https:\/\/www.cobirehab.com\/wp-content\/uploads\/2019\/02\/XXL-ShowerCommRiseNTilt-A-w.jpg\",\"width\":544,\"height\":544,\"caption\":\"Elektrisk badetoiletstol Shower Commode Rise N Tilt Bariatrischer Dusch-Toilettenstuhl Rise N Tilt mit Hubfunktion\"},{\"@type\":\"BreadcrumbList\",\"@id\":\"https:\/\/www.cobirehab.com\/en\/product\/bariatric-shower-commode-rise-n-tilt\/#breadcrumb\",\"itemListElement\":[{\"@type\":\"ListItem\",\"position\":1,\"name\":\"Hjem\",\"item\":\"https:\/\/www.cobirehab.com\/\"},{\"@type\":\"ListItem\",\"position\":2,\"name\":\"Products\",\"item\":\"https:\/\/www.cobirehab.com\/en\/products\/\"},{\"@type\":\"ListItem\",\"position\":3,\"name\":\"Bariatric Shower Commode Rise N Tilt\"}]},{\"@type\":\"WebSite\",\"@id\":\"https:\/\/www.cobirehab.com\/en\/#website\",\"url\":\"https:\/\/www.cobirehab.com\/en\/\",\"name\":\"Cobi Rehab\",\"description\":\"The Positioning Company\",\"publisher\":{\"@id\":\"https:\/\/www.cobirehab.com\/en\/#organization\"},\"alternateName\":\"Cobi\",\"potentialAction\":[{\"@type\":\"SearchAction\",\"target\":{\"@type\":\"EntryPoint\",\"urlTemplate\":\"https:\/\/www.cobirehab.com\/en\/?s={search_term_string}\"},\"query-input\":{\"@type\":\"PropertyValueSpecification\",\"valueRequired\":true,\"valueName\":\"search_term_string\"}}],\"inLanguage\":\"en-US\"},{\"@type\":\"Organization\",\"@id\":\"https:\/\/www.cobirehab.com\/en\/#organization\",\"name\":\"Cobi Rehab\",\"url\":\"https:\/\/www.cobirehab.com\/en\/\",\"logo\":{\"@type\":\"ImageObject\",\"inLanguage\":\"en-US\",\"@id\":\"https:\/\/www.cobirehab.com\/en\/#\/schema\/logo\/image\/\",\"url\":\"https:\/\/www.cobirehab.com\/wp-content\/uploads\/2018\/04\/COBI-REHAB-17-logo-versA-pos.png\",\"contentUrl\":\"https:\/\/www.cobirehab.com\/wp-content\/uploads\/2018\/04\/COBI-REHAB-17-logo-versA-pos.png\",\"width\":1195,\"height\":768,\"caption\":\"Cobi Rehab\"},\"image\":{\"@id\":\"https:\/\/www.cobirehab.com\/en\/#\/schema\/logo\/image\/\"}}]}<\/script>\n<!-- \/ Yoast SEO plugin. -->","yoast_head_json":{"title":"Bariatric Shower Commode Rise N Tilt. Lift and tilt up to 325 kg.","description":"Bariatric Shower Commode Rise N Tilt is the world\u2019s first shower commode to combine lift and tilt up to a 30\u00b0 degree - in one chair.","robots":{"index":"index","follow":"follow","max-snippet":"max-snippet:-1","max-image-preview":"max-image-preview:large","max-video-preview":"max-video-preview:-1"},"canonical":"https:\/\/www.cobirehab.com\/en\/product\/bariatric-shower-commode-rise-n-tilt\/","og_locale":"en_US","og_type":"article","og_title":"Bariatric Shower Commode Rise N Tilt. Lift and tilt up to 325 kg.","og_description":"Bariatric Shower Commode Rise N Tilt is the world\u2019s first shower commode to combine lift and tilt up to a 30\u00b0 degree - in one chair.","og_url":"https:\/\/www.cobirehab.com\/en\/product\/bariatric-shower-commode-rise-n-tilt\/","og_site_name":"Cobi Rehab","article_modified_time":"2024-08-06T09:55:17+00:00","og_image":[{"width":544,"height":544,"url":"https:\/\/www.cobirehab.com\/wp-content\/uploads\/2019\/02\/XXL-ShowerCommRiseNTilt-A-w.jpg","type":"image\/jpeg"}],"twitter_card":"summary_large_image","twitter_misc":{"Est. reading time":"3 minutes"},"schema":{"@context":"https:\/\/schema.org","@graph":[{"@type":"WebPage","@id":"https:\/\/www.cobirehab.com\/en\/product\/bariatric-shower-commode-rise-n-tilt\/","url":"https:\/\/www.cobirehab.com\/en\/product\/bariatric-shower-commode-rise-n-tilt\/","name":"Bariatric Shower Commode Rise N Tilt. Lift and tilt up to 325 kg.","isPartOf":{"@id":"https:\/\/www.cobirehab.com\/en\/#website"},"primaryImageOfPage":{"@id":"https:\/\/www.cobirehab.com\/en\/product\/bariatric-shower-commode-rise-n-tilt\/#primaryimage"},"image":{"@id":"https:\/\/www.cobirehab.com\/en\/product\/bariatric-shower-commode-rise-n-tilt\/#primaryimage"},"thumbnailUrl":"https:\/\/www.cobirehab.com\/wp-content\/uploads\/2019\/02\/XXL-ShowerCommRiseNTilt-A-w.jpg","datePublished":"2018-12-17T12:05:57+00:00","dateModified":"2024-08-06T09:55:17+00:00","description":"Bariatric Shower Commode Rise N Tilt is the world\u2019s first shower commode to combine lift and tilt up to a 30\u00b0 degree - in one chair.","breadcrumb":{"@id":"https:\/\/www.cobirehab.com\/en\/product\/bariatric-shower-commode-rise-n-tilt\/#breadcrumb"},"inLanguage":"en-US","potentialAction":[{"@type":"ReadAction","target":["https:\/\/www.cobirehab.com\/en\/product\/bariatric-shower-commode-rise-n-tilt\/"]}]},{"@type":"ImageObject","inLanguage":"en-US","@id":"https:\/\/www.cobirehab.com\/en\/product\/bariatric-shower-commode-rise-n-tilt\/#primaryimage","url":"https:\/\/www.cobirehab.com\/wp-content\/uploads\/2019\/02\/XXL-ShowerCommRiseNTilt-A-w.jpg","contentUrl":"https:\/\/www.cobirehab.com\/wp-content\/uploads\/2019\/02\/XXL-ShowerCommRiseNTilt-A-w.jpg","width":544,"height":544,"caption":"Elektrisk badetoiletstol Shower Commode Rise N Tilt Bariatrischer Dusch-Toilettenstuhl Rise N Tilt mit Hubfunktion"},{"@type":"BreadcrumbList","@id":"https:\/\/www.cobirehab.com\/en\/product\/bariatric-shower-commode-rise-n-tilt\/#breadcrumb","itemListElement":[{"@type":"ListItem","position":1,"name":"Hjem","item":"https:\/\/www.cobirehab.com\/"},{"@type":"ListItem","position":2,"name":"Products","item":"https:\/\/www.cobirehab.com\/en\/products\/"},{"@type":"ListItem","position":3,"name":"Bariatric Shower Commode Rise N Tilt"}]},{"@type":"WebSite","@id":"https:\/\/www.cobirehab.com\/en\/#website","url":"https:\/\/www.cobirehab.com\/en\/","name":"Cobi Rehab","description":"The Positioning Company","publisher":{"@id":"https:\/\/www.cobirehab.com\/en\/#organization"},"alternateName":"Cobi","potentialAction":[{"@type":"SearchAction","target":{"@type":"EntryPoint","urlTemplate":"https:\/\/www.cobirehab.com\/en\/?s={search_term_string}"},"query-input":{"@type":"PropertyValueSpecification","valueRequired":true,"valueName":"search_term_string"}}],"inLanguage":"en-US"},{"@type":"Organization","@id":"https:\/\/www.cobirehab.com\/en\/#organization","name":"Cobi Rehab","url":"https:\/\/www.cobirehab.com\/en\/","logo":{"@type":"ImageObject","inLanguage":"en-US","@id":"https:\/\/www.cobirehab.com\/en\/#\/schema\/logo\/image\/","url":"https:\/\/www.cobirehab.com\/wp-content\/uploads\/2018\/04\/COBI-REHAB-17-logo-versA-pos.png","contentUrl":"https:\/\/www.cobirehab.com\/wp-content\/uploads\/2018\/04\/COBI-REHAB-17-logo-versA-pos.png","width":1195,"height":768,"caption":"Cobi Rehab"},"image":{"@id":"https:\/\/www.cobirehab.com\/en\/#\/schema\/logo\/image\/"}}]}},"_links":{"self":[{"href":"https:\/\/www.cobirehab.com\/en\/wp-json\/wp\/v2\/product\/4885","targetHints":{"allow":["GET"]}}],"collection":[{"href":"https:\/\/www.cobirehab.com\/en\/wp-json\/wp\/v2\/product"}],"about":[{"href":"https:\/\/www.cobirehab.com\/en\/wp-json\/wp\/v2\/types\/product"}],"replies":[{"embeddable":true,"href":"https:\/\/www.cobirehab.com\/en\/wp-json\/wp\/v2\/comments?post=4885"}],"wp:featuredmedia":[{"embeddable":true,"href":"https:\/\/www.cobirehab.com\/en\/wp-json\/wp\/v2\/media\/5540"}],"wp:attachment":[{"href":"https:\/\/www.cobirehab.com\/en\/wp-json\/wp\/v2\/media?parent=4885"}],"wp:term":[{"taxonomy":"product_brand","embeddable":true,"href":"https:\/\/www.cobirehab.com\/en\/wp-json\/wp\/v2\/product_brand?post=4885"},{"taxonomy":"product_cat","embeddable":true,"href":"https:\/\/www.cobirehab.com\/en\/wp-json\/wp\/v2\/product_cat?post=4885"},{"taxonomy":"product_tag","embeddable":true,"href":"https:\/\/www.cobirehab.com\/en\/wp-json\/wp\/v2\/product_tag?post=4885"}],"curies":[{"name":"wp","href":"https:\/\/api.w.org\/{rel}","templated":true}]}}