{"id":45223,"date":"2024-01-22T15:12:52","date_gmt":"2024-01-22T14:12:52","guid":{"rendered":"https:\/\/www.cobirehab.com\/?post_type=product&#038;p=45223"},"modified":"2026-03-20T13:01:09","modified_gmt":"2026-03-20T12:01:09","slug":"kamille-back-support","status":"publish","type":"product","link":"https:\/\/www.cobirehab.com\/en\/product\/kamille-back-support\/","title":{"rendered":"Kamille Back Support"},"content":{"rendered":"<h1>Kamille Back Support<\/h1>\n<p>The Kamille Back Support is a safe and stable positioning solution and can be mounted on most wheelchairs and power wheelchairs in the Danish market.<\/p>\n<p>Installing a new fixed back support allows the patient to retain the frame and functions, such as power, on the existing seating unit. The Kamille Back Support is used e.g., when the patient&#8217;s truncus stability is challenged. The Kamille Back Support can be adjusted asymmetrically, addressing anatomical challenges such as scoliosis, increased lateral flexion, or asymmetric tissue, e.g., due to overweight, hernia, or edema.<\/p>\n<h5>Asymmetric Adjustment<\/h5>\n<p>The asymmetrical adjustment is facilitated by the three aluminum plates that make up the back system. Two of the plates can be moved independently, even though all three plates are connected. The back system consists of the back base, which is mounted on six slots. The slots allow the back base to be adjusted in height. Side plates (mounted on two slots) can be loosened using common tools.<\/p>\n<h5>Cushion System<\/h5>\n<p>The Kamille Back Support is equipped with a complete and unique cushion system that ensures more pressure distribution and close positioning to the body.<br \/>\nThe cushions are filled with a combination of EPS beads and viscoelastic &#8220;foam worms,&#8221; contributing to increased sensory stimuli. Each cushion has its own zipper.<\/p>\n<h5>Accessories for the Kamille Back Support<\/h5>\n<h5>Body supports<\/h5>\n<p>Specially developed body supports, placed in slots on the back system, contribute to stable and close truncus stability, regardless of whether the user has scoliosis or decreased\/increased thoracic tone.<\/p>\n<h5>Cover<\/h5>\n<p>For each size of the Kamille Back Support, there is a stretchable, breathable, washable, and comfortable viscose cover with PU coating on the inside available.<\/p>\n<h5>Side plates<\/h5>\n<p>Extra side plates for better positioning in complex cases can be mounted in two slots.<\/p>\n<h5>Headrest<\/h5>\n<p>The arm of the Kamille headrest consists of replaceable strong ball joints. The ball joints help to ensure flexibility without the headrest shifting.<br \/>\nOther headrest can also be compatible with the Kamille Back Support.<\/p>\n<p>High recyclability, as it can be readjusted for a new user.<\/p>\n<p>See our range of products suitable for <a href=\"https:\/\/www.cobirehab.com\/en\/product-category\/wheelchairs-and-chairs\/\">stable and safe positioning<\/a> in complex cases.<\/p>\n<p>Find the Kamille Back Support at <a href=\"https:\/\/hmi-basen.dk\/r11x.asp?linkinfo=74547\">the Danish AssistData<\/a>.<\/p>\n","protected":false},"excerpt":{"rendered":"<p>Kamille Back Support is intended for patients in need of heavy back support in the sitting position. Kamille Back Support can be mounted on most wheelchairs and electric wheelchairs<\/p>\n<p>The Back Support is multi-adjustable and easy to reuse<\/p>\n<hr \/>\n<h4>Max. user weight 140 kg.<\/h4>\n","protected":false},"featured_media":43645,"comment_status":"closed","ping_status":"closed","template":"","meta":{"_et_pb_use_builder":"off","_et_pb_old_content":"XXL-Rehab Rise N Tilt badetoiletstol er en kombinationsstol med indbygget l\u00f8ft og tilt funktion. Det er\u00a0verdens f\u00f8rste badetoiletstol til bariatriske brugere, der kan l\u00f8fte og tilte brugeren til en 30\u00b0 h\u00e6ldning.\u00a0Badetoiletstolen har en brugerv\u00e6gt p\u00e5 325 kg.\r\n\r\n<strong>G\u00f8r opgaverne nemmere og sikrere<\/strong>\r\nXXL-Rehab Rise N Tilt badetoiletstol giver bedre adgang for plejepersonalet i forhold til hygiejne, hud- og v\u00e6vpleje. Sygepleje og p\u00e5kl\u00e6dning af f\u00f8dder kan, for plejepersonalets vedkommende, foreg\u00e5 i st\u00e5ende stilling, hvorved der opn\u00e5s en ergonomisk forsvarlig arbejdsstilling. Stolen muligg\u00f8r samtidig, at plejepersonalet og brugeren har \u00f8jenkontakt, hvilket giver langt bedre kommunikation.\r\n\r\n<strong>Bedre og effektiv pleje<\/strong>\r\nDenne badetoiletstol \u00f8ger effektiviteten i plejen, fordi den g\u00f8r\u00a0det muligt for \u00e9n person at udf\u00f8re hele badeproceduren, samt\u00a0en bred vifte af hverdagens hygiejneopgaver. Badetoiletstolens\u00a0enkle funktioner resulterer i str\u00f8mlinede rutiner, som giver optimering\u00a0og sikkerhed af plejen i forhold til traditionelle badetoiletstole.\u00a0Denne badetoiletstol er designet til at give bariatriske brugere\u00a0en behagelig og sikker badeoplevelse og kan med fordel\u00a0ogs\u00e5 anvendes, hvor brugerens tilstand er d\u00e5rlig med nedsat\u00a0postural kontrol.\r\n\r\n<strong>Forbedrer livskvaliteten<\/strong>\r\nXXL-Rehab Rise N Tilt badetoiletstol kan forbedre livskvaliteten\u00a0for den bariatriske bruger, idet assisteret brusebadning og\u00a0andre hygiejnerutiner bliver b\u00e5de en mere sikker og komfortabel,\u00a0men ogs\u00e5 en mere v\u00e6rdig oplevelse.\r\n<p class=\"p1\"><strong><span style=\"color: #93a79b\">-\u00a0El-hejs og tiltfunktion op til 30\u00b0<\/span> <\/strong>\r\n<span style=\"color: #93a79b\"><strong>- Mulighed for ekstra brede butterfly arml\u00e6n<\/strong><\/span>\r\n<span style=\"color: #93a79b\"><strong>- Bremser p\u00e5 alle 4 hjul<\/strong><\/span>\r\n<span style=\"color: #93a79b\"><strong>- Unik l\u00f8ftefunktion<\/strong><\/span>\r\n<span style=\"color: #93a79b\"><strong>- H\u00e5ndbetjening giver plejeren fuld kontrol<\/strong><\/span>\r\n<span style=\"color: #93a79b\"><strong>- H\u00f8jt rygl\u00e6n og robuste arml\u00e6n<\/strong><\/span><\/p>","_et_gb_content_width":""},"product_brand":[],"product_cat":[275],"product_tag":[],"class_list":{"0":"post-45223","1":"product","2":"type-product","3":"status-publish","4":"has-post-thumbnail","6":"product_cat-accessories","8":"first","9":"instock","10":"shipping-taxable","11":"product-type-simple"},"yoast_head":"<!-- This site is optimized with the Yoast SEO plugin v27.2 - https:\/\/yoast.com\/product\/yoast-seo-wordpress\/ -->\n<title>back Support for mounting on wheelchairs and power wheelchairs<\/title>\n<meta name=\"description\" content=\"The Kamille Back Support is used when the patient&#039;s truncus stability is challenged. Asymmetric adjustment supports anatomical challenges such as scoliosis.\" \/>\n<meta name=\"robots\" content=\"index, follow, max-snippet:-1, max-image-preview:large, max-video-preview:-1\" \/>\n<link rel=\"canonical\" href=\"https:\/\/www.cobirehab.com\/en\/product\/kamille-back-support\/\" \/>\n<meta property=\"og:locale\" content=\"en_US\" \/>\n<meta property=\"og:type\" content=\"article\" \/>\n<meta property=\"og:title\" content=\"back Support for mounting on wheelchairs and power wheelchairs\" \/>\n<meta property=\"og:description\" content=\"The Kamille Back Support is used when the patient&#039;s truncus stability is challenged. Asymmetric adjustment supports anatomical challenges such as scoliosis.\" \/>\n<meta property=\"og:url\" content=\"https:\/\/www.cobirehab.com\/en\/product\/kamille-back-support\/\" \/>\n<meta property=\"og:site_name\" content=\"Cobi Rehab\" \/>\n<meta property=\"article:modified_time\" content=\"2026-03-20T12:01:09+00:00\" \/>\n<meta property=\"og:image\" content=\"https:\/\/www.cobirehab.com\/wp-content\/uploads\/2023\/05\/Kamille-ryg-uden-kropsstoetter-scaled.jpg\" \/>\n\t<meta property=\"og:image:width\" content=\"2560\" \/>\n\t<meta property=\"og:image:height\" content=\"2560\" \/>\n\t<meta property=\"og:image:type\" content=\"image\/jpeg\" \/>\n<meta name=\"twitter:card\" content=\"summary_large_image\" \/>\n<meta name=\"twitter:label1\" content=\"Est. reading time\" \/>\n\t<meta name=\"twitter:data1\" content=\"2 minutes\" \/>\n<script type=\"application\/ld+json\" class=\"yoast-schema-graph\">{\"@context\":\"https:\/\/schema.org\",\"@graph\":[{\"@type\":\"WebPage\",\"@id\":\"https:\/\/www.cobirehab.com\/en\/product\/kamille-back-support\/\",\"url\":\"https:\/\/www.cobirehab.com\/en\/product\/kamille-back-support\/\",\"name\":\"back Support for mounting on wheelchairs and power wheelchairs\",\"isPartOf\":{\"@id\":\"https:\/\/www.cobirehab.com\/en\/#website\"},\"primaryImageOfPage\":{\"@id\":\"https:\/\/www.cobirehab.com\/en\/product\/kamille-back-support\/#primaryimage\"},\"image\":{\"@id\":\"https:\/\/www.cobirehab.com\/en\/product\/kamille-back-support\/#primaryimage\"},\"thumbnailUrl\":\"https:\/\/www.cobirehab.com\/wp-content\/uploads\/2023\/05\/Kamille-ryg-uden-kropsstoetter-scaled.jpg\",\"datePublished\":\"2024-01-22T14:12:52+00:00\",\"dateModified\":\"2026-03-20T12:01:09+00:00\",\"description\":\"The Kamille Back Support is used when the patient's truncus stability is challenged. Asymmetric adjustment supports anatomical challenges such as scoliosis.\",\"breadcrumb\":{\"@id\":\"https:\/\/www.cobirehab.com\/en\/product\/kamille-back-support\/#breadcrumb\"},\"inLanguage\":\"en-US\",\"potentialAction\":[{\"@type\":\"ReadAction\",\"target\":[\"https:\/\/www.cobirehab.com\/en\/product\/kamille-back-support\/\"]}]},{\"@type\":\"ImageObject\",\"inLanguage\":\"en-US\",\"@id\":\"https:\/\/www.cobirehab.com\/en\/product\/kamille-back-support\/#primaryimage\",\"url\":\"https:\/\/www.cobirehab.com\/wp-content\/uploads\/2023\/05\/Kamille-ryg-uden-kropsstoetter-scaled.jpg\",\"contentUrl\":\"https:\/\/www.cobirehab.com\/wp-content\/uploads\/2023\/05\/Kamille-ryg-uden-kropsstoetter-scaled.jpg\",\"width\":2560,\"height\":2560,\"caption\":\"Kamille ryg til mange typer af k\u00f8restole, elektriske som manuelle\"},{\"@type\":\"BreadcrumbList\",\"@id\":\"https:\/\/www.cobirehab.com\/en\/product\/kamille-back-support\/#breadcrumb\",\"itemListElement\":[{\"@type\":\"ListItem\",\"position\":1,\"name\":\"Hjem\",\"item\":\"https:\/\/www.cobirehab.com\/\"},{\"@type\":\"ListItem\",\"position\":2,\"name\":\"Products\",\"item\":\"https:\/\/www.cobirehab.com\/en\/products\/\"},{\"@type\":\"ListItem\",\"position\":3,\"name\":\"Kamille Back Support\"}]},{\"@type\":\"WebSite\",\"@id\":\"https:\/\/www.cobirehab.com\/en\/#website\",\"url\":\"https:\/\/www.cobirehab.com\/en\/\",\"name\":\"Cobi Rehab\",\"description\":\"The Positioning Company\",\"publisher\":{\"@id\":\"https:\/\/www.cobirehab.com\/en\/#organization\"},\"alternateName\":\"Cobi\",\"potentialAction\":[{\"@type\":\"SearchAction\",\"target\":{\"@type\":\"EntryPoint\",\"urlTemplate\":\"https:\/\/www.cobirehab.com\/en\/?s={search_term_string}\"},\"query-input\":{\"@type\":\"PropertyValueSpecification\",\"valueRequired\":true,\"valueName\":\"search_term_string\"}}],\"inLanguage\":\"en-US\"},{\"@type\":\"Organization\",\"@id\":\"https:\/\/www.cobirehab.com\/en\/#organization\",\"name\":\"Cobi Rehab\",\"url\":\"https:\/\/www.cobirehab.com\/en\/\",\"logo\":{\"@type\":\"ImageObject\",\"inLanguage\":\"en-US\",\"@id\":\"https:\/\/www.cobirehab.com\/en\/#\/schema\/logo\/image\/\",\"url\":\"https:\/\/www.cobirehab.com\/wp-content\/uploads\/2018\/04\/COBI-REHAB-17-logo-versA-pos.png\",\"contentUrl\":\"https:\/\/www.cobirehab.com\/wp-content\/uploads\/2018\/04\/COBI-REHAB-17-logo-versA-pos.png\",\"width\":1195,\"height\":768,\"caption\":\"Cobi Rehab\"},\"image\":{\"@id\":\"https:\/\/www.cobirehab.com\/en\/#\/schema\/logo\/image\/\"}}]}<\/script>\n<!-- \/ Yoast SEO plugin. -->","yoast_head_json":{"title":"back Support for mounting on wheelchairs and power wheelchairs","description":"The Kamille Back Support is used when the patient's truncus stability is challenged. Asymmetric adjustment supports anatomical challenges such as scoliosis.","robots":{"index":"index","follow":"follow","max-snippet":"max-snippet:-1","max-image-preview":"max-image-preview:large","max-video-preview":"max-video-preview:-1"},"canonical":"https:\/\/www.cobirehab.com\/en\/product\/kamille-back-support\/","og_locale":"en_US","og_type":"article","og_title":"back Support for mounting on wheelchairs and power wheelchairs","og_description":"The Kamille Back Support is used when the patient's truncus stability is challenged. Asymmetric adjustment supports anatomical challenges such as scoliosis.","og_url":"https:\/\/www.cobirehab.com\/en\/product\/kamille-back-support\/","og_site_name":"Cobi Rehab","article_modified_time":"2026-03-20T12:01:09+00:00","og_image":[{"width":2560,"height":2560,"url":"https:\/\/www.cobirehab.com\/wp-content\/uploads\/2023\/05\/Kamille-ryg-uden-kropsstoetter-scaled.jpg","type":"image\/jpeg"}],"twitter_card":"summary_large_image","twitter_misc":{"Est. reading time":"2 minutes"},"schema":{"@context":"https:\/\/schema.org","@graph":[{"@type":"WebPage","@id":"https:\/\/www.cobirehab.com\/en\/product\/kamille-back-support\/","url":"https:\/\/www.cobirehab.com\/en\/product\/kamille-back-support\/","name":"back Support for mounting on wheelchairs and power wheelchairs","isPartOf":{"@id":"https:\/\/www.cobirehab.com\/en\/#website"},"primaryImageOfPage":{"@id":"https:\/\/www.cobirehab.com\/en\/product\/kamille-back-support\/#primaryimage"},"image":{"@id":"https:\/\/www.cobirehab.com\/en\/product\/kamille-back-support\/#primaryimage"},"thumbnailUrl":"https:\/\/www.cobirehab.com\/wp-content\/uploads\/2023\/05\/Kamille-ryg-uden-kropsstoetter-scaled.jpg","datePublished":"2024-01-22T14:12:52+00:00","dateModified":"2026-03-20T12:01:09+00:00","description":"The Kamille Back Support is used when the patient's truncus stability is challenged. Asymmetric adjustment supports anatomical challenges such as scoliosis.","breadcrumb":{"@id":"https:\/\/www.cobirehab.com\/en\/product\/kamille-back-support\/#breadcrumb"},"inLanguage":"en-US","potentialAction":[{"@type":"ReadAction","target":["https:\/\/www.cobirehab.com\/en\/product\/kamille-back-support\/"]}]},{"@type":"ImageObject","inLanguage":"en-US","@id":"https:\/\/www.cobirehab.com\/en\/product\/kamille-back-support\/#primaryimage","url":"https:\/\/www.cobirehab.com\/wp-content\/uploads\/2023\/05\/Kamille-ryg-uden-kropsstoetter-scaled.jpg","contentUrl":"https:\/\/www.cobirehab.com\/wp-content\/uploads\/2023\/05\/Kamille-ryg-uden-kropsstoetter-scaled.jpg","width":2560,"height":2560,"caption":"Kamille ryg til mange typer af k\u00f8restole, elektriske som manuelle"},{"@type":"BreadcrumbList","@id":"https:\/\/www.cobirehab.com\/en\/product\/kamille-back-support\/#breadcrumb","itemListElement":[{"@type":"ListItem","position":1,"name":"Hjem","item":"https:\/\/www.cobirehab.com\/"},{"@type":"ListItem","position":2,"name":"Products","item":"https:\/\/www.cobirehab.com\/en\/products\/"},{"@type":"ListItem","position":3,"name":"Kamille Back Support"}]},{"@type":"WebSite","@id":"https:\/\/www.cobirehab.com\/en\/#website","url":"https:\/\/www.cobirehab.com\/en\/","name":"Cobi Rehab","description":"The Positioning Company","publisher":{"@id":"https:\/\/www.cobirehab.com\/en\/#organization"},"alternateName":"Cobi","potentialAction":[{"@type":"SearchAction","target":{"@type":"EntryPoint","urlTemplate":"https:\/\/www.cobirehab.com\/en\/?s={search_term_string}"},"query-input":{"@type":"PropertyValueSpecification","valueRequired":true,"valueName":"search_term_string"}}],"inLanguage":"en-US"},{"@type":"Organization","@id":"https:\/\/www.cobirehab.com\/en\/#organization","name":"Cobi Rehab","url":"https:\/\/www.cobirehab.com\/en\/","logo":{"@type":"ImageObject","inLanguage":"en-US","@id":"https:\/\/www.cobirehab.com\/en\/#\/schema\/logo\/image\/","url":"https:\/\/www.cobirehab.com\/wp-content\/uploads\/2018\/04\/COBI-REHAB-17-logo-versA-pos.png","contentUrl":"https:\/\/www.cobirehab.com\/wp-content\/uploads\/2018\/04\/COBI-REHAB-17-logo-versA-pos.png","width":1195,"height":768,"caption":"Cobi Rehab"},"image":{"@id":"https:\/\/www.cobirehab.com\/en\/#\/schema\/logo\/image\/"}}]}},"_links":{"self":[{"href":"https:\/\/www.cobirehab.com\/en\/wp-json\/wp\/v2\/product\/45223","targetHints":{"allow":["GET"]}}],"collection":[{"href":"https:\/\/www.cobirehab.com\/en\/wp-json\/wp\/v2\/product"}],"about":[{"href":"https:\/\/www.cobirehab.com\/en\/wp-json\/wp\/v2\/types\/product"}],"replies":[{"embeddable":true,"href":"https:\/\/www.cobirehab.com\/en\/wp-json\/wp\/v2\/comments?post=45223"}],"wp:featuredmedia":[{"embeddable":true,"href":"https:\/\/www.cobirehab.com\/en\/wp-json\/wp\/v2\/media\/43645"}],"wp:attachment":[{"href":"https:\/\/www.cobirehab.com\/en\/wp-json\/wp\/v2\/media?parent=45223"}],"wp:term":[{"taxonomy":"product_brand","embeddable":true,"href":"https:\/\/www.cobirehab.com\/en\/wp-json\/wp\/v2\/product_brand?post=45223"},{"taxonomy":"product_cat","embeddable":true,"href":"https:\/\/www.cobirehab.com\/en\/wp-json\/wp\/v2\/product_cat?post=45223"},{"taxonomy":"product_tag","embeddable":true,"href":"https:\/\/www.cobirehab.com\/en\/wp-json\/wp\/v2\/product_tag?post=45223"}],"curies":[{"name":"wp","href":"https:\/\/api.w.org\/{rel}","templated":true}]}}