{"id":45197,"date":"2024-01-22T08:57:21","date_gmt":"2024-01-22T07:57:21","guid":{"rendered":"https:\/\/www.cobirehab.com\/?post_type=product&#038;p=45197"},"modified":"2026-03-19T11:56:42","modified_gmt":"2026-03-19T10:56:42","slug":"kamille-power-comfort-wheelchair","status":"publish","type":"product","link":"https:\/\/www.cobirehab.com\/en\/product\/kamille-power-comfort-wheelchair\/","title":{"rendered":"Kamille Power Comfort Wheelchair"},"content":{"rendered":"<h1>Kamille Power Comfort Wheelchair<\/h1>\n<p>The Kamille Power Comfort Wheelchair provides exceptional support because its design is so flexible that it can support contractures in both UE and LE without special adaptation. The potential to adapt optimally to the individual helps to increase activity level and quality of life. The Kamille Power Comfort Wheelchair comes with electric propulsion (motor) operated with a joystick.<\/p>\n<p>The Kamille Power Comfort Wheelchair can travel up to 5 km\/h. The maximum range is approximately 10 km at full load. The wheelchair can traverse down\/over curbs and door thresholds up to 30 mm and up and down slopes and ramps with a 6% incline.<\/p>\n<p>Apart from the electric propulsion, The Kamille Power Wheelchair is identical to the <a href=\"https:\/\/www.cobirehab.com\/en\/product\/kamille-comfort-wheelchair\/\">Kamille Comfort Wheelchair<\/a>.<\/p>\n<h5>Joystick<\/h5>\n<p>The joystick allows caregivers or patients to manoeuvre the wheelchair and adjust the seat and back angles (tilt and recline). The primary joystick is mounted on the push handle, but a joystick can also be mounted on the armrest for the patient.<br \/>\nThe primary joystick mounted on the push handle determines who controls the wheelchair. The joystick on the armrest can be turned on\/off as needed.<\/p>\n<p>On the back of the joystick, there is a socket for charging the wheelchair. The Power Wheelchair must be charged to 100% every day.<\/p>\n<p>On the joystick, you will find:<br \/>\n&#8211; a power button<br \/>\n&#8211; a horn button<br \/>\n&#8211; a display showing battery capacity, time, speed, and driving profile<br \/>\n&#8211; two buttons labelled Mode and Profile<br \/>\n&#8211; a double button controlling the speed.<\/p>\n<p>See our range of <a href=\"https:\/\/www.cobirehab.com\/en\/product-category\/wheelchairs-and-chairs\/\">comfort wheelcha\u00edr for patients with obesity or dementia<\/a>.<\/p>\n<p>Find the <a href=\"https:\/\/hmi-basen.dk\/en\/r11x.asp?linkinfo=73807\">Kamille Power Comfort Wheelchair at the Danish AssistData<\/a>.<\/p>\n","protected":false},"excerpt":{"rendered":"<p>Brand new Danish-developed comfort wheelchair for sensory stimulation. The individual adaptation and high comfort contribute to increasing both activity level and quality of life. With built-in motor for electric propulsion. Speed up to 5 km\/h.<\/p>\n<p>With the option for mounting two joysticks, one for the caregiver and possibly one for the patient.<\/p>\n<hr \/>\n<h4>Max. user weight 140 kg.<\/h4>\n","protected":false},"featured_media":45453,"comment_status":"closed","ping_status":"closed","template":"","meta":{"_et_pb_use_builder":"off","_et_pb_old_content":"XXL-Rehab Rise N Tilt badetoiletstol er en kombinationsstol med indbygget l\u00f8ft og tilt funktion. Det er\u00a0verdens f\u00f8rste badetoiletstol til bariatriske brugere, der kan l\u00f8fte og tilte brugeren til en 30\u00b0 h\u00e6ldning.\u00a0Badetoiletstolen har en brugerv\u00e6gt p\u00e5 325 kg.\r\n\r\n<strong>G\u00f8r opgaverne nemmere og sikrere<\/strong>\r\nXXL-Rehab Rise N Tilt badetoiletstol giver bedre adgang for plejepersonalet i forhold til hygiejne, hud- og v\u00e6vpleje. Sygepleje og p\u00e5kl\u00e6dning af f\u00f8dder kan, for plejepersonalets vedkommende, foreg\u00e5 i st\u00e5ende stilling, hvorved der opn\u00e5s en ergonomisk forsvarlig arbejdsstilling. Stolen muligg\u00f8r samtidig, at plejepersonalet og brugeren har \u00f8jenkontakt, hvilket giver langt bedre kommunikation.\r\n\r\n<strong>Bedre og effektiv pleje<\/strong>\r\nDenne badetoiletstol \u00f8ger effektiviteten i plejen, fordi den g\u00f8r\u00a0det muligt for \u00e9n person at udf\u00f8re hele badeproceduren, samt\u00a0en bred vifte af hverdagens hygiejneopgaver. Badetoiletstolens\u00a0enkle funktioner resulterer i str\u00f8mlinede rutiner, som giver optimering\u00a0og sikkerhed af plejen i forhold til traditionelle badetoiletstole.\u00a0Denne badetoiletstol er designet til at give bariatriske brugere\u00a0en behagelig og sikker badeoplevelse og kan med fordel\u00a0ogs\u00e5 anvendes, hvor brugerens tilstand er d\u00e5rlig med nedsat\u00a0postural kontrol.\r\n\r\n<strong>Forbedrer livskvaliteten<\/strong>\r\nXXL-Rehab Rise N Tilt badetoiletstol kan forbedre livskvaliteten\u00a0for den bariatriske bruger, idet assisteret brusebadning og\u00a0andre hygiejnerutiner bliver b\u00e5de en mere sikker og komfortabel,\u00a0men ogs\u00e5 en mere v\u00e6rdig oplevelse.\r\n<p class=\"p1\"><strong><span style=\"color: #93a79b\">-\u00a0El-hejs og tiltfunktion op til 30\u00b0<\/span> <\/strong>\r\n<span style=\"color: #93a79b\"><strong>- Mulighed for ekstra brede butterfly arml\u00e6n<\/strong><\/span>\r\n<span style=\"color: #93a79b\"><strong>- Bremser p\u00e5 alle 4 hjul<\/strong><\/span>\r\n<span style=\"color: #93a79b\"><strong>- Unik l\u00f8ftefunktion<\/strong><\/span>\r\n<span style=\"color: #93a79b\"><strong>- H\u00e5ndbetjening giver plejeren fuld kontrol<\/strong><\/span>\r\n<span style=\"color: #93a79b\"><strong>- H\u00f8jt rygl\u00e6n og robuste arml\u00e6n<\/strong><\/span><\/p>","_et_gb_content_width":""},"product_brand":[],"product_cat":[118],"product_tag":[],"class_list":{"0":"post-45197","1":"product","2":"type-product","3":"status-publish","4":"has-post-thumbnail","6":"product_cat-wheelchairs","8":"first","9":"instock","10":"shipping-taxable","11":"product-type-simple"},"yoast_head":"<!-- This site is optimized with the Yoast SEO plugin v27.2 - https:\/\/yoast.com\/product\/yoast-seo-wordpress\/ -->\n<title>Power wheelchair for patients with dementia. Call +45 7025 2522.<\/title>\n<meta name=\"description\" content=\"Power Comfort wheelchair maintaining posture and awareness of body position. Developed by Danish occupational therapists and product engineers. Made in EU.\" \/>\n<meta name=\"robots\" content=\"index, follow, max-snippet:-1, max-image-preview:large, max-video-preview:-1\" \/>\n<link rel=\"canonical\" href=\"https:\/\/www.cobirehab.com\/en\/product\/kamille-power-comfort-wheelchair\/\" \/>\n<meta property=\"og:locale\" content=\"en_US\" \/>\n<meta property=\"og:type\" content=\"article\" \/>\n<meta property=\"og:title\" content=\"Power wheelchair for patients with dementia. Call +45 7025 2522.\" \/>\n<meta property=\"og:description\" content=\"Power Comfort wheelchair maintaining posture and awareness of body position. Developed by Danish occupational therapists and product engineers. Made in EU.\" \/>\n<meta property=\"og:url\" content=\"https:\/\/www.cobirehab.com\/en\/product\/kamille-power-comfort-wheelchair\/\" \/>\n<meta property=\"og:site_name\" content=\"Cobi Rehab\" \/>\n<meta property=\"article:modified_time\" content=\"2026-03-19T10:56:42+00:00\" \/>\n<meta property=\"og:image\" content=\"https:\/\/www.cobirehab.com\/wp-content\/uploads\/2024\/03\/Cobi-Rehab_2024-02-23_0011.jpg\" \/>\n\t<meta property=\"og:image:width\" content=\"2000\" \/>\n\t<meta property=\"og:image:height\" content=\"1334\" \/>\n\t<meta property=\"og:image:type\" content=\"image\/jpeg\" \/>\n<meta name=\"twitter:card\" content=\"summary_large_image\" \/>\n<meta name=\"twitter:label1\" content=\"Est. reading time\" \/>\n\t<meta name=\"twitter:data1\" content=\"2 minutes\" \/>\n<script type=\"application\/ld+json\" class=\"yoast-schema-graph\">{\"@context\":\"https:\/\/schema.org\",\"@graph\":[{\"@type\":\"WebPage\",\"@id\":\"https:\/\/www.cobirehab.com\/en\/product\/kamille-power-comfort-wheelchair\/\",\"url\":\"https:\/\/www.cobirehab.com\/en\/product\/kamille-power-comfort-wheelchair\/\",\"name\":\"Power wheelchair for patients with dementia. Call +45 7025 2522.\",\"isPartOf\":{\"@id\":\"https:\/\/www.cobirehab.com\/en\/#website\"},\"primaryImageOfPage\":{\"@id\":\"https:\/\/www.cobirehab.com\/en\/product\/kamille-power-comfort-wheelchair\/#primaryimage\"},\"image\":{\"@id\":\"https:\/\/www.cobirehab.com\/en\/product\/kamille-power-comfort-wheelchair\/#primaryimage\"},\"thumbnailUrl\":\"https:\/\/www.cobirehab.com\/wp-content\/uploads\/2024\/03\/Cobi-Rehab_2024-02-23_0011.jpg\",\"datePublished\":\"2024-01-22T07:57:21+00:00\",\"dateModified\":\"2026-03-19T10:56:42+00:00\",\"description\":\"Power Comfort wheelchair maintaining posture and awareness of body position. Developed by Danish occupational therapists and product engineers. Made in EU.\",\"breadcrumb\":{\"@id\":\"https:\/\/www.cobirehab.com\/en\/product\/kamille-power-comfort-wheelchair\/#breadcrumb\"},\"inLanguage\":\"en-US\",\"potentialAction\":[{\"@type\":\"ReadAction\",\"target\":[\"https:\/\/www.cobirehab.com\/en\/product\/kamille-power-comfort-wheelchair\/\"]}]},{\"@type\":\"ImageObject\",\"inLanguage\":\"en-US\",\"@id\":\"https:\/\/www.cobirehab.com\/en\/product\/kamille-power-comfort-wheelchair\/#primaryimage\",\"url\":\"https:\/\/www.cobirehab.com\/wp-content\/uploads\/2024\/03\/Cobi-Rehab_2024-02-23_0011.jpg\",\"contentUrl\":\"https:\/\/www.cobirehab.com\/wp-content\/uploads\/2024\/03\/Cobi-Rehab_2024-02-23_0011.jpg\",\"width\":2000,\"height\":1334,\"caption\":\"Kamille Power Comfort Wheelchair with electric propulsion\"},{\"@type\":\"BreadcrumbList\",\"@id\":\"https:\/\/www.cobirehab.com\/en\/product\/kamille-power-comfort-wheelchair\/#breadcrumb\",\"itemListElement\":[{\"@type\":\"ListItem\",\"position\":1,\"name\":\"Hjem\",\"item\":\"https:\/\/www.cobirehab.com\/\"},{\"@type\":\"ListItem\",\"position\":2,\"name\":\"Products\",\"item\":\"https:\/\/www.cobirehab.com\/en\/products\/\"},{\"@type\":\"ListItem\",\"position\":3,\"name\":\"Kamille Power Comfort Wheelchair\"}]},{\"@type\":\"WebSite\",\"@id\":\"https:\/\/www.cobirehab.com\/en\/#website\",\"url\":\"https:\/\/www.cobirehab.com\/en\/\",\"name\":\"Cobi Rehab\",\"description\":\"The Positioning Company\",\"publisher\":{\"@id\":\"https:\/\/www.cobirehab.com\/en\/#organization\"},\"alternateName\":\"Cobi\",\"potentialAction\":[{\"@type\":\"SearchAction\",\"target\":{\"@type\":\"EntryPoint\",\"urlTemplate\":\"https:\/\/www.cobirehab.com\/en\/?s={search_term_string}\"},\"query-input\":{\"@type\":\"PropertyValueSpecification\",\"valueRequired\":true,\"valueName\":\"search_term_string\"}}],\"inLanguage\":\"en-US\"},{\"@type\":\"Organization\",\"@id\":\"https:\/\/www.cobirehab.com\/en\/#organization\",\"name\":\"Cobi Rehab\",\"url\":\"https:\/\/www.cobirehab.com\/en\/\",\"logo\":{\"@type\":\"ImageObject\",\"inLanguage\":\"en-US\",\"@id\":\"https:\/\/www.cobirehab.com\/en\/#\/schema\/logo\/image\/\",\"url\":\"https:\/\/www.cobirehab.com\/wp-content\/uploads\/2018\/04\/COBI-REHAB-17-logo-versA-pos.png\",\"contentUrl\":\"https:\/\/www.cobirehab.com\/wp-content\/uploads\/2018\/04\/COBI-REHAB-17-logo-versA-pos.png\",\"width\":1195,\"height\":768,\"caption\":\"Cobi Rehab\"},\"image\":{\"@id\":\"https:\/\/www.cobirehab.com\/en\/#\/schema\/logo\/image\/\"}}]}<\/script>\n<!-- \/ Yoast SEO plugin. -->","yoast_head_json":{"title":"Power wheelchair for patients with dementia. Call +45 7025 2522.","description":"Power Comfort wheelchair maintaining posture and awareness of body position. Developed by Danish occupational therapists and product engineers. Made in EU.","robots":{"index":"index","follow":"follow","max-snippet":"max-snippet:-1","max-image-preview":"max-image-preview:large","max-video-preview":"max-video-preview:-1"},"canonical":"https:\/\/www.cobirehab.com\/en\/product\/kamille-power-comfort-wheelchair\/","og_locale":"en_US","og_type":"article","og_title":"Power wheelchair for patients with dementia. Call +45 7025 2522.","og_description":"Power Comfort wheelchair maintaining posture and awareness of body position. Developed by Danish occupational therapists and product engineers. Made in EU.","og_url":"https:\/\/www.cobirehab.com\/en\/product\/kamille-power-comfort-wheelchair\/","og_site_name":"Cobi Rehab","article_modified_time":"2026-03-19T10:56:42+00:00","og_image":[{"width":2000,"height":1334,"url":"https:\/\/www.cobirehab.com\/wp-content\/uploads\/2024\/03\/Cobi-Rehab_2024-02-23_0011.jpg","type":"image\/jpeg"}],"twitter_card":"summary_large_image","twitter_misc":{"Est. reading time":"2 minutes"},"schema":{"@context":"https:\/\/schema.org","@graph":[{"@type":"WebPage","@id":"https:\/\/www.cobirehab.com\/en\/product\/kamille-power-comfort-wheelchair\/","url":"https:\/\/www.cobirehab.com\/en\/product\/kamille-power-comfort-wheelchair\/","name":"Power wheelchair for patients with dementia. Call +45 7025 2522.","isPartOf":{"@id":"https:\/\/www.cobirehab.com\/en\/#website"},"primaryImageOfPage":{"@id":"https:\/\/www.cobirehab.com\/en\/product\/kamille-power-comfort-wheelchair\/#primaryimage"},"image":{"@id":"https:\/\/www.cobirehab.com\/en\/product\/kamille-power-comfort-wheelchair\/#primaryimage"},"thumbnailUrl":"https:\/\/www.cobirehab.com\/wp-content\/uploads\/2024\/03\/Cobi-Rehab_2024-02-23_0011.jpg","datePublished":"2024-01-22T07:57:21+00:00","dateModified":"2026-03-19T10:56:42+00:00","description":"Power Comfort wheelchair maintaining posture and awareness of body position. Developed by Danish occupational therapists and product engineers. Made in EU.","breadcrumb":{"@id":"https:\/\/www.cobirehab.com\/en\/product\/kamille-power-comfort-wheelchair\/#breadcrumb"},"inLanguage":"en-US","potentialAction":[{"@type":"ReadAction","target":["https:\/\/www.cobirehab.com\/en\/product\/kamille-power-comfort-wheelchair\/"]}]},{"@type":"ImageObject","inLanguage":"en-US","@id":"https:\/\/www.cobirehab.com\/en\/product\/kamille-power-comfort-wheelchair\/#primaryimage","url":"https:\/\/www.cobirehab.com\/wp-content\/uploads\/2024\/03\/Cobi-Rehab_2024-02-23_0011.jpg","contentUrl":"https:\/\/www.cobirehab.com\/wp-content\/uploads\/2024\/03\/Cobi-Rehab_2024-02-23_0011.jpg","width":2000,"height":1334,"caption":"Kamille Power Comfort Wheelchair with electric propulsion"},{"@type":"BreadcrumbList","@id":"https:\/\/www.cobirehab.com\/en\/product\/kamille-power-comfort-wheelchair\/#breadcrumb","itemListElement":[{"@type":"ListItem","position":1,"name":"Hjem","item":"https:\/\/www.cobirehab.com\/"},{"@type":"ListItem","position":2,"name":"Products","item":"https:\/\/www.cobirehab.com\/en\/products\/"},{"@type":"ListItem","position":3,"name":"Kamille Power Comfort Wheelchair"}]},{"@type":"WebSite","@id":"https:\/\/www.cobirehab.com\/en\/#website","url":"https:\/\/www.cobirehab.com\/en\/","name":"Cobi Rehab","description":"The Positioning Company","publisher":{"@id":"https:\/\/www.cobirehab.com\/en\/#organization"},"alternateName":"Cobi","potentialAction":[{"@type":"SearchAction","target":{"@type":"EntryPoint","urlTemplate":"https:\/\/www.cobirehab.com\/en\/?s={search_term_string}"},"query-input":{"@type":"PropertyValueSpecification","valueRequired":true,"valueName":"search_term_string"}}],"inLanguage":"en-US"},{"@type":"Organization","@id":"https:\/\/www.cobirehab.com\/en\/#organization","name":"Cobi Rehab","url":"https:\/\/www.cobirehab.com\/en\/","logo":{"@type":"ImageObject","inLanguage":"en-US","@id":"https:\/\/www.cobirehab.com\/en\/#\/schema\/logo\/image\/","url":"https:\/\/www.cobirehab.com\/wp-content\/uploads\/2018\/04\/COBI-REHAB-17-logo-versA-pos.png","contentUrl":"https:\/\/www.cobirehab.com\/wp-content\/uploads\/2018\/04\/COBI-REHAB-17-logo-versA-pos.png","width":1195,"height":768,"caption":"Cobi Rehab"},"image":{"@id":"https:\/\/www.cobirehab.com\/en\/#\/schema\/logo\/image\/"}}]}},"_links":{"self":[{"href":"https:\/\/www.cobirehab.com\/en\/wp-json\/wp\/v2\/product\/45197","targetHints":{"allow":["GET"]}}],"collection":[{"href":"https:\/\/www.cobirehab.com\/en\/wp-json\/wp\/v2\/product"}],"about":[{"href":"https:\/\/www.cobirehab.com\/en\/wp-json\/wp\/v2\/types\/product"}],"replies":[{"embeddable":true,"href":"https:\/\/www.cobirehab.com\/en\/wp-json\/wp\/v2\/comments?post=45197"}],"wp:featuredmedia":[{"embeddable":true,"href":"https:\/\/www.cobirehab.com\/en\/wp-json\/wp\/v2\/media\/45453"}],"wp:attachment":[{"href":"https:\/\/www.cobirehab.com\/en\/wp-json\/wp\/v2\/media?parent=45197"}],"wp:term":[{"taxonomy":"product_brand","embeddable":true,"href":"https:\/\/www.cobirehab.com\/en\/wp-json\/wp\/v2\/product_brand?post=45197"},{"taxonomy":"product_cat","embeddable":true,"href":"https:\/\/www.cobirehab.com\/en\/wp-json\/wp\/v2\/product_cat?post=45197"},{"taxonomy":"product_tag","embeddable":true,"href":"https:\/\/www.cobirehab.com\/en\/wp-json\/wp\/v2\/product_tag?post=45197"}],"curies":[{"name":"wp","href":"https:\/\/api.w.org\/{rel}","templated":true}]}}