{"id":40570,"date":"2022-07-14T15:06:34","date_gmt":"2022-07-14T13:06:34","guid":{"rendered":"https:\/\/www.cobirehab.com\/?post_type=product&#038;p=40570"},"modified":"2024-10-01T14:29:10","modified_gmt":"2024-10-01T12:29:10","slug":"kamille-comfort-wheelchair","status":"publish","type":"product","link":"https:\/\/www.cobirehab.com\/en\/product\/kamille-comfort-wheelchair\/","title":{"rendered":"Kamille Comfort Wheelchair"},"content":{"rendered":"<h1>Comfort Wheelchair ensuring unique sensory-stimulation<\/h1>\n<p>The Kamille Comfort Wheelchair provides exceptional support because its design is so flexible that it can support contractures in both UE and LE without special adaptation. The potential to adapt optimally to the individual helps to increase activity level, function level and quality of life.<\/p>\n<p>The wheelchair can be tilted up to 45\u00b0, which aids in transfers and other manoeuvres. The back can be angled up to 35\u00b0. The wheelchair can also be adapted to the user\u2019s hip, knee and ankle joints.<\/p>\n<h5>Electrically adjustable back and electric tilt for the seat and back<\/h5>\n<p>The Kamille Comfort Wheelchair comes with an electrically adjustable back and electric tilt for the seat and back as standard. The various electrical functions are continuously variable, which means the user will not experience any annoying lurches.<\/p>\n<p>The electric function also allows adjustment of the hip angle and the angling of the seat back.<\/p>\n<p>Electric tilt and back adjustment ensures better working conditions for the helper, who can avoid using their own body weight when handling the wheelchair.<\/p>\n<p>The electric functions are activated with a joystick that can be operated by either the user or the helper.<\/p>\n<p>See our range of <a href=\"https:\/\/www.cobirehab.com\/en\/product-category\/wheelchairs-and-chairs\/\">comfort wheelcha\u00edr for patients with obesity or dementia<\/a>.<\/p>\n<p>Find the <a href=\"https:\/\/hmi-basen.dk\/en\/r11x.asp?linkinfo=73807\">Kamille Comfort Wheelchair at the Danish AssistData<\/a>.<\/p>\n","protected":false},"excerpt":{"rendered":"<p>Comfort Wheelchair ensuring unique sensory-stimulation.<\/p>\n<p>The individual fit and extreme comfort help to increase activity level, function level and quality of life.<\/p>\n<hr \/>\n<h4>Max. user weight 140 kg.<\/h4>\n","protected":false},"featured_media":43086,"comment_status":"closed","ping_status":"closed","template":"","meta":{"_et_pb_use_builder":"off","_et_pb_old_content":"XXL-Rehab Rise N Tilt badetoiletstol er en kombinationsstol med indbygget l\u00f8ft og tilt funktion. Det er\u00a0verdens f\u00f8rste badetoiletstol til bariatriske brugere, der kan l\u00f8fte og tilte brugeren til en 30\u00b0 h\u00e6ldning.\u00a0Badetoiletstolen har en brugerv\u00e6gt p\u00e5 325 kg.\r\n\r\n<strong>G\u00f8r opgaverne nemmere og sikrere<\/strong>\r\nXXL-Rehab Rise N Tilt badetoiletstol giver bedre adgang for plejepersonalet i forhold til hygiejne, hud- og v\u00e6vpleje. Sygepleje og p\u00e5kl\u00e6dning af f\u00f8dder kan, for plejepersonalets vedkommende, foreg\u00e5 i st\u00e5ende stilling, hvorved der opn\u00e5s en ergonomisk forsvarlig arbejdsstilling. Stolen muligg\u00f8r samtidig, at plejepersonalet og brugeren har \u00f8jenkontakt, hvilket giver langt bedre kommunikation.\r\n\r\n<strong>Bedre og effektiv pleje<\/strong>\r\nDenne badetoiletstol \u00f8ger effektiviteten i plejen, fordi den g\u00f8r\u00a0det muligt for \u00e9n person at udf\u00f8re hele badeproceduren, samt\u00a0en bred vifte af hverdagens hygiejneopgaver. Badetoiletstolens\u00a0enkle funktioner resulterer i str\u00f8mlinede rutiner, som giver optimering\u00a0og sikkerhed af plejen i forhold til traditionelle badetoiletstole.\u00a0Denne badetoiletstol er designet til at give bariatriske brugere\u00a0en behagelig og sikker badeoplevelse og kan med fordel\u00a0ogs\u00e5 anvendes, hvor brugerens tilstand er d\u00e5rlig med nedsat\u00a0postural kontrol.\r\n\r\n<strong>Forbedrer livskvaliteten<\/strong>\r\nXXL-Rehab Rise N Tilt badetoiletstol kan forbedre livskvaliteten\u00a0for den bariatriske bruger, idet assisteret brusebadning og\u00a0andre hygiejnerutiner bliver b\u00e5de en mere sikker og komfortabel,\u00a0men ogs\u00e5 en mere v\u00e6rdig oplevelse.\r\n<p class=\"p1\"><strong><span style=\"color: #93a79b\">-\u00a0El-hejs og tiltfunktion op til 30\u00b0<\/span> <\/strong>\r\n<span style=\"color: #93a79b\"><strong>- Mulighed for ekstra brede butterfly arml\u00e6n<\/strong><\/span>\r\n<span style=\"color: #93a79b\"><strong>- Bremser p\u00e5 alle 4 hjul<\/strong><\/span>\r\n<span style=\"color: #93a79b\"><strong>- Unik l\u00f8ftefunktion<\/strong><\/span>\r\n<span style=\"color: #93a79b\"><strong>- H\u00e5ndbetjening giver plejeren fuld kontrol<\/strong><\/span>\r\n<span style=\"color: #93a79b\"><strong>- H\u00f8jt rygl\u00e6n og robuste arml\u00e6n<\/strong><\/span><\/p>","_et_gb_content_width":""},"product_brand":[],"product_cat":[118],"product_tag":[],"class_list":{"0":"post-40570","1":"product","2":"type-product","3":"status-publish","4":"has-post-thumbnail","6":"product_cat-wheelchairs","8":"first","9":"instock","10":"shipping-taxable","11":"product-type-simple"},"yoast_head":"<!-- This site is optimized with the Yoast SEO plugin v27.2 - https:\/\/yoast.com\/product\/yoast-seo-wordpress\/ -->\n<title>Comfort wheelchair for patients with dementia. Call +45 7025 2522.<\/title>\n<meta name=\"description\" content=\"Comfort wheelchair that helps maintain posture and awareness of body position. Developed by Danish occupational therapist and product engineers. Made in EU.\" \/>\n<meta name=\"robots\" content=\"index, follow, max-snippet:-1, max-image-preview:large, max-video-preview:-1\" \/>\n<link rel=\"canonical\" href=\"https:\/\/www.cobirehab.com\/en\/product\/kamille-comfort-wheelchair\/\" \/>\n<meta property=\"og:locale\" content=\"en_US\" \/>\n<meta property=\"og:type\" content=\"article\" \/>\n<meta property=\"og:title\" content=\"Comfort wheelchair for patients with dementia. Call +45 7025 2522.\" \/>\n<meta property=\"og:description\" content=\"Comfort wheelchair that helps maintain posture and awareness of body position. Developed by Danish occupational therapist and product engineers. Made in EU.\" \/>\n<meta property=\"og:url\" content=\"https:\/\/www.cobirehab.com\/en\/product\/kamille-comfort-wheelchair\/\" \/>\n<meta property=\"og:site_name\" content=\"Cobi Rehab\" \/>\n<meta property=\"article:modified_time\" content=\"2024-10-01T12:29:10+00:00\" \/>\n<meta property=\"og:image\" content=\"https:\/\/www.cobirehab.com\/wp-content\/uploads\/2023\/02\/Kamille-Komfortkoerestol-komplet-med-kropsstoetter.jpg\" \/>\n\t<meta property=\"og:image:width\" content=\"2000\" \/>\n\t<meta property=\"og:image:height\" content=\"1334\" \/>\n\t<meta property=\"og:image:type\" content=\"image\/jpeg\" \/>\n<meta name=\"twitter:card\" content=\"summary_large_image\" \/>\n<meta name=\"twitter:label1\" content=\"Est. reading time\" \/>\n\t<meta name=\"twitter:data1\" content=\"2 minutes\" \/>\n<script type=\"application\/ld+json\" class=\"yoast-schema-graph\">{\"@context\":\"https:\/\/schema.org\",\"@graph\":[{\"@type\":\"WebPage\",\"@id\":\"https:\/\/www.cobirehab.com\/en\/product\/kamille-comfort-wheelchair\/\",\"url\":\"https:\/\/www.cobirehab.com\/en\/product\/kamille-comfort-wheelchair\/\",\"name\":\"Comfort wheelchair for patients with dementia. Call +45 7025 2522.\",\"isPartOf\":{\"@id\":\"https:\/\/www.cobirehab.com\/en\/#website\"},\"primaryImageOfPage\":{\"@id\":\"https:\/\/www.cobirehab.com\/en\/product\/kamille-comfort-wheelchair\/#primaryimage\"},\"image\":{\"@id\":\"https:\/\/www.cobirehab.com\/en\/product\/kamille-comfort-wheelchair\/#primaryimage\"},\"thumbnailUrl\":\"https:\/\/www.cobirehab.com\/wp-content\/uploads\/2023\/02\/Kamille-Komfortkoerestol-komplet-med-kropsstoetter.jpg\",\"datePublished\":\"2022-07-14T13:06:34+00:00\",\"dateModified\":\"2024-10-01T12:29:10+00:00\",\"description\":\"Comfort wheelchair that helps maintain posture and awareness of body position. Developed by Danish occupational therapist and product engineers. Made in EU.\",\"breadcrumb\":{\"@id\":\"https:\/\/www.cobirehab.com\/en\/product\/kamille-comfort-wheelchair\/#breadcrumb\"},\"inLanguage\":\"en-US\",\"potentialAction\":[{\"@type\":\"ReadAction\",\"target\":[\"https:\/\/www.cobirehab.com\/en\/product\/kamille-comfort-wheelchair\/\"]}]},{\"@type\":\"ImageObject\",\"inLanguage\":\"en-US\",\"@id\":\"https:\/\/www.cobirehab.com\/en\/product\/kamille-comfort-wheelchair\/#primaryimage\",\"url\":\"https:\/\/www.cobirehab.com\/wp-content\/uploads\/2023\/02\/Kamille-Komfortkoerestol-komplet-med-kropsstoetter.jpg\",\"contentUrl\":\"https:\/\/www.cobirehab.com\/wp-content\/uploads\/2023\/02\/Kamille-Komfortkoerestol-komplet-med-kropsstoetter.jpg\",\"width\":2000,\"height\":1334,\"caption\":\"Kamille Kamille Comfort Wheelchair complete with padded body supports Der Kamille Multifunktionsrollstuhl\"},{\"@type\":\"BreadcrumbList\",\"@id\":\"https:\/\/www.cobirehab.com\/en\/product\/kamille-comfort-wheelchair\/#breadcrumb\",\"itemListElement\":[{\"@type\":\"ListItem\",\"position\":1,\"name\":\"Hjem\",\"item\":\"https:\/\/www.cobirehab.com\/\"},{\"@type\":\"ListItem\",\"position\":2,\"name\":\"Products\",\"item\":\"https:\/\/www.cobirehab.com\/en\/products\/\"},{\"@type\":\"ListItem\",\"position\":3,\"name\":\"Kamille Comfort Wheelchair\"}]},{\"@type\":\"WebSite\",\"@id\":\"https:\/\/www.cobirehab.com\/en\/#website\",\"url\":\"https:\/\/www.cobirehab.com\/en\/\",\"name\":\"Cobi Rehab\",\"description\":\"The Positioning Company\",\"publisher\":{\"@id\":\"https:\/\/www.cobirehab.com\/en\/#organization\"},\"alternateName\":\"Cobi\",\"potentialAction\":[{\"@type\":\"SearchAction\",\"target\":{\"@type\":\"EntryPoint\",\"urlTemplate\":\"https:\/\/www.cobirehab.com\/en\/?s={search_term_string}\"},\"query-input\":{\"@type\":\"PropertyValueSpecification\",\"valueRequired\":true,\"valueName\":\"search_term_string\"}}],\"inLanguage\":\"en-US\"},{\"@type\":\"Organization\",\"@id\":\"https:\/\/www.cobirehab.com\/en\/#organization\",\"name\":\"Cobi Rehab\",\"url\":\"https:\/\/www.cobirehab.com\/en\/\",\"logo\":{\"@type\":\"ImageObject\",\"inLanguage\":\"en-US\",\"@id\":\"https:\/\/www.cobirehab.com\/en\/#\/schema\/logo\/image\/\",\"url\":\"https:\/\/www.cobirehab.com\/wp-content\/uploads\/2018\/04\/COBI-REHAB-17-logo-versA-pos.png\",\"contentUrl\":\"https:\/\/www.cobirehab.com\/wp-content\/uploads\/2018\/04\/COBI-REHAB-17-logo-versA-pos.png\",\"width\":1195,\"height\":768,\"caption\":\"Cobi Rehab\"},\"image\":{\"@id\":\"https:\/\/www.cobirehab.com\/en\/#\/schema\/logo\/image\/\"}}]}<\/script>\n<!-- \/ Yoast SEO plugin. -->","yoast_head_json":{"title":"Comfort wheelchair for patients with dementia. Call +45 7025 2522.","description":"Comfort wheelchair that helps maintain posture and awareness of body position. Developed by Danish occupational therapist and product engineers. Made in EU.","robots":{"index":"index","follow":"follow","max-snippet":"max-snippet:-1","max-image-preview":"max-image-preview:large","max-video-preview":"max-video-preview:-1"},"canonical":"https:\/\/www.cobirehab.com\/en\/product\/kamille-comfort-wheelchair\/","og_locale":"en_US","og_type":"article","og_title":"Comfort wheelchair for patients with dementia. Call +45 7025 2522.","og_description":"Comfort wheelchair that helps maintain posture and awareness of body position. Developed by Danish occupational therapist and product engineers. Made in EU.","og_url":"https:\/\/www.cobirehab.com\/en\/product\/kamille-comfort-wheelchair\/","og_site_name":"Cobi Rehab","article_modified_time":"2024-10-01T12:29:10+00:00","og_image":[{"width":2000,"height":1334,"url":"https:\/\/www.cobirehab.com\/wp-content\/uploads\/2023\/02\/Kamille-Komfortkoerestol-komplet-med-kropsstoetter.jpg","type":"image\/jpeg"}],"twitter_card":"summary_large_image","twitter_misc":{"Est. reading time":"2 minutes"},"schema":{"@context":"https:\/\/schema.org","@graph":[{"@type":"WebPage","@id":"https:\/\/www.cobirehab.com\/en\/product\/kamille-comfort-wheelchair\/","url":"https:\/\/www.cobirehab.com\/en\/product\/kamille-comfort-wheelchair\/","name":"Comfort wheelchair for patients with dementia. Call +45 7025 2522.","isPartOf":{"@id":"https:\/\/www.cobirehab.com\/en\/#website"},"primaryImageOfPage":{"@id":"https:\/\/www.cobirehab.com\/en\/product\/kamille-comfort-wheelchair\/#primaryimage"},"image":{"@id":"https:\/\/www.cobirehab.com\/en\/product\/kamille-comfort-wheelchair\/#primaryimage"},"thumbnailUrl":"https:\/\/www.cobirehab.com\/wp-content\/uploads\/2023\/02\/Kamille-Komfortkoerestol-komplet-med-kropsstoetter.jpg","datePublished":"2022-07-14T13:06:34+00:00","dateModified":"2024-10-01T12:29:10+00:00","description":"Comfort wheelchair that helps maintain posture and awareness of body position. Developed by Danish occupational therapist and product engineers. Made in EU.","breadcrumb":{"@id":"https:\/\/www.cobirehab.com\/en\/product\/kamille-comfort-wheelchair\/#breadcrumb"},"inLanguage":"en-US","potentialAction":[{"@type":"ReadAction","target":["https:\/\/www.cobirehab.com\/en\/product\/kamille-comfort-wheelchair\/"]}]},{"@type":"ImageObject","inLanguage":"en-US","@id":"https:\/\/www.cobirehab.com\/en\/product\/kamille-comfort-wheelchair\/#primaryimage","url":"https:\/\/www.cobirehab.com\/wp-content\/uploads\/2023\/02\/Kamille-Komfortkoerestol-komplet-med-kropsstoetter.jpg","contentUrl":"https:\/\/www.cobirehab.com\/wp-content\/uploads\/2023\/02\/Kamille-Komfortkoerestol-komplet-med-kropsstoetter.jpg","width":2000,"height":1334,"caption":"Kamille Kamille Comfort Wheelchair complete with padded body supports Der Kamille Multifunktionsrollstuhl"},{"@type":"BreadcrumbList","@id":"https:\/\/www.cobirehab.com\/en\/product\/kamille-comfort-wheelchair\/#breadcrumb","itemListElement":[{"@type":"ListItem","position":1,"name":"Hjem","item":"https:\/\/www.cobirehab.com\/"},{"@type":"ListItem","position":2,"name":"Products","item":"https:\/\/www.cobirehab.com\/en\/products\/"},{"@type":"ListItem","position":3,"name":"Kamille Comfort Wheelchair"}]},{"@type":"WebSite","@id":"https:\/\/www.cobirehab.com\/en\/#website","url":"https:\/\/www.cobirehab.com\/en\/","name":"Cobi Rehab","description":"The Positioning Company","publisher":{"@id":"https:\/\/www.cobirehab.com\/en\/#organization"},"alternateName":"Cobi","potentialAction":[{"@type":"SearchAction","target":{"@type":"EntryPoint","urlTemplate":"https:\/\/www.cobirehab.com\/en\/?s={search_term_string}"},"query-input":{"@type":"PropertyValueSpecification","valueRequired":true,"valueName":"search_term_string"}}],"inLanguage":"en-US"},{"@type":"Organization","@id":"https:\/\/www.cobirehab.com\/en\/#organization","name":"Cobi Rehab","url":"https:\/\/www.cobirehab.com\/en\/","logo":{"@type":"ImageObject","inLanguage":"en-US","@id":"https:\/\/www.cobirehab.com\/en\/#\/schema\/logo\/image\/","url":"https:\/\/www.cobirehab.com\/wp-content\/uploads\/2018\/04\/COBI-REHAB-17-logo-versA-pos.png","contentUrl":"https:\/\/www.cobirehab.com\/wp-content\/uploads\/2018\/04\/COBI-REHAB-17-logo-versA-pos.png","width":1195,"height":768,"caption":"Cobi Rehab"},"image":{"@id":"https:\/\/www.cobirehab.com\/en\/#\/schema\/logo\/image\/"}}]}},"_links":{"self":[{"href":"https:\/\/www.cobirehab.com\/en\/wp-json\/wp\/v2\/product\/40570","targetHints":{"allow":["GET"]}}],"collection":[{"href":"https:\/\/www.cobirehab.com\/en\/wp-json\/wp\/v2\/product"}],"about":[{"href":"https:\/\/www.cobirehab.com\/en\/wp-json\/wp\/v2\/types\/product"}],"replies":[{"embeddable":true,"href":"https:\/\/www.cobirehab.com\/en\/wp-json\/wp\/v2\/comments?post=40570"}],"wp:featuredmedia":[{"embeddable":true,"href":"https:\/\/www.cobirehab.com\/en\/wp-json\/wp\/v2\/media\/43086"}],"wp:attachment":[{"href":"https:\/\/www.cobirehab.com\/en\/wp-json\/wp\/v2\/media?parent=40570"}],"wp:term":[{"taxonomy":"product_brand","embeddable":true,"href":"https:\/\/www.cobirehab.com\/en\/wp-json\/wp\/v2\/product_brand?post=40570"},{"taxonomy":"product_cat","embeddable":true,"href":"https:\/\/www.cobirehab.com\/en\/wp-json\/wp\/v2\/product_cat?post=40570"},{"taxonomy":"product_tag","embeddable":true,"href":"https:\/\/www.cobirehab.com\/en\/wp-json\/wp\/v2\/product_tag?post=40570"}],"curies":[{"name":"wp","href":"https:\/\/api.w.org\/{rel}","templated":true}]}}