{"id":38887,"date":"2022-02-24T11:34:38","date_gmt":"2022-02-24T10:34:38","guid":{"rendered":"https:\/\/www.cobirehab.com\/?post_type=product&#038;p=38887"},"modified":"2022-12-01T10:15:04","modified_gmt":"2022-12-01T09:15:04","slug":"cushions-for-bathing-and-hygiene-situations","status":"publish","type":"product","link":"https:\/\/www.cobirehab.com\/en\/product\/cushions-for-bathing-and-hygiene-situations\/","title":{"rendered":"Cobi Hygiene Cushions"},"content":{"rendered":"<h1>Cobi Hygiene Cushions<\/h1>\n<p>Cushions for bathing and hygiene situations.<\/p>\n<p>Cobi Hygiene Cushions for bathing and hygiene situations can be used by many patient groups, e.g., generally debilitated users, users with severe malposition or users in need of extra support and stability in bathing situations. The hygiene cushions also benefit the working environment of the nursing staff because the stable positioning of the user reduces the risk of the user slipping or ending up in an inappropriate position.<\/p>\n<p>Cobi Hygiene Cushions are used individually or in combination to provide the greatest possible support, stabilization, and safety in bathing situations. Hygiene Cushions are used on shower beds and in shower and toilet chairs and commodes.<\/p>\n<p>Cobi Hygiene Cushions can contribute to increased self-help when properly positioned.<\/p>\n<h5>About Cobi Hygiene Cushions<\/h5>\n<p>Each hygiene cushion is filled with small fire-retardant EPS beads. This means the cushions do not change in shape and are easy to use and ensure stable placement in bathing situations. Water flows through the filling easily, so the weight of the hygiene cushion does not increase significantly when they get wet.<br \/>\nIn use, the black side should face the user&#8217;s body.<\/p>\n<p>When the hygiene cushions need to dry, they must be hung up with the blue net side facing down so the water can get out of the cushion.<\/p>\n<p><strong>Cobi Halfmoon Hygiene Cushion<\/strong><br \/>\nThis cushion is used as a small stable support along the truncus in the shower chair or as a head\/neck support on the shower bed.<\/p>\n<p><strong>Cobi Neck Hygiene Cushion<\/strong><br \/>\nThis cushion complements the existing headrest in the shower chair or on the shower bed and ensures even better stabilization and centering of the head and neck.<\/p>\n<p><strong>Cobi T-hygiene Cushion S and L<\/strong><br \/>\nThis cushion can be used to separate or center. It stabilizes legs and feet in the shower chair or on the shower bed. T-cushion provides support for misalignments in the feet and fills up if the feet do not rest sufficiently on the footrest.<\/p>\n<p><strong>Cobi Banana Hygiene Cushion S<\/strong><br \/>\nThis cushion can support a paretic arm and in the side of the upper body. The cushion also acts as a forearm support for both arms in the lap or as a filling support behind the neck and shoulders.<\/p>\n<p><strong>Cobi Banana Hygiene Cushion M and L<\/strong><br \/>\nThe cushion can support the whole body in the shower chair or on the shower bed. It also acts as a filling support in stabilizing underweight users. The cushion can be placed behind the neck and supports the upper body on each side. The cushion should be placed on the inside of the armrest. It can also be placed from the neck down under one arm in front of the user. Placing the cushion along the body gives it a safe supine position on the shower bed when washing the back.<\/p>\n<h5>Cleaning<\/h5>\n<p>After use, rinse the outer cover thoroughly in non-chlorinated water. When drying the flotation cushions must be placed with the blue mesh facing downwards. This allows the water to drain from the cushions.\u00a0The cushions take quite a long time to drip dry and we therefore recommend use exclusively in \u201cwet\u201d environments.\u00a0Do not bleach or use fabric softener and other additives containing solvents on the cushions.<\/p>\n<p><strong>Washing<\/strong><\/p>\n<p>The cushions can be hand washed with water and plain soap and drip dried or cleaned\/disinfected with alcohol.<\/p>\n<p>Cobi Hygiene Cushions can be washed in a washing machine at max. 60\u00b0C.\u00a0Due to its size and weight, Cobi Hygiene Cushions must be washed in a washing machine large enough to handle the size of the cushions.<\/p>\n<p>Make sure to use a laundry bag with one cushion in each bag. The laundry bag must have fine mesh in order to protect the washing machine from the cushion filling. If the filling comes out of the cushion, the washing machine can be damaged.<\/p>\n<p><strong>Drying<\/strong><\/p>\n<p>The hygiene cushions can be dried in a drying cabinet or in a dryer at a maximum of 60\u00b0C.\u00a0When tumble drying use an intact laundry bag.\u00a0The laundry bag must have fine mesh to protect the tumble drier from the cushion filling.\u00a0If the filling comes out of the cushion, the tumble drier can be damaged.\u00a0Temperatures above 70\u00b0C destroy the filling as the polystyrene beads melt above 71\u00b0C.<\/p>\n<p><strong>Disinfection<\/strong><br \/>\nCobi Hygiene Cushion can be disinfected with a disinfectant with a PH value below 11.4.<\/p>\n<h5>Recycling<\/h5>\n<p>Note that Cobi Hygiene Cushions for bathing and hygiene situations must not be shared between users. Cobi Hygiene Cushions should be dedicated to one single user at a time. This is done to avoid cross-contamination.<br \/>\nMake sure that Cobi Hygiene Cushions are cleaned and disinfected before given to a new user.<\/p>\n<p>Follow link <a href=\"https:\/\/www.cobirehab.com\/en\/product-category\/koerestole-rehabilitering-en\/positioning-cushions\/\">here<\/a> to our entire range of cushions .<\/p>\n<p>Follow link <a href=\"https:\/\/hmi-basen.dk\/en\/r11x.asp?linkinfo=31031\">here<\/a> to hygiene cushions on the Danish AssistData.<\/p>\n","protected":false},"excerpt":{"rendered":"<p>Cobi Hygiene Cushions for bathing and hygiene situations can be used by many patient groups. The hygiene cushions also benefit the working environment of the nursing staff because the stable positioning of the user reduces the risk of the user slipping or ending up in an inappropriate position.<\/p>\n<p>Hygiene Cushions are used on shower beds and in shower and toilet chairs and commodes.\u00a0Cobi Hygiene Cushions can contribute to increased self-help when properly positioned.<\/p>\n<hr \/>\n<p>Used for:<\/p>\n<p>&#8211; Generally debilitated users<br \/>\n&#8211; Users with severe malposition<br \/>\n&#8211; Users in need of extra support and stability in bathing situations.<\/p>\n","protected":false},"featured_media":35778,"comment_status":"closed","ping_status":"closed","template":"","meta":{"_et_pb_use_builder":"off","_et_pb_old_content":"<strong>Stor tyngde og anatomisk design<\/strong>\r\nI designet af Cobi lejringspuder har vi lagt stor v\u00e6gt p\u00e5, at puderne er meget kropsn\u00e6re og kan komme t\u00e6t p\u00e5 brugeren. Der er en stor tyngde i puderne, s\u00e5 de bliver, hvor de bliver positioneret og st\u00f8tter op, s\u00e5 lejringen af brugeren forbliver stabil.\r\n\r\n<strong>Anvendelig til mange patientgrupper<\/strong>\r\nPuderne er s\u00e6rdeles velegnet til lejring af brugere med blandt andet pareser, sclerose patienter, hjerneskadede, neurologiske patienter, smertepatienter og mennesker i palliative forl\u00f8b, hvor f\u00e5 og selv sm\u00e5 bev\u00e6gelser vil udl\u00f8se smerter. F\u00e6lles for disse grupper af patienter er, at langt de fleste af dem er i h\u00f8j risiko for at udvikle v\u00e6vsskade og tryks\u00e5r.\r\n\r\n<strong>Eksempler p\u00e5 lejring<\/strong>\r\nCobi S\u00f8hest pude er den komplette sidelejringspude. Alle de n\u00f8dvendige komponenter for en god sidelejring er samlet i \u00e9n og samme pude.\r\nCobi S\u00f8hest pude kan ogs\u00e5 anvendes med Cobi Finne pude, som g\u00f8r front lejring exceptionel.\r\n\r\n<strong>Beroligende effekt<\/strong>\r\nForuden at kunne afhj\u00e6lpe tryk og \u00f8ge trykfordelingen, er puderne s\u00e6rdeles velegnet til brug for neds\u00e6ttelse af spasticitet, samt giver en taktil stimuli, hvilket er meget relevant for blandt andet demente. Brugeren f\u00e5r en afgr\u00e6nsende fornemmelse af kroppen, hvilket ofte har en beroligende effekt og \u00f8ger komforten.\r\n\r\n<strong>Konstruktion\r\n<\/strong>Cobi lejringspuder er lavet af materialer, der n\u00e6nsomt og stabilt st\u00f8tter og fordeler v\u00e6gten. Pudernes stof er vandt\u00e6t, men samtidig \u00e5ndbart. Stoffet er anti-svampe behandlet og ikke sensibiliserende, uden brug af nano materialer. Derudover er puderne\u00a0luftt\u00e6tte og fyldt med sm\u00e5 Kr\u00f8yer kugler, granulat og v\u00e6gtfylde, hvilket sikrer, at stillingen holdes og puderne ikke \u00e6ndrer facon.\r\n\r\nDer f\u00e5s 2 typer betr\u00e6k, et hygiejnebetr\u00e6k og et ekstra bl\u00f8dt jerseybetr\u00e6k. Hygiejnebetr\u00e6kket er et utroligt str\u00e6kbart PU materiale, antibakterielt forseglet, som g\u00f8r det ekstra modstandsdygtigt og uigennemtr\u00e6ngeligt for bakterier, og derfor meget hygiejnisk i brug. Betr\u00e6kket er endvidere \u00e5ndbart, str\u00e6kbart og brandh\u00e6mmende. Jerseybetr\u00e6kket af 100% \u00f8kologisk bomuld er ekstra bl\u00f8dt stof, som er str\u00e6kbart.\r\n\r\n<span style=\"color: #93a79b\"><strong>- Til s\u00e6rlige lejringsbehov<\/strong><\/span>\r\n<span style=\"color: #93a79b\"><strong>- Kurver sig omkring knoglefremspring og fordeler trykket<\/strong><\/span>\r\n<span style=\"color: #93a79b\"><strong>- Perfekt til lejring i Semi-Fowler liggestilling<\/strong><\/span>\r\n<span style=\"color: #93a79b\"><strong>- G\u00f8r det muligt og nemt at lejre sideliggende<\/strong><\/span>\r\n<span style=\"color: #93a79b\"><strong>- Antibakterielt forseglede<\/strong><\/span>\r\n<span style=\"color: #93a79b\"><strong>- 2 typer aftagelige vaskbare betr\u00e6k<\/strong><\/span>\r\n<span style=\"color: #93a79b\"><strong>- Giver sansestimuli<\/strong><\/span>","_et_gb_content_width":""},"product_brand":[],"product_cat":[88,203],"product_tag":[232],"class_list":{"0":"post-38887","1":"product","2":"type-product","3":"status-publish","4":"has-post-thumbnail","6":"product_cat-shower-toilet","7":"product_cat-positioning-cushions","8":"product_tag-hygiene-cushions","10":"first","11":"instock","12":"shipping-taxable","13":"product-type-simple"},"yoast_head":"<!-- This site is optimized with the Yoast SEO plugin v27.2 - https:\/\/yoast.com\/product\/yoast-seo-wordpress\/ -->\n<title>Cushions for bathing and hygiene situations. In stock. Fast delivery.<\/title>\n<meta name=\"description\" content=\"Cushions for bathing and hygiene situations. Stable positioning reduces the risk of inappropriate positions or the user slipping.\" \/>\n<meta name=\"robots\" content=\"index, follow, max-snippet:-1, max-image-preview:large, max-video-preview:-1\" \/>\n<link rel=\"canonical\" href=\"https:\/\/www.cobirehab.com\/en\/product\/cushions-for-bathing-and-hygiene-situations\/\" \/>\n<meta property=\"og:locale\" content=\"en_US\" \/>\n<meta property=\"og:type\" content=\"article\" \/>\n<meta property=\"og:title\" content=\"Cushions for bathing and hygiene situations. In stock. Fast delivery.\" \/>\n<meta property=\"og:description\" content=\"Cushions for bathing and hygiene situations. Stable positioning reduces the risk of inappropriate positions or the user slipping.\" \/>\n<meta property=\"og:url\" content=\"https:\/\/www.cobirehab.com\/en\/product\/cushions-for-bathing-and-hygiene-situations\/\" \/>\n<meta property=\"og:site_name\" content=\"Cobi Rehab\" \/>\n<meta property=\"article:modified_time\" content=\"2022-12-01T09:15:04+00:00\" \/>\n<meta property=\"og:image\" content=\"https:\/\/www.cobirehab.com\/wp-content\/uploads\/2021\/03\/Cobi_2019-01-11_Puder_0062.jpg\" \/>\n\t<meta property=\"og:image:width\" content=\"2000\" \/>\n\t<meta property=\"og:image:height\" content=\"1333\" \/>\n\t<meta property=\"og:image:type\" content=\"image\/jpeg\" \/>\n<meta name=\"twitter:card\" content=\"summary_large_image\" \/>\n<meta name=\"twitter:label1\" content=\"Est. reading time\" \/>\n\t<meta name=\"twitter:data1\" content=\"5 minutes\" \/>\n<script type=\"application\/ld+json\" class=\"yoast-schema-graph\">{\"@context\":\"https:\/\/schema.org\",\"@graph\":[{\"@type\":\"WebPage\",\"@id\":\"https:\/\/www.cobirehab.com\/en\/product\/cushions-for-bathing-and-hygiene-situations\/\",\"url\":\"https:\/\/www.cobirehab.com\/en\/product\/cushions-for-bathing-and-hygiene-situations\/\",\"name\":\"Cushions for bathing and hygiene situations. In stock. Fast delivery.\",\"isPartOf\":{\"@id\":\"https:\/\/www.cobirehab.com\/en\/#website\"},\"primaryImageOfPage\":{\"@id\":\"https:\/\/www.cobirehab.com\/en\/product\/cushions-for-bathing-and-hygiene-situations\/#primaryimage\"},\"image\":{\"@id\":\"https:\/\/www.cobirehab.com\/en\/product\/cushions-for-bathing-and-hygiene-situations\/#primaryimage\"},\"thumbnailUrl\":\"https:\/\/www.cobirehab.com\/wp-content\/uploads\/2021\/03\/Cobi_2019-01-11_Puder_0062.jpg\",\"datePublished\":\"2022-02-24T10:34:38+00:00\",\"dateModified\":\"2022-12-01T09:15:04+00:00\",\"description\":\"Cushions for bathing and hygiene situations. Stable positioning reduces the risk of inappropriate positions or the user slipping.\",\"breadcrumb\":{\"@id\":\"https:\/\/www.cobirehab.com\/en\/product\/cushions-for-bathing-and-hygiene-situations\/#breadcrumb\"},\"inLanguage\":\"en-US\",\"potentialAction\":[{\"@type\":\"ReadAction\",\"target\":[\"https:\/\/www.cobirehab.com\/en\/product\/cushions-for-bathing-and-hygiene-situations\/\"]}]},{\"@type\":\"ImageObject\",\"inLanguage\":\"en-US\",\"@id\":\"https:\/\/www.cobirehab.com\/en\/product\/cushions-for-bathing-and-hygiene-situations\/#primaryimage\",\"url\":\"https:\/\/www.cobirehab.com\/wp-content\/uploads\/2021\/03\/Cobi_2019-01-11_Puder_0062.jpg\",\"contentUrl\":\"https:\/\/www.cobirehab.com\/wp-content\/uploads\/2021\/03\/Cobi_2019-01-11_Puder_0062.jpg\",\"width\":2000,\"height\":1333,\"caption\":\"for bathing and hygiene situations\"},{\"@type\":\"BreadcrumbList\",\"@id\":\"https:\/\/www.cobirehab.com\/en\/product\/cushions-for-bathing-and-hygiene-situations\/#breadcrumb\",\"itemListElement\":[{\"@type\":\"ListItem\",\"position\":1,\"name\":\"Hjem\",\"item\":\"https:\/\/www.cobirehab.com\/\"},{\"@type\":\"ListItem\",\"position\":2,\"name\":\"Products\",\"item\":\"https:\/\/www.cobirehab.com\/en\/products\/\"},{\"@type\":\"ListItem\",\"position\":3,\"name\":\"Cobi Hygiene Cushions\"}]},{\"@type\":\"WebSite\",\"@id\":\"https:\/\/www.cobirehab.com\/en\/#website\",\"url\":\"https:\/\/www.cobirehab.com\/en\/\",\"name\":\"Cobi Rehab\",\"description\":\"The Positioning Company\",\"publisher\":{\"@id\":\"https:\/\/www.cobirehab.com\/en\/#organization\"},\"alternateName\":\"Cobi\",\"potentialAction\":[{\"@type\":\"SearchAction\",\"target\":{\"@type\":\"EntryPoint\",\"urlTemplate\":\"https:\/\/www.cobirehab.com\/en\/?s={search_term_string}\"},\"query-input\":{\"@type\":\"PropertyValueSpecification\",\"valueRequired\":true,\"valueName\":\"search_term_string\"}}],\"inLanguage\":\"en-US\"},{\"@type\":\"Organization\",\"@id\":\"https:\/\/www.cobirehab.com\/en\/#organization\",\"name\":\"Cobi Rehab\",\"url\":\"https:\/\/www.cobirehab.com\/en\/\",\"logo\":{\"@type\":\"ImageObject\",\"inLanguage\":\"en-US\",\"@id\":\"https:\/\/www.cobirehab.com\/en\/#\/schema\/logo\/image\/\",\"url\":\"https:\/\/www.cobirehab.com\/wp-content\/uploads\/2018\/04\/COBI-REHAB-17-logo-versA-pos.png\",\"contentUrl\":\"https:\/\/www.cobirehab.com\/wp-content\/uploads\/2018\/04\/COBI-REHAB-17-logo-versA-pos.png\",\"width\":1195,\"height\":768,\"caption\":\"Cobi Rehab\"},\"image\":{\"@id\":\"https:\/\/www.cobirehab.com\/en\/#\/schema\/logo\/image\/\"}}]}<\/script>\n<!-- \/ Yoast SEO plugin. -->","yoast_head_json":{"title":"Cushions for bathing and hygiene situations. In stock. Fast delivery.","description":"Cushions for bathing and hygiene situations. Stable positioning reduces the risk of inappropriate positions or the user slipping.","robots":{"index":"index","follow":"follow","max-snippet":"max-snippet:-1","max-image-preview":"max-image-preview:large","max-video-preview":"max-video-preview:-1"},"canonical":"https:\/\/www.cobirehab.com\/en\/product\/cushions-for-bathing-and-hygiene-situations\/","og_locale":"en_US","og_type":"article","og_title":"Cushions for bathing and hygiene situations. In stock. Fast delivery.","og_description":"Cushions for bathing and hygiene situations. Stable positioning reduces the risk of inappropriate positions or the user slipping.","og_url":"https:\/\/www.cobirehab.com\/en\/product\/cushions-for-bathing-and-hygiene-situations\/","og_site_name":"Cobi Rehab","article_modified_time":"2022-12-01T09:15:04+00:00","og_image":[{"width":2000,"height":1333,"url":"https:\/\/www.cobirehab.com\/wp-content\/uploads\/2021\/03\/Cobi_2019-01-11_Puder_0062.jpg","type":"image\/jpeg"}],"twitter_card":"summary_large_image","twitter_misc":{"Est. reading time":"5 minutes"},"schema":{"@context":"https:\/\/schema.org","@graph":[{"@type":"WebPage","@id":"https:\/\/www.cobirehab.com\/en\/product\/cushions-for-bathing-and-hygiene-situations\/","url":"https:\/\/www.cobirehab.com\/en\/product\/cushions-for-bathing-and-hygiene-situations\/","name":"Cushions for bathing and hygiene situations. In stock. Fast delivery.","isPartOf":{"@id":"https:\/\/www.cobirehab.com\/en\/#website"},"primaryImageOfPage":{"@id":"https:\/\/www.cobirehab.com\/en\/product\/cushions-for-bathing-and-hygiene-situations\/#primaryimage"},"image":{"@id":"https:\/\/www.cobirehab.com\/en\/product\/cushions-for-bathing-and-hygiene-situations\/#primaryimage"},"thumbnailUrl":"https:\/\/www.cobirehab.com\/wp-content\/uploads\/2021\/03\/Cobi_2019-01-11_Puder_0062.jpg","datePublished":"2022-02-24T10:34:38+00:00","dateModified":"2022-12-01T09:15:04+00:00","description":"Cushions for bathing and hygiene situations. Stable positioning reduces the risk of inappropriate positions or the user slipping.","breadcrumb":{"@id":"https:\/\/www.cobirehab.com\/en\/product\/cushions-for-bathing-and-hygiene-situations\/#breadcrumb"},"inLanguage":"en-US","potentialAction":[{"@type":"ReadAction","target":["https:\/\/www.cobirehab.com\/en\/product\/cushions-for-bathing-and-hygiene-situations\/"]}]},{"@type":"ImageObject","inLanguage":"en-US","@id":"https:\/\/www.cobirehab.com\/en\/product\/cushions-for-bathing-and-hygiene-situations\/#primaryimage","url":"https:\/\/www.cobirehab.com\/wp-content\/uploads\/2021\/03\/Cobi_2019-01-11_Puder_0062.jpg","contentUrl":"https:\/\/www.cobirehab.com\/wp-content\/uploads\/2021\/03\/Cobi_2019-01-11_Puder_0062.jpg","width":2000,"height":1333,"caption":"for bathing and hygiene situations"},{"@type":"BreadcrumbList","@id":"https:\/\/www.cobirehab.com\/en\/product\/cushions-for-bathing-and-hygiene-situations\/#breadcrumb","itemListElement":[{"@type":"ListItem","position":1,"name":"Hjem","item":"https:\/\/www.cobirehab.com\/"},{"@type":"ListItem","position":2,"name":"Products","item":"https:\/\/www.cobirehab.com\/en\/products\/"},{"@type":"ListItem","position":3,"name":"Cobi Hygiene Cushions"}]},{"@type":"WebSite","@id":"https:\/\/www.cobirehab.com\/en\/#website","url":"https:\/\/www.cobirehab.com\/en\/","name":"Cobi Rehab","description":"The Positioning Company","publisher":{"@id":"https:\/\/www.cobirehab.com\/en\/#organization"},"alternateName":"Cobi","potentialAction":[{"@type":"SearchAction","target":{"@type":"EntryPoint","urlTemplate":"https:\/\/www.cobirehab.com\/en\/?s={search_term_string}"},"query-input":{"@type":"PropertyValueSpecification","valueRequired":true,"valueName":"search_term_string"}}],"inLanguage":"en-US"},{"@type":"Organization","@id":"https:\/\/www.cobirehab.com\/en\/#organization","name":"Cobi Rehab","url":"https:\/\/www.cobirehab.com\/en\/","logo":{"@type":"ImageObject","inLanguage":"en-US","@id":"https:\/\/www.cobirehab.com\/en\/#\/schema\/logo\/image\/","url":"https:\/\/www.cobirehab.com\/wp-content\/uploads\/2018\/04\/COBI-REHAB-17-logo-versA-pos.png","contentUrl":"https:\/\/www.cobirehab.com\/wp-content\/uploads\/2018\/04\/COBI-REHAB-17-logo-versA-pos.png","width":1195,"height":768,"caption":"Cobi Rehab"},"image":{"@id":"https:\/\/www.cobirehab.com\/en\/#\/schema\/logo\/image\/"}}]}},"_links":{"self":[{"href":"https:\/\/www.cobirehab.com\/en\/wp-json\/wp\/v2\/product\/38887","targetHints":{"allow":["GET"]}}],"collection":[{"href":"https:\/\/www.cobirehab.com\/en\/wp-json\/wp\/v2\/product"}],"about":[{"href":"https:\/\/www.cobirehab.com\/en\/wp-json\/wp\/v2\/types\/product"}],"replies":[{"embeddable":true,"href":"https:\/\/www.cobirehab.com\/en\/wp-json\/wp\/v2\/comments?post=38887"}],"wp:featuredmedia":[{"embeddable":true,"href":"https:\/\/www.cobirehab.com\/en\/wp-json\/wp\/v2\/media\/35778"}],"wp:attachment":[{"href":"https:\/\/www.cobirehab.com\/en\/wp-json\/wp\/v2\/media?parent=38887"}],"wp:term":[{"taxonomy":"product_brand","embeddable":true,"href":"https:\/\/www.cobirehab.com\/en\/wp-json\/wp\/v2\/product_brand?post=38887"},{"taxonomy":"product_cat","embeddable":true,"href":"https:\/\/www.cobirehab.com\/en\/wp-json\/wp\/v2\/product_cat?post=38887"},{"taxonomy":"product_tag","embeddable":true,"href":"https:\/\/www.cobirehab.com\/en\/wp-json\/wp\/v2\/product_tag?post=38887"}],"curies":[{"name":"wp","href":"https:\/\/api.w.org\/{rel}","templated":true}]}}