{"id":36367,"date":"2021-04-12T10:59:13","date_gmt":"2021-04-12T08:59:13","guid":{"rendered":"https:\/\/www.cobirehab.com\/?post_type=product&#038;p=36367"},"modified":"2022-09-13T11:49:01","modified_gmt":"2022-09-13T09:49:01","slug":"positioning-mattress","status":"publish","type":"product","link":"https:\/\/www.cobirehab.com\/en\/product\/positioning-mattress\/","title":{"rendered":"Cobi Sky Positioning Mattress"},"content":{"rendered":"<h1>Cobi Sky Positioning Mattress<\/h1>\n<p>Cobi Sky Positioning Mattress is designed to ensure ample pressure distribution, stability, comfort, and full support.<\/p>\n<p>Cobi Sky Positioning Mattress is used in care centers, residences and in home care for debilitated users with, among other things, neurological symptoms, severe pain, or unstable fractures with the need for deep and pressure-relieving positioning. User weight from 30-110 kg.<\/p>\n<h4>Mattress<\/h4>\n<p>Cobi Sky Positioning Mattress is a complete mattress with several layers. The top layer (below the white and grey covers in the image) consists of a cover with small Kr\u00f8yer beads. The cover is sewn in channels, which means that the contents of each individual channel can be moved around. This means that the mattress can be shaped exactly to the position that the user needs.\u00a0In other words, the user sinks into the mattress, which ensures optimal support and pressure relief, while at the same time reducing the risk of shear.<\/p>\n<p>Under the layer with channels and Kr\u00f8yer beads, there is a springy middle layer with perforations that ensures optimal ventilation of the mattress. A foam frame around and under the two layers ensures stability when the user is sitting on the edge of the bed.<\/p>\n<p><strong>Cover<\/strong><br \/>\nThe grey outer cover for the foam mattress is an incontinence cover which is stretchable, breathable, and washable. The grey cover covers the entire mattress and closes with a zip. The outer cover sits loosely, which allows nursing staff to push and shape the filling in the mattress without the tightness of the cover cancelling out the positioning and function of the filling.<\/p>\n<p>The white inner cover is an ultra-thin, flexible, and stretchable Lycra cover.<\/p>\n<h4>Application<\/h4>\n<p>Cobi Sky Positioning Mattress meets the challenges of pressure sores without compromising the stability. This is partly due to the construction of the mattress with channels that can be pushed around. In this way, the mattress can be shaped exactly to the needs of the user.<\/p>\n<h4>Cleaning and maintenance<\/h4>\n<p>Daily cleaning of the outer cover can be done with water, detergent, and a dry, clean cloth for wiping. An alternative to cleaning with water is disinfection with ethanol 70-85% or a chlorine product 1000-1200 ppm. The grey outer cover can be washed in a washing machine at 60\u00b0C and dried in a tumble dryer on low heat or hung to dry if possible. The cover must not be ironed.<\/p>\n<p>The white inner cover has a service life of 8 washes. The inner cover is washed in a washing bag in a washing machine at 60\u00b0C. The inner cover must not be dried in a tumble dryer but must be hung up.<\/p>\n<p>See our range of positioning cushions aids <a href=\"https:\/\/www.cobirehab.com\/en\/product-category\/koerestole-rehabilitering-en\/positioning-cushions\/\">here<\/a>. Find the <a href=\"https:\/\/hmi-basen.dk\/en\/r11x.asp?linkinfo=70858\">Cobi Sky Positioning Mattress<\/a>\u00a0at the Danish AssistData.<\/p>\n<p>\u2022 Modellable mattress for micro positioning.<br \/>\n\u2022 Easy to install, no pump.<br \/>\n\u2022 Pressure ulcer prevention and relief.<br \/>\n\u2022 Foam frame ensures stability.<br \/>\n\u2022 Stretchable and breathable incontinence cover.<br \/>\n\u2022 Perforated middle layer that ensures optimal ventilation.<\/p>\n<p>&nbsp;<\/p>\n","protected":false},"excerpt":{"rendered":"<p class=\"p1\">Cobi Sky Positioning Mattress is designed to ensure ample pressure distribution, stability, comfort, and full support.<\/p>\n<hr \/>\n<h4>Ideal use for<\/h4>\n<p>&#8211; Debilitated users with, among other things, neurological symptoms, severe pain, or unstable fractures with the need for deep and pressure-relieving positioning.<\/p>\n","protected":false},"featured_media":40857,"comment_status":"closed","ping_status":"closed","template":"","meta":{"_et_pb_use_builder":"off","_et_pb_old_content":"<strong>Konstruktion<\/strong>\r\nKelvin k\u00f8restolen er opbygget af moduler af puder fyldt med latex og Kr\u00f8yer kugler. Indstillingsmulighederne i hofte-, kn\u00e6, og ankelled, kombineret med stolens 45\u02da tilt, g\u00f8r det let at tilpasse stolen til den enkelte brugers behov, trods deformiteter, kontrakturer og smerter. Brugeren vil opn\u00e5 en optimal st\u00f8tte fra isse til h\u00e6l.\r\n\r\nK\u00f8restolen er konstrueret med flexarme, som giver brugerens arme mulighed for at blive underst\u00f8ttet og skaber tryghed, ro samt en h\u00f8j grad af komfort.\r\n\r\n<strong>St\u00f8rre livskvalitet<\/strong>\r\nKelvin k\u00f8restolen er medvirkende til at give en h\u00f8jere grad af fleksibilitet og livskvalitet, samt er med til at opretholde sociale relationer.\r\n\r\n<strong>Fleksibelt modulsystem<\/strong>\r\nDet komplette Kelvin system er opbygget af moduler, og alle komponenterne er koordinerede med hinanden og passer sammen uden generende s\u00f8mme. S\u00e6det med den integrerede underbensst\u00f8tte kan p\u00e5s\u00e6ttes ekstra moduler. Desuden er det muligt at tilv\u00e6lge en abduktionspude, swing-away fodst\u00f8tter, h\u00f8jderegulerbart arml\u00e6n og bord, samt flere st\u00f8rrelser og typer af nakkest\u00f8tter. Serien af tilbeh\u00f8r kan uden besv\u00e6r og efter behov p\u00e5s\u00e6ttes og tilpasses den enkelte bruger.\r\n\r\nGenbrugsv\u00e6rdien af Kelvin k\u00f8restolen er h\u00f8j, da stolens store sortiment af tilbeh\u00f8r og modulopbygningens fleksibilitet g\u00f8r det nemt at gentilpasse stolen til en anden bruger. Dette kan g\u00f8res i samarbejde med Cobi Rehabs erfarne konsulenter.\r\n\r\n<span style=\"color: #93a79b\"><strong>- Stabilitet og fleksibilitet p\u00e5 en gang<\/strong><\/span>\r\n<span style=\"color: #93a79b\"><strong>- Stor genbrugsv\u00e6rdi<\/strong><\/span>\r\n<span style=\"color: #93a79b\"><strong>- Mulighed for individuel tilpasning<\/strong><\/span>\r\n<span style=\"color: #93a79b\"><strong>- Mere livskvalitet<\/strong><\/span>\r\n<span style=\"color: #93a79b\"><strong>- Mere tryghed<\/strong><\/span>","_et_gb_content_width":""},"product_brand":[],"product_cat":[95],"product_tag":[233],"class_list":{"0":"post-36367","1":"product","2":"type-product","3":"status-publish","4":"has-post-thumbnail","6":"product_cat-beds-and-mattresses","7":"product_tag-mattress","9":"first","10":"instock","11":"shipping-taxable","12":"product-type-simple"},"yoast_head":"<!-- This site is optimized with the Yoast SEO plugin v27.2 - https:\/\/yoast.com\/product\/yoast-seo-wordpress\/ -->\n<title>Positioning Mattress that ensures ample pressure distribution<\/title>\n<meta name=\"description\" content=\"Positioning Mattress for debilitated users with neurological symptoms or unstable fractures with the need for pressure-relieving positioning.\" \/>\n<meta name=\"robots\" content=\"index, follow, max-snippet:-1, max-image-preview:large, max-video-preview:-1\" \/>\n<link rel=\"canonical\" href=\"https:\/\/www.cobirehab.com\/en\/product\/positioning-mattress\/\" \/>\n<meta property=\"og:locale\" content=\"en_US\" \/>\n<meta property=\"og:type\" content=\"article\" \/>\n<meta property=\"og:title\" content=\"Positioning Mattress that ensures ample pressure distribution\" \/>\n<meta property=\"og:description\" content=\"Positioning Mattress for debilitated users with neurological symptoms or unstable fractures with the need for pressure-relieving positioning.\" \/>\n<meta property=\"og:url\" content=\"https:\/\/www.cobirehab.com\/en\/product\/positioning-mattress\/\" \/>\n<meta property=\"og:site_name\" content=\"Cobi Rehab\" \/>\n<meta property=\"article:modified_time\" content=\"2022-09-13T09:49:01+00:00\" \/>\n<meta property=\"og:image\" content=\"https:\/\/www.cobirehab.com\/wp-content\/uploads\/2022\/09\/Cobi_2022-09-02_0350-scaled.jpg\" \/>\n\t<meta property=\"og:image:width\" content=\"2560\" \/>\n\t<meta property=\"og:image:height\" content=\"1707\" \/>\n\t<meta property=\"og:image:type\" content=\"image\/jpeg\" \/>\n<meta name=\"twitter:card\" content=\"summary_large_image\" \/>\n<meta name=\"twitter:label1\" content=\"Est. reading time\" \/>\n\t<meta name=\"twitter:data1\" content=\"3 minutes\" \/>\n<script type=\"application\/ld+json\" class=\"yoast-schema-graph\">{\"@context\":\"https:\/\/schema.org\",\"@graph\":[{\"@type\":\"WebPage\",\"@id\":\"https:\/\/www.cobirehab.com\/en\/product\/positioning-mattress\/\",\"url\":\"https:\/\/www.cobirehab.com\/en\/product\/positioning-mattress\/\",\"name\":\"Positioning Mattress that ensures ample pressure distribution\",\"isPartOf\":{\"@id\":\"https:\/\/www.cobirehab.com\/en\/#website\"},\"primaryImageOfPage\":{\"@id\":\"https:\/\/www.cobirehab.com\/en\/product\/positioning-mattress\/#primaryimage\"},\"image\":{\"@id\":\"https:\/\/www.cobirehab.com\/en\/product\/positioning-mattress\/#primaryimage\"},\"thumbnailUrl\":\"https:\/\/www.cobirehab.com\/wp-content\/uploads\/2022\/09\/Cobi_2022-09-02_0350-scaled.jpg\",\"datePublished\":\"2021-04-12T08:59:13+00:00\",\"dateModified\":\"2022-09-13T09:49:01+00:00\",\"description\":\"Positioning Mattress for debilitated users with neurological symptoms or unstable fractures with the need for pressure-relieving positioning.\",\"breadcrumb\":{\"@id\":\"https:\/\/www.cobirehab.com\/en\/product\/positioning-mattress\/#breadcrumb\"},\"inLanguage\":\"en-US\",\"potentialAction\":[{\"@type\":\"ReadAction\",\"target\":[\"https:\/\/www.cobirehab.com\/en\/product\/positioning-mattress\/\"]}]},{\"@type\":\"ImageObject\",\"inLanguage\":\"en-US\",\"@id\":\"https:\/\/www.cobirehab.com\/en\/product\/positioning-mattress\/#primaryimage\",\"url\":\"https:\/\/www.cobirehab.com\/wp-content\/uploads\/2022\/09\/Cobi_2022-09-02_0350-scaled.jpg\",\"contentUrl\":\"https:\/\/www.cobirehab.com\/wp-content\/uploads\/2022\/09\/Cobi_2022-09-02_0350-scaled.jpg\",\"width\":2560,\"height\":1707,\"caption\":\"Cobi Sky madras med de forskellige lag afd\u00e6kket\"},{\"@type\":\"BreadcrumbList\",\"@id\":\"https:\/\/www.cobirehab.com\/en\/product\/positioning-mattress\/#breadcrumb\",\"itemListElement\":[{\"@type\":\"ListItem\",\"position\":1,\"name\":\"Hjem\",\"item\":\"https:\/\/www.cobirehab.com\/\"},{\"@type\":\"ListItem\",\"position\":2,\"name\":\"Products\",\"item\":\"https:\/\/www.cobirehab.com\/en\/products\/\"},{\"@type\":\"ListItem\",\"position\":3,\"name\":\"Cobi Sky Positioning Mattress\"}]},{\"@type\":\"WebSite\",\"@id\":\"https:\/\/www.cobirehab.com\/en\/#website\",\"url\":\"https:\/\/www.cobirehab.com\/en\/\",\"name\":\"Cobi Rehab\",\"description\":\"The Positioning Company\",\"publisher\":{\"@id\":\"https:\/\/www.cobirehab.com\/en\/#organization\"},\"alternateName\":\"Cobi\",\"potentialAction\":[{\"@type\":\"SearchAction\",\"target\":{\"@type\":\"EntryPoint\",\"urlTemplate\":\"https:\/\/www.cobirehab.com\/en\/?s={search_term_string}\"},\"query-input\":{\"@type\":\"PropertyValueSpecification\",\"valueRequired\":true,\"valueName\":\"search_term_string\"}}],\"inLanguage\":\"en-US\"},{\"@type\":\"Organization\",\"@id\":\"https:\/\/www.cobirehab.com\/en\/#organization\",\"name\":\"Cobi Rehab\",\"url\":\"https:\/\/www.cobirehab.com\/en\/\",\"logo\":{\"@type\":\"ImageObject\",\"inLanguage\":\"en-US\",\"@id\":\"https:\/\/www.cobirehab.com\/en\/#\/schema\/logo\/image\/\",\"url\":\"https:\/\/www.cobirehab.com\/wp-content\/uploads\/2018\/04\/COBI-REHAB-17-logo-versA-pos.png\",\"contentUrl\":\"https:\/\/www.cobirehab.com\/wp-content\/uploads\/2018\/04\/COBI-REHAB-17-logo-versA-pos.png\",\"width\":1195,\"height\":768,\"caption\":\"Cobi Rehab\"},\"image\":{\"@id\":\"https:\/\/www.cobirehab.com\/en\/#\/schema\/logo\/image\/\"}}]}<\/script>\n<!-- \/ Yoast SEO plugin. -->","yoast_head_json":{"title":"Positioning Mattress that ensures ample pressure distribution","description":"Positioning Mattress for debilitated users with neurological symptoms or unstable fractures with the need for pressure-relieving positioning.","robots":{"index":"index","follow":"follow","max-snippet":"max-snippet:-1","max-image-preview":"max-image-preview:large","max-video-preview":"max-video-preview:-1"},"canonical":"https:\/\/www.cobirehab.com\/en\/product\/positioning-mattress\/","og_locale":"en_US","og_type":"article","og_title":"Positioning Mattress that ensures ample pressure distribution","og_description":"Positioning Mattress for debilitated users with neurological symptoms or unstable fractures with the need for pressure-relieving positioning.","og_url":"https:\/\/www.cobirehab.com\/en\/product\/positioning-mattress\/","og_site_name":"Cobi Rehab","article_modified_time":"2022-09-13T09:49:01+00:00","og_image":[{"width":2560,"height":1707,"url":"https:\/\/www.cobirehab.com\/wp-content\/uploads\/2022\/09\/Cobi_2022-09-02_0350-scaled.jpg","type":"image\/jpeg"}],"twitter_card":"summary_large_image","twitter_misc":{"Est. reading time":"3 minutes"},"schema":{"@context":"https:\/\/schema.org","@graph":[{"@type":"WebPage","@id":"https:\/\/www.cobirehab.com\/en\/product\/positioning-mattress\/","url":"https:\/\/www.cobirehab.com\/en\/product\/positioning-mattress\/","name":"Positioning Mattress that ensures ample pressure distribution","isPartOf":{"@id":"https:\/\/www.cobirehab.com\/en\/#website"},"primaryImageOfPage":{"@id":"https:\/\/www.cobirehab.com\/en\/product\/positioning-mattress\/#primaryimage"},"image":{"@id":"https:\/\/www.cobirehab.com\/en\/product\/positioning-mattress\/#primaryimage"},"thumbnailUrl":"https:\/\/www.cobirehab.com\/wp-content\/uploads\/2022\/09\/Cobi_2022-09-02_0350-scaled.jpg","datePublished":"2021-04-12T08:59:13+00:00","dateModified":"2022-09-13T09:49:01+00:00","description":"Positioning Mattress for debilitated users with neurological symptoms or unstable fractures with the need for pressure-relieving positioning.","breadcrumb":{"@id":"https:\/\/www.cobirehab.com\/en\/product\/positioning-mattress\/#breadcrumb"},"inLanguage":"en-US","potentialAction":[{"@type":"ReadAction","target":["https:\/\/www.cobirehab.com\/en\/product\/positioning-mattress\/"]}]},{"@type":"ImageObject","inLanguage":"en-US","@id":"https:\/\/www.cobirehab.com\/en\/product\/positioning-mattress\/#primaryimage","url":"https:\/\/www.cobirehab.com\/wp-content\/uploads\/2022\/09\/Cobi_2022-09-02_0350-scaled.jpg","contentUrl":"https:\/\/www.cobirehab.com\/wp-content\/uploads\/2022\/09\/Cobi_2022-09-02_0350-scaled.jpg","width":2560,"height":1707,"caption":"Cobi Sky madras med de forskellige lag afd\u00e6kket"},{"@type":"BreadcrumbList","@id":"https:\/\/www.cobirehab.com\/en\/product\/positioning-mattress\/#breadcrumb","itemListElement":[{"@type":"ListItem","position":1,"name":"Hjem","item":"https:\/\/www.cobirehab.com\/"},{"@type":"ListItem","position":2,"name":"Products","item":"https:\/\/www.cobirehab.com\/en\/products\/"},{"@type":"ListItem","position":3,"name":"Cobi Sky Positioning Mattress"}]},{"@type":"WebSite","@id":"https:\/\/www.cobirehab.com\/en\/#website","url":"https:\/\/www.cobirehab.com\/en\/","name":"Cobi Rehab","description":"The Positioning Company","publisher":{"@id":"https:\/\/www.cobirehab.com\/en\/#organization"},"alternateName":"Cobi","potentialAction":[{"@type":"SearchAction","target":{"@type":"EntryPoint","urlTemplate":"https:\/\/www.cobirehab.com\/en\/?s={search_term_string}"},"query-input":{"@type":"PropertyValueSpecification","valueRequired":true,"valueName":"search_term_string"}}],"inLanguage":"en-US"},{"@type":"Organization","@id":"https:\/\/www.cobirehab.com\/en\/#organization","name":"Cobi Rehab","url":"https:\/\/www.cobirehab.com\/en\/","logo":{"@type":"ImageObject","inLanguage":"en-US","@id":"https:\/\/www.cobirehab.com\/en\/#\/schema\/logo\/image\/","url":"https:\/\/www.cobirehab.com\/wp-content\/uploads\/2018\/04\/COBI-REHAB-17-logo-versA-pos.png","contentUrl":"https:\/\/www.cobirehab.com\/wp-content\/uploads\/2018\/04\/COBI-REHAB-17-logo-versA-pos.png","width":1195,"height":768,"caption":"Cobi Rehab"},"image":{"@id":"https:\/\/www.cobirehab.com\/en\/#\/schema\/logo\/image\/"}}]}},"_links":{"self":[{"href":"https:\/\/www.cobirehab.com\/en\/wp-json\/wp\/v2\/product\/36367","targetHints":{"allow":["GET"]}}],"collection":[{"href":"https:\/\/www.cobirehab.com\/en\/wp-json\/wp\/v2\/product"}],"about":[{"href":"https:\/\/www.cobirehab.com\/en\/wp-json\/wp\/v2\/types\/product"}],"replies":[{"embeddable":true,"href":"https:\/\/www.cobirehab.com\/en\/wp-json\/wp\/v2\/comments?post=36367"}],"wp:featuredmedia":[{"embeddable":true,"href":"https:\/\/www.cobirehab.com\/en\/wp-json\/wp\/v2\/media\/40857"}],"wp:attachment":[{"href":"https:\/\/www.cobirehab.com\/en\/wp-json\/wp\/v2\/media?parent=36367"}],"wp:term":[{"taxonomy":"product_brand","embeddable":true,"href":"https:\/\/www.cobirehab.com\/en\/wp-json\/wp\/v2\/product_brand?post=36367"},{"taxonomy":"product_cat","embeddable":true,"href":"https:\/\/www.cobirehab.com\/en\/wp-json\/wp\/v2\/product_cat?post=36367"},{"taxonomy":"product_tag","embeddable":true,"href":"https:\/\/www.cobirehab.com\/en\/wp-json\/wp\/v2\/product_tag?post=36367"}],"curies":[{"name":"wp","href":"https:\/\/api.w.org\/{rel}","templated":true}]}}