{"id":33841,"date":"2020-10-26T14:13:46","date_gmt":"2020-10-26T13:13:46","guid":{"rendered":"https:\/\/www.cobirehab.com\/?post_type=product&#038;p=33841"},"modified":"2023-04-13T09:36:50","modified_gmt":"2023-04-13T07:36:50","slug":"lasal-positioning-cushions-3","status":"publish","type":"product","link":"https:\/\/www.cobirehab.com\/en\/product\/lasal-positioning-cushions-3\/","title":{"rendered":"Lasal Positioning Cushions"},"content":{"rendered":"<h1>Lasal Positioning Cushions<\/h1>\n<p>Working with persons with neurological symptoms or persons with reduced mobility positioning cushions from Lasal give the caretaker a great tool to create both support and comfort in almost any situation.<\/p>\n<p>A good posture can prevent formation of contractures, reduce spasticity and prevent pressure sores. Lasal Positioning Cushions have a unique ability to adjust to the body shape as well as to the supporting surface.<\/p>\n<p>The cushions provide support in various positionings, but are also ideal for delimitation and increased body-consciousness. With Lasal Positioning Cushions the user will experience comfort, safety, pleasant support of the body without being pinned down.<\/p>\n<p>For the caregiver a positioning cushion from Lasal is an easy-to-use tool facilitating more varied positioning and the possibility of changing\u00a0 posture more often. The cushions are placed tightly around the person and provides a feeling of delimitation of the body, which is calming.<\/p>\n<h4><strong>T-Cushions<\/strong><\/h4>\n<p>The T-Cushion is used as an abduction cushion, between the legs, or for support in general of the lower limbs. Can also be used for prone position, where it lifts the person up into a convenient height from the supporting surface making the position more comfortable and giving the shoulders more freedom of movement.<\/p>\n<h4><strong>Triangular Cushions<\/strong><\/h4>\n<p>The Triangular Cushion is a relatively firm cushion and can be used as a stabilizer along the body in a seated or lying position or as a filling in the bed. The smaller Triangle Cushions can be used for other purposes such as supporting under the knees or along the lower limbs.<\/p>\n<h4><strong>Half Moon Cushions<\/strong><\/h4>\n<p>Half Moon Cushions are used for support of the arm and hand, in the arch, in both sitting and lying position and for pressure relief between the knees and feet.<\/p>\n<h4><strong>Neck Collar<\/strong><\/h4>\n<p>Neck Collar is placed close up against the neck in a ring. It supports and stabilizes the head and neck region in a partly sitting position. The collar is mouldable and the filling can be pushed to where it is needed the most.<\/p>\n<p>Cover can be ordered with grip tape closure, whereby the collar can be closed more closely to the neck.<\/p>\n<p>Get a view of the different product names and sizes of Lasal Positioning Cushions <a href=\"https:\/\/www.cobirehab.com\/wp-content\/uploads\/2020\/08\/Lasal-cushions-UK.pdf\">here<\/a>.<\/p>\n<p><strong>\u2013 Lasal Positioning Cushions are easy to clean<br \/>\n<\/strong><strong>\u2013 They are available in multiple shapes an sizes that give numerous variation possibilities<br \/>\n<\/strong><strong>\u2013 They reflect body heat and stimulate the muscles and circulation<\/strong><br \/>\n<strong>\u2013 They are easy adjusted to the every single positioning<\/strong><br \/>\n<strong>\u2013 Lasal Positioning Cushions divided into colour codes as an aid to positioning<\/strong><\/p>\n<p>VISIT THE WEBSITE OF EPUAP EUROPEAN PRESSURE ULCER ADVISORY BOARD <a href=\"https:\/\/www.epuap.org\/\">HERE<\/a>.<\/p>\n","protected":false},"excerpt":{"rendered":"<p class=\"p1\">The cushions provide support in various positionings, but are also very ideal for delimitation and increased body-consciousness. With LASAL Positioning Cushions the user will experience comfort, safety, pleasant support of the body without being pinned down.<\/p>\n<hr \/>\n<h4>Ideal use within<\/h4>\n<p>\u2013 Neurology<br \/>\n\u2013 Geriatrics<br \/>\n\u2013 Dementia<br \/>\n\u2013 Pain relief<\/p>\n<p>&nbsp;<\/p>\n","protected":false},"featured_media":9822,"comment_status":"closed","ping_status":"closed","template":"","meta":{"_et_pb_use_builder":"off","_et_pb_old_content":"<strong>Stor tyngde og anatomisk design<\/strong>\r\nI designet af Cobi lejringspuder har vi lagt stor v\u00e6gt p\u00e5, at puderne er meget kropsn\u00e6re og kan komme t\u00e6t p\u00e5 brugeren. Der er en stor tyngde i puderne, s\u00e5 de bliver, hvor de bliver positioneret og st\u00f8tter op, s\u00e5 lejringen af brugeren forbliver stabil.\r\n\r\n<strong>Anvendelig til mange patientgrupper<\/strong>\r\nPuderne er s\u00e6rdeles velegnet til lejring af brugere med blandt andet pareser, sclerose patienter, hjerneskadede, neurologiske patienter, smertepatienter og mennesker i palliative forl\u00f8b, hvor f\u00e5 og selv sm\u00e5 bev\u00e6gelser vil udl\u00f8se smerter. F\u00e6lles for disse grupper af patienter er, at langt de fleste af dem er i h\u00f8j risiko for at udvikle v\u00e6vsskade og tryks\u00e5r.\r\n\r\n<strong>Eksempler p\u00e5 lejring<\/strong>\r\nCobi S\u00f8hest pude er den komplette sidelejringspude. Alle de n\u00f8dvendige komponenter for en god sidelejring er samlet i \u00e9n og samme pude.\r\nCobi S\u00f8hest pude kan ogs\u00e5 anvendes med Cobi Finne pude, som g\u00f8r front lejring exceptionel.\r\n\r\n<strong>Beroligende effekt<\/strong>\r\nForuden at kunne afhj\u00e6lpe tryk og \u00f8ge trykfordelingen, er puderne s\u00e6rdeles velegnet til brug for neds\u00e6ttelse af spasticitet, samt giver en taktil stimuli, hvilket er meget relevant for blandt andet demente. Brugeren f\u00e5r en afgr\u00e6nsende fornemmelse af kroppen, hvilket ofte har en beroligende effekt og \u00f8ger komforten.\r\n\r\n<strong>Konstruktion\r\n<\/strong>Cobi lejringspuder er lavet af materialer, der n\u00e6nsomt og stabilt st\u00f8tter og fordeler v\u00e6gten. Pudernes stof er vandt\u00e6t, men samtidig \u00e5ndbart. Stoffet er anti-svampe behandlet og ikke sensibiliserende, uden brug af nano materialer. Derudover er puderne\u00a0luftt\u00e6tte og fyldt med sm\u00e5 Kr\u00f8yer kugler, granulat og v\u00e6gtfylde, hvilket sikrer, at stillingen holdes og puderne ikke \u00e6ndrer facon.\r\n\r\nDer f\u00e5s 2 typer betr\u00e6k, et hygiejnebetr\u00e6k og et ekstra bl\u00f8dt jerseybetr\u00e6k. Hygiejnebetr\u00e6kket er et utroligt str\u00e6kbart PU materiale, antibakterielt forseglet, som g\u00f8r det ekstra modstandsdygtigt og uigennemtr\u00e6ngeligt for bakterier, og derfor meget hygiejnisk i brug. Betr\u00e6kket er endvidere \u00e5ndbart, str\u00e6kbart og brandh\u00e6mmende. Jerseybetr\u00e6kket af 100% \u00f8kologisk bomuld er ekstra bl\u00f8dt stof, som er str\u00e6kbart.\r\n\r\n<span style=\"color: #93a79b\"><strong>- Til s\u00e6rlige lejringsbehov<\/strong><\/span>\r\n<span style=\"color: #93a79b\"><strong>- Kurver sig omkring knoglefremspring og fordeler trykket<\/strong><\/span>\r\n<span style=\"color: #93a79b\"><strong>- Perfekt til lejring i Semi-Fowler liggestilling<\/strong><\/span>\r\n<span style=\"color: #93a79b\"><strong>- G\u00f8r det muligt og nemt at lejre sideliggende<\/strong><\/span>\r\n<span style=\"color: #93a79b\"><strong>- Antibakterielt forseglede<\/strong><\/span>\r\n<span style=\"color: #93a79b\"><strong>- 2 typer aftagelige vaskbare betr\u00e6k<\/strong><\/span>\r\n<span style=\"color: #93a79b\"><strong>- Giver sansestimuli<\/strong><\/span>","_et_gb_content_width":""},"product_brand":[],"product_cat":[203],"product_tag":[235],"class_list":{"0":"post-33841","1":"product","2":"type-product","3":"status-publish","4":"has-post-thumbnail","6":"product_cat-positioning-cushions","7":"product_tag-positioning-cushions","9":"first","10":"instock","11":"shipping-taxable","12":"product-type-simple"},"yoast_head":"<!-- This site is optimized with the Yoast SEO plugin v27.2 - https:\/\/yoast.com\/product\/yoast-seo-wordpress\/ -->\n<title>Positioning Cushions from Lasal. Order today. Tel +45 7025 2522.<\/title>\n<meta name=\"description\" content=\"Correct posture can prevent formation of contractures, reduce spasticity and prevent pressure sores. Order Positioning Cushions from Lasal.\" \/>\n<meta name=\"robots\" content=\"index, follow, max-snippet:-1, max-image-preview:large, max-video-preview:-1\" \/>\n<link rel=\"canonical\" href=\"https:\/\/www.cobirehab.com\/en\/product\/lasal-positioning-cushions-3\/\" \/>\n<meta property=\"og:locale\" content=\"en_US\" \/>\n<meta property=\"og:type\" content=\"article\" \/>\n<meta property=\"og:title\" content=\"Positioning Cushions from Lasal. Order today. Tel +45 7025 2522.\" \/>\n<meta property=\"og:description\" content=\"Correct posture can prevent formation of contractures, reduce spasticity and prevent pressure sores. Order Positioning Cushions from Lasal.\" \/>\n<meta property=\"og:url\" content=\"https:\/\/www.cobirehab.com\/en\/product\/lasal-positioning-cushions-3\/\" \/>\n<meta property=\"og:site_name\" content=\"Cobi Rehab\" \/>\n<meta property=\"article:modified_time\" content=\"2023-04-13T07:36:50+00:00\" \/>\n<meta property=\"og:image\" content=\"https:\/\/www.cobirehab.com\/wp-content\/uploads\/2019\/12\/Cobi_2019-12-03_0129.jpg\" \/>\n\t<meta property=\"og:image:width\" content=\"2000\" \/>\n\t<meta property=\"og:image:height\" content=\"1328\" \/>\n\t<meta property=\"og:image:type\" content=\"image\/jpeg\" \/>\n<meta name=\"twitter:card\" content=\"summary_large_image\" \/>\n<meta name=\"twitter:label1\" content=\"Est. reading time\" \/>\n\t<meta name=\"twitter:data1\" content=\"3 minutes\" \/>\n<script type=\"application\/ld+json\" class=\"yoast-schema-graph\">{\"@context\":\"https:\/\/schema.org\",\"@graph\":[{\"@type\":\"WebPage\",\"@id\":\"https:\/\/www.cobirehab.com\/en\/product\/lasal-positioning-cushions-3\/\",\"url\":\"https:\/\/www.cobirehab.com\/en\/product\/lasal-positioning-cushions-3\/\",\"name\":\"Positioning Cushions from Lasal. Order today. Tel +45 7025 2522.\",\"isPartOf\":{\"@id\":\"https:\/\/www.cobirehab.com\/en\/#website\"},\"primaryImageOfPage\":{\"@id\":\"https:\/\/www.cobirehab.com\/en\/product\/lasal-positioning-cushions-3\/#primaryimage\"},\"image\":{\"@id\":\"https:\/\/www.cobirehab.com\/en\/product\/lasal-positioning-cushions-3\/#primaryimage\"},\"thumbnailUrl\":\"https:\/\/www.cobirehab.com\/wp-content\/uploads\/2019\/12\/Cobi_2019-12-03_0129.jpg\",\"datePublished\":\"2020-10-26T13:13:46+00:00\",\"dateModified\":\"2023-04-13T07:36:50+00:00\",\"description\":\"Correct posture can prevent formation of contractures, reduce spasticity and prevent pressure sores. Order Positioning Cushions from Lasal.\",\"breadcrumb\":{\"@id\":\"https:\/\/www.cobirehab.com\/en\/product\/lasal-positioning-cushions-3\/#breadcrumb\"},\"inLanguage\":\"en-US\",\"potentialAction\":[{\"@type\":\"ReadAction\",\"target\":[\"https:\/\/www.cobirehab.com\/en\/product\/lasal-positioning-cushions-3\/\"]}]},{\"@type\":\"ImageObject\",\"inLanguage\":\"en-US\",\"@id\":\"https:\/\/www.cobirehab.com\/en\/product\/lasal-positioning-cushions-3\/#primaryimage\",\"url\":\"https:\/\/www.cobirehab.com\/wp-content\/uploads\/2019\/12\/Cobi_2019-12-03_0129.jpg\",\"contentUrl\":\"https:\/\/www.cobirehab.com\/wp-content\/uploads\/2019\/12\/Cobi_2019-12-03_0129.jpg\",\"width\":2000,\"height\":1328,\"caption\":\"T-pude T-kudde T-cushion\"},{\"@type\":\"BreadcrumbList\",\"@id\":\"https:\/\/www.cobirehab.com\/en\/product\/lasal-positioning-cushions-3\/#breadcrumb\",\"itemListElement\":[{\"@type\":\"ListItem\",\"position\":1,\"name\":\"Hjem\",\"item\":\"https:\/\/www.cobirehab.com\/\"},{\"@type\":\"ListItem\",\"position\":2,\"name\":\"Products\",\"item\":\"https:\/\/www.cobirehab.com\/en\/products\/\"},{\"@type\":\"ListItem\",\"position\":3,\"name\":\"Lasal Positioning Cushions\"}]},{\"@type\":\"WebSite\",\"@id\":\"https:\/\/www.cobirehab.com\/en\/#website\",\"url\":\"https:\/\/www.cobirehab.com\/en\/\",\"name\":\"Cobi Rehab\",\"description\":\"The Positioning Company\",\"publisher\":{\"@id\":\"https:\/\/www.cobirehab.com\/en\/#organization\"},\"alternateName\":\"Cobi\",\"potentialAction\":[{\"@type\":\"SearchAction\",\"target\":{\"@type\":\"EntryPoint\",\"urlTemplate\":\"https:\/\/www.cobirehab.com\/en\/?s={search_term_string}\"},\"query-input\":{\"@type\":\"PropertyValueSpecification\",\"valueRequired\":true,\"valueName\":\"search_term_string\"}}],\"inLanguage\":\"en-US\"},{\"@type\":\"Organization\",\"@id\":\"https:\/\/www.cobirehab.com\/en\/#organization\",\"name\":\"Cobi Rehab\",\"url\":\"https:\/\/www.cobirehab.com\/en\/\",\"logo\":{\"@type\":\"ImageObject\",\"inLanguage\":\"en-US\",\"@id\":\"https:\/\/www.cobirehab.com\/en\/#\/schema\/logo\/image\/\",\"url\":\"https:\/\/www.cobirehab.com\/wp-content\/uploads\/2018\/04\/COBI-REHAB-17-logo-versA-pos.png\",\"contentUrl\":\"https:\/\/www.cobirehab.com\/wp-content\/uploads\/2018\/04\/COBI-REHAB-17-logo-versA-pos.png\",\"width\":1195,\"height\":768,\"caption\":\"Cobi Rehab\"},\"image\":{\"@id\":\"https:\/\/www.cobirehab.com\/en\/#\/schema\/logo\/image\/\"}}]}<\/script>\n<!-- \/ Yoast SEO plugin. -->","yoast_head_json":{"title":"Positioning Cushions from Lasal. Order today. Tel +45 7025 2522.","description":"Correct posture can prevent formation of contractures, reduce spasticity and prevent pressure sores. Order Positioning Cushions from Lasal.","robots":{"index":"index","follow":"follow","max-snippet":"max-snippet:-1","max-image-preview":"max-image-preview:large","max-video-preview":"max-video-preview:-1"},"canonical":"https:\/\/www.cobirehab.com\/en\/product\/lasal-positioning-cushions-3\/","og_locale":"en_US","og_type":"article","og_title":"Positioning Cushions from Lasal. Order today. Tel +45 7025 2522.","og_description":"Correct posture can prevent formation of contractures, reduce spasticity and prevent pressure sores. Order Positioning Cushions from Lasal.","og_url":"https:\/\/www.cobirehab.com\/en\/product\/lasal-positioning-cushions-3\/","og_site_name":"Cobi Rehab","article_modified_time":"2023-04-13T07:36:50+00:00","og_image":[{"width":2000,"height":1328,"url":"https:\/\/www.cobirehab.com\/wp-content\/uploads\/2019\/12\/Cobi_2019-12-03_0129.jpg","type":"image\/jpeg"}],"twitter_card":"summary_large_image","twitter_misc":{"Est. reading time":"3 minutes"},"schema":{"@context":"https:\/\/schema.org","@graph":[{"@type":"WebPage","@id":"https:\/\/www.cobirehab.com\/en\/product\/lasal-positioning-cushions-3\/","url":"https:\/\/www.cobirehab.com\/en\/product\/lasal-positioning-cushions-3\/","name":"Positioning Cushions from Lasal. Order today. Tel +45 7025 2522.","isPartOf":{"@id":"https:\/\/www.cobirehab.com\/en\/#website"},"primaryImageOfPage":{"@id":"https:\/\/www.cobirehab.com\/en\/product\/lasal-positioning-cushions-3\/#primaryimage"},"image":{"@id":"https:\/\/www.cobirehab.com\/en\/product\/lasal-positioning-cushions-3\/#primaryimage"},"thumbnailUrl":"https:\/\/www.cobirehab.com\/wp-content\/uploads\/2019\/12\/Cobi_2019-12-03_0129.jpg","datePublished":"2020-10-26T13:13:46+00:00","dateModified":"2023-04-13T07:36:50+00:00","description":"Correct posture can prevent formation of contractures, reduce spasticity and prevent pressure sores. Order Positioning Cushions from Lasal.","breadcrumb":{"@id":"https:\/\/www.cobirehab.com\/en\/product\/lasal-positioning-cushions-3\/#breadcrumb"},"inLanguage":"en-US","potentialAction":[{"@type":"ReadAction","target":["https:\/\/www.cobirehab.com\/en\/product\/lasal-positioning-cushions-3\/"]}]},{"@type":"ImageObject","inLanguage":"en-US","@id":"https:\/\/www.cobirehab.com\/en\/product\/lasal-positioning-cushions-3\/#primaryimage","url":"https:\/\/www.cobirehab.com\/wp-content\/uploads\/2019\/12\/Cobi_2019-12-03_0129.jpg","contentUrl":"https:\/\/www.cobirehab.com\/wp-content\/uploads\/2019\/12\/Cobi_2019-12-03_0129.jpg","width":2000,"height":1328,"caption":"T-pude T-kudde T-cushion"},{"@type":"BreadcrumbList","@id":"https:\/\/www.cobirehab.com\/en\/product\/lasal-positioning-cushions-3\/#breadcrumb","itemListElement":[{"@type":"ListItem","position":1,"name":"Hjem","item":"https:\/\/www.cobirehab.com\/"},{"@type":"ListItem","position":2,"name":"Products","item":"https:\/\/www.cobirehab.com\/en\/products\/"},{"@type":"ListItem","position":3,"name":"Lasal Positioning Cushions"}]},{"@type":"WebSite","@id":"https:\/\/www.cobirehab.com\/en\/#website","url":"https:\/\/www.cobirehab.com\/en\/","name":"Cobi Rehab","description":"The Positioning Company","publisher":{"@id":"https:\/\/www.cobirehab.com\/en\/#organization"},"alternateName":"Cobi","potentialAction":[{"@type":"SearchAction","target":{"@type":"EntryPoint","urlTemplate":"https:\/\/www.cobirehab.com\/en\/?s={search_term_string}"},"query-input":{"@type":"PropertyValueSpecification","valueRequired":true,"valueName":"search_term_string"}}],"inLanguage":"en-US"},{"@type":"Organization","@id":"https:\/\/www.cobirehab.com\/en\/#organization","name":"Cobi Rehab","url":"https:\/\/www.cobirehab.com\/en\/","logo":{"@type":"ImageObject","inLanguage":"en-US","@id":"https:\/\/www.cobirehab.com\/en\/#\/schema\/logo\/image\/","url":"https:\/\/www.cobirehab.com\/wp-content\/uploads\/2018\/04\/COBI-REHAB-17-logo-versA-pos.png","contentUrl":"https:\/\/www.cobirehab.com\/wp-content\/uploads\/2018\/04\/COBI-REHAB-17-logo-versA-pos.png","width":1195,"height":768,"caption":"Cobi Rehab"},"image":{"@id":"https:\/\/www.cobirehab.com\/en\/#\/schema\/logo\/image\/"}}]}},"_links":{"self":[{"href":"https:\/\/www.cobirehab.com\/en\/wp-json\/wp\/v2\/product\/33841","targetHints":{"allow":["GET"]}}],"collection":[{"href":"https:\/\/www.cobirehab.com\/en\/wp-json\/wp\/v2\/product"}],"about":[{"href":"https:\/\/www.cobirehab.com\/en\/wp-json\/wp\/v2\/types\/product"}],"replies":[{"embeddable":true,"href":"https:\/\/www.cobirehab.com\/en\/wp-json\/wp\/v2\/comments?post=33841"}],"wp:featuredmedia":[{"embeddable":true,"href":"https:\/\/www.cobirehab.com\/en\/wp-json\/wp\/v2\/media\/9822"}],"wp:attachment":[{"href":"https:\/\/www.cobirehab.com\/en\/wp-json\/wp\/v2\/media?parent=33841"}],"wp:term":[{"taxonomy":"product_brand","embeddable":true,"href":"https:\/\/www.cobirehab.com\/en\/wp-json\/wp\/v2\/product_brand?post=33841"},{"taxonomy":"product_cat","embeddable":true,"href":"https:\/\/www.cobirehab.com\/en\/wp-json\/wp\/v2\/product_cat?post=33841"},{"taxonomy":"product_tag","embeddable":true,"href":"https:\/\/www.cobirehab.com\/en\/wp-json\/wp\/v2\/product_tag?post=33841"}],"curies":[{"name":"wp","href":"https:\/\/api.w.org\/{rel}","templated":true}]}}