{"id":2580,"date":"2018-04-22T10:49:22","date_gmt":"2018-04-22T08:49:22","guid":{"rendered":"http:\/\/www.cobirehab.com\/produkt\/xxl-rehab-eclipse-tilt-koerestol\/"},"modified":"2023-10-12T13:50:01","modified_gmt":"2023-10-12T11:50:01","slug":"bariatric-wheelchair-eclipse-tilt","status":"publish","type":"product","link":"https:\/\/www.cobirehab.com\/en\/product\/bariatric-wheelchair-eclipse-tilt\/","title":{"rendered":"Bariatric Wheelchair Eclipse Tilt"},"content":{"rendered":"<h1>Bariatric Wheelchair Eclipse Tilt-in-space<\/h1>\n<p>Bariatric Wheelchair Eclipse Tilt-in-space has a rigid frame that provides maximum strength, stiffness, and durability that will give the user years of use. It incorporates many of the features of a standard Tilt-in-Space but also provides the user the ability to self propel.<\/p>\n<h5>Construction<\/h5>\n<p>The frame is designed so most of the user weight is carried on the rear wheels. The wheels are especially made for this wheelchair. They are hard and solid making propulsion and steering easy and with very little loss of energy!<\/p>\n<p>The seat pan is solid. Giving a bariatric user a solid seat pan facilitates a good posture and activeness in the chair.<\/p>\n<p>Bariatric Wheelchair Eclipse Tilt has adjustable seat depth, seat height, seat to floor angle and seat to back angle. All of this makes it easy to adjust to any user.\u00a0The back is constructed so users with a protruding behind can get good support to their lumbar spine, a huge problem rarely met by any other chair.<\/p>\n<p>Front wheels are placed in front of the seat pan to ensure an anterior anti-tip, which is very important taking into consideration that most bariatric users have a lot of weight placed in front of them. The anterior anti-tip makes it possible for the user to get in and out of the wheelchair without the risk of tipping.<\/p>\n<p>Different types of front rigging complete the adjustment possibilities. The chair can be used with different kinds of cushions.<\/p>\n<h5>Specialized in positioning solutions for bariatric users<\/h5>\n<p>Cobi Rehab has specialized in positioning solutions for bariatric users for all hours of the day with the purpose of providing independency, comfort and relief. Cobi Rehab\u2019s focal point is respect for the individual. Innovation, proactivity, quality and empathy are our basic building block and valid in relation to everything we do.<\/p>\n<p>Our positioning solutions are based on solid knowledge about use of the product and the effect of helping, with emphasis on dignity and a good working environment, both for the user and care giver. Our products are strongly engineered and functionally designed and have a weight capacity of up to 325 kg. Our product portfolio consists of wheelchairs, shower commodes, shower benches, patient\/dinner chairs, wheeled walkers, walking frames, canes, as well as beds and mattresses.<\/p>\n<p>Based in Denmark Cobi Rehab supply both to the private and public sector all over the world. Our goal is to provide professional advice and high quality products within a short time frame. Cobi Rehab&#8217;s staff members are highly experienced within occupational therapy. They all have hands-on experience with bariatric patients.<\/p>\n<p>See our <a href=\"https:\/\/www.cobirehab.com\/en\/product-category\/wheelchairs-and-chairs\/\">range of bariatric wheelchairs<\/a> here.<\/p>\n<p>Find <a href=\"https:\/\/hmi-basen.dk\/en\/r11x.asp?linkinfo=24129\">Wheelchair Eclipse Tilt<\/a> at the Danish Assist Data.<\/p>\n<p><strong><span style=\"color: #93a79b;\">&#8211;\u00a030\u00b0\u00a0tilt<\/span><\/strong><br \/>\n<strong><span style=\"color: #93a79b;\">&#8211; Strong construction<br \/>\n&#8211; Different types of front rigging<br \/>\n&#8211; Adjustable seat depth, seat height, seat to floor angle and seat to back angle<\/span><\/strong><\/p>\n<p>&nbsp;<\/p>\n","protected":false},"excerpt":{"rendered":"<p class=\"p1\">Bariatric Wheelchair Eclipse Tilt is designed to accommodate bariatric users up to 270 kg.<\/p>\n<p class=\"p1\">The tilt-in-space function allows up to 30\u00b0 tilt for optimal comfort and positioning for individuals needing more support. The tilt uplift force is adjustable allowing the chair to be easily tilted regardless of user weight.<\/p>\n<hr \/>\n<h4><\/h4>\n<h4>Ideal use for&#8230;<\/h4>\n<p>&#8211; Bariatric users in hospitals, nursing homes, and private homes.<\/p>\n","protected":false},"featured_media":855,"comment_status":"closed","ping_status":"closed","template":"","meta":{"_et_pb_use_builder":"off","_et_pb_old_content":"<strong>Konstruktion<\/strong>\r\nXXL-Rehab Eclipse Tilt er en manuel fastramme k\u00f8restol med tiltmekanisme, som er opbygget med en ultrast\u00e6rk st\u00e5lramme, som giver maksimal styrke, stivhed og lang holdbarhed. Den er designet, s\u00e5 den st\u00f8rste del af brugerens v\u00e6gt hviler p\u00e5 baghjulene. D\u00e6kkene er specielt fremstillet og er ekstra h\u00e5rde og massive, hvilket g\u00f8r fremdrift og styring utrolig let. De fremskudte forhjul har anti-tip funktion, og g\u00f8r det muligt for brugeren at komme ind og ud af k\u00f8restolen uden risiko for at stolen tipper. S\u00e6debunden er st\u00e6rk og massiv og giver brugeren mulighed for et godt afs\u00e6t fra stolen samt en god kropsholdning.\r\n\r\n<strong>Tilpasningsmuligheder<\/strong>\r\nXXL-Rehab Eclipse Tilt har justerbar s\u00e6dedybde, s\u00e6deh\u00f8jde og s\u00e6devinkel, hvilket giver store tilpasningsmuligheder til den enkelte bruger.\r\n\r\nArml\u00e6nene leveres i 2 modeller; en standard og en forl\u00e6nget udgave, som letter ind- og udstigning af stolen. Alle disse indstillingsmuligheder im\u00f8dekommer behovene fra forskellige bariatriske kropstyper og giver brugeren en mulighed for selv aktivt at fremdrive stolen, at komme ind og ud af stolen og m\u00e5ske ogs\u00e5 g\u00e5 stolen frem.\r\n\r\nXXL-Rehab Eclipse Tilt kan anvendes med forskellige typer s\u00e6depuder.\r\n\r\n<strong><span style=\"color: #93a79b;\">-\u00a030\u00b0 tiltfunktion<\/span><\/strong>\r\n<strong><span style=\"color: #93a79b;\">- St\u00e6rk konstruktion<\/span><\/strong>\r\n<strong><span style=\"color: #93a79b;\">- Flere bredder<\/span><\/strong>\r\n<strong><span style=\"color: #93a79b;\">- Justerbar stropryg<\/span><\/strong>\r\n<strong><span style=\"color: #93a79b;\">- Flere typer fodst\u00f8tter<\/span><\/strong>\r\n<strong><span style=\"color: #93a79b;\">- Flere typer arml\u00e6n<\/span><\/strong>","_et_gb_content_width":""},"product_brand":[],"product_cat":[118],"product_tag":[234],"class_list":{"0":"post-2580","1":"product","2":"type-product","3":"status-publish","4":"has-post-thumbnail","6":"product_cat-wheelchairs","7":"product_tag-bariatric-wheelchair","9":"first","10":"instock","11":"shipping-taxable","12":"product-type-simple"},"yoast_head":"<!-- This site is optimized with the Yoast SEO plugin v27.2 - https:\/\/yoast.com\/product\/yoast-seo-wordpress\/ -->\n<title>Bariatric Wheelchair Eclipse Tilt. Accommodates users up to 270 kg<\/title>\n<meta name=\"description\" content=\"Bariatric Wheelchair Eclipse Tilt-in-Space provides a solid construction. Features like 60\u00b0 swing-away, elevating, front rigging. Adjustable.\" \/>\n<meta name=\"robots\" content=\"index, follow, max-snippet:-1, max-image-preview:large, max-video-preview:-1\" \/>\n<link rel=\"canonical\" href=\"https:\/\/www.cobirehab.com\/en\/product\/bariatric-wheelchair-eclipse-tilt\/\" \/>\n<meta property=\"og:locale\" content=\"en_US\" \/>\n<meta property=\"og:type\" content=\"article\" \/>\n<meta property=\"og:title\" content=\"Bariatric Wheelchair Eclipse Tilt. Accommodates users up to 270 kg\" \/>\n<meta property=\"og:description\" content=\"Bariatric Wheelchair Eclipse Tilt-in-Space provides a solid construction. Features like 60\u00b0 swing-away, elevating, front rigging. Adjustable.\" \/>\n<meta property=\"og:url\" content=\"https:\/\/www.cobirehab.com\/en\/product\/bariatric-wheelchair-eclipse-tilt\/\" \/>\n<meta property=\"og:site_name\" content=\"Cobi Rehab\" \/>\n<meta property=\"article:modified_time\" content=\"2023-10-12T11:50:01+00:00\" \/>\n<meta property=\"og:image\" content=\"https:\/\/www.cobirehab.com\/wp-content\/uploads\/2018\/04\/xxlrehab-eclipse-tilt-korestol-a-w.jpg\" \/>\n\t<meta property=\"og:image:width\" content=\"544\" \/>\n\t<meta property=\"og:image:height\" content=\"544\" \/>\n\t<meta property=\"og:image:type\" content=\"image\/jpeg\" \/>\n<meta name=\"twitter:card\" content=\"summary_large_image\" \/>\n<meta name=\"twitter:label1\" content=\"Est. reading time\" \/>\n\t<meta name=\"twitter:data1\" content=\"3 minutes\" \/>\n<script type=\"application\/ld+json\" class=\"yoast-schema-graph\">{\"@context\":\"https:\/\/schema.org\",\"@graph\":[{\"@type\":\"WebPage\",\"@id\":\"https:\/\/www.cobirehab.com\/en\/product\/bariatric-wheelchair-eclipse-tilt\/\",\"url\":\"https:\/\/www.cobirehab.com\/en\/product\/bariatric-wheelchair-eclipse-tilt\/\",\"name\":\"Bariatric Wheelchair Eclipse Tilt. Accommodates users up to 270 kg\",\"isPartOf\":{\"@id\":\"https:\/\/www.cobirehab.com\/en\/#website\"},\"primaryImageOfPage\":{\"@id\":\"https:\/\/www.cobirehab.com\/en\/product\/bariatric-wheelchair-eclipse-tilt\/#primaryimage\"},\"image\":{\"@id\":\"https:\/\/www.cobirehab.com\/en\/product\/bariatric-wheelchair-eclipse-tilt\/#primaryimage\"},\"thumbnailUrl\":\"https:\/\/www.cobirehab.com\/wp-content\/uploads\/2018\/04\/xxlrehab-eclipse-tilt-korestol-a-w.jpg\",\"datePublished\":\"2018-04-22T08:49:22+00:00\",\"dateModified\":\"2023-10-12T11:50:01+00:00\",\"description\":\"Bariatric Wheelchair Eclipse Tilt-in-Space provides a solid construction. Features like 60\u00b0 swing-away, elevating, front rigging. Adjustable.\",\"breadcrumb\":{\"@id\":\"https:\/\/www.cobirehab.com\/en\/product\/bariatric-wheelchair-eclipse-tilt\/#breadcrumb\"},\"inLanguage\":\"en-US\",\"potentialAction\":[{\"@type\":\"ReadAction\",\"target\":[\"https:\/\/www.cobirehab.com\/en\/product\/bariatric-wheelchair-eclipse-tilt\/\"]}]},{\"@type\":\"ImageObject\",\"inLanguage\":\"en-US\",\"@id\":\"https:\/\/www.cobirehab.com\/en\/product\/bariatric-wheelchair-eclipse-tilt\/#primaryimage\",\"url\":\"https:\/\/www.cobirehab.com\/wp-content\/uploads\/2018\/04\/xxlrehab-eclipse-tilt-korestol-a-w.jpg\",\"contentUrl\":\"https:\/\/www.cobirehab.com\/wp-content\/uploads\/2018\/04\/xxlrehab-eclipse-tilt-korestol-a-w.jpg\",\"width\":544,\"height\":544,\"caption\":\"Bariatric Wheelchair Eclipse Tilt Bariatrisk k\u00f8restol Eclipse Tilt\"},{\"@type\":\"BreadcrumbList\",\"@id\":\"https:\/\/www.cobirehab.com\/en\/product\/bariatric-wheelchair-eclipse-tilt\/#breadcrumb\",\"itemListElement\":[{\"@type\":\"ListItem\",\"position\":1,\"name\":\"Hjem\",\"item\":\"https:\/\/www.cobirehab.com\/\"},{\"@type\":\"ListItem\",\"position\":2,\"name\":\"Products\",\"item\":\"https:\/\/www.cobirehab.com\/en\/products\/\"},{\"@type\":\"ListItem\",\"position\":3,\"name\":\"Bariatric Wheelchair Eclipse Tilt\"}]},{\"@type\":\"WebSite\",\"@id\":\"https:\/\/www.cobirehab.com\/en\/#website\",\"url\":\"https:\/\/www.cobirehab.com\/en\/\",\"name\":\"Cobi Rehab\",\"description\":\"The Positioning Company\",\"publisher\":{\"@id\":\"https:\/\/www.cobirehab.com\/en\/#organization\"},\"alternateName\":\"Cobi\",\"potentialAction\":[{\"@type\":\"SearchAction\",\"target\":{\"@type\":\"EntryPoint\",\"urlTemplate\":\"https:\/\/www.cobirehab.com\/en\/?s={search_term_string}\"},\"query-input\":{\"@type\":\"PropertyValueSpecification\",\"valueRequired\":true,\"valueName\":\"search_term_string\"}}],\"inLanguage\":\"en-US\"},{\"@type\":\"Organization\",\"@id\":\"https:\/\/www.cobirehab.com\/en\/#organization\",\"name\":\"Cobi Rehab\",\"url\":\"https:\/\/www.cobirehab.com\/en\/\",\"logo\":{\"@type\":\"ImageObject\",\"inLanguage\":\"en-US\",\"@id\":\"https:\/\/www.cobirehab.com\/en\/#\/schema\/logo\/image\/\",\"url\":\"https:\/\/www.cobirehab.com\/wp-content\/uploads\/2018\/04\/COBI-REHAB-17-logo-versA-pos.png\",\"contentUrl\":\"https:\/\/www.cobirehab.com\/wp-content\/uploads\/2018\/04\/COBI-REHAB-17-logo-versA-pos.png\",\"width\":1195,\"height\":768,\"caption\":\"Cobi Rehab\"},\"image\":{\"@id\":\"https:\/\/www.cobirehab.com\/en\/#\/schema\/logo\/image\/\"}}]}<\/script>\n<!-- \/ Yoast SEO plugin. -->","yoast_head_json":{"title":"Bariatric Wheelchair Eclipse Tilt. Accommodates users up to 270 kg","description":"Bariatric Wheelchair Eclipse Tilt-in-Space provides a solid construction. Features like 60\u00b0 swing-away, elevating, front rigging. Adjustable.","robots":{"index":"index","follow":"follow","max-snippet":"max-snippet:-1","max-image-preview":"max-image-preview:large","max-video-preview":"max-video-preview:-1"},"canonical":"https:\/\/www.cobirehab.com\/en\/product\/bariatric-wheelchair-eclipse-tilt\/","og_locale":"en_US","og_type":"article","og_title":"Bariatric Wheelchair Eclipse Tilt. Accommodates users up to 270 kg","og_description":"Bariatric Wheelchair Eclipse Tilt-in-Space provides a solid construction. Features like 60\u00b0 swing-away, elevating, front rigging. Adjustable.","og_url":"https:\/\/www.cobirehab.com\/en\/product\/bariatric-wheelchair-eclipse-tilt\/","og_site_name":"Cobi Rehab","article_modified_time":"2023-10-12T11:50:01+00:00","og_image":[{"width":544,"height":544,"url":"https:\/\/www.cobirehab.com\/wp-content\/uploads\/2018\/04\/xxlrehab-eclipse-tilt-korestol-a-w.jpg","type":"image\/jpeg"}],"twitter_card":"summary_large_image","twitter_misc":{"Est. reading time":"3 minutes"},"schema":{"@context":"https:\/\/schema.org","@graph":[{"@type":"WebPage","@id":"https:\/\/www.cobirehab.com\/en\/product\/bariatric-wheelchair-eclipse-tilt\/","url":"https:\/\/www.cobirehab.com\/en\/product\/bariatric-wheelchair-eclipse-tilt\/","name":"Bariatric Wheelchair Eclipse Tilt. Accommodates users up to 270 kg","isPartOf":{"@id":"https:\/\/www.cobirehab.com\/en\/#website"},"primaryImageOfPage":{"@id":"https:\/\/www.cobirehab.com\/en\/product\/bariatric-wheelchair-eclipse-tilt\/#primaryimage"},"image":{"@id":"https:\/\/www.cobirehab.com\/en\/product\/bariatric-wheelchair-eclipse-tilt\/#primaryimage"},"thumbnailUrl":"https:\/\/www.cobirehab.com\/wp-content\/uploads\/2018\/04\/xxlrehab-eclipse-tilt-korestol-a-w.jpg","datePublished":"2018-04-22T08:49:22+00:00","dateModified":"2023-10-12T11:50:01+00:00","description":"Bariatric Wheelchair Eclipse Tilt-in-Space provides a solid construction. Features like 60\u00b0 swing-away, elevating, front rigging. Adjustable.","breadcrumb":{"@id":"https:\/\/www.cobirehab.com\/en\/product\/bariatric-wheelchair-eclipse-tilt\/#breadcrumb"},"inLanguage":"en-US","potentialAction":[{"@type":"ReadAction","target":["https:\/\/www.cobirehab.com\/en\/product\/bariatric-wheelchair-eclipse-tilt\/"]}]},{"@type":"ImageObject","inLanguage":"en-US","@id":"https:\/\/www.cobirehab.com\/en\/product\/bariatric-wheelchair-eclipse-tilt\/#primaryimage","url":"https:\/\/www.cobirehab.com\/wp-content\/uploads\/2018\/04\/xxlrehab-eclipse-tilt-korestol-a-w.jpg","contentUrl":"https:\/\/www.cobirehab.com\/wp-content\/uploads\/2018\/04\/xxlrehab-eclipse-tilt-korestol-a-w.jpg","width":544,"height":544,"caption":"Bariatric Wheelchair Eclipse Tilt Bariatrisk k\u00f8restol Eclipse Tilt"},{"@type":"BreadcrumbList","@id":"https:\/\/www.cobirehab.com\/en\/product\/bariatric-wheelchair-eclipse-tilt\/#breadcrumb","itemListElement":[{"@type":"ListItem","position":1,"name":"Hjem","item":"https:\/\/www.cobirehab.com\/"},{"@type":"ListItem","position":2,"name":"Products","item":"https:\/\/www.cobirehab.com\/en\/products\/"},{"@type":"ListItem","position":3,"name":"Bariatric Wheelchair Eclipse Tilt"}]},{"@type":"WebSite","@id":"https:\/\/www.cobirehab.com\/en\/#website","url":"https:\/\/www.cobirehab.com\/en\/","name":"Cobi Rehab","description":"The Positioning Company","publisher":{"@id":"https:\/\/www.cobirehab.com\/en\/#organization"},"alternateName":"Cobi","potentialAction":[{"@type":"SearchAction","target":{"@type":"EntryPoint","urlTemplate":"https:\/\/www.cobirehab.com\/en\/?s={search_term_string}"},"query-input":{"@type":"PropertyValueSpecification","valueRequired":true,"valueName":"search_term_string"}}],"inLanguage":"en-US"},{"@type":"Organization","@id":"https:\/\/www.cobirehab.com\/en\/#organization","name":"Cobi Rehab","url":"https:\/\/www.cobirehab.com\/en\/","logo":{"@type":"ImageObject","inLanguage":"en-US","@id":"https:\/\/www.cobirehab.com\/en\/#\/schema\/logo\/image\/","url":"https:\/\/www.cobirehab.com\/wp-content\/uploads\/2018\/04\/COBI-REHAB-17-logo-versA-pos.png","contentUrl":"https:\/\/www.cobirehab.com\/wp-content\/uploads\/2018\/04\/COBI-REHAB-17-logo-versA-pos.png","width":1195,"height":768,"caption":"Cobi Rehab"},"image":{"@id":"https:\/\/www.cobirehab.com\/en\/#\/schema\/logo\/image\/"}}]}},"_links":{"self":[{"href":"https:\/\/www.cobirehab.com\/en\/wp-json\/wp\/v2\/product\/2580","targetHints":{"allow":["GET"]}}],"collection":[{"href":"https:\/\/www.cobirehab.com\/en\/wp-json\/wp\/v2\/product"}],"about":[{"href":"https:\/\/www.cobirehab.com\/en\/wp-json\/wp\/v2\/types\/product"}],"replies":[{"embeddable":true,"href":"https:\/\/www.cobirehab.com\/en\/wp-json\/wp\/v2\/comments?post=2580"}],"wp:featuredmedia":[{"embeddable":true,"href":"https:\/\/www.cobirehab.com\/en\/wp-json\/wp\/v2\/media\/855"}],"wp:attachment":[{"href":"https:\/\/www.cobirehab.com\/en\/wp-json\/wp\/v2\/media?parent=2580"}],"wp:term":[{"taxonomy":"product_brand","embeddable":true,"href":"https:\/\/www.cobirehab.com\/en\/wp-json\/wp\/v2\/product_brand?post=2580"},{"taxonomy":"product_cat","embeddable":true,"href":"https:\/\/www.cobirehab.com\/en\/wp-json\/wp\/v2\/product_cat?post=2580"},{"taxonomy":"product_tag","embeddable":true,"href":"https:\/\/www.cobirehab.com\/en\/wp-json\/wp\/v2\/product_tag?post=2580"}],"curies":[{"name":"wp","href":"https:\/\/api.w.org\/{rel}","templated":true}]}}