{"id":2576,"date":"2018-03-31T23:00:41","date_gmt":"2018-03-31T21:00:41","guid":{"rendered":"http:\/\/www.cobirehab.com\/produkt\/xxl-rehab-minimaxx-push-koerestol\/"},"modified":"2023-01-16T15:15:28","modified_gmt":"2023-01-16T14:15:28","slug":"bariatric-wheelchair-minimaxx-with-push-motor","status":"publish","type":"product","link":"https:\/\/www.cobirehab.com\/en\/product\/bariatric-wheelchair-minimaxx-with-push-motor\/","title":{"rendered":"Bariatric Wheelchair Minimaxx with Push Motor"},"content":{"rendered":"<h1>Bariatric Wheelchair Minimaxx With Push Motor<\/h1>\n<p>Minimaxx With Push Motor is a strong power pack that assists the caregiver propelling the wheelchair with a bariatric user forward (or backwards) without effort. Use of the push motor function also benefits caregivers by reducing wrist stress and the risk of sore shoulders.<\/p>\n<p>Push Motor is intended for mounting on a Minimaxx Wheelchair. A Minimaxx Wheelchair Push has a maximum user weight of 200 kg. Minimaxx Wheelchair Push can, however, be used up to 325 kg, but be aware that the engine power decreases when the user weighs more than 200 kg. The service life of the push motor is also shortened when the user weight exceeds 200 kg. Minimaxx Wheelchair Push is used outdoors and indoors in institutions, hospitals, care centers and in private homes.<\/p>\n<p>Bariatric Folding Wheelchair Minimaxx Push Motor also provides a practical and comfortable seating to support the requirements of the bariatric user.<\/p>\n<h4>Operation<\/h4>\n<p>Push Motor is easy to operate. The control panel is located on the handle and shows the &#8220;Drive&#8221; and &#8220;Reverse&#8221; functions as well as speed control of 1-5 km\/h. Even on sloping surfaces with inclines of up to 5%, it is easy to drive the Minimaxx Wheelchair Push &#8220;over the top&#8221;.<\/p>\n<p>Downhill, the disc brake system provides a high degree of safety. If an immediate stop is needed, simply pull the lever. This causes the Minimaxx Wheelchair Push to stop immediately.<\/p>\n<h4>Construction<\/h4>\n<p>In the construction of Minimaxx Wheelchair a tube technology with light tubes has been used, which is also used on MTB bikes and road bikes (STW = Stiffness To Weight). Therefore, the Minimaxx Wheelchair Push weighs only about 9% of its weight capacity.<\/p>\n<p>The castors on Minimaxx Wheelchair Push are located further forward than on standard wheelchairs. This ensures stability and prevents the wheelchair from tipping over.<\/p>\n<p>Bariatric Folding Wheelchair Minimaxx is fitted with a viscoelastic foam cushion, providing a more comfortable seating. It also offers protection, fitted with a two-way stretch vapour permeable incontinence cover and non-slip base.<\/p>\n<p>Bariatric Wheelchair Minimaxx With Push Motor can easily be transported thanks to its rigid folding mechanism, which reduces the size of the wheelchair for easier storage and transportation. It also has\u00a0 puncture-proof wheels and parking brakes.<\/p>\n<h4>Armrest<\/h4>\n<p>Minimaxx Wheelchair Push is designed with extra long armrests, which makes it easy for the user to get in and out of the wheelchair. The seat height is low, which ensures the user easy access to the wheelchair.<\/p>\n<p>In addition to the detachable standard armrests, the Minimaxx Wheelchair Push can also be fitted with sports armrests.<\/p>\n<h4>Footrests<\/h4>\n<p>The footrests are designed to carry 100 kg each and can be adjusted in both height and width. The footrests can therefore be adapted to each user individually.<\/p>\n<p>See our\u00a0<a href=\"https:\/\/www.cobirehab.com\/en\/product-category\/wheelchairs-and-chairs\/\">range of bariatric wheelchairs<\/a> here.\u00a0Find\u00a0<a href=\"https:\/\/hmi-basen.dk\/en\/r11x.asp?linkinfo=28429\">Wheelchair Minimaxx With Push Motor<\/a> at the Danish Assist Data.\u00a0Watch our <a href=\"https:\/\/youtu.be\/IJCFErPajh0\">Minimaxx Wheelchair<\/a> presentation at YouTube<\/p>\n<p class=\"p1\"><strong><span style=\"color: #93a79b;\">&#8211;\u00a0Push motor is easy to operate<\/span><\/strong><br \/>\n<strong><span style=\"color: #93a79b;\">&#8211; Different armrests available<\/span><\/strong><\/p>\n","protected":false},"excerpt":{"rendered":"<p>Bariatric Wheelchair Minimaxx with Push Motor benefits caregivers by reducing wrist stress and the risk of sore shoulders.<br \/>\nMinimaxx also provides a practical and comfortable seating to support the requirements of the bariatric user.<\/p>\n<hr \/>\n<h4>Ideal use for<\/h4>\n<p>&#8211; Bariatric users weighing up to 200\/325 kg in nursing homes, hospitals and private homes.<\/p>\n","protected":false},"featured_media":837,"comment_status":"closed","ping_status":"closed","template":"","meta":{"_et_pb_use_builder":"off","_et_pb_old_content":"<strong>Hj\u00e6lpemotor\r\n<\/strong>XXL-Rehab Minimaxx med hj\u00e6lpemotor og skivebremser er en st\u00e6rk k\u00f8restol, der hj\u00e6lper plejepersonalet med at k\u00f8re stolen uden nogen anstrengelser. Nu er det nemt at hj\u00e6lpe en bariatrisk patient omkring. XXL-Rehab Minimaxx med hj\u00e6lpemotor medvirker til, at plejeper-sonalet kan undg\u00e5 \u00f8mme skuldre og belastning p\u00e5 h\u00e5ndleddene.\r\nSelv p\u00e5 skr\u00e5 underlag med stigninger p\u00e5 op til 5% er det nemt at komme over toppen. Ned ad bakke yder skivebremsesystemet stor grad af sikkerhed. Hvis der er behov for en \u00f8jeblikkelig standsning, skal h\u00e5ndtaget bare tr\u00e6kkes, og k\u00f8restolen stopper med det samme.\r\n\r\n<strong>Betjening<\/strong>\r\nHj\u00e6lpemotoren er nem at betjene. Kontrolpanelet er placeret p\u00e5 h\u00e5ndtaget og har Drive\/K\u00f8r og Reverse\/Bak funktioner samt hastighedsregulering p\u00e5 1-5 km\/t.\r\n\r\n<strong>Konstruktion<\/strong>\r\nHvad ang\u00e5r konstruktionen af k\u00f8restolen var STW (Stiffness To Weight) vores m\u00e5l. Vi har anvendt en r\u00f8r-teknologi med lette r\u00f8r, der ogs\u00e5 bruges p\u00e5 MTB cykler og landevejscykler.\r\nXXL-Rehab Minimaxx k\u00f8restol vejer derfor kun ca. 9% af dens v\u00e6gtkapacitet og er stadig nem at k\u00f8re.\r\n\r\nDesuden sidder forhjulene l\u00e6ngere fremme end p\u00e5 standard stole. Dette forhindrer stolen i at tippe. De meget lange arml\u00e6n g\u00f8r det nemt for brugeren at komme ind og ud af stolen, og den lave s\u00e6deh\u00f8jde g\u00f8r det nemt at f\u00e5 adgang til stolen.\r\n\r\n<strong>Arml\u00e6n<\/strong>\r\nUd over de aftagelige standard arml\u00e6n kan XXL-Rehab Minimaxx ogs\u00e5 monteres med sports arml\u00e6n.\r\n\r\n<strong>Fodst\u00f8tter<\/strong>\r\nFodst\u00f8tterne er designet til at kunne b\u00e6re 100 kg hver og er endvidere indstillelige i b\u00e5de h\u00f8jden og bredden. F\u00f8dst\u00f8tterne kan derfor tilpasses brugere med forskellig benstilling.\r\n<p class=\"p1\"><span style=\"color: #93a79b;\"><strong>- Hj\u00e6lpemotor<\/strong><\/span>\r\n<span style=\"color: #93a79b;\"><strong>- St\u00e6rk konstruktion<\/strong><\/span>\r\n<span style=\"color: #93a79b;\"><strong>- Flere bredder<\/strong><\/span>\r\n<span style=\"color: #93a79b;\"><strong>- Justerbar stropryg<\/strong><\/span>\r\n<span style=\"color: #93a79b;\"><strong>- Skivebremser er inklusive<\/strong><\/span>\r\n<span style=\"color: #93a79b;\"><strong>- H\u00f8jde- og breddeindstillelige fodst\u00f8tter<\/strong><\/span>\r\n<span style=\"color: #93a79b;\"><strong>- Flere typer arml\u00e6n<\/strong><\/span><\/p>","_et_gb_content_width":""},"product_brand":[],"product_cat":[118],"product_tag":[234],"class_list":{"0":"post-2576","1":"product","2":"type-product","3":"status-publish","4":"has-post-thumbnail","6":"product_cat-wheelchairs","7":"product_tag-bariatric-wheelchair","9":"first","10":"instock","11":"shipping-taxable","12":"product-type-simple"},"yoast_head":"<!-- This site is optimized with the Yoast SEO plugin v27.2 - https:\/\/yoast.com\/product\/yoast-seo-wordpress\/ -->\n<title>Bariatric Wheelchair With Push Motor. Folding. Up to 325 kg.<\/title>\n<meta name=\"description\" content=\"Bariatric Wheelchair Minimaxx with Push Motor for propelling a bariatric user forward or backwards without effort. Speed control 1-5 km\/h\" \/>\n<meta name=\"robots\" content=\"index, follow, max-snippet:-1, max-image-preview:large, max-video-preview:-1\" \/>\n<link rel=\"canonical\" href=\"https:\/\/www.cobirehab.com\/en\/product\/bariatric-wheelchair-minimaxx-with-push-motor\/\" \/>\n<meta property=\"og:locale\" content=\"en_US\" \/>\n<meta property=\"og:type\" content=\"article\" \/>\n<meta property=\"og:title\" content=\"Bariatric Wheelchair With Push Motor. Folding. Up to 325 kg.\" \/>\n<meta property=\"og:description\" content=\"Bariatric Wheelchair Minimaxx with Push Motor for propelling a bariatric user forward or backwards without effort. Speed control 1-5 km\/h\" \/>\n<meta property=\"og:url\" content=\"https:\/\/www.cobirehab.com\/en\/product\/bariatric-wheelchair-minimaxx-with-push-motor\/\" \/>\n<meta property=\"og:site_name\" content=\"Cobi Rehab\" \/>\n<meta property=\"article:modified_time\" content=\"2023-01-16T14:15:28+00:00\" \/>\n<meta property=\"og:image\" content=\"https:\/\/www.cobirehab.com\/wp-content\/uploads\/2018\/03\/xxlrehab-minimaxx-push-korestole-a-w.jpg\" \/>\n\t<meta property=\"og:image:width\" content=\"544\" \/>\n\t<meta property=\"og:image:height\" content=\"544\" \/>\n\t<meta property=\"og:image:type\" content=\"image\/jpeg\" \/>\n<meta name=\"twitter:card\" content=\"summary_large_image\" \/>\n<meta name=\"twitter:label1\" content=\"Est. reading time\" \/>\n\t<meta name=\"twitter:data1\" content=\"3 minutes\" \/>\n<script type=\"application\/ld+json\" class=\"yoast-schema-graph\">{\"@context\":\"https:\/\/schema.org\",\"@graph\":[{\"@type\":\"WebPage\",\"@id\":\"https:\/\/www.cobirehab.com\/en\/product\/bariatric-wheelchair-minimaxx-with-push-motor\/\",\"url\":\"https:\/\/www.cobirehab.com\/en\/product\/bariatric-wheelchair-minimaxx-with-push-motor\/\",\"name\":\"Bariatric Wheelchair With Push Motor. Folding. Up to 325 kg.\",\"isPartOf\":{\"@id\":\"https:\/\/www.cobirehab.com\/en\/#website\"},\"primaryImageOfPage\":{\"@id\":\"https:\/\/www.cobirehab.com\/en\/product\/bariatric-wheelchair-minimaxx-with-push-motor\/#primaryimage\"},\"image\":{\"@id\":\"https:\/\/www.cobirehab.com\/en\/product\/bariatric-wheelchair-minimaxx-with-push-motor\/#primaryimage\"},\"thumbnailUrl\":\"https:\/\/www.cobirehab.com\/wp-content\/uploads\/2018\/03\/xxlrehab-minimaxx-push-korestole-a-w.jpg\",\"datePublished\":\"2018-03-31T21:00:41+00:00\",\"dateModified\":\"2023-01-16T14:15:28+00:00\",\"description\":\"Bariatric Wheelchair Minimaxx with Push Motor for propelling a bariatric user forward or backwards without effort. Speed control 1-5 km\/h\",\"breadcrumb\":{\"@id\":\"https:\/\/www.cobirehab.com\/en\/product\/bariatric-wheelchair-minimaxx-with-push-motor\/#breadcrumb\"},\"inLanguage\":\"en-US\",\"potentialAction\":[{\"@type\":\"ReadAction\",\"target\":[\"https:\/\/www.cobirehab.com\/en\/product\/bariatric-wheelchair-minimaxx-with-push-motor\/\"]}]},{\"@type\":\"ImageObject\",\"inLanguage\":\"en-US\",\"@id\":\"https:\/\/www.cobirehab.com\/en\/product\/bariatric-wheelchair-minimaxx-with-push-motor\/#primaryimage\",\"url\":\"https:\/\/www.cobirehab.com\/wp-content\/uploads\/2018\/03\/xxlrehab-minimaxx-push-korestole-a-w.jpg\",\"contentUrl\":\"https:\/\/www.cobirehab.com\/wp-content\/uploads\/2018\/03\/xxlrehab-minimaxx-push-korestole-a-w.jpg\",\"width\":544,\"height\":544,\"caption\":\"Bariatric Wheelchair Minimaxx with Push Motor Bariatrisk k\u00f8restol med push motor\"},{\"@type\":\"BreadcrumbList\",\"@id\":\"https:\/\/www.cobirehab.com\/en\/product\/bariatric-wheelchair-minimaxx-with-push-motor\/#breadcrumb\",\"itemListElement\":[{\"@type\":\"ListItem\",\"position\":1,\"name\":\"Hjem\",\"item\":\"https:\/\/www.cobirehab.com\/\"},{\"@type\":\"ListItem\",\"position\":2,\"name\":\"Products\",\"item\":\"https:\/\/www.cobirehab.com\/en\/products\/\"},{\"@type\":\"ListItem\",\"position\":3,\"name\":\"Bariatric Wheelchair Minimaxx with Push Motor\"}]},{\"@type\":\"WebSite\",\"@id\":\"https:\/\/www.cobirehab.com\/en\/#website\",\"url\":\"https:\/\/www.cobirehab.com\/en\/\",\"name\":\"Cobi Rehab\",\"description\":\"The Positioning Company\",\"publisher\":{\"@id\":\"https:\/\/www.cobirehab.com\/en\/#organization\"},\"alternateName\":\"Cobi\",\"potentialAction\":[{\"@type\":\"SearchAction\",\"target\":{\"@type\":\"EntryPoint\",\"urlTemplate\":\"https:\/\/www.cobirehab.com\/en\/?s={search_term_string}\"},\"query-input\":{\"@type\":\"PropertyValueSpecification\",\"valueRequired\":true,\"valueName\":\"search_term_string\"}}],\"inLanguage\":\"en-US\"},{\"@type\":\"Organization\",\"@id\":\"https:\/\/www.cobirehab.com\/en\/#organization\",\"name\":\"Cobi Rehab\",\"url\":\"https:\/\/www.cobirehab.com\/en\/\",\"logo\":{\"@type\":\"ImageObject\",\"inLanguage\":\"en-US\",\"@id\":\"https:\/\/www.cobirehab.com\/en\/#\/schema\/logo\/image\/\",\"url\":\"https:\/\/www.cobirehab.com\/wp-content\/uploads\/2018\/04\/COBI-REHAB-17-logo-versA-pos.png\",\"contentUrl\":\"https:\/\/www.cobirehab.com\/wp-content\/uploads\/2018\/04\/COBI-REHAB-17-logo-versA-pos.png\",\"width\":1195,\"height\":768,\"caption\":\"Cobi Rehab\"},\"image\":{\"@id\":\"https:\/\/www.cobirehab.com\/en\/#\/schema\/logo\/image\/\"}}]}<\/script>\n<!-- \/ Yoast SEO plugin. -->","yoast_head_json":{"title":"Bariatric Wheelchair With Push Motor. Folding. Up to 325 kg.","description":"Bariatric Wheelchair Minimaxx with Push Motor for propelling a bariatric user forward or backwards without effort. Speed control 1-5 km\/h","robots":{"index":"index","follow":"follow","max-snippet":"max-snippet:-1","max-image-preview":"max-image-preview:large","max-video-preview":"max-video-preview:-1"},"canonical":"https:\/\/www.cobirehab.com\/en\/product\/bariatric-wheelchair-minimaxx-with-push-motor\/","og_locale":"en_US","og_type":"article","og_title":"Bariatric Wheelchair With Push Motor. Folding. Up to 325 kg.","og_description":"Bariatric Wheelchair Minimaxx with Push Motor for propelling a bariatric user forward or backwards without effort. Speed control 1-5 km\/h","og_url":"https:\/\/www.cobirehab.com\/en\/product\/bariatric-wheelchair-minimaxx-with-push-motor\/","og_site_name":"Cobi Rehab","article_modified_time":"2023-01-16T14:15:28+00:00","og_image":[{"width":544,"height":544,"url":"https:\/\/www.cobirehab.com\/wp-content\/uploads\/2018\/03\/xxlrehab-minimaxx-push-korestole-a-w.jpg","type":"image\/jpeg"}],"twitter_card":"summary_large_image","twitter_misc":{"Est. reading time":"3 minutes"},"schema":{"@context":"https:\/\/schema.org","@graph":[{"@type":"WebPage","@id":"https:\/\/www.cobirehab.com\/en\/product\/bariatric-wheelchair-minimaxx-with-push-motor\/","url":"https:\/\/www.cobirehab.com\/en\/product\/bariatric-wheelchair-minimaxx-with-push-motor\/","name":"Bariatric Wheelchair With Push Motor. Folding. Up to 325 kg.","isPartOf":{"@id":"https:\/\/www.cobirehab.com\/en\/#website"},"primaryImageOfPage":{"@id":"https:\/\/www.cobirehab.com\/en\/product\/bariatric-wheelchair-minimaxx-with-push-motor\/#primaryimage"},"image":{"@id":"https:\/\/www.cobirehab.com\/en\/product\/bariatric-wheelchair-minimaxx-with-push-motor\/#primaryimage"},"thumbnailUrl":"https:\/\/www.cobirehab.com\/wp-content\/uploads\/2018\/03\/xxlrehab-minimaxx-push-korestole-a-w.jpg","datePublished":"2018-03-31T21:00:41+00:00","dateModified":"2023-01-16T14:15:28+00:00","description":"Bariatric Wheelchair Minimaxx with Push Motor for propelling a bariatric user forward or backwards without effort. Speed control 1-5 km\/h","breadcrumb":{"@id":"https:\/\/www.cobirehab.com\/en\/product\/bariatric-wheelchair-minimaxx-with-push-motor\/#breadcrumb"},"inLanguage":"en-US","potentialAction":[{"@type":"ReadAction","target":["https:\/\/www.cobirehab.com\/en\/product\/bariatric-wheelchair-minimaxx-with-push-motor\/"]}]},{"@type":"ImageObject","inLanguage":"en-US","@id":"https:\/\/www.cobirehab.com\/en\/product\/bariatric-wheelchair-minimaxx-with-push-motor\/#primaryimage","url":"https:\/\/www.cobirehab.com\/wp-content\/uploads\/2018\/03\/xxlrehab-minimaxx-push-korestole-a-w.jpg","contentUrl":"https:\/\/www.cobirehab.com\/wp-content\/uploads\/2018\/03\/xxlrehab-minimaxx-push-korestole-a-w.jpg","width":544,"height":544,"caption":"Bariatric Wheelchair Minimaxx with Push Motor Bariatrisk k\u00f8restol med push motor"},{"@type":"BreadcrumbList","@id":"https:\/\/www.cobirehab.com\/en\/product\/bariatric-wheelchair-minimaxx-with-push-motor\/#breadcrumb","itemListElement":[{"@type":"ListItem","position":1,"name":"Hjem","item":"https:\/\/www.cobirehab.com\/"},{"@type":"ListItem","position":2,"name":"Products","item":"https:\/\/www.cobirehab.com\/en\/products\/"},{"@type":"ListItem","position":3,"name":"Bariatric Wheelchair Minimaxx with Push Motor"}]},{"@type":"WebSite","@id":"https:\/\/www.cobirehab.com\/en\/#website","url":"https:\/\/www.cobirehab.com\/en\/","name":"Cobi Rehab","description":"The Positioning Company","publisher":{"@id":"https:\/\/www.cobirehab.com\/en\/#organization"},"alternateName":"Cobi","potentialAction":[{"@type":"SearchAction","target":{"@type":"EntryPoint","urlTemplate":"https:\/\/www.cobirehab.com\/en\/?s={search_term_string}"},"query-input":{"@type":"PropertyValueSpecification","valueRequired":true,"valueName":"search_term_string"}}],"inLanguage":"en-US"},{"@type":"Organization","@id":"https:\/\/www.cobirehab.com\/en\/#organization","name":"Cobi Rehab","url":"https:\/\/www.cobirehab.com\/en\/","logo":{"@type":"ImageObject","inLanguage":"en-US","@id":"https:\/\/www.cobirehab.com\/en\/#\/schema\/logo\/image\/","url":"https:\/\/www.cobirehab.com\/wp-content\/uploads\/2018\/04\/COBI-REHAB-17-logo-versA-pos.png","contentUrl":"https:\/\/www.cobirehab.com\/wp-content\/uploads\/2018\/04\/COBI-REHAB-17-logo-versA-pos.png","width":1195,"height":768,"caption":"Cobi Rehab"},"image":{"@id":"https:\/\/www.cobirehab.com\/en\/#\/schema\/logo\/image\/"}}]}},"_links":{"self":[{"href":"https:\/\/www.cobirehab.com\/en\/wp-json\/wp\/v2\/product\/2576","targetHints":{"allow":["GET"]}}],"collection":[{"href":"https:\/\/www.cobirehab.com\/en\/wp-json\/wp\/v2\/product"}],"about":[{"href":"https:\/\/www.cobirehab.com\/en\/wp-json\/wp\/v2\/types\/product"}],"replies":[{"embeddable":true,"href":"https:\/\/www.cobirehab.com\/en\/wp-json\/wp\/v2\/comments?post=2576"}],"wp:featuredmedia":[{"embeddable":true,"href":"https:\/\/www.cobirehab.com\/en\/wp-json\/wp\/v2\/media\/837"}],"wp:attachment":[{"href":"https:\/\/www.cobirehab.com\/en\/wp-json\/wp\/v2\/media?parent=2576"}],"wp:term":[{"taxonomy":"product_brand","embeddable":true,"href":"https:\/\/www.cobirehab.com\/en\/wp-json\/wp\/v2\/product_brand?post=2576"},{"taxonomy":"product_cat","embeddable":true,"href":"https:\/\/www.cobirehab.com\/en\/wp-json\/wp\/v2\/product_cat?post=2576"},{"taxonomy":"product_tag","embeddable":true,"href":"https:\/\/www.cobirehab.com\/en\/wp-json\/wp\/v2\/product_tag?post=2576"}],"curies":[{"name":"wp","href":"https:\/\/api.w.org\/{rel}","templated":true}]}}