{"id":2500,"date":"2018-04-24T11:47:03","date_gmt":"2018-04-24T09:47:03","guid":{"rendered":"http:\/\/www.cobirehab.com\/produkt\/xxl-rehab-badetoiletstol-med-hjul\/"},"modified":"2024-08-06T11:53:02","modified_gmt":"2024-08-06T09:53:02","slug":"bariatric-shower-commode","status":"publish","type":"product","link":"https:\/\/www.cobirehab.com\/en\/product\/bariatric-shower-commode\/","title":{"rendered":"Bariatric Shower Commode"},"content":{"rendered":"<h1>Bariatric Shower Commode<\/h1>\n<p>Bariatric Shower Commode is designed to help a bariatric user weighing up to 325 kg during transfers to and from the bathroom, in the shower, and during lavatory use<\/p>\n<h5>Construction<\/h5>\n<p>The inside width of the Bariatric Shower Commode is 61\/71 cm, but using a five cm high PU foam seat and some free space to the armrests allows the body mass to fall down, instead of fading out to the sides.<\/p>\n<p>The footrest can carry 100 kg each and is also side and width adjustable. This makes access to intimate hygiene possible. Moreover people with the tissue placed on the inside of their leg can sit with legs apart and still have foot support. The footrest is covered with PU foam.<\/p>\n<p>The commode wheeler has a split toilet seat, a long open hole measuring 44 cm and 22 cm at the widest point. It eases access for caregivers and avoids incidents.<\/p>\n<p>The space between backrest and seat leaves space for a possible bulbose gluteal region, but also enables the caregivers to reach for the sling and position the user better. Shower Commode has two differents types of armrests. Classic armrests and armrests bending out like a butterfly, so the body doesn\u2019t get squeezed, getting in and out the shower commode. The butterfly armrests of the shower commode also provide much better functionality for the user. Straight and short armrests can make it is almost impossible for a bariatric user to get a good grip.<\/p>\n<h5>Maintenance and cleaning<\/h5>\n<p>The white frame components and the seat and armrests may be cleaned with water and a household detergent. To thoroughly clean the seat: unscrew the four screws under the seat and clean. Make sure to fasten the seat properly again.<\/p>\n<p>See our other <a href=\"https:\/\/www.cobirehab.com\/en\/product-category\/shower-toilet\/\">bariatric shower commodes<\/a> under Shower And Toilet.<\/p>\n<p>Find <a href=\"https:\/\/hmi-basen.dk\/en\/r11x.asp?linkinfo=19795\">Shower Commode<\/a>\u00a0on the Danish Assist Data.<\/p>\n<h5>Specialized in positioning solutions for bariatric users<\/h5>\n<p>Cobi Rehab has specialized in positioning solutions for bariatric patients for all hours of the day with the purpose of providing independency, comfort and relief. Cobi Rehab\u2019s focal point is respect for the individual. Innovation, proactivity, quality and empathy are our basic building block and valid in relation to everything we do.<\/p>\n<p>Our positioning solutions are based on solid knowledge about use of the product and the effect of helping, with emphasis on dignity and a good working environment, both for the user and care giver. Our products are strongly engineered and functionally designed and have a weight capacity of up to 325 kg. Our product portfolio consists of wheelchairs, shower commodes, shower benches, patient\/dinner chairs, wheeled walkers, walking frames, canes, as well as beds and mattresses.<\/p>\n<p>Based in Denmark Cobi Rehab supply both to the private and public sector all over the world. Our goal is to provide professional advice and high quality products within a short time frame. Cobi Rehab\u2019s staff members are highly experienced within occupational therapy and have hands-on experience with bariatric patients.r all over the world. Our goal is to provide professional advice and high quality products within a short time frame. Cobi Rehab\u2019s staff members are highly experienced within occupational therapy and have hands-on experience with bariatric patients.<\/p>\n<p class=\"p1\"><strong><span style=\"color: #93a79b;\">&#8211;\u00a0Long armrests provide easy access<\/span><\/strong><br \/>\n<strong><span style=\"color: #93a79b;\">&#8211; Extra seat width with butterfly armrests<\/span><\/strong><\/p>\n<p>&nbsp;<\/p>\n","protected":false},"excerpt":{"rendered":"<p>We have aimed at designing the best shower commode on the market. It is designed for easy access, independence, safety and on the caregiver terms.<\/p>\n<hr \/>\n<h4><\/h4>\n<h4>Ideal use for&#8230;<\/h4>\n<p>&#8211; Bariatric users in bariatric departments, institutions, private homes and in hospitals.<\/p>\n","protected":false},"featured_media":5517,"comment_status":"closed","ping_status":"closed","template":"","meta":{"_et_pb_use_builder":"off","_et_pb_old_content":"<strong>Bred indvendig og smal udvendig<\/strong>\r\nStolen f\u00e5s i 2 st\u00f8rrelser med en s\u00e6debredde p\u00e5 61 og 71 cm. Stolen er konstrueret med et 5 cm h\u00f8jt PU skums\u00e6de og 7 cm \u00e5bning mellem s\u00e6de og arml\u00e6n. Herved opn\u00e5s, at v\u00e6vet falder ned og ikke breder sig til siderne. Det umulige paradoks: \u201dbred indvendig og smal udvendig\u201d er opn\u00e5et, og stolen kan komme igennem de fleste moderne d\u00f8r\u00e5bninger.\r\n\r\n<strong>Robuste fodst\u00f8tter<\/strong>\r\nFodst\u00f8tterne er designet til at kunne b\u00e6re 100 kg hver og er endvidere indstillelige i b\u00e5de h\u00f8jden og i bredden op til et ydre m\u00e5l p\u00e5 110 cm. Derfor kan brugere med meget fedtv\u00e6v p\u00e5 indersiden af l\u00e5ret med fordel benytte stolen. Denne indstilling giver ogs\u00e5 hygiejniske fordele.\r\n\r\n<strong>Rygl\u00e6n med frigang<\/strong>\r\nUnder rygl\u00e6net er en frigang ned til s\u00e6det p\u00e5 32 cm, som giver mulighed for at lade v\u00e6vet i glutealregionen stikke lidt bagud. Herved opn\u00e5s st\u00f8tte i ryggen, og samtidig giver det plejepersonalet mulighed for at r\u00e6kke ind efter et sejl og hj\u00e6lpe til med at placere brugeren korrekt.\r\n\r\n<strong>Funktionelle arml\u00e6n<\/strong>\r\nGrundet v\u00e6vsh\u00e6mning kan bariatriske brugere ofte ikke f\u00f8re armene langt nok tilbage til at f\u00e5 fat i almindelige stolearml\u00e6n, n\u00e5r de skal s\u00e6tte sig.\r\n\r\nArml\u00e6nene p\u00e5 XXL-Rehab Badetoiletstolen har en l\u00e6ngde p\u00e5 64 cm og stikker 7 cm frem foran siddefladen. Dette hj\u00e6lper brugeren til at f\u00e5 nemmere fat med h\u00e6nderne og s\u00e6tte sig sikkert i stolen, til gavn for b\u00e5de plejepersonalet og brugeren. Arml\u00e6nene er endvidere aftagelige og svingbare.\r\n\r\nHvis der er behov for ekstra bredde, kan XXL-Rehab Badetoi-letstolen monteres med butterfly arml\u00e6n, som giver ekstra stor plads i siddebredden.\r\n\r\n<strong>Hygiejne med omtanke\r\n<\/strong>XXL-Rehab Badetoiletstolen har et \u00e5bent, 2-delt toilets\u00e6de med 24 cm i bredden p\u00e5 det bredeste sted og slidsl\u00e6ngde p\u00e5 35 cm. Herved kan brugeren placeres korrekt, og uheld og spild undg\u00e5s. Endvidere kan plejepersonalet bedre kan komme til.\r\n\r\n<strong>Reng\u00f8ring\r\n<\/strong>S\u00e6de og arml\u00e6n kan nemt l\u00f8ftes af og s\u00e6ttes p\u00e5 ved reng\u00f8ring af stolen, uden brug af v\u00e6rkt\u00f8j. Stolen kan reng\u00f8res med almindelige reng\u00f8ringsmidler.\r\n<p class=\"p1\"><span style=\"color: #93a79b;\"><strong>-\u00a0Mulighed for ekstra siddebredde med butterfly arml\u00e6n<\/strong><\/span>\r\n<span style=\"color: #93a79b;\"><strong>- Robuste arml\u00e6n giver optimal brugerst\u00f8tte og sikkerhed<\/strong><\/span>\r\n<span style=\"color: #93a79b;\"><strong>- Bremser p\u00e5 baghjulene<\/strong><\/span><\/p>","_et_gb_content_width":""},"product_brand":[],"product_cat":[88],"product_tag":[240],"class_list":{"0":"post-2500","1":"product","2":"type-product","3":"status-publish","4":"has-post-thumbnail","6":"product_cat-shower-toilet","7":"product_tag-bariatric-shower-commode","9":"first","10":"instock","11":"shipping-taxable","12":"product-type-simple"},"yoast_head":"<!-- This site is optimized with the Yoast SEO plugin v27.2 - https:\/\/yoast.com\/product\/yoast-seo-wordpress\/ -->\n<title>Bariatric Shower Commode up to 325 kg | In stock | Order today.<\/title>\n<meta name=\"description\" content=\"Bariatric Shower Commode is designed to transfer bariatric users during transfers to and from the bathroom and during lavatory use.\" \/>\n<meta name=\"robots\" content=\"index, follow, max-snippet:-1, max-image-preview:large, max-video-preview:-1\" \/>\n<link rel=\"canonical\" href=\"https:\/\/www.cobirehab.com\/en\/product\/bariatric-shower-commode\/\" \/>\n<meta property=\"og:locale\" content=\"en_US\" \/>\n<meta property=\"og:type\" content=\"article\" \/>\n<meta property=\"og:title\" content=\"Bariatric Shower Commode up to 325 kg | In stock | Order today.\" \/>\n<meta property=\"og:description\" content=\"Bariatric Shower Commode is designed to transfer bariatric users during transfers to and from the bathroom and during lavatory use.\" \/>\n<meta property=\"og:url\" content=\"https:\/\/www.cobirehab.com\/en\/product\/bariatric-shower-commode\/\" \/>\n<meta property=\"og:site_name\" content=\"Cobi Rehab\" \/>\n<meta property=\"article:modified_time\" content=\"2024-08-06T09:53:02+00:00\" \/>\n<meta property=\"og:image\" content=\"https:\/\/www.cobirehab.com\/wp-content\/uploads\/2019\/02\/XXL-ShowerCommode-19-front-w.jpg\" \/>\n\t<meta property=\"og:image:width\" content=\"544\" \/>\n\t<meta property=\"og:image:height\" content=\"544\" \/>\n\t<meta property=\"og:image:type\" content=\"image\/jpeg\" \/>\n<meta name=\"twitter:card\" content=\"summary_large_image\" \/>\n<meta name=\"twitter:label1\" content=\"Est. reading time\" \/>\n\t<meta name=\"twitter:data1\" content=\"4 minutes\" \/>\n<script type=\"application\/ld+json\" class=\"yoast-schema-graph\">{\"@context\":\"https:\/\/schema.org\",\"@graph\":[{\"@type\":\"WebPage\",\"@id\":\"https:\/\/www.cobirehab.com\/en\/product\/bariatric-shower-commode\/\",\"url\":\"https:\/\/www.cobirehab.com\/en\/product\/bariatric-shower-commode\/\",\"name\":\"Bariatric Shower Commode up to 325 kg | In stock | Order today.\",\"isPartOf\":{\"@id\":\"https:\/\/www.cobirehab.com\/en\/#website\"},\"primaryImageOfPage\":{\"@id\":\"https:\/\/www.cobirehab.com\/en\/product\/bariatric-shower-commode\/#primaryimage\"},\"image\":{\"@id\":\"https:\/\/www.cobirehab.com\/en\/product\/bariatric-shower-commode\/#primaryimage\"},\"thumbnailUrl\":\"https:\/\/www.cobirehab.com\/wp-content\/uploads\/2019\/02\/XXL-ShowerCommode-19-front-w.jpg\",\"datePublished\":\"2018-04-24T09:47:03+00:00\",\"dateModified\":\"2024-08-06T09:53:02+00:00\",\"description\":\"Bariatric Shower Commode is designed to transfer bariatric users during transfers to and from the bathroom and during lavatory use.\",\"breadcrumb\":{\"@id\":\"https:\/\/www.cobirehab.com\/en\/product\/bariatric-shower-commode\/#breadcrumb\"},\"inLanguage\":\"en-US\",\"potentialAction\":[{\"@type\":\"ReadAction\",\"target\":[\"https:\/\/www.cobirehab.com\/en\/product\/bariatric-shower-commode\/\"]}]},{\"@type\":\"ImageObject\",\"inLanguage\":\"en-US\",\"@id\":\"https:\/\/www.cobirehab.com\/en\/product\/bariatric-shower-commode\/#primaryimage\",\"url\":\"https:\/\/www.cobirehab.com\/wp-content\/uploads\/2019\/02\/XXL-ShowerCommode-19-front-w.jpg\",\"contentUrl\":\"https:\/\/www.cobirehab.com\/wp-content\/uploads\/2019\/02\/XXL-ShowerCommode-19-front-w.jpg\",\"width\":544,\"height\":544,\"caption\":\"Bariatric Shower Commode Bariatrisk Badetoiletstol\"},{\"@type\":\"BreadcrumbList\",\"@id\":\"https:\/\/www.cobirehab.com\/en\/product\/bariatric-shower-commode\/#breadcrumb\",\"itemListElement\":[{\"@type\":\"ListItem\",\"position\":1,\"name\":\"Hjem\",\"item\":\"https:\/\/www.cobirehab.com\/\"},{\"@type\":\"ListItem\",\"position\":2,\"name\":\"Products\",\"item\":\"https:\/\/www.cobirehab.com\/en\/products\/\"},{\"@type\":\"ListItem\",\"position\":3,\"name\":\"Bariatric Shower Commode\"}]},{\"@type\":\"WebSite\",\"@id\":\"https:\/\/www.cobirehab.com\/en\/#website\",\"url\":\"https:\/\/www.cobirehab.com\/en\/\",\"name\":\"Cobi Rehab\",\"description\":\"The Positioning Company\",\"publisher\":{\"@id\":\"https:\/\/www.cobirehab.com\/en\/#organization\"},\"alternateName\":\"Cobi\",\"potentialAction\":[{\"@type\":\"SearchAction\",\"target\":{\"@type\":\"EntryPoint\",\"urlTemplate\":\"https:\/\/www.cobirehab.com\/en\/?s={search_term_string}\"},\"query-input\":{\"@type\":\"PropertyValueSpecification\",\"valueRequired\":true,\"valueName\":\"search_term_string\"}}],\"inLanguage\":\"en-US\"},{\"@type\":\"Organization\",\"@id\":\"https:\/\/www.cobirehab.com\/en\/#organization\",\"name\":\"Cobi Rehab\",\"url\":\"https:\/\/www.cobirehab.com\/en\/\",\"logo\":{\"@type\":\"ImageObject\",\"inLanguage\":\"en-US\",\"@id\":\"https:\/\/www.cobirehab.com\/en\/#\/schema\/logo\/image\/\",\"url\":\"https:\/\/www.cobirehab.com\/wp-content\/uploads\/2018\/04\/COBI-REHAB-17-logo-versA-pos.png\",\"contentUrl\":\"https:\/\/www.cobirehab.com\/wp-content\/uploads\/2018\/04\/COBI-REHAB-17-logo-versA-pos.png\",\"width\":1195,\"height\":768,\"caption\":\"Cobi Rehab\"},\"image\":{\"@id\":\"https:\/\/www.cobirehab.com\/en\/#\/schema\/logo\/image\/\"}}]}<\/script>\n<!-- \/ Yoast SEO plugin. -->","yoast_head_json":{"title":"Bariatric Shower Commode up to 325 kg | In stock | Order today.","description":"Bariatric Shower Commode is designed to transfer bariatric users during transfers to and from the bathroom and during lavatory use.","robots":{"index":"index","follow":"follow","max-snippet":"max-snippet:-1","max-image-preview":"max-image-preview:large","max-video-preview":"max-video-preview:-1"},"canonical":"https:\/\/www.cobirehab.com\/en\/product\/bariatric-shower-commode\/","og_locale":"en_US","og_type":"article","og_title":"Bariatric Shower Commode up to 325 kg | In stock | Order today.","og_description":"Bariatric Shower Commode is designed to transfer bariatric users during transfers to and from the bathroom and during lavatory use.","og_url":"https:\/\/www.cobirehab.com\/en\/product\/bariatric-shower-commode\/","og_site_name":"Cobi Rehab","article_modified_time":"2024-08-06T09:53:02+00:00","og_image":[{"width":544,"height":544,"url":"https:\/\/www.cobirehab.com\/wp-content\/uploads\/2019\/02\/XXL-ShowerCommode-19-front-w.jpg","type":"image\/jpeg"}],"twitter_card":"summary_large_image","twitter_misc":{"Est. reading time":"4 minutes"},"schema":{"@context":"https:\/\/schema.org","@graph":[{"@type":"WebPage","@id":"https:\/\/www.cobirehab.com\/en\/product\/bariatric-shower-commode\/","url":"https:\/\/www.cobirehab.com\/en\/product\/bariatric-shower-commode\/","name":"Bariatric Shower Commode up to 325 kg | In stock | Order today.","isPartOf":{"@id":"https:\/\/www.cobirehab.com\/en\/#website"},"primaryImageOfPage":{"@id":"https:\/\/www.cobirehab.com\/en\/product\/bariatric-shower-commode\/#primaryimage"},"image":{"@id":"https:\/\/www.cobirehab.com\/en\/product\/bariatric-shower-commode\/#primaryimage"},"thumbnailUrl":"https:\/\/www.cobirehab.com\/wp-content\/uploads\/2019\/02\/XXL-ShowerCommode-19-front-w.jpg","datePublished":"2018-04-24T09:47:03+00:00","dateModified":"2024-08-06T09:53:02+00:00","description":"Bariatric Shower Commode is designed to transfer bariatric users during transfers to and from the bathroom and during lavatory use.","breadcrumb":{"@id":"https:\/\/www.cobirehab.com\/en\/product\/bariatric-shower-commode\/#breadcrumb"},"inLanguage":"en-US","potentialAction":[{"@type":"ReadAction","target":["https:\/\/www.cobirehab.com\/en\/product\/bariatric-shower-commode\/"]}]},{"@type":"ImageObject","inLanguage":"en-US","@id":"https:\/\/www.cobirehab.com\/en\/product\/bariatric-shower-commode\/#primaryimage","url":"https:\/\/www.cobirehab.com\/wp-content\/uploads\/2019\/02\/XXL-ShowerCommode-19-front-w.jpg","contentUrl":"https:\/\/www.cobirehab.com\/wp-content\/uploads\/2019\/02\/XXL-ShowerCommode-19-front-w.jpg","width":544,"height":544,"caption":"Bariatric Shower Commode Bariatrisk Badetoiletstol"},{"@type":"BreadcrumbList","@id":"https:\/\/www.cobirehab.com\/en\/product\/bariatric-shower-commode\/#breadcrumb","itemListElement":[{"@type":"ListItem","position":1,"name":"Hjem","item":"https:\/\/www.cobirehab.com\/"},{"@type":"ListItem","position":2,"name":"Products","item":"https:\/\/www.cobirehab.com\/en\/products\/"},{"@type":"ListItem","position":3,"name":"Bariatric Shower Commode"}]},{"@type":"WebSite","@id":"https:\/\/www.cobirehab.com\/en\/#website","url":"https:\/\/www.cobirehab.com\/en\/","name":"Cobi Rehab","description":"The Positioning Company","publisher":{"@id":"https:\/\/www.cobirehab.com\/en\/#organization"},"alternateName":"Cobi","potentialAction":[{"@type":"SearchAction","target":{"@type":"EntryPoint","urlTemplate":"https:\/\/www.cobirehab.com\/en\/?s={search_term_string}"},"query-input":{"@type":"PropertyValueSpecification","valueRequired":true,"valueName":"search_term_string"}}],"inLanguage":"en-US"},{"@type":"Organization","@id":"https:\/\/www.cobirehab.com\/en\/#organization","name":"Cobi Rehab","url":"https:\/\/www.cobirehab.com\/en\/","logo":{"@type":"ImageObject","inLanguage":"en-US","@id":"https:\/\/www.cobirehab.com\/en\/#\/schema\/logo\/image\/","url":"https:\/\/www.cobirehab.com\/wp-content\/uploads\/2018\/04\/COBI-REHAB-17-logo-versA-pos.png","contentUrl":"https:\/\/www.cobirehab.com\/wp-content\/uploads\/2018\/04\/COBI-REHAB-17-logo-versA-pos.png","width":1195,"height":768,"caption":"Cobi Rehab"},"image":{"@id":"https:\/\/www.cobirehab.com\/en\/#\/schema\/logo\/image\/"}}]}},"_links":{"self":[{"href":"https:\/\/www.cobirehab.com\/en\/wp-json\/wp\/v2\/product\/2500","targetHints":{"allow":["GET"]}}],"collection":[{"href":"https:\/\/www.cobirehab.com\/en\/wp-json\/wp\/v2\/product"}],"about":[{"href":"https:\/\/www.cobirehab.com\/en\/wp-json\/wp\/v2\/types\/product"}],"replies":[{"embeddable":true,"href":"https:\/\/www.cobirehab.com\/en\/wp-json\/wp\/v2\/comments?post=2500"}],"wp:featuredmedia":[{"embeddable":true,"href":"https:\/\/www.cobirehab.com\/en\/wp-json\/wp\/v2\/media\/5517"}],"wp:attachment":[{"href":"https:\/\/www.cobirehab.com\/en\/wp-json\/wp\/v2\/media?parent=2500"}],"wp:term":[{"taxonomy":"product_brand","embeddable":true,"href":"https:\/\/www.cobirehab.com\/en\/wp-json\/wp\/v2\/product_brand?post=2500"},{"taxonomy":"product_cat","embeddable":true,"href":"https:\/\/www.cobirehab.com\/en\/wp-json\/wp\/v2\/product_cat?post=2500"},{"taxonomy":"product_tag","embeddable":true,"href":"https:\/\/www.cobirehab.com\/en\/wp-json\/wp\/v2\/product_tag?post=2500"}],"curies":[{"name":"wp","href":"https:\/\/api.w.org\/{rel}","templated":true}]}}