{"id":2484,"date":"2018-04-24T12:40:25","date_gmt":"2018-04-24T10:40:25","guid":{"rendered":"http:\/\/www.cobirehab.com\/produkt\/xxl-rehab-tilt-badetoiletstol\/"},"modified":"2024-08-06T11:56:13","modified_gmt":"2024-08-06T09:56:13","slug":"bariatric-shower-commode-tilt","status":"publish","type":"product","link":"https:\/\/www.cobirehab.com\/en\/product\/bariatric-shower-commode-tilt\/","title":{"rendered":"Bariatric Shower Commode Tilt"},"content":{"rendered":"<h1>Bariatric Shower Commode Tilt<\/h1>\n<p>Bariatric Shower Commode with Tilt has a 32 degree tilt position. It also have a weight capacity of 325 kg Safe Working Load. The shower commode with electric tilt is designed to provide a comfortable alternative showering system in instances where the prone position might cause discomfort or distress to the user.<br \/>\nIt may also be used in circumstances of limited space providing a bathing solution where other units may not have room for operation.<\/p>\n<p>Shower commode Tilt has two differents types of armrests. Classic armrests and armrests bending out like a butterfly, so the body doesn\u2019t get squeezed, getting in and out the shower commode. The butterfly armrests of the Rise N Tilt also provide much better functionality for the user. Straight and short armrests can make it is almost impossible for a bariatric user to get a good grip.<\/p>\n<h5>Making tasks easier and safer<\/h5>\n<p>Bariatric Shower Commode Tilt provides better access for the caregiver in terms of hygiene, skin and tissue care. It also provide better access when nursing\/dressing feet in standing position, because the caregiver can work in a safe and ergonomically sound way. Bariatric Shower Commode Tilt is suitable for patients with reduced muscle tone, pressure ulcers, spasm or amputations.<\/p>\n<h5>Improving care, efficiency and communication<\/h5>\n<p>This shower commode with electric tilt raises the efficiency of care because it enables a single caregiver to perform the whole showering procedure, as well as a wide range of everyday hygiene tasks. The high level of support provided by the shower commode results in streamlined routines. This means considerable time savings compared with traditional methods. It also enables the caregiver and the user to maintain eye contact for better communication.<\/p>\n<p>See our other <a href=\"https:\/\/www.cobirehab.com\/en\/product-category\/shower-toilet\/\">bariatric shower commodes<\/a> under Shower And Toilet.<\/p>\n<p>Find <a href=\"https:\/\/hmi-basen.dk\/en\/r11x.asp?linkinfo=34171\">Shower Commode Tilt<\/a> on the Danish Assist Data.<\/p>\n<h5>Specialized in positioning solutions for bariatric users<\/h5>\n<p>Cobi Rehab has specialized in positioning solutions for bariatric patients for all hours of the day with the purpose of providing independency, comfort and relief. Cobi Rehab\u2019s focal point is respect for the individual. Innovation, proactivity, quality and empathy are our basic building block and valid in relation to everything we do. Our positioning solutions are based on solid knowledge about use of the product and the effect of helping, with emphasis on dignity and a good working environment, both for the user and care giver. Our products are strongly engineered and functionally designed and have a weight capacity of up to 325 kg. Our product portfolio consists of wheelchairs, shower commodes, shower benches, patient\/dinner chairs, wheeled walkers, walking frames, canes, as well as beds and mattresses.<\/p>\n<p>Based in Denmark Cobi Rehab supply both to the private and public sector all over the world. Our goal is to provide professional advice and high quality products within a short time frame. Cobi Rehab\u2019s staff members are highly experienced within occupational therapy and have hands-on experience with bariatric patients.<\/p>\n<p class=\"p1\"><strong><span style=\"color: #93a79b;\">&#8211;\u00a0Electric tilt up to 32\u02da<br \/>\n<\/span><\/strong> <strong><span style=\"color: #93a79b;\">&#8211; The high backrest and sturdy armrests provide optimum user support and security<br \/>\n<\/span><\/strong> <strong><span style=\"color: #93a79b;\">&#8211; The reclined position gives full access for the caregiver to<\/span><\/strong> <strong><span style=\"color: #93a79b;\">most parts of the body and is very comfortable for the user<\/span><\/strong><\/p>\n<p>&nbsp;<\/p>\n","protected":false},"excerpt":{"rendered":"<p>Bariatric Shower Commode Electric Tilt has a 32 degree tilt position and a weight capacity of 325 kg Safe Working Load.<\/p>\n<p>This shower commode is designed to provide a comfortable alternative showering system in instances where the prone position might cause discomfort or distress to the user.<\/p>\n<hr \/>\n<h4><\/h4>\n<h4>\u00a0Ideal use for&#8230;<\/h4>\n<ul>\n<li>Bariatric users with reduced muscle tone, pressure sores or amputations.<\/li>\n<\/ul>\n","protected":false},"featured_media":5570,"comment_status":"closed","ping_status":"closed","template":"","meta":{"_et_pb_use_builder":"off","_et_pb_old_content":"<strong>G\u00f8r opgaverne nemmere og sikrere\r\n<\/strong>XXL-Rehab Tilt badetoiletstol g\u00f8r hygiejne-, hud- og v\u00e6vplejeopgaver nemmere for plejepersonalet . Sygepleje\/p\u00e5kl\u00e6dning af f\u00f8dder kan, for plejepersonalets vedkommende, foreg\u00e5 i st\u00e5ende stilling, hvilket sikrer en ergonomisk forsvarlig arbejdsstilling. Stolen g\u00f8r det muligt for plejepersonalet og brugeren at have \u00f8jenkontakt, hvilket giver langt bedre kommunikation.\r\n\r\n<strong>Bedre og effektiv pleje\r\n<\/strong>Tilt badetoiletstol \u00f8ger effektiviteten i plejen, fordi den g\u00f8r det muligt for \u00e9n person at udf\u00f8re hele badeproceduren, samt en bred vifte af hverdagens hygiejneopgaver. Badetoiletstolens enkle funktioner resulterer i str\u00f8mlinede rutiner, som giver optimering og sikkerhed af plejen i forhold til traditionelle badetoiletstole.\r\n<p class=\"p1\"><span style=\"color: #93a79b;\"><strong>- Indstillelig el-tiltfunktion\r\n<\/strong><\/span> <span style=\"color: #93a79b;\"><strong>- Ekstra bredde butterfly arml\u00e6n (tilk\u00f8b)\r\n<\/strong><\/span> <span style=\"color: #93a79b;\"><strong>- Bremser p\u00e5 alle 4 hjul\r\n<\/strong><\/span> <span style=\"color: #93a79b;\"><strong>- Betjenes med h\u00e5ndbetjening\r\n<\/strong><\/span> <span style=\"color: #93a79b;\"><strong>- H\u00f8jt rygl\u00e6n og robuste arml\u00e6n\r\n<\/strong><\/span><\/p>","_et_gb_content_width":""},"product_brand":[],"product_cat":[88],"product_tag":[240],"class_list":{"0":"post-2484","1":"product","2":"type-product","3":"status-publish","4":"has-post-thumbnail","6":"product_cat-shower-toilet","7":"product_tag-bariatric-shower-commode","9":"first","10":"instock","11":"shipping-taxable","12":"product-type-simple"},"yoast_head":"<!-- This site is optimized with the Yoast SEO plugin v27.2 - https:\/\/yoast.com\/product\/yoast-seo-wordpress\/ -->\n<title>Bariatric Shower Commode with Tilt up to 325 kg. | In stock.<\/title>\n<meta name=\"description\" content=\"Bariatric Shower Commode with Tilt raises the efficiency of care. Now a single caregiver can perform the whole showering procedure.\" \/>\n<meta name=\"robots\" content=\"index, follow, max-snippet:-1, max-image-preview:large, max-video-preview:-1\" \/>\n<link rel=\"canonical\" href=\"https:\/\/www.cobirehab.com\/en\/product\/bariatric-shower-commode-tilt\/\" \/>\n<meta property=\"og:locale\" content=\"en_US\" \/>\n<meta property=\"og:type\" content=\"article\" \/>\n<meta property=\"og:title\" content=\"Bariatric Shower Commode with Tilt up to 325 kg. | In stock.\" \/>\n<meta property=\"og:description\" content=\"Bariatric Shower Commode with Tilt raises the efficiency of care. Now a single caregiver can perform the whole showering procedure.\" \/>\n<meta property=\"og:url\" content=\"https:\/\/www.cobirehab.com\/en\/product\/bariatric-shower-commode-tilt\/\" \/>\n<meta property=\"og:site_name\" content=\"Cobi Rehab\" \/>\n<meta property=\"article:modified_time\" content=\"2024-08-06T09:56:13+00:00\" \/>\n<meta property=\"og:image\" content=\"https:\/\/www.cobirehab.com\/wp-content\/uploads\/2019\/02\/XXL-ShowerCommodeTilt-19-armrests-w.jpg\" \/>\n\t<meta property=\"og:image:width\" content=\"544\" \/>\n\t<meta property=\"og:image:height\" content=\"544\" \/>\n\t<meta property=\"og:image:type\" content=\"image\/jpeg\" \/>\n<meta name=\"twitter:card\" content=\"summary_large_image\" \/>\n<meta name=\"twitter:label1\" content=\"Est. reading time\" \/>\n\t<meta name=\"twitter:data1\" content=\"4 minutes\" \/>\n<script type=\"application\/ld+json\" class=\"yoast-schema-graph\">{\"@context\":\"https:\/\/schema.org\",\"@graph\":[{\"@type\":\"WebPage\",\"@id\":\"https:\/\/www.cobirehab.com\/en\/product\/bariatric-shower-commode-tilt\/\",\"url\":\"https:\/\/www.cobirehab.com\/en\/product\/bariatric-shower-commode-tilt\/\",\"name\":\"Bariatric Shower Commode with Tilt up to 325 kg. | In stock.\",\"isPartOf\":{\"@id\":\"https:\/\/www.cobirehab.com\/en\/#website\"},\"primaryImageOfPage\":{\"@id\":\"https:\/\/www.cobirehab.com\/en\/product\/bariatric-shower-commode-tilt\/#primaryimage\"},\"image\":{\"@id\":\"https:\/\/www.cobirehab.com\/en\/product\/bariatric-shower-commode-tilt\/#primaryimage\"},\"thumbnailUrl\":\"https:\/\/www.cobirehab.com\/wp-content\/uploads\/2019\/02\/XXL-ShowerCommodeTilt-19-armrests-w.jpg\",\"datePublished\":\"2018-04-24T10:40:25+00:00\",\"dateModified\":\"2024-08-06T09:56:13+00:00\",\"description\":\"Bariatric Shower Commode with Tilt raises the efficiency of care. Now a single caregiver can perform the whole showering procedure.\",\"breadcrumb\":{\"@id\":\"https:\/\/www.cobirehab.com\/en\/product\/bariatric-shower-commode-tilt\/#breadcrumb\"},\"inLanguage\":\"en-US\",\"potentialAction\":[{\"@type\":\"ReadAction\",\"target\":[\"https:\/\/www.cobirehab.com\/en\/product\/bariatric-shower-commode-tilt\/\"]}]},{\"@type\":\"ImageObject\",\"inLanguage\":\"en-US\",\"@id\":\"https:\/\/www.cobirehab.com\/en\/product\/bariatric-shower-commode-tilt\/#primaryimage\",\"url\":\"https:\/\/www.cobirehab.com\/wp-content\/uploads\/2019\/02\/XXL-ShowerCommodeTilt-19-armrests-w.jpg\",\"contentUrl\":\"https:\/\/www.cobirehab.com\/wp-content\/uploads\/2019\/02\/XXL-ShowerCommodeTilt-19-armrests-w.jpg\",\"width\":544,\"height\":544,\"caption\":\"Bariatrisk Bariatric Shower Commode Tilt\"},{\"@type\":\"BreadcrumbList\",\"@id\":\"https:\/\/www.cobirehab.com\/en\/product\/bariatric-shower-commode-tilt\/#breadcrumb\",\"itemListElement\":[{\"@type\":\"ListItem\",\"position\":1,\"name\":\"Hjem\",\"item\":\"https:\/\/www.cobirehab.com\/\"},{\"@type\":\"ListItem\",\"position\":2,\"name\":\"Products\",\"item\":\"https:\/\/www.cobirehab.com\/en\/products\/\"},{\"@type\":\"ListItem\",\"position\":3,\"name\":\"Bariatric Shower Commode Tilt\"}]},{\"@type\":\"WebSite\",\"@id\":\"https:\/\/www.cobirehab.com\/en\/#website\",\"url\":\"https:\/\/www.cobirehab.com\/en\/\",\"name\":\"Cobi Rehab\",\"description\":\"The Positioning Company\",\"publisher\":{\"@id\":\"https:\/\/www.cobirehab.com\/en\/#organization\"},\"alternateName\":\"Cobi\",\"potentialAction\":[{\"@type\":\"SearchAction\",\"target\":{\"@type\":\"EntryPoint\",\"urlTemplate\":\"https:\/\/www.cobirehab.com\/en\/?s={search_term_string}\"},\"query-input\":{\"@type\":\"PropertyValueSpecification\",\"valueRequired\":true,\"valueName\":\"search_term_string\"}}],\"inLanguage\":\"en-US\"},{\"@type\":\"Organization\",\"@id\":\"https:\/\/www.cobirehab.com\/en\/#organization\",\"name\":\"Cobi Rehab\",\"url\":\"https:\/\/www.cobirehab.com\/en\/\",\"logo\":{\"@type\":\"ImageObject\",\"inLanguage\":\"en-US\",\"@id\":\"https:\/\/www.cobirehab.com\/en\/#\/schema\/logo\/image\/\",\"url\":\"https:\/\/www.cobirehab.com\/wp-content\/uploads\/2018\/04\/COBI-REHAB-17-logo-versA-pos.png\",\"contentUrl\":\"https:\/\/www.cobirehab.com\/wp-content\/uploads\/2018\/04\/COBI-REHAB-17-logo-versA-pos.png\",\"width\":1195,\"height\":768,\"caption\":\"Cobi Rehab\"},\"image\":{\"@id\":\"https:\/\/www.cobirehab.com\/en\/#\/schema\/logo\/image\/\"}}]}<\/script>\n<!-- \/ Yoast SEO plugin. -->","yoast_head_json":{"title":"Bariatric Shower Commode with Tilt up to 325 kg. | In stock.","description":"Bariatric Shower Commode with Tilt raises the efficiency of care. Now a single caregiver can perform the whole showering procedure.","robots":{"index":"index","follow":"follow","max-snippet":"max-snippet:-1","max-image-preview":"max-image-preview:large","max-video-preview":"max-video-preview:-1"},"canonical":"https:\/\/www.cobirehab.com\/en\/product\/bariatric-shower-commode-tilt\/","og_locale":"en_US","og_type":"article","og_title":"Bariatric Shower Commode with Tilt up to 325 kg. | In stock.","og_description":"Bariatric Shower Commode with Tilt raises the efficiency of care. Now a single caregiver can perform the whole showering procedure.","og_url":"https:\/\/www.cobirehab.com\/en\/product\/bariatric-shower-commode-tilt\/","og_site_name":"Cobi Rehab","article_modified_time":"2024-08-06T09:56:13+00:00","og_image":[{"width":544,"height":544,"url":"https:\/\/www.cobirehab.com\/wp-content\/uploads\/2019\/02\/XXL-ShowerCommodeTilt-19-armrests-w.jpg","type":"image\/jpeg"}],"twitter_card":"summary_large_image","twitter_misc":{"Est. reading time":"4 minutes"},"schema":{"@context":"https:\/\/schema.org","@graph":[{"@type":"WebPage","@id":"https:\/\/www.cobirehab.com\/en\/product\/bariatric-shower-commode-tilt\/","url":"https:\/\/www.cobirehab.com\/en\/product\/bariatric-shower-commode-tilt\/","name":"Bariatric Shower Commode with Tilt up to 325 kg. | In stock.","isPartOf":{"@id":"https:\/\/www.cobirehab.com\/en\/#website"},"primaryImageOfPage":{"@id":"https:\/\/www.cobirehab.com\/en\/product\/bariatric-shower-commode-tilt\/#primaryimage"},"image":{"@id":"https:\/\/www.cobirehab.com\/en\/product\/bariatric-shower-commode-tilt\/#primaryimage"},"thumbnailUrl":"https:\/\/www.cobirehab.com\/wp-content\/uploads\/2019\/02\/XXL-ShowerCommodeTilt-19-armrests-w.jpg","datePublished":"2018-04-24T10:40:25+00:00","dateModified":"2024-08-06T09:56:13+00:00","description":"Bariatric Shower Commode with Tilt raises the efficiency of care. Now a single caregiver can perform the whole showering procedure.","breadcrumb":{"@id":"https:\/\/www.cobirehab.com\/en\/product\/bariatric-shower-commode-tilt\/#breadcrumb"},"inLanguage":"en-US","potentialAction":[{"@type":"ReadAction","target":["https:\/\/www.cobirehab.com\/en\/product\/bariatric-shower-commode-tilt\/"]}]},{"@type":"ImageObject","inLanguage":"en-US","@id":"https:\/\/www.cobirehab.com\/en\/product\/bariatric-shower-commode-tilt\/#primaryimage","url":"https:\/\/www.cobirehab.com\/wp-content\/uploads\/2019\/02\/XXL-ShowerCommodeTilt-19-armrests-w.jpg","contentUrl":"https:\/\/www.cobirehab.com\/wp-content\/uploads\/2019\/02\/XXL-ShowerCommodeTilt-19-armrests-w.jpg","width":544,"height":544,"caption":"Bariatrisk Bariatric Shower Commode Tilt"},{"@type":"BreadcrumbList","@id":"https:\/\/www.cobirehab.com\/en\/product\/bariatric-shower-commode-tilt\/#breadcrumb","itemListElement":[{"@type":"ListItem","position":1,"name":"Hjem","item":"https:\/\/www.cobirehab.com\/"},{"@type":"ListItem","position":2,"name":"Products","item":"https:\/\/www.cobirehab.com\/en\/products\/"},{"@type":"ListItem","position":3,"name":"Bariatric Shower Commode Tilt"}]},{"@type":"WebSite","@id":"https:\/\/www.cobirehab.com\/en\/#website","url":"https:\/\/www.cobirehab.com\/en\/","name":"Cobi Rehab","description":"The Positioning Company","publisher":{"@id":"https:\/\/www.cobirehab.com\/en\/#organization"},"alternateName":"Cobi","potentialAction":[{"@type":"SearchAction","target":{"@type":"EntryPoint","urlTemplate":"https:\/\/www.cobirehab.com\/en\/?s={search_term_string}"},"query-input":{"@type":"PropertyValueSpecification","valueRequired":true,"valueName":"search_term_string"}}],"inLanguage":"en-US"},{"@type":"Organization","@id":"https:\/\/www.cobirehab.com\/en\/#organization","name":"Cobi Rehab","url":"https:\/\/www.cobirehab.com\/en\/","logo":{"@type":"ImageObject","inLanguage":"en-US","@id":"https:\/\/www.cobirehab.com\/en\/#\/schema\/logo\/image\/","url":"https:\/\/www.cobirehab.com\/wp-content\/uploads\/2018\/04\/COBI-REHAB-17-logo-versA-pos.png","contentUrl":"https:\/\/www.cobirehab.com\/wp-content\/uploads\/2018\/04\/COBI-REHAB-17-logo-versA-pos.png","width":1195,"height":768,"caption":"Cobi Rehab"},"image":{"@id":"https:\/\/www.cobirehab.com\/en\/#\/schema\/logo\/image\/"}}]}},"_links":{"self":[{"href":"https:\/\/www.cobirehab.com\/en\/wp-json\/wp\/v2\/product\/2484","targetHints":{"allow":["GET"]}}],"collection":[{"href":"https:\/\/www.cobirehab.com\/en\/wp-json\/wp\/v2\/product"}],"about":[{"href":"https:\/\/www.cobirehab.com\/en\/wp-json\/wp\/v2\/types\/product"}],"replies":[{"embeddable":true,"href":"https:\/\/www.cobirehab.com\/en\/wp-json\/wp\/v2\/comments?post=2484"}],"wp:featuredmedia":[{"embeddable":true,"href":"https:\/\/www.cobirehab.com\/en\/wp-json\/wp\/v2\/media\/5570"}],"wp:attachment":[{"href":"https:\/\/www.cobirehab.com\/en\/wp-json\/wp\/v2\/media?parent=2484"}],"wp:term":[{"taxonomy":"product_brand","embeddable":true,"href":"https:\/\/www.cobirehab.com\/en\/wp-json\/wp\/v2\/product_brand?post=2484"},{"taxonomy":"product_cat","embeddable":true,"href":"https:\/\/www.cobirehab.com\/en\/wp-json\/wp\/v2\/product_cat?post=2484"},{"taxonomy":"product_tag","embeddable":true,"href":"https:\/\/www.cobirehab.com\/en\/wp-json\/wp\/v2\/product_tag?post=2484"}],"curies":[{"name":"wp","href":"https:\/\/api.w.org\/{rel}","templated":true}]}}