{"id":10418,"date":"2020-02-03T15:24:33","date_gmt":"2020-02-03T14:24:33","guid":{"rendered":"https:\/\/www.cobirehab.com\/?post_type=product&#038;p=10418"},"modified":"2023-04-13T09:34:28","modified_gmt":"2023-04-13T07:34:28","slug":"sit-sack","status":"publish","type":"product","link":"https:\/\/www.cobirehab.com\/en\/product\/sit-sack\/","title":{"rendered":"Lasal Sit Sack"},"content":{"rendered":"<p>The Lasal Sit Sack is available in 3 sizes and can be used in both sitting and lying position. When sitting in it you will quickly get the feeling that it is solid, soft and modulable at the same time. The user is allowed to move a little without the Sit Sack changing its shape notably, which is due to the filling and not comparable to other cushions.<\/p>\n<p>The combination of the small polystyrene beads in a flexible cover as well as the outside cover in cotton does that the cushions forms individually after the user and the underlay. The user is allowed to move a little without the Lasal Sit Sack changing its shape notably, which is due to the filling. This feature makes Lasal Sit Sack not comparable to other sit sacks.<\/p>\n<p>The Lasal Sit Sack can be ordered with a colored cover in cotton or a hygiene cover.<\/p>\n<p>Follow link\u00a0<a href=\"https:\/\/www.cobirehab.com\/en\/product-category\/lasal-products\/\">here<\/a> to our entire range of Lasal Cushions . Follow link <a href=\"https:\/\/hmi-basen.dk\/en\/r11x.asp?linkinfo=31886\">here<\/a> to it on the Danish AssistData.<\/p>\n<p>&nbsp;<\/p>\n<h5><strong>Cleaning and maintenance of the effort cushions<\/strong><\/h5>\n<p>The outside cover in cotton is washable at 60\u00b0 C and can be tumble dried. The cover in white color is washable at 90\u00b0 C and can be tumble dried. All the cotton covers shrink 5%.<\/p>\n<p>The hygiene cover is washable at 95\u00b0 C and can be tumble dried. The hygiene cover can be wiped with alcohol, industrial washing powder and cloths with chlorine (max. 1000ppm).<\/p>\n<p>The polyester cover can be wiped with alcohol and a cloth with chlorine (max. 1000ppm). The inner cushion can not be wiped with chemical products or solvents. This can dissolve the polystyrene beads.<\/p>\n<h5><strong>Specification<\/strong><\/h5>\n<p>The fill material of the Lasal Sit Sack is made of flame retardant EPS beads (Expanded Polystyrene). The inner cushion is made by PU-covered flame retardant polyester textile. The outside cover is made of 100% \u00d6KO TEX certified pearl cotton.<\/p>\n<p>The hygiene cover is machine washable at 60\u00b0 C and can be tumble dried.<\/p>\n<p>The polyester cover can be wiped with alcohol, cloths with chlorine or normal cleaning products with water.<\/p>\n<h5><strong>Disposal<\/strong><\/h5>\n<p>The Sit Sack can be disposed of together with common household waste.<\/p>\n","protected":false},"excerpt":{"rendered":"<p>The Lasal Sit Sack is developed for users with a special need of support and stabilization in everyday life. The chair embraces as well as stabilizes the user when seated or lying in the Lasal Sit Sack.<\/p>\n<p>The Lasal\u00a0 Sit Sack is available in three different sizes.<\/p>\n<hr \/>\n<p>For use within<\/p>\n<p>&#8211; Rehabilitation<\/p>\n","protected":false},"featured_media":10165,"comment_status":"closed","ping_status":"closed","template":"","meta":{"_et_pb_use_builder":"off","_et_pb_old_content":"<strong>Stor tyngde og anatomisk design<\/strong>\r\nI designet af Cobi lejringspuder har vi lagt stor v\u00e6gt p\u00e5, at puderne er meget kropsn\u00e6re og kan komme t\u00e6t p\u00e5 brugeren. Der er en stor tyngde i puderne, s\u00e5 de bliver, hvor de bliver positioneret og st\u00f8tter op, s\u00e5 lejringen af brugeren forbliver stabil.\r\n\r\n<strong>Anvendelig til mange patientgrupper<\/strong>\r\nPuderne er s\u00e6rdeles velegnet til lejring af brugere med blandt andet pareser, sclerose patienter, hjerneskadede, neurologiske patienter, smertepatienter og mennesker i palliative forl\u00f8b, hvor f\u00e5 og selv sm\u00e5 bev\u00e6gelser vil udl\u00f8se smerter. F\u00e6lles for disse grupper af patienter er, at langt de fleste af dem er i h\u00f8j risiko for at udvikle v\u00e6vsskade og tryks\u00e5r.\r\n\r\n<strong>Eksempler p\u00e5 lejring<\/strong>\r\nCobi S\u00f8hest pude er den komplette sidelejringspude. Alle de n\u00f8dvendige komponenter for en god sidelejring er samlet i \u00e9n og samme pude.\r\nCobi S\u00f8hest pude kan ogs\u00e5 anvendes med Cobi Finne pude, som g\u00f8r front lejring exceptionel.\r\n\r\n<strong>Beroligende effekt<\/strong>\r\nForuden at kunne afhj\u00e6lpe tryk og \u00f8ge trykfordelingen, er puderne s\u00e6rdeles velegnet til brug for neds\u00e6ttelse af spasticitet, samt giver en taktil stimuli, hvilket er meget relevant for blandt andet demente. Brugeren f\u00e5r en afgr\u00e6nsende fornemmelse af kroppen, hvilket ofte har en beroligende effekt og \u00f8ger komforten.\r\n\r\n<strong>Konstruktion\r\n<\/strong>Cobi lejringspuder er lavet af materialer, der n\u00e6nsomt og stabilt st\u00f8tter og fordeler v\u00e6gten. Pudernes stof er vandt\u00e6t, men samtidig \u00e5ndbart. Stoffet er anti-svampe behandlet og ikke sensibiliserende, uden brug af nano materialer. Derudover er puderne\u00a0luftt\u00e6tte og fyldt med sm\u00e5 Kr\u00f8yer kugler, granulat og v\u00e6gtfylde, hvilket sikrer, at stillingen holdes og puderne ikke \u00e6ndrer facon.\r\n\r\nDer f\u00e5s 2 typer betr\u00e6k, et hygiejnebetr\u00e6k og et ekstra bl\u00f8dt jerseybetr\u00e6k. Hygiejnebetr\u00e6kket er et utroligt str\u00e6kbart PU materiale, antibakterielt forseglet, som g\u00f8r det ekstra modstandsdygtigt og uigennemtr\u00e6ngeligt for bakterier, og derfor meget hygiejnisk i brug. Betr\u00e6kket er endvidere \u00e5ndbart, str\u00e6kbart og brandh\u00e6mmende. Jerseybetr\u00e6kket af 100% \u00f8kologisk bomuld er ekstra bl\u00f8dt stof, som er str\u00e6kbart.\r\n\r\n<span style=\"color: #93a79b\"><strong>- Til s\u00e6rlige lejringsbehov<\/strong><\/span>\r\n<span style=\"color: #93a79b\"><strong>- Kurver sig omkring knoglefremspring og fordeler trykket<\/strong><\/span>\r\n<span style=\"color: #93a79b\"><strong>- Perfekt til lejring i Semi-Fowler liggestilling<\/strong><\/span>\r\n<span style=\"color: #93a79b\"><strong>- G\u00f8r det muligt og nemt at lejre sideliggende<\/strong><\/span>\r\n<span style=\"color: #93a79b\"><strong>- Antibakterielt forseglede<\/strong><\/span>\r\n<span style=\"color: #93a79b\"><strong>- 2 typer aftagelige vaskbare betr\u00e6k<\/strong><\/span>\r\n<span style=\"color: #93a79b\"><strong>- Giver sansestimuli<\/strong><\/span>","_et_gb_content_width":""},"product_brand":[],"product_cat":[203],"product_tag":[236],"class_list":{"0":"post-10418","1":"product","2":"type-product","3":"status-publish","4":"has-post-thumbnail","6":"product_cat-positioning-cushions","7":"product_tag-cushion","9":"first","10":"instock","11":"shipping-taxable","12":"product-type-simple"},"yoast_head":"<!-- This site is optimized with the Yoast SEO plugin v27.2 - https:\/\/yoast.com\/product\/yoast-seo-wordpress\/ -->\n<title>Sit Sack for users with a special need of support and stabilization.<\/title>\n<meta name=\"description\" content=\"Sit Sack embraces and stabilizes the user when seated or lying in the Sit Sack | Three different sizes | Order today +45 7025 2522\" \/>\n<meta name=\"robots\" content=\"index, follow, max-snippet:-1, max-image-preview:large, max-video-preview:-1\" \/>\n<link rel=\"canonical\" href=\"https:\/\/www.cobirehab.com\/en\/product\/sit-sack\/\" \/>\n<meta property=\"og:locale\" content=\"en_US\" \/>\n<meta property=\"og:type\" content=\"article\" \/>\n<meta property=\"og:title\" content=\"Sit Sack for users with a special need of support and stabilization.\" \/>\n<meta property=\"og:description\" content=\"Sit Sack embraces and stabilizes the user when seated or lying in the Sit Sack | Three different sizes | Order today +45 7025 2522\" \/>\n<meta property=\"og:url\" content=\"https:\/\/www.cobirehab.com\/en\/product\/sit-sack\/\" \/>\n<meta property=\"og:site_name\" content=\"Cobi Rehab\" \/>\n<meta property=\"article:modified_time\" content=\"2023-04-13T07:34:28+00:00\" \/>\n<meta property=\"og:image\" content=\"https:\/\/www.cobirehab.com\/wp-content\/uploads\/2020\/01\/s\u00e6kkestol-barn-1-1024x682-1.jpg\" \/>\n\t<meta property=\"og:image:width\" content=\"1024\" \/>\n\t<meta property=\"og:image:height\" content=\"682\" \/>\n\t<meta property=\"og:image:type\" content=\"image\/jpeg\" \/>\n<meta name=\"twitter:card\" content=\"summary_large_image\" \/>\n<meta name=\"twitter:label1\" content=\"Est. reading time\" \/>\n\t<meta name=\"twitter:data1\" content=\"2 minutes\" \/>\n<script type=\"application\/ld+json\" class=\"yoast-schema-graph\">{\"@context\":\"https:\/\/schema.org\",\"@graph\":[{\"@type\":\"WebPage\",\"@id\":\"https:\/\/www.cobirehab.com\/en\/product\/sit-sack\/\",\"url\":\"https:\/\/www.cobirehab.com\/en\/product\/sit-sack\/\",\"name\":\"Sit Sack for users with a special need of support and stabilization.\",\"isPartOf\":{\"@id\":\"https:\/\/www.cobirehab.com\/en\/#website\"},\"primaryImageOfPage\":{\"@id\":\"https:\/\/www.cobirehab.com\/en\/product\/sit-sack\/#primaryimage\"},\"image\":{\"@id\":\"https:\/\/www.cobirehab.com\/en\/product\/sit-sack\/#primaryimage\"},\"thumbnailUrl\":\"https:\/\/www.cobirehab.com\/wp-content\/uploads\/2020\/01\/s\u00e6kkestol-barn-1-1024x682-1.jpg\",\"datePublished\":\"2020-02-03T14:24:33+00:00\",\"dateModified\":\"2023-04-13T07:34:28+00:00\",\"description\":\"Sit Sack embraces and stabilizes the user when seated or lying in the Sit Sack | Three different sizes | Order today +45 7025 2522\",\"breadcrumb\":{\"@id\":\"https:\/\/www.cobirehab.com\/en\/product\/sit-sack\/#breadcrumb\"},\"inLanguage\":\"en-US\",\"potentialAction\":[{\"@type\":\"ReadAction\",\"target\":[\"https:\/\/www.cobirehab.com\/en\/product\/sit-sack\/\"]}]},{\"@type\":\"ImageObject\",\"inLanguage\":\"en-US\",\"@id\":\"https:\/\/www.cobirehab.com\/en\/product\/sit-sack\/#primaryimage\",\"url\":\"https:\/\/www.cobirehab.com\/wp-content\/uploads\/2020\/01\/s\u00e6kkestol-barn-1-1024x682-1.jpg\",\"contentUrl\":\"https:\/\/www.cobirehab.com\/wp-content\/uploads\/2020\/01\/s\u00e6kkestol-barn-1-1024x682-1.jpg\",\"width\":1024,\"height\":682,\"caption\":\"S\u00e6kkestol til lejring sitt sack for positioning\"},{\"@type\":\"BreadcrumbList\",\"@id\":\"https:\/\/www.cobirehab.com\/en\/product\/sit-sack\/#breadcrumb\",\"itemListElement\":[{\"@type\":\"ListItem\",\"position\":1,\"name\":\"Hjem\",\"item\":\"https:\/\/www.cobirehab.com\/\"},{\"@type\":\"ListItem\",\"position\":2,\"name\":\"Products\",\"item\":\"https:\/\/www.cobirehab.com\/en\/products\/\"},{\"@type\":\"ListItem\",\"position\":3,\"name\":\"Lasal Sit Sack\"}]},{\"@type\":\"WebSite\",\"@id\":\"https:\/\/www.cobirehab.com\/en\/#website\",\"url\":\"https:\/\/www.cobirehab.com\/en\/\",\"name\":\"Cobi Rehab\",\"description\":\"The Positioning Company\",\"publisher\":{\"@id\":\"https:\/\/www.cobirehab.com\/en\/#organization\"},\"alternateName\":\"Cobi\",\"potentialAction\":[{\"@type\":\"SearchAction\",\"target\":{\"@type\":\"EntryPoint\",\"urlTemplate\":\"https:\/\/www.cobirehab.com\/en\/?s={search_term_string}\"},\"query-input\":{\"@type\":\"PropertyValueSpecification\",\"valueRequired\":true,\"valueName\":\"search_term_string\"}}],\"inLanguage\":\"en-US\"},{\"@type\":\"Organization\",\"@id\":\"https:\/\/www.cobirehab.com\/en\/#organization\",\"name\":\"Cobi Rehab\",\"url\":\"https:\/\/www.cobirehab.com\/en\/\",\"logo\":{\"@type\":\"ImageObject\",\"inLanguage\":\"en-US\",\"@id\":\"https:\/\/www.cobirehab.com\/en\/#\/schema\/logo\/image\/\",\"url\":\"https:\/\/www.cobirehab.com\/wp-content\/uploads\/2018\/04\/COBI-REHAB-17-logo-versA-pos.png\",\"contentUrl\":\"https:\/\/www.cobirehab.com\/wp-content\/uploads\/2018\/04\/COBI-REHAB-17-logo-versA-pos.png\",\"width\":1195,\"height\":768,\"caption\":\"Cobi Rehab\"},\"image\":{\"@id\":\"https:\/\/www.cobirehab.com\/en\/#\/schema\/logo\/image\/\"}}]}<\/script>\n<!-- \/ Yoast SEO plugin. -->","yoast_head_json":{"title":"Sit Sack for users with a special need of support and stabilization.","description":"Sit Sack embraces and stabilizes the user when seated or lying in the Sit Sack | Three different sizes | Order today +45 7025 2522","robots":{"index":"index","follow":"follow","max-snippet":"max-snippet:-1","max-image-preview":"max-image-preview:large","max-video-preview":"max-video-preview:-1"},"canonical":"https:\/\/www.cobirehab.com\/en\/product\/sit-sack\/","og_locale":"en_US","og_type":"article","og_title":"Sit Sack for users with a special need of support and stabilization.","og_description":"Sit Sack embraces and stabilizes the user when seated or lying in the Sit Sack | Three different sizes | Order today +45 7025 2522","og_url":"https:\/\/www.cobirehab.com\/en\/product\/sit-sack\/","og_site_name":"Cobi Rehab","article_modified_time":"2023-04-13T07:34:28+00:00","og_image":[{"width":1024,"height":682,"url":"https:\/\/www.cobirehab.com\/wp-content\/uploads\/2020\/01\/s\u00e6kkestol-barn-1-1024x682-1.jpg","type":"image\/jpeg"}],"twitter_card":"summary_large_image","twitter_misc":{"Est. reading time":"2 minutes"},"schema":{"@context":"https:\/\/schema.org","@graph":[{"@type":"WebPage","@id":"https:\/\/www.cobirehab.com\/en\/product\/sit-sack\/","url":"https:\/\/www.cobirehab.com\/en\/product\/sit-sack\/","name":"Sit Sack for users with a special need of support and stabilization.","isPartOf":{"@id":"https:\/\/www.cobirehab.com\/en\/#website"},"primaryImageOfPage":{"@id":"https:\/\/www.cobirehab.com\/en\/product\/sit-sack\/#primaryimage"},"image":{"@id":"https:\/\/www.cobirehab.com\/en\/product\/sit-sack\/#primaryimage"},"thumbnailUrl":"https:\/\/www.cobirehab.com\/wp-content\/uploads\/2020\/01\/s\u00e6kkestol-barn-1-1024x682-1.jpg","datePublished":"2020-02-03T14:24:33+00:00","dateModified":"2023-04-13T07:34:28+00:00","description":"Sit Sack embraces and stabilizes the user when seated or lying in the Sit Sack | Three different sizes | Order today +45 7025 2522","breadcrumb":{"@id":"https:\/\/www.cobirehab.com\/en\/product\/sit-sack\/#breadcrumb"},"inLanguage":"en-US","potentialAction":[{"@type":"ReadAction","target":["https:\/\/www.cobirehab.com\/en\/product\/sit-sack\/"]}]},{"@type":"ImageObject","inLanguage":"en-US","@id":"https:\/\/www.cobirehab.com\/en\/product\/sit-sack\/#primaryimage","url":"https:\/\/www.cobirehab.com\/wp-content\/uploads\/2020\/01\/s\u00e6kkestol-barn-1-1024x682-1.jpg","contentUrl":"https:\/\/www.cobirehab.com\/wp-content\/uploads\/2020\/01\/s\u00e6kkestol-barn-1-1024x682-1.jpg","width":1024,"height":682,"caption":"S\u00e6kkestol til lejring sitt sack for positioning"},{"@type":"BreadcrumbList","@id":"https:\/\/www.cobirehab.com\/en\/product\/sit-sack\/#breadcrumb","itemListElement":[{"@type":"ListItem","position":1,"name":"Hjem","item":"https:\/\/www.cobirehab.com\/"},{"@type":"ListItem","position":2,"name":"Products","item":"https:\/\/www.cobirehab.com\/en\/products\/"},{"@type":"ListItem","position":3,"name":"Lasal Sit Sack"}]},{"@type":"WebSite","@id":"https:\/\/www.cobirehab.com\/en\/#website","url":"https:\/\/www.cobirehab.com\/en\/","name":"Cobi Rehab","description":"The Positioning Company","publisher":{"@id":"https:\/\/www.cobirehab.com\/en\/#organization"},"alternateName":"Cobi","potentialAction":[{"@type":"SearchAction","target":{"@type":"EntryPoint","urlTemplate":"https:\/\/www.cobirehab.com\/en\/?s={search_term_string}"},"query-input":{"@type":"PropertyValueSpecification","valueRequired":true,"valueName":"search_term_string"}}],"inLanguage":"en-US"},{"@type":"Organization","@id":"https:\/\/www.cobirehab.com\/en\/#organization","name":"Cobi Rehab","url":"https:\/\/www.cobirehab.com\/en\/","logo":{"@type":"ImageObject","inLanguage":"en-US","@id":"https:\/\/www.cobirehab.com\/en\/#\/schema\/logo\/image\/","url":"https:\/\/www.cobirehab.com\/wp-content\/uploads\/2018\/04\/COBI-REHAB-17-logo-versA-pos.png","contentUrl":"https:\/\/www.cobirehab.com\/wp-content\/uploads\/2018\/04\/COBI-REHAB-17-logo-versA-pos.png","width":1195,"height":768,"caption":"Cobi Rehab"},"image":{"@id":"https:\/\/www.cobirehab.com\/en\/#\/schema\/logo\/image\/"}}]}},"_links":{"self":[{"href":"https:\/\/www.cobirehab.com\/en\/wp-json\/wp\/v2\/product\/10418","targetHints":{"allow":["GET"]}}],"collection":[{"href":"https:\/\/www.cobirehab.com\/en\/wp-json\/wp\/v2\/product"}],"about":[{"href":"https:\/\/www.cobirehab.com\/en\/wp-json\/wp\/v2\/types\/product"}],"replies":[{"embeddable":true,"href":"https:\/\/www.cobirehab.com\/en\/wp-json\/wp\/v2\/comments?post=10418"}],"wp:featuredmedia":[{"embeddable":true,"href":"https:\/\/www.cobirehab.com\/en\/wp-json\/wp\/v2\/media\/10165"}],"wp:attachment":[{"href":"https:\/\/www.cobirehab.com\/en\/wp-json\/wp\/v2\/media?parent=10418"}],"wp:term":[{"taxonomy":"product_brand","embeddable":true,"href":"https:\/\/www.cobirehab.com\/en\/wp-json\/wp\/v2\/product_brand?post=10418"},{"taxonomy":"product_cat","embeddable":true,"href":"https:\/\/www.cobirehab.com\/en\/wp-json\/wp\/v2\/product_cat?post=10418"},{"taxonomy":"product_tag","embeddable":true,"href":"https:\/\/www.cobirehab.com\/en\/wp-json\/wp\/v2\/product_tag?post=10418"}],"curies":[{"name":"wp","href":"https:\/\/api.w.org\/{rel}","templated":true}]}}