{"id":10417,"date":"2020-02-03T15:23:56","date_gmt":"2020-02-03T14:23:56","guid":{"rendered":"https:\/\/www.cobirehab.com\/?post_type=product&#038;p=10417"},"modified":"2025-03-19T09:05:00","modified_gmt":"2025-03-19T08:05:00","slug":"lasal-flotation-cushions","status":"publish","type":"product","link":"https:\/\/www.cobirehab.com\/en\/product\/lasal-flotation-cushions\/","title":{"rendered":"Flotation Cushions"},"content":{"rendered":"<h1>Lasal flotation cushions<\/h1>\n<p>Lasal flotation cushions are the perfect choice when you need cushions in water. Lasal flotation cushions are used for positioning during water training and others forms of water therapy. The cushions are used by users with a special need of support and stabilization in the water. The cushions flow effect and material ensure the user a safe and comfortable experience. The cushion flow also provides increasing mobility and stability during training in water. For therapists and assistants, the Lasal flotation cushions enhances the ability to perform exercises in the water, where otherwise two helpers would be needed.<\/p>\n<p>The cushions come in different shapes and sizes.<\/p>\n<h5><strong>Cleaning and maintenance<\/strong><\/h5>\n<p>After use, rince the outer cover thoroughly in non-chlorinated water. When drying the flotation cushions must be placed with the blue mesh facing downwards. This allows the water to drain from the cushions. The cushions take quite a long time to drip dry and we therefore recommend use exclusively in \u201cwet\u201d environments.<\/p>\n<p>The cushions can be hand washed with water and plain soap and drip dried or cleaned\/disinfected with alcohol. Do not bleach or use fabric softener and other additives containing solvents on the cushions.<\/p>\n<p><strong>Machine wash<\/strong><\/p>\n<p>Flotation Cushions can be washed in a washing machine at max. 60\u00b0C.\u00a0Due to its size and weight, Flotation Cushions must be washed in a washing machine large enough to handle the size of the cushions.\u00a0Make sure to use a laundry bag with one cushion in each bag. The laundry bag must have fine mesh in order to protect the washing machine from the cushion filling. If the filling comes out of the cushion, the washing machine can be damaged.<\/p>\n<p>Use ordinary detergent, but no fabric softener!<\/p>\n<p><strong>Tumble dryer<\/strong><\/p>\n<p>Flotation Cushions can be dried in a drying cabinet or in a dryer at a maximum of 60\u00b0C.\u00a0When tumble drying use an intact laundry bag.\u00a0The laundry bag must have fine mesh to protect the tumble drier from the cushion filling.\u00a0If the filling comes out of the cushion, the tumble drier can be damaged.\u00a0Temperatures above 70\u00b0C destroy the filling as the polystyrene beads melt above 71\u00b0C.<\/p>\n<p><strong>Disinfection<\/strong><\/p>\n<p>Flotation Cushions can be disinfected with a disinfectant with a PH value below 11.4.\u00a0Note that Flotation Cushions must not be shared between users. Flotation Cushions should be dedicated to one single user at a time. This is done to avoid cross-contamination.<\/p>\n<p><strong>Specification<\/strong><\/p>\n<p>The fill material is made of flame retarded EPS beads (Expanded Polystyrene). Outside cover is made of 100% polyester, which are not flame retardant.<\/p>\n<p>Follow link <a href=\"https:\/\/www.cobirehab.com\/en\/product-category\/positioning-cushions\/\">here<\/a> to our entire range of positioning cushions .<\/p>\n<p>Follow link <a href=\"https:\/\/hmi-basen.dk\/en\/r11x.asp?linkinfo=35561\">here<\/a> to flotation cushions on the Danish AssistData.<\/p>\n","protected":false},"excerpt":{"rendered":"<p>Lasal float Cushions are used for positioning during water training and others forms of water therapy. The cushions are used by users with neurology damage or users with a special need of support and stabilization in the water.<\/p>\n<p>For the therapists and assistants, it enhances the ability to perform exercises in the water, where otherwise two helpers would be needed.<\/p>\n<hr \/>\n<p>Used for:<\/p>\n<p>&#8211; Comfort and security in the water<br \/>\n&#8211;\u00a0Stabilization of the user in the water<br \/>\n&#8211;\u00a0Increased mobility of the user in the water practice<\/p>\n","protected":false},"featured_media":9320,"comment_status":"closed","ping_status":"closed","template":"","meta":{"_et_pb_use_builder":"off","_et_pb_old_content":"<strong>Stor tyngde og anatomisk design<\/strong>\r\nI designet af Cobi lejringspuder har vi lagt stor v\u00e6gt p\u00e5, at puderne er meget kropsn\u00e6re og kan komme t\u00e6t p\u00e5 brugeren. Der er en stor tyngde i puderne, s\u00e5 de bliver, hvor de bliver positioneret og st\u00f8tter op, s\u00e5 lejringen af brugeren forbliver stabil.\r\n\r\n<strong>Anvendelig til mange patientgrupper<\/strong>\r\nPuderne er s\u00e6rdeles velegnet til lejring af brugere med blandt andet pareser, sclerose patienter, hjerneskadede, neurologiske patienter, smertepatienter og mennesker i palliative forl\u00f8b, hvor f\u00e5 og selv sm\u00e5 bev\u00e6gelser vil udl\u00f8se smerter. F\u00e6lles for disse grupper af patienter er, at langt de fleste af dem er i h\u00f8j risiko for at udvikle v\u00e6vsskade og tryks\u00e5r.\r\n\r\n<strong>Eksempler p\u00e5 lejring<\/strong>\r\nCobi S\u00f8hest pude er den komplette sidelejringspude. Alle de n\u00f8dvendige komponenter for en god sidelejring er samlet i \u00e9n og samme pude.\r\nCobi S\u00f8hest pude kan ogs\u00e5 anvendes med Cobi Finne pude, som g\u00f8r front lejring exceptionel.\r\n\r\n<strong>Beroligende effekt<\/strong>\r\nForuden at kunne afhj\u00e6lpe tryk og \u00f8ge trykfordelingen, er puderne s\u00e6rdeles velegnet til brug for neds\u00e6ttelse af spasticitet, samt giver en taktil stimuli, hvilket er meget relevant for blandt andet demente. Brugeren f\u00e5r en afgr\u00e6nsende fornemmelse af kroppen, hvilket ofte har en beroligende effekt og \u00f8ger komforten.\r\n\r\n<strong>Konstruktion\r\n<\/strong>Cobi lejringspuder er lavet af materialer, der n\u00e6nsomt og stabilt st\u00f8tter og fordeler v\u00e6gten. Pudernes stof er vandt\u00e6t, men samtidig \u00e5ndbart. Stoffet er anti-svampe behandlet og ikke sensibiliserende, uden brug af nano materialer. Derudover er puderne\u00a0luftt\u00e6tte og fyldt med sm\u00e5 Kr\u00f8yer kugler, granulat og v\u00e6gtfylde, hvilket sikrer, at stillingen holdes og puderne ikke \u00e6ndrer facon.\r\n\r\nDer f\u00e5s 2 typer betr\u00e6k, et hygiejnebetr\u00e6k og et ekstra bl\u00f8dt jerseybetr\u00e6k. Hygiejnebetr\u00e6kket er et utroligt str\u00e6kbart PU materiale, antibakterielt forseglet, som g\u00f8r det ekstra modstandsdygtigt og uigennemtr\u00e6ngeligt for bakterier, og derfor meget hygiejnisk i brug. Betr\u00e6kket er endvidere \u00e5ndbart, str\u00e6kbart og brandh\u00e6mmende. Jerseybetr\u00e6kket af 100% \u00f8kologisk bomuld er ekstra bl\u00f8dt stof, som er str\u00e6kbart.\r\n\r\n<span style=\"color: #93a79b\"><strong>- Til s\u00e6rlige lejringsbehov<\/strong><\/span>\r\n<span style=\"color: #93a79b\"><strong>- Kurver sig omkring knoglefremspring og fordeler trykket<\/strong><\/span>\r\n<span style=\"color: #93a79b\"><strong>- Perfekt til lejring i Semi-Fowler liggestilling<\/strong><\/span>\r\n<span style=\"color: #93a79b\"><strong>- G\u00f8r det muligt og nemt at lejre sideliggende<\/strong><\/span>\r\n<span style=\"color: #93a79b\"><strong>- Antibakterielt forseglede<\/strong><\/span>\r\n<span style=\"color: #93a79b\"><strong>- 2 typer aftagelige vaskbare betr\u00e6k<\/strong><\/span>\r\n<span style=\"color: #93a79b\"><strong>- Giver sansestimuli<\/strong><\/span>","_et_gb_content_width":""},"product_brand":[],"product_cat":[88,203],"product_tag":[237],"class_list":{"0":"post-10417","1":"product","2":"type-product","3":"status-publish","4":"has-post-thumbnail","6":"product_cat-shower-toilet","7":"product_cat-positioning-cushions","8":"product_tag-flotation-cushions","10":"first","11":"instock","12":"shipping-taxable","13":"product-type-simple"},"yoast_head":"<!-- This site is optimized with the Yoast SEO plugin v27.2 - https:\/\/yoast.com\/product\/yoast-seo-wordpress\/ -->\n<title>Lasal flotation cushions for positioning during water therapy<\/title>\n<meta name=\"description\" content=\"Lasal flotation cushions for positioning during water therapy. For users with neurology damage or need of support and stabilization in water.\" \/>\n<meta name=\"robots\" content=\"index, follow, max-snippet:-1, max-image-preview:large, max-video-preview:-1\" \/>\n<link rel=\"canonical\" href=\"https:\/\/www.cobirehab.com\/en\/product\/lasal-flotation-cushions\/\" \/>\n<meta property=\"og:locale\" content=\"en_US\" \/>\n<meta property=\"og:type\" content=\"article\" \/>\n<meta property=\"og:title\" content=\"Lasal flotation cushions for positioning during water therapy\" \/>\n<meta property=\"og:description\" content=\"Lasal flotation cushions for positioning during water therapy. For users with neurology damage or need of support and stabilization in water.\" \/>\n<meta property=\"og:url\" content=\"https:\/\/www.cobirehab.com\/en\/product\/lasal-flotation-cushions\/\" \/>\n<meta property=\"og:site_name\" content=\"Cobi Rehab\" \/>\n<meta property=\"article:modified_time\" content=\"2025-03-19T08:05:00+00:00\" \/>\n<meta property=\"og:image\" content=\"https:\/\/www.cobirehab.com\/wp-content\/uploads\/2019\/10\/badeblomst-1-scaled.jpg\" \/>\n\t<meta property=\"og:image:width\" content=\"2560\" \/>\n\t<meta property=\"og:image:height\" content=\"1707\" \/>\n\t<meta property=\"og:image:type\" content=\"image\/jpeg\" \/>\n<meta name=\"twitter:card\" content=\"summary_large_image\" \/>\n<meta name=\"twitter:label1\" content=\"Est. reading time\" \/>\n\t<meta name=\"twitter:data1\" content=\"3 minutes\" \/>\n<script type=\"application\/ld+json\" class=\"yoast-schema-graph\">{\"@context\":\"https:\/\/schema.org\",\"@graph\":[{\"@type\":\"WebPage\",\"@id\":\"https:\/\/www.cobirehab.com\/en\/product\/lasal-flotation-cushions\/\",\"url\":\"https:\/\/www.cobirehab.com\/en\/product\/lasal-flotation-cushions\/\",\"name\":\"Lasal flotation cushions for positioning during water therapy\",\"isPartOf\":{\"@id\":\"https:\/\/www.cobirehab.com\/en\/#website\"},\"primaryImageOfPage\":{\"@id\":\"https:\/\/www.cobirehab.com\/en\/product\/lasal-flotation-cushions\/#primaryimage\"},\"image\":{\"@id\":\"https:\/\/www.cobirehab.com\/en\/product\/lasal-flotation-cushions\/#primaryimage\"},\"thumbnailUrl\":\"https:\/\/www.cobirehab.com\/wp-content\/uploads\/2019\/10\/badeblomst-1-scaled.jpg\",\"datePublished\":\"2020-02-03T14:23:56+00:00\",\"dateModified\":\"2025-03-19T08:05:00+00:00\",\"description\":\"Lasal flotation cushions for positioning during water therapy. For users with neurology damage or need of support and stabilization in water.\",\"breadcrumb\":{\"@id\":\"https:\/\/www.cobirehab.com\/en\/product\/lasal-flotation-cushions\/#breadcrumb\"},\"inLanguage\":\"en-US\",\"potentialAction\":[{\"@type\":\"ReadAction\",\"target\":[\"https:\/\/www.cobirehab.com\/en\/product\/lasal-flotation-cushions\/\"]}]},{\"@type\":\"ImageObject\",\"inLanguage\":\"en-US\",\"@id\":\"https:\/\/www.cobirehab.com\/en\/product\/lasal-flotation-cushions\/#primaryimage\",\"url\":\"https:\/\/www.cobirehab.com\/wp-content\/uploads\/2019\/10\/badeblomst-1-scaled.jpg\",\"contentUrl\":\"https:\/\/www.cobirehab.com\/wp-content\/uploads\/2019\/10\/badeblomst-1-scaled.jpg\",\"width\":2560,\"height\":1707,\"caption\":\"Flytkudde badeblomst L\"},{\"@type\":\"BreadcrumbList\",\"@id\":\"https:\/\/www.cobirehab.com\/en\/product\/lasal-flotation-cushions\/#breadcrumb\",\"itemListElement\":[{\"@type\":\"ListItem\",\"position\":1,\"name\":\"Hjem\",\"item\":\"https:\/\/www.cobirehab.com\/\"},{\"@type\":\"ListItem\",\"position\":2,\"name\":\"Products\",\"item\":\"https:\/\/www.cobirehab.com\/en\/products\/\"},{\"@type\":\"ListItem\",\"position\":3,\"name\":\"Flotation Cushions\"}]},{\"@type\":\"WebSite\",\"@id\":\"https:\/\/www.cobirehab.com\/en\/#website\",\"url\":\"https:\/\/www.cobirehab.com\/en\/\",\"name\":\"Cobi Rehab\",\"description\":\"The Positioning Company\",\"publisher\":{\"@id\":\"https:\/\/www.cobirehab.com\/en\/#organization\"},\"alternateName\":\"Cobi\",\"potentialAction\":[{\"@type\":\"SearchAction\",\"target\":{\"@type\":\"EntryPoint\",\"urlTemplate\":\"https:\/\/www.cobirehab.com\/en\/?s={search_term_string}\"},\"query-input\":{\"@type\":\"PropertyValueSpecification\",\"valueRequired\":true,\"valueName\":\"search_term_string\"}}],\"inLanguage\":\"en-US\"},{\"@type\":\"Organization\",\"@id\":\"https:\/\/www.cobirehab.com\/en\/#organization\",\"name\":\"Cobi Rehab\",\"url\":\"https:\/\/www.cobirehab.com\/en\/\",\"logo\":{\"@type\":\"ImageObject\",\"inLanguage\":\"en-US\",\"@id\":\"https:\/\/www.cobirehab.com\/en\/#\/schema\/logo\/image\/\",\"url\":\"https:\/\/www.cobirehab.com\/wp-content\/uploads\/2018\/04\/COBI-REHAB-17-logo-versA-pos.png\",\"contentUrl\":\"https:\/\/www.cobirehab.com\/wp-content\/uploads\/2018\/04\/COBI-REHAB-17-logo-versA-pos.png\",\"width\":1195,\"height\":768,\"caption\":\"Cobi Rehab\"},\"image\":{\"@id\":\"https:\/\/www.cobirehab.com\/en\/#\/schema\/logo\/image\/\"}}]}<\/script>\n<!-- \/ Yoast SEO plugin. -->","yoast_head_json":{"title":"Lasal flotation cushions for positioning during water therapy","description":"Lasal flotation cushions for positioning during water therapy. For users with neurology damage or need of support and stabilization in water.","robots":{"index":"index","follow":"follow","max-snippet":"max-snippet:-1","max-image-preview":"max-image-preview:large","max-video-preview":"max-video-preview:-1"},"canonical":"https:\/\/www.cobirehab.com\/en\/product\/lasal-flotation-cushions\/","og_locale":"en_US","og_type":"article","og_title":"Lasal flotation cushions for positioning during water therapy","og_description":"Lasal flotation cushions for positioning during water therapy. For users with neurology damage or need of support and stabilization in water.","og_url":"https:\/\/www.cobirehab.com\/en\/product\/lasal-flotation-cushions\/","og_site_name":"Cobi Rehab","article_modified_time":"2025-03-19T08:05:00+00:00","og_image":[{"width":2560,"height":1707,"url":"https:\/\/www.cobirehab.com\/wp-content\/uploads\/2019\/10\/badeblomst-1-scaled.jpg","type":"image\/jpeg"}],"twitter_card":"summary_large_image","twitter_misc":{"Est. reading time":"3 minutes"},"schema":{"@context":"https:\/\/schema.org","@graph":[{"@type":"WebPage","@id":"https:\/\/www.cobirehab.com\/en\/product\/lasal-flotation-cushions\/","url":"https:\/\/www.cobirehab.com\/en\/product\/lasal-flotation-cushions\/","name":"Lasal flotation cushions for positioning during water therapy","isPartOf":{"@id":"https:\/\/www.cobirehab.com\/en\/#website"},"primaryImageOfPage":{"@id":"https:\/\/www.cobirehab.com\/en\/product\/lasal-flotation-cushions\/#primaryimage"},"image":{"@id":"https:\/\/www.cobirehab.com\/en\/product\/lasal-flotation-cushions\/#primaryimage"},"thumbnailUrl":"https:\/\/www.cobirehab.com\/wp-content\/uploads\/2019\/10\/badeblomst-1-scaled.jpg","datePublished":"2020-02-03T14:23:56+00:00","dateModified":"2025-03-19T08:05:00+00:00","description":"Lasal flotation cushions for positioning during water therapy. For users with neurology damage or need of support and stabilization in water.","breadcrumb":{"@id":"https:\/\/www.cobirehab.com\/en\/product\/lasal-flotation-cushions\/#breadcrumb"},"inLanguage":"en-US","potentialAction":[{"@type":"ReadAction","target":["https:\/\/www.cobirehab.com\/en\/product\/lasal-flotation-cushions\/"]}]},{"@type":"ImageObject","inLanguage":"en-US","@id":"https:\/\/www.cobirehab.com\/en\/product\/lasal-flotation-cushions\/#primaryimage","url":"https:\/\/www.cobirehab.com\/wp-content\/uploads\/2019\/10\/badeblomst-1-scaled.jpg","contentUrl":"https:\/\/www.cobirehab.com\/wp-content\/uploads\/2019\/10\/badeblomst-1-scaled.jpg","width":2560,"height":1707,"caption":"Flytkudde badeblomst L"},{"@type":"BreadcrumbList","@id":"https:\/\/www.cobirehab.com\/en\/product\/lasal-flotation-cushions\/#breadcrumb","itemListElement":[{"@type":"ListItem","position":1,"name":"Hjem","item":"https:\/\/www.cobirehab.com\/"},{"@type":"ListItem","position":2,"name":"Products","item":"https:\/\/www.cobirehab.com\/en\/products\/"},{"@type":"ListItem","position":3,"name":"Flotation Cushions"}]},{"@type":"WebSite","@id":"https:\/\/www.cobirehab.com\/en\/#website","url":"https:\/\/www.cobirehab.com\/en\/","name":"Cobi Rehab","description":"The Positioning Company","publisher":{"@id":"https:\/\/www.cobirehab.com\/en\/#organization"},"alternateName":"Cobi","potentialAction":[{"@type":"SearchAction","target":{"@type":"EntryPoint","urlTemplate":"https:\/\/www.cobirehab.com\/en\/?s={search_term_string}"},"query-input":{"@type":"PropertyValueSpecification","valueRequired":true,"valueName":"search_term_string"}}],"inLanguage":"en-US"},{"@type":"Organization","@id":"https:\/\/www.cobirehab.com\/en\/#organization","name":"Cobi Rehab","url":"https:\/\/www.cobirehab.com\/en\/","logo":{"@type":"ImageObject","inLanguage":"en-US","@id":"https:\/\/www.cobirehab.com\/en\/#\/schema\/logo\/image\/","url":"https:\/\/www.cobirehab.com\/wp-content\/uploads\/2018\/04\/COBI-REHAB-17-logo-versA-pos.png","contentUrl":"https:\/\/www.cobirehab.com\/wp-content\/uploads\/2018\/04\/COBI-REHAB-17-logo-versA-pos.png","width":1195,"height":768,"caption":"Cobi Rehab"},"image":{"@id":"https:\/\/www.cobirehab.com\/en\/#\/schema\/logo\/image\/"}}]}},"_links":{"self":[{"href":"https:\/\/www.cobirehab.com\/en\/wp-json\/wp\/v2\/product\/10417","targetHints":{"allow":["GET"]}}],"collection":[{"href":"https:\/\/www.cobirehab.com\/en\/wp-json\/wp\/v2\/product"}],"about":[{"href":"https:\/\/www.cobirehab.com\/en\/wp-json\/wp\/v2\/types\/product"}],"replies":[{"embeddable":true,"href":"https:\/\/www.cobirehab.com\/en\/wp-json\/wp\/v2\/comments?post=10417"}],"wp:featuredmedia":[{"embeddable":true,"href":"https:\/\/www.cobirehab.com\/en\/wp-json\/wp\/v2\/media\/9320"}],"wp:attachment":[{"href":"https:\/\/www.cobirehab.com\/en\/wp-json\/wp\/v2\/media?parent=10417"}],"wp:term":[{"taxonomy":"product_brand","embeddable":true,"href":"https:\/\/www.cobirehab.com\/en\/wp-json\/wp\/v2\/product_brand?post=10417"},{"taxonomy":"product_cat","embeddable":true,"href":"https:\/\/www.cobirehab.com\/en\/wp-json\/wp\/v2\/product_cat?post=10417"},{"taxonomy":"product_tag","embeddable":true,"href":"https:\/\/www.cobirehab.com\/en\/wp-json\/wp\/v2\/product_tag?post=10417"}],"curies":[{"name":"wp","href":"https:\/\/api.w.org\/{rel}","templated":true}]}}