{"id":10415,"date":"2020-02-03T15:16:11","date_gmt":"2020-02-03T14:16:11","guid":{"rendered":"https:\/\/www.cobirehab.com\/?post_type=product&#038;p=10415"},"modified":"2023-04-13T09:28:18","modified_gmt":"2023-04-13T07:28:18","slug":"embracer-cushions-for-support-and-stabilization","status":"publish","type":"product","link":"https:\/\/www.cobirehab.com\/en\/product\/embracer-cushions-for-support-and-stabilization\/","title":{"rendered":"Lasal Embracer Cushions"},"content":{"rendered":"<h5><strong>Lasal Embracer Cushion<\/strong><\/h5>\n<p>Cushions for support and stabilization from Lasal e.g. the Lasal Embracer Cushion can be used by children as well as adults within all areas of the healthcare system. The cushion is used for support and to relieve pressure on in different situations, e.g. in the wheel chair, the chair or in bed.<\/p>\n<p>The very moldable cushion create a positioning with a larger surface giving the user a comfortable and pressure relieving feeling. Combined with Lasal\u2019s wide range of Positioning Cushions in various sizes and shapes, it is possible to create an individual position tailored to every single user. The cushions\u2019 close body contact is also a contributing factor when creating the feeling of safety and comfort. The posture is easily adjusted which is vital to ensure the essential variation and hinder the arise of complications as a consequence of immobility. For more information please see our guide on Lasal Embracer.<\/p>\n<p><strong>In spite of high user comfort and maximum pressure distribution the Lasal Embracer Cushions for support and stabilization must not be considered an anti-decubitus product.<\/strong><\/p>\n<h5><strong>Cleaning<\/strong><\/h5>\n<p>Outer cover (100% \u00d6KO TEX certified cotton): Coloured covers are machine washable at 60\u00b0 C. Higher temperature will affect the colour that will fade over time. Wash separately or with similar colours.<br \/>\nTumble dry at low temperature. About 3 % shrinkage. White covers can be machine washed and tumble dried at max. 90\u00b0 C. About 5 % shrinkage.<\/p>\n<p>Inner cover (PU-covered and flame retardant polyester textile): Can be wiped off with alcohol or common cleaning agents diluted in water. NOT machine washable. EPS-beads melt at temperatures above 71\u00b0 C. Therefore washing machine \/ tumble dryer will be damaged if EPS-beads come into contact<br \/>\nwith the heating element in these machines.<\/p>\n<p>Care should be taken that the pH value of the used disinfection should be below 11.4. Do not use fabric softener or any other additive containing solvents.<\/p>\n<p>Hygiene Cover with zip (PU-covered and FR polyester textile): Can be machine washed and tumble dried at max. 95\u00b0 C. No shrinkage. Tolerates alcohol and all industrial detergents. Care should be taken that the pH value of the used disinfection should be below 11.4. Do not use fabric softener or any other additive containing solvents.<\/p>\n<p>In order to ensure adequate channels for transportation of water when the textiles are squeezed together in the washing machine, it is recommended to wash covered textiles together with noncovered textiles at a one-to-one ratio.<\/p>\n<h5><strong>Maintenance and storing<\/strong><\/h5>\n<p>Apart from common cleaning, Lasal cushions does not require any special maintenance. The cushions should be stored in dry conditions and at room temperature. Avoid contact with sharp edges and pointed items or rough surfaces. Keep the cushion out of direct sunlight for longer periods.<\/p>\n<h5><strong>Safety information<\/strong><\/h5>\n<p>It is important always to read the user guide before using the product. The cushion should be used only as described in this user guide.<\/p>\n<p>&#8211; Extra attention should be paid to children below 3 years and people who are unable to move on their own or take care of themselves.<br \/>\n&#8211; Never place a cushion in a way that may block the user\u2019s airways.<br \/>\n&#8211; Do not use the cushion in combination with electric blankets as the user may feel uncomfortable due to overheating.<br \/>\n&#8211; Do not use a PC or other technical devise in or on top of Lasal Embracer as the technical devices may become overheated and in worst case cause fire.<\/p>\n<h5><strong>Disposal<\/strong><\/h5>\n<p>Lasal Embracer can be disposed of as common household waste (flammable waste). If there is a leak in the cushion allowing EPS-beads to flow out onto e.g. the floor, the beads can easily be<br \/>\nremoved with a vacuum cleaner and then disposed of.<\/p>\n<p>Follow link <a href=\"https:\/\/www.cobirehab.com\/en\/product-category\/positioning-cushions\/\">here<\/a> to more Positioning Cushions.<\/p>\n<p>Follow link <a href=\"https:\/\/hmi-basen.dk\/en\/r11x.asp?linkinfo=31370\">here<\/a> to see the Lasal Embracer Cushions at the Danish AssistData.<\/p>\n","protected":false},"excerpt":{"rendered":"<p>The Lasal Embracer Cushion is ideal for the user, who needs extra support for the torso when sitting in the armchair and\/or the wheelchair. Place the cushion embracing the user from the neck, around the shoulders and arms and closing in front of the hands.<\/p>\n<p>Provides support for users with a tendency to hang to one side or with arms falling down on both sides.<\/p>\n<hr \/>\n<p>Used within:<\/p>\n<p>&#8211; Neurology<br \/>\n&#8211; Pain treatment<\/p>\n","protected":false},"featured_media":10148,"comment_status":"closed","ping_status":"closed","template":"","meta":{"_et_pb_use_builder":"off","_et_pb_old_content":"<strong>Stor tyngde og anatomisk design<\/strong>\r\nI designet af Cobi lejringspuder har vi lagt stor v\u00e6gt p\u00e5, at puderne er meget kropsn\u00e6re og kan komme t\u00e6t p\u00e5 brugeren. Der er en stor tyngde i puderne, s\u00e5 de bliver, hvor de bliver positioneret og st\u00f8tter op, s\u00e5 lejringen af brugeren forbliver stabil.\r\n\r\n<strong>Anvendelig til mange patientgrupper<\/strong>\r\nPuderne er s\u00e6rdeles velegnet til lejring af brugere med blandt andet pareser, sclerose patienter, hjerneskadede, neurologiske patienter, smertepatienter og mennesker i palliative forl\u00f8b, hvor f\u00e5 og selv sm\u00e5 bev\u00e6gelser vil udl\u00f8se smerter. F\u00e6lles for disse grupper af patienter er, at langt de fleste af dem er i h\u00f8j risiko for at udvikle v\u00e6vsskade og tryks\u00e5r.\r\n\r\n<strong>Eksempler p\u00e5 lejring<\/strong>\r\nCobi S\u00f8hest pude er den komplette sidelejringspude. Alle de n\u00f8dvendige komponenter for en god sidelejring er samlet i \u00e9n og samme pude.\r\nCobi S\u00f8hest pude kan ogs\u00e5 anvendes med Cobi Finne pude, som g\u00f8r front lejring exceptionel.\r\n\r\n<strong>Beroligende effekt<\/strong>\r\nForuden at kunne afhj\u00e6lpe tryk og \u00f8ge trykfordelingen, er puderne s\u00e6rdeles velegnet til brug for neds\u00e6ttelse af spasticitet, samt giver en taktil stimuli, hvilket er meget relevant for blandt andet demente. Brugeren f\u00e5r en afgr\u00e6nsende fornemmelse af kroppen, hvilket ofte har en beroligende effekt og \u00f8ger komforten.\r\n\r\n<strong>Konstruktion\r\n<\/strong>Cobi lejringspuder er lavet af materialer, der n\u00e6nsomt og stabilt st\u00f8tter og fordeler v\u00e6gten. Pudernes stof er vandt\u00e6t, men samtidig \u00e5ndbart. Stoffet er anti-svampe behandlet og ikke sensibiliserende, uden brug af nano materialer. Derudover er puderne\u00a0luftt\u00e6tte og fyldt med sm\u00e5 Kr\u00f8yer kugler, granulat og v\u00e6gtfylde, hvilket sikrer, at stillingen holdes og puderne ikke \u00e6ndrer facon.\r\n\r\nDer f\u00e5s 2 typer betr\u00e6k, et hygiejnebetr\u00e6k og et ekstra bl\u00f8dt jerseybetr\u00e6k. Hygiejnebetr\u00e6kket er et utroligt str\u00e6kbart PU materiale, antibakterielt forseglet, som g\u00f8r det ekstra modstandsdygtigt og uigennemtr\u00e6ngeligt for bakterier, og derfor meget hygiejnisk i brug. Betr\u00e6kket er endvidere \u00e5ndbart, str\u00e6kbart og brandh\u00e6mmende. Jerseybetr\u00e6kket af 100% \u00f8kologisk bomuld er ekstra bl\u00f8dt stof, som er str\u00e6kbart.\r\n\r\n<span style=\"color: #93a79b\"><strong>- Til s\u00e6rlige lejringsbehov<\/strong><\/span>\r\n<span style=\"color: #93a79b\"><strong>- Kurver sig omkring knoglefremspring og fordeler trykket<\/strong><\/span>\r\n<span style=\"color: #93a79b\"><strong>- Perfekt til lejring i Semi-Fowler liggestilling<\/strong><\/span>\r\n<span style=\"color: #93a79b\"><strong>- G\u00f8r det muligt og nemt at lejre sideliggende<\/strong><\/span>\r\n<span style=\"color: #93a79b\"><strong>- Antibakterielt forseglede<\/strong><\/span>\r\n<span style=\"color: #93a79b\"><strong>- 2 typer aftagelige vaskbare betr\u00e6k<\/strong><\/span>\r\n<span style=\"color: #93a79b\"><strong>- Giver sansestimuli<\/strong><\/span>","_et_gb_content_width":""},"product_brand":[],"product_cat":[203],"product_tag":[236],"class_list":{"0":"post-10415","1":"product","2":"type-product","3":"status-publish","4":"has-post-thumbnail","6":"product_cat-positioning-cushions","7":"product_tag-cushion","9":"first","10":"instock","11":"shipping-taxable","12":"product-type-simple"},"yoast_head":"<!-- This site is optimized with the Yoast SEO plugin v27.2 - https:\/\/yoast.com\/product\/yoast-seo-wordpress\/ -->\n<title>Cushions for support and stabilization. In stock. Call +45 70252522.<\/title>\n<meta name=\"description\" content=\"Cushions for support and stabilization. The Embracer cushion is used by children and adults within all areas of the healthcare system.\" \/>\n<meta name=\"robots\" content=\"index, follow, max-snippet:-1, max-image-preview:large, max-video-preview:-1\" \/>\n<link rel=\"canonical\" href=\"https:\/\/www.cobirehab.com\/en\/product\/embracer-cushions-for-support-and-stabilization\/\" \/>\n<meta property=\"og:locale\" content=\"en_US\" \/>\n<meta property=\"og:type\" content=\"article\" \/>\n<meta property=\"og:title\" content=\"Cushions for support and stabilization. In stock. Call +45 70252522.\" \/>\n<meta property=\"og:description\" content=\"Cushions for support and stabilization. The Embracer cushion is used by children and adults within all areas of the healthcare system.\" \/>\n<meta property=\"og:url\" content=\"https:\/\/www.cobirehab.com\/en\/product\/embracer-cushions-for-support-and-stabilization\/\" \/>\n<meta property=\"og:site_name\" content=\"Cobi Rehab\" \/>\n<meta property=\"article:modified_time\" content=\"2023-04-13T07:28:18+00:00\" \/>\n<meta property=\"og:image\" content=\"https:\/\/www.cobirehab.com\/wp-content\/uploads\/2020\/01\/Favner-5-1024x682-1.jpg\" \/>\n\t<meta property=\"og:image:width\" content=\"1024\" \/>\n\t<meta property=\"og:image:height\" content=\"682\" \/>\n\t<meta property=\"og:image:type\" content=\"image\/jpeg\" \/>\n<meta name=\"twitter:card\" content=\"summary_large_image\" \/>\n<meta name=\"twitter:label1\" content=\"Est. reading time\" \/>\n\t<meta name=\"twitter:data1\" content=\"4 minutes\" \/>\n<script type=\"application\/ld+json\" class=\"yoast-schema-graph\">{\"@context\":\"https:\/\/schema.org\",\"@graph\":[{\"@type\":\"WebPage\",\"@id\":\"https:\/\/www.cobirehab.com\/en\/product\/embracer-cushions-for-support-and-stabilization\/\",\"url\":\"https:\/\/www.cobirehab.com\/en\/product\/embracer-cushions-for-support-and-stabilization\/\",\"name\":\"Cushions for support and stabilization. In stock. Call +45 70252522.\",\"isPartOf\":{\"@id\":\"https:\/\/www.cobirehab.com\/en\/#website\"},\"primaryImageOfPage\":{\"@id\":\"https:\/\/www.cobirehab.com\/en\/product\/embracer-cushions-for-support-and-stabilization\/#primaryimage\"},\"image\":{\"@id\":\"https:\/\/www.cobirehab.com\/en\/product\/embracer-cushions-for-support-and-stabilization\/#primaryimage\"},\"thumbnailUrl\":\"https:\/\/www.cobirehab.com\/wp-content\/uploads\/2020\/01\/Favner-5-1024x682-1.jpg\",\"datePublished\":\"2020-02-03T14:16:11+00:00\",\"dateModified\":\"2023-04-13T07:28:18+00:00\",\"description\":\"Cushions for support and stabilization. The Embracer cushion is used by children and adults within all areas of the healthcare system.\",\"breadcrumb\":{\"@id\":\"https:\/\/www.cobirehab.com\/en\/product\/embracer-cushions-for-support-and-stabilization\/#breadcrumb\"},\"inLanguage\":\"en-US\",\"potentialAction\":[{\"@type\":\"ReadAction\",\"target\":[\"https:\/\/www.cobirehab.com\/en\/product\/embracer-cushions-for-support-and-stabilization\/\"]}]},{\"@type\":\"ImageObject\",\"inLanguage\":\"en-US\",\"@id\":\"https:\/\/www.cobirehab.com\/en\/product\/embracer-cushions-for-support-and-stabilization\/#primaryimage\",\"url\":\"https:\/\/www.cobirehab.com\/wp-content\/uploads\/2020\/01\/Favner-5-1024x682-1.jpg\",\"contentUrl\":\"https:\/\/www.cobirehab.com\/wp-content\/uploads\/2020\/01\/Favner-5-1024x682-1.jpg\",\"width\":1024,\"height\":682,\"caption\":\"Lasal favner pude\"},{\"@type\":\"BreadcrumbList\",\"@id\":\"https:\/\/www.cobirehab.com\/en\/product\/embracer-cushions-for-support-and-stabilization\/#breadcrumb\",\"itemListElement\":[{\"@type\":\"ListItem\",\"position\":1,\"name\":\"Hjem\",\"item\":\"https:\/\/www.cobirehab.com\/\"},{\"@type\":\"ListItem\",\"position\":2,\"name\":\"Products\",\"item\":\"https:\/\/www.cobirehab.com\/en\/products\/\"},{\"@type\":\"ListItem\",\"position\":3,\"name\":\"Lasal Embracer Cushions\"}]},{\"@type\":\"WebSite\",\"@id\":\"https:\/\/www.cobirehab.com\/en\/#website\",\"url\":\"https:\/\/www.cobirehab.com\/en\/\",\"name\":\"Cobi Rehab\",\"description\":\"The Positioning Company\",\"publisher\":{\"@id\":\"https:\/\/www.cobirehab.com\/en\/#organization\"},\"alternateName\":\"Cobi\",\"potentialAction\":[{\"@type\":\"SearchAction\",\"target\":{\"@type\":\"EntryPoint\",\"urlTemplate\":\"https:\/\/www.cobirehab.com\/en\/?s={search_term_string}\"},\"query-input\":{\"@type\":\"PropertyValueSpecification\",\"valueRequired\":true,\"valueName\":\"search_term_string\"}}],\"inLanguage\":\"en-US\"},{\"@type\":\"Organization\",\"@id\":\"https:\/\/www.cobirehab.com\/en\/#organization\",\"name\":\"Cobi Rehab\",\"url\":\"https:\/\/www.cobirehab.com\/en\/\",\"logo\":{\"@type\":\"ImageObject\",\"inLanguage\":\"en-US\",\"@id\":\"https:\/\/www.cobirehab.com\/en\/#\/schema\/logo\/image\/\",\"url\":\"https:\/\/www.cobirehab.com\/wp-content\/uploads\/2018\/04\/COBI-REHAB-17-logo-versA-pos.png\",\"contentUrl\":\"https:\/\/www.cobirehab.com\/wp-content\/uploads\/2018\/04\/COBI-REHAB-17-logo-versA-pos.png\",\"width\":1195,\"height\":768,\"caption\":\"Cobi Rehab\"},\"image\":{\"@id\":\"https:\/\/www.cobirehab.com\/en\/#\/schema\/logo\/image\/\"}}]}<\/script>\n<!-- \/ Yoast SEO plugin. -->","yoast_head_json":{"title":"Cushions for support and stabilization. In stock. Call +45 70252522.","description":"Cushions for support and stabilization. The Embracer cushion is used by children and adults within all areas of the healthcare system.","robots":{"index":"index","follow":"follow","max-snippet":"max-snippet:-1","max-image-preview":"max-image-preview:large","max-video-preview":"max-video-preview:-1"},"canonical":"https:\/\/www.cobirehab.com\/en\/product\/embracer-cushions-for-support-and-stabilization\/","og_locale":"en_US","og_type":"article","og_title":"Cushions for support and stabilization. In stock. Call +45 70252522.","og_description":"Cushions for support and stabilization. The Embracer cushion is used by children and adults within all areas of the healthcare system.","og_url":"https:\/\/www.cobirehab.com\/en\/product\/embracer-cushions-for-support-and-stabilization\/","og_site_name":"Cobi Rehab","article_modified_time":"2023-04-13T07:28:18+00:00","og_image":[{"width":1024,"height":682,"url":"https:\/\/www.cobirehab.com\/wp-content\/uploads\/2020\/01\/Favner-5-1024x682-1.jpg","type":"image\/jpeg"}],"twitter_card":"summary_large_image","twitter_misc":{"Est. reading time":"4 minutes"},"schema":{"@context":"https:\/\/schema.org","@graph":[{"@type":"WebPage","@id":"https:\/\/www.cobirehab.com\/en\/product\/embracer-cushions-for-support-and-stabilization\/","url":"https:\/\/www.cobirehab.com\/en\/product\/embracer-cushions-for-support-and-stabilization\/","name":"Cushions for support and stabilization. In stock. Call +45 70252522.","isPartOf":{"@id":"https:\/\/www.cobirehab.com\/en\/#website"},"primaryImageOfPage":{"@id":"https:\/\/www.cobirehab.com\/en\/product\/embracer-cushions-for-support-and-stabilization\/#primaryimage"},"image":{"@id":"https:\/\/www.cobirehab.com\/en\/product\/embracer-cushions-for-support-and-stabilization\/#primaryimage"},"thumbnailUrl":"https:\/\/www.cobirehab.com\/wp-content\/uploads\/2020\/01\/Favner-5-1024x682-1.jpg","datePublished":"2020-02-03T14:16:11+00:00","dateModified":"2023-04-13T07:28:18+00:00","description":"Cushions for support and stabilization. The Embracer cushion is used by children and adults within all areas of the healthcare system.","breadcrumb":{"@id":"https:\/\/www.cobirehab.com\/en\/product\/embracer-cushions-for-support-and-stabilization\/#breadcrumb"},"inLanguage":"en-US","potentialAction":[{"@type":"ReadAction","target":["https:\/\/www.cobirehab.com\/en\/product\/embracer-cushions-for-support-and-stabilization\/"]}]},{"@type":"ImageObject","inLanguage":"en-US","@id":"https:\/\/www.cobirehab.com\/en\/product\/embracer-cushions-for-support-and-stabilization\/#primaryimage","url":"https:\/\/www.cobirehab.com\/wp-content\/uploads\/2020\/01\/Favner-5-1024x682-1.jpg","contentUrl":"https:\/\/www.cobirehab.com\/wp-content\/uploads\/2020\/01\/Favner-5-1024x682-1.jpg","width":1024,"height":682,"caption":"Lasal favner pude"},{"@type":"BreadcrumbList","@id":"https:\/\/www.cobirehab.com\/en\/product\/embracer-cushions-for-support-and-stabilization\/#breadcrumb","itemListElement":[{"@type":"ListItem","position":1,"name":"Hjem","item":"https:\/\/www.cobirehab.com\/"},{"@type":"ListItem","position":2,"name":"Products","item":"https:\/\/www.cobirehab.com\/en\/products\/"},{"@type":"ListItem","position":3,"name":"Lasal Embracer Cushions"}]},{"@type":"WebSite","@id":"https:\/\/www.cobirehab.com\/en\/#website","url":"https:\/\/www.cobirehab.com\/en\/","name":"Cobi Rehab","description":"The Positioning Company","publisher":{"@id":"https:\/\/www.cobirehab.com\/en\/#organization"},"alternateName":"Cobi","potentialAction":[{"@type":"SearchAction","target":{"@type":"EntryPoint","urlTemplate":"https:\/\/www.cobirehab.com\/en\/?s={search_term_string}"},"query-input":{"@type":"PropertyValueSpecification","valueRequired":true,"valueName":"search_term_string"}}],"inLanguage":"en-US"},{"@type":"Organization","@id":"https:\/\/www.cobirehab.com\/en\/#organization","name":"Cobi Rehab","url":"https:\/\/www.cobirehab.com\/en\/","logo":{"@type":"ImageObject","inLanguage":"en-US","@id":"https:\/\/www.cobirehab.com\/en\/#\/schema\/logo\/image\/","url":"https:\/\/www.cobirehab.com\/wp-content\/uploads\/2018\/04\/COBI-REHAB-17-logo-versA-pos.png","contentUrl":"https:\/\/www.cobirehab.com\/wp-content\/uploads\/2018\/04\/COBI-REHAB-17-logo-versA-pos.png","width":1195,"height":768,"caption":"Cobi Rehab"},"image":{"@id":"https:\/\/www.cobirehab.com\/en\/#\/schema\/logo\/image\/"}}]}},"_links":{"self":[{"href":"https:\/\/www.cobirehab.com\/en\/wp-json\/wp\/v2\/product\/10415","targetHints":{"allow":["GET"]}}],"collection":[{"href":"https:\/\/www.cobirehab.com\/en\/wp-json\/wp\/v2\/product"}],"about":[{"href":"https:\/\/www.cobirehab.com\/en\/wp-json\/wp\/v2\/types\/product"}],"replies":[{"embeddable":true,"href":"https:\/\/www.cobirehab.com\/en\/wp-json\/wp\/v2\/comments?post=10415"}],"wp:featuredmedia":[{"embeddable":true,"href":"https:\/\/www.cobirehab.com\/en\/wp-json\/wp\/v2\/media\/10148"}],"wp:attachment":[{"href":"https:\/\/www.cobirehab.com\/en\/wp-json\/wp\/v2\/media?parent=10415"}],"wp:term":[{"taxonomy":"product_brand","embeddable":true,"href":"https:\/\/www.cobirehab.com\/en\/wp-json\/wp\/v2\/product_brand?post=10415"},{"taxonomy":"product_cat","embeddable":true,"href":"https:\/\/www.cobirehab.com\/en\/wp-json\/wp\/v2\/product_cat?post=10415"},{"taxonomy":"product_tag","embeddable":true,"href":"https:\/\/www.cobirehab.com\/en\/wp-json\/wp\/v2\/product_tag?post=10415"}],"curies":[{"name":"wp","href":"https:\/\/api.w.org\/{rel}","templated":true}]}}