{"id":10414,"date":"2020-02-03T15:12:09","date_gmt":"2020-02-03T14:12:09","guid":{"rendered":"https:\/\/www.cobirehab.com\/?post_type=product&#038;p=10414"},"modified":"2025-05-06T08:22:52","modified_gmt":"2025-05-06T06:22:52","slug":"dental-cushions-for-comfort-during-dental-treatment","status":"publish","type":"product","link":"https:\/\/www.cobirehab.com\/en\/product\/dental-cushions-for-comfort-during-dental-treatment\/","title":{"rendered":"Lasal Dental Cushions"},"content":{"rendered":"<h5><strong>Lasal Dental Cushions<\/strong><\/h5>\n<p>Lasal Dental Cushions for comfort during dental treatment are used by children as well as adult within all areas of dental care. The cushions are used to provide optimal support, stabilization and comfort during dental treatment. The range features cushions for support of the head, neck, arms, legs, upper back and lower back. The cushions can be used individually or in different combinations.<\/p>\n<p>Sitting in an ordinary dental chair can be a challenge for physically or mentally disabled persons as this group of patients need extra body support or higher comfort compared to ordinary patients. It is necessary to take the patient\u2019s special needs into consideration as he\/she may suffer from deformities, muscle tension or involuntary movements.<\/p>\n<p>For other patients it may be about comfort and delimitation of the body in order to be able to relax and be present in the actual situation. Regardless of the underlying reason, the aim is to avoid an uncomfortable position that may affect the muscle tension in an undesired way and thus complicating dental treatment.<\/p>\n<p>Lasal Dental Cushions are developed in cooperation with the Mun-H Centre in Odontology in Gothenburg, Sweden, and Cobi Rehab Sweden.<\/p>\n<p>Follow link <a href=\"https:\/\/www.cobirehab.com\/en\/product-category\/positioning-cushions\/\">here<\/a> to see more Lasal Cushions at our website.<\/p>\n<p>Follow link <a href=\"https:\/\/hmi-basen.dk\/en\/r4x.asp?linktype=name&amp;linkinfo=lasal&amp;sp=lasal\">here<\/a> to see more Lasal Dental Cushions for comfort during dental treatment at the Danish AssistData.<\/p>\n<h5><strong>Cleaning<\/strong><\/h5>\n<p>Wipe off the inner Cushion (PU-coated polyester) with alcohol or common cleaning agents diluted in water. Do not machine wash. EPS-beads melt at temperatures above 70\u00b0 C. Therefore washing machine \/ tumble dryer will be damaged if EPS-beads come into contact with the heating element in these machines.<br \/>\nCare should be taken that the pH value of the used disinfection should be below 11.4. Do not use fabric softener or any other additive containing solvents.<\/p>\n<p>The hygiene cover (PU-coated polyester) can be machine washed and tumble dried at max. 95\u00b0 C. It tolerates alcohol and all industrial detergents. Care should be taken that the pH value of the used disinfection should be below 11.4.<br \/>\nDo not use fabric softener or any other additive containing solvents.<\/p>\n<p>The OEKO-TEX single jersey cover is machine washable at 60\u00b0 C and can be tumble dried at low temperature. Do not bleach or dry clean. Do not use fabric softener or any other additive containing solvents.<\/p>\n<p>In order to ensure adequate channels for transportation of water when the textiles are squeezed together in the washing machine, it is recommended to wash coated textiles with non-coated textiles 1:1.<\/p>\n<h5><strong>Maintenance and storage<\/strong><\/h5>\n<p>Apart from common cleaning, Lasal Dental Cushions do not require any special maintenance. The cushions should be stored in dry conditions and at room temperature. Avoid contact with sharp edges, pointed items or rough surfaces which all may harm the cushions. Keep the cushions out of direct sunlight for longer periods.<\/p>\n<h5><strong>Safety information<\/strong><\/h5>\n<p>&#8211; Extra attention should be paid to children below 3 years and people who are incapable of moving on their own or taking care of themselves.<br \/>\n&#8211; Avoid contact with sharp, pointed or rough items or surfaces against the cushions as this might harm or at worst tear the cushion apart. E.g.; avoid getting the cushions squeezed in the moving parts of the dental chair.<br \/>\n&#8211; Never use damaged cushions.<br \/>\n&#8211; Do not use the cushions in combination with electric blankets as the user may feel uncomfortable due to overheating.<br \/>\n&#8211; Do not use a PC or other technical devise in or on top of a LASAL Dental Cushion as the technical devices may become overheated and in worst case cause fire.<\/p>\n<p>&nbsp;<\/p>\n","protected":false},"excerpt":{"rendered":"<p>Lasal Dental Cushions can be used by children as well as adults within all areas of dental care. The dental cushions are used to provide optimal support, stabilization and comfort during dental treatment.<\/p>\n<p>The range features cushions for support of the head, neck, arms, legs, upper back and lower back. The cushions can be used individually or in different combinations.<\/p>\n<hr \/>\n<p>By use for:<\/p>\n<p>&#8211; Users with a special need of seating<br \/>\n&#8211; Users suffering from dentist fright (also kids)<\/p>\n<p>&nbsp;<\/p>\n","protected":false},"featured_media":9398,"comment_status":"closed","ping_status":"closed","template":"","meta":{"_et_pb_use_builder":"off","_et_pb_old_content":"<strong>Stor tyngde og anatomisk design<\/strong>\r\nI designet af Cobi lejringspuder har vi lagt stor v\u00e6gt p\u00e5, at puderne er meget kropsn\u00e6re og kan komme t\u00e6t p\u00e5 brugeren. Der er en stor tyngde i puderne, s\u00e5 de bliver, hvor de bliver positioneret og st\u00f8tter op, s\u00e5 lejringen af brugeren forbliver stabil.\r\n\r\n<strong>Anvendelig til mange patientgrupper<\/strong>\r\nPuderne er s\u00e6rdeles velegnet til lejring af brugere med blandt andet pareser, sclerose patienter, hjerneskadede, neurologiske patienter, smertepatienter og mennesker i palliative forl\u00f8b, hvor f\u00e5 og selv sm\u00e5 bev\u00e6gelser vil udl\u00f8se smerter. F\u00e6lles for disse grupper af patienter er, at langt de fleste af dem er i h\u00f8j risiko for at udvikle v\u00e6vsskade og tryks\u00e5r.\r\n\r\n<strong>Eksempler p\u00e5 lejring<\/strong>\r\nCobi S\u00f8hest pude er den komplette sidelejringspude. Alle de n\u00f8dvendige komponenter for en god sidelejring er samlet i \u00e9n og samme pude.\r\nCobi S\u00f8hest pude kan ogs\u00e5 anvendes med Cobi Finne pude, som g\u00f8r front lejring exceptionel.\r\n\r\n<strong>Beroligende effekt<\/strong>\r\nForuden at kunne afhj\u00e6lpe tryk og \u00f8ge trykfordelingen, er puderne s\u00e6rdeles velegnet til brug for neds\u00e6ttelse af spasticitet, samt giver en taktil stimuli, hvilket er meget relevant for blandt andet demente. Brugeren f\u00e5r en afgr\u00e6nsende fornemmelse af kroppen, hvilket ofte har en beroligende effekt og \u00f8ger komforten.\r\n\r\n<strong>Konstruktion\r\n<\/strong>Cobi lejringspuder er lavet af materialer, der n\u00e6nsomt og stabilt st\u00f8tter og fordeler v\u00e6gten. Pudernes stof er vandt\u00e6t, men samtidig \u00e5ndbart. Stoffet er anti-svampe behandlet og ikke sensibiliserende, uden brug af nano materialer. Derudover er puderne\u00a0luftt\u00e6tte og fyldt med sm\u00e5 Kr\u00f8yer kugler, granulat og v\u00e6gtfylde, hvilket sikrer, at stillingen holdes og puderne ikke \u00e6ndrer facon.\r\n\r\nDer f\u00e5s 2 typer betr\u00e6k, et hygiejnebetr\u00e6k og et ekstra bl\u00f8dt jerseybetr\u00e6k. Hygiejnebetr\u00e6kket er et utroligt str\u00e6kbart PU materiale, antibakterielt forseglet, som g\u00f8r det ekstra modstandsdygtigt og uigennemtr\u00e6ngeligt for bakterier, og derfor meget hygiejnisk i brug. Betr\u00e6kket er endvidere \u00e5ndbart, str\u00e6kbart og brandh\u00e6mmende. Jerseybetr\u00e6kket af 100% \u00f8kologisk bomuld er ekstra bl\u00f8dt stof, som er str\u00e6kbart.\r\n\r\n<span style=\"color: #93a79b\"><strong>- Til s\u00e6rlige lejringsbehov<\/strong><\/span>\r\n<span style=\"color: #93a79b\"><strong>- Kurver sig omkring knoglefremspring og fordeler trykket<\/strong><\/span>\r\n<span style=\"color: #93a79b\"><strong>- Perfekt til lejring i Semi-Fowler liggestilling<\/strong><\/span>\r\n<span style=\"color: #93a79b\"><strong>- G\u00f8r det muligt og nemt at lejre sideliggende<\/strong><\/span>\r\n<span style=\"color: #93a79b\"><strong>- Antibakterielt forseglede<\/strong><\/span>\r\n<span style=\"color: #93a79b\"><strong>- 2 typer aftagelige vaskbare betr\u00e6k<\/strong><\/span>\r\n<span style=\"color: #93a79b\"><strong>- Giver sansestimuli<\/strong><\/span>","_et_gb_content_width":""},"product_brand":[],"product_cat":[203],"product_tag":[236],"class_list":{"0":"post-10414","1":"product","2":"type-product","3":"status-publish","4":"has-post-thumbnail","6":"product_cat-positioning-cushions","7":"product_tag-cushion","9":"first","10":"instock","11":"shipping-taxable","12":"product-type-simple"},"yoast_head":"<!-- This site is optimized with the Yoast SEO plugin v27.2 - https:\/\/yoast.com\/product\/yoast-seo-wordpress\/ -->\n<title>Cushions for comfort during dental treatment. Lasal Dental Cushion<\/title>\n<meta name=\"description\" content=\"Lasal Dental Cushions are developed in cooperation with the Mun-H Centre in Odontology in Gothenburg, Sweden. Many shapes and sizes.\" \/>\n<meta name=\"robots\" content=\"index, follow, max-snippet:-1, max-image-preview:large, max-video-preview:-1\" \/>\n<link rel=\"canonical\" href=\"https:\/\/www.cobirehab.com\/en\/product\/dental-cushions-for-comfort-during-dental-treatment\/\" \/>\n<meta property=\"og:locale\" content=\"en_US\" \/>\n<meta property=\"og:type\" content=\"article\" \/>\n<meta property=\"og:title\" content=\"Cushions for comfort during dental treatment. Lasal Dental Cushion\" \/>\n<meta property=\"og:description\" content=\"Lasal Dental Cushions are developed in cooperation with the Mun-H Centre in Odontology in Gothenburg, Sweden. Many shapes and sizes.\" \/>\n<meta property=\"og:url\" content=\"https:\/\/www.cobirehab.com\/en\/product\/dental-cushions-for-comfort-during-dental-treatment\/\" \/>\n<meta property=\"og:site_name\" content=\"Cobi Rehab\" \/>\n<meta property=\"article:modified_time\" content=\"2025-05-06T06:22:52+00:00\" \/>\n<meta property=\"og:image\" content=\"https:\/\/www.cobirehab.com\/wp-content\/uploads\/2019\/11\/voksen-uform-favner-benrelax-underbenspude-2-scaled.jpg\" \/>\n\t<meta property=\"og:image:width\" content=\"2560\" \/>\n\t<meta property=\"og:image:height\" content=\"1707\" \/>\n\t<meta property=\"og:image:type\" content=\"image\/jpeg\" \/>\n<meta name=\"twitter:card\" content=\"summary_large_image\" \/>\n<meta name=\"twitter:label1\" content=\"Est. reading time\" \/>\n\t<meta name=\"twitter:data1\" content=\"4 minutes\" \/>\n<script type=\"application\/ld+json\" class=\"yoast-schema-graph\">{\"@context\":\"https:\/\/schema.org\",\"@graph\":[{\"@type\":\"WebPage\",\"@id\":\"https:\/\/www.cobirehab.com\/en\/product\/dental-cushions-for-comfort-during-dental-treatment\/\",\"url\":\"https:\/\/www.cobirehab.com\/en\/product\/dental-cushions-for-comfort-during-dental-treatment\/\",\"name\":\"Cushions for comfort during dental treatment. Lasal Dental Cushion\",\"isPartOf\":{\"@id\":\"https:\/\/www.cobirehab.com\/en\/#website\"},\"primaryImageOfPage\":{\"@id\":\"https:\/\/www.cobirehab.com\/en\/product\/dental-cushions-for-comfort-during-dental-treatment\/#primaryimage\"},\"image\":{\"@id\":\"https:\/\/www.cobirehab.com\/en\/product\/dental-cushions-for-comfort-during-dental-treatment\/#primaryimage\"},\"thumbnailUrl\":\"https:\/\/www.cobirehab.com\/wp-content\/uploads\/2019\/11\/voksen-uform-favner-benrelax-underbenspude-2-scaled.jpg\",\"datePublished\":\"2020-02-03T14:12:09+00:00\",\"dateModified\":\"2025-05-06T06:22:52+00:00\",\"description\":\"Lasal Dental Cushions are developed in cooperation with the Mun-H Centre in Odontology in Gothenburg, Sweden. Many shapes and sizes.\",\"breadcrumb\":{\"@id\":\"https:\/\/www.cobirehab.com\/en\/product\/dental-cushions-for-comfort-during-dental-treatment\/#breadcrumb\"},\"inLanguage\":\"en-US\",\"potentialAction\":[{\"@type\":\"ReadAction\",\"target\":[\"https:\/\/www.cobirehab.com\/en\/product\/dental-cushions-for-comfort-during-dental-treatment\/\"]}]},{\"@type\":\"ImageObject\",\"inLanguage\":\"en-US\",\"@id\":\"https:\/\/www.cobirehab.com\/en\/product\/dental-cushions-for-comfort-during-dental-treatment\/#primaryimage\",\"url\":\"https:\/\/www.cobirehab.com\/wp-content\/uploads\/2019\/11\/voksen-uform-favner-benrelax-underbenspude-2-scaled.jpg\",\"contentUrl\":\"https:\/\/www.cobirehab.com\/wp-content\/uploads\/2019\/11\/voksen-uform-favner-benrelax-underbenspude-2-scaled.jpg\",\"width\":2560,\"height\":1707,\"caption\":\"Dentalpuder Dentalkuddar Dental cushions\"},{\"@type\":\"BreadcrumbList\",\"@id\":\"https:\/\/www.cobirehab.com\/en\/product\/dental-cushions-for-comfort-during-dental-treatment\/#breadcrumb\",\"itemListElement\":[{\"@type\":\"ListItem\",\"position\":1,\"name\":\"Hjem\",\"item\":\"https:\/\/www.cobirehab.com\/\"},{\"@type\":\"ListItem\",\"position\":2,\"name\":\"Products\",\"item\":\"https:\/\/www.cobirehab.com\/en\/products\/\"},{\"@type\":\"ListItem\",\"position\":3,\"name\":\"Lasal Dental Cushions\"}]},{\"@type\":\"WebSite\",\"@id\":\"https:\/\/www.cobirehab.com\/en\/#website\",\"url\":\"https:\/\/www.cobirehab.com\/en\/\",\"name\":\"Cobi Rehab\",\"description\":\"The Positioning Company\",\"publisher\":{\"@id\":\"https:\/\/www.cobirehab.com\/en\/#organization\"},\"alternateName\":\"Cobi\",\"potentialAction\":[{\"@type\":\"SearchAction\",\"target\":{\"@type\":\"EntryPoint\",\"urlTemplate\":\"https:\/\/www.cobirehab.com\/en\/?s={search_term_string}\"},\"query-input\":{\"@type\":\"PropertyValueSpecification\",\"valueRequired\":true,\"valueName\":\"search_term_string\"}}],\"inLanguage\":\"en-US\"},{\"@type\":\"Organization\",\"@id\":\"https:\/\/www.cobirehab.com\/en\/#organization\",\"name\":\"Cobi Rehab\",\"url\":\"https:\/\/www.cobirehab.com\/en\/\",\"logo\":{\"@type\":\"ImageObject\",\"inLanguage\":\"en-US\",\"@id\":\"https:\/\/www.cobirehab.com\/en\/#\/schema\/logo\/image\/\",\"url\":\"https:\/\/www.cobirehab.com\/wp-content\/uploads\/2018\/04\/COBI-REHAB-17-logo-versA-pos.png\",\"contentUrl\":\"https:\/\/www.cobirehab.com\/wp-content\/uploads\/2018\/04\/COBI-REHAB-17-logo-versA-pos.png\",\"width\":1195,\"height\":768,\"caption\":\"Cobi Rehab\"},\"image\":{\"@id\":\"https:\/\/www.cobirehab.com\/en\/#\/schema\/logo\/image\/\"}}]}<\/script>\n<!-- \/ Yoast SEO plugin. -->","yoast_head_json":{"title":"Cushions for comfort during dental treatment. Lasal Dental Cushion","description":"Lasal Dental Cushions are developed in cooperation with the Mun-H Centre in Odontology in Gothenburg, Sweden. Many shapes and sizes.","robots":{"index":"index","follow":"follow","max-snippet":"max-snippet:-1","max-image-preview":"max-image-preview:large","max-video-preview":"max-video-preview:-1"},"canonical":"https:\/\/www.cobirehab.com\/en\/product\/dental-cushions-for-comfort-during-dental-treatment\/","og_locale":"en_US","og_type":"article","og_title":"Cushions for comfort during dental treatment. Lasal Dental Cushion","og_description":"Lasal Dental Cushions are developed in cooperation with the Mun-H Centre in Odontology in Gothenburg, Sweden. Many shapes and sizes.","og_url":"https:\/\/www.cobirehab.com\/en\/product\/dental-cushions-for-comfort-during-dental-treatment\/","og_site_name":"Cobi Rehab","article_modified_time":"2025-05-06T06:22:52+00:00","og_image":[{"width":2560,"height":1707,"url":"https:\/\/www.cobirehab.com\/wp-content\/uploads\/2019\/11\/voksen-uform-favner-benrelax-underbenspude-2-scaled.jpg","type":"image\/jpeg"}],"twitter_card":"summary_large_image","twitter_misc":{"Est. reading time":"4 minutes"},"schema":{"@context":"https:\/\/schema.org","@graph":[{"@type":"WebPage","@id":"https:\/\/www.cobirehab.com\/en\/product\/dental-cushions-for-comfort-during-dental-treatment\/","url":"https:\/\/www.cobirehab.com\/en\/product\/dental-cushions-for-comfort-during-dental-treatment\/","name":"Cushions for comfort during dental treatment. Lasal Dental Cushion","isPartOf":{"@id":"https:\/\/www.cobirehab.com\/en\/#website"},"primaryImageOfPage":{"@id":"https:\/\/www.cobirehab.com\/en\/product\/dental-cushions-for-comfort-during-dental-treatment\/#primaryimage"},"image":{"@id":"https:\/\/www.cobirehab.com\/en\/product\/dental-cushions-for-comfort-during-dental-treatment\/#primaryimage"},"thumbnailUrl":"https:\/\/www.cobirehab.com\/wp-content\/uploads\/2019\/11\/voksen-uform-favner-benrelax-underbenspude-2-scaled.jpg","datePublished":"2020-02-03T14:12:09+00:00","dateModified":"2025-05-06T06:22:52+00:00","description":"Lasal Dental Cushions are developed in cooperation with the Mun-H Centre in Odontology in Gothenburg, Sweden. Many shapes and sizes.","breadcrumb":{"@id":"https:\/\/www.cobirehab.com\/en\/product\/dental-cushions-for-comfort-during-dental-treatment\/#breadcrumb"},"inLanguage":"en-US","potentialAction":[{"@type":"ReadAction","target":["https:\/\/www.cobirehab.com\/en\/product\/dental-cushions-for-comfort-during-dental-treatment\/"]}]},{"@type":"ImageObject","inLanguage":"en-US","@id":"https:\/\/www.cobirehab.com\/en\/product\/dental-cushions-for-comfort-during-dental-treatment\/#primaryimage","url":"https:\/\/www.cobirehab.com\/wp-content\/uploads\/2019\/11\/voksen-uform-favner-benrelax-underbenspude-2-scaled.jpg","contentUrl":"https:\/\/www.cobirehab.com\/wp-content\/uploads\/2019\/11\/voksen-uform-favner-benrelax-underbenspude-2-scaled.jpg","width":2560,"height":1707,"caption":"Dentalpuder Dentalkuddar Dental cushions"},{"@type":"BreadcrumbList","@id":"https:\/\/www.cobirehab.com\/en\/product\/dental-cushions-for-comfort-during-dental-treatment\/#breadcrumb","itemListElement":[{"@type":"ListItem","position":1,"name":"Hjem","item":"https:\/\/www.cobirehab.com\/"},{"@type":"ListItem","position":2,"name":"Products","item":"https:\/\/www.cobirehab.com\/en\/products\/"},{"@type":"ListItem","position":3,"name":"Lasal Dental Cushions"}]},{"@type":"WebSite","@id":"https:\/\/www.cobirehab.com\/en\/#website","url":"https:\/\/www.cobirehab.com\/en\/","name":"Cobi Rehab","description":"The Positioning Company","publisher":{"@id":"https:\/\/www.cobirehab.com\/en\/#organization"},"alternateName":"Cobi","potentialAction":[{"@type":"SearchAction","target":{"@type":"EntryPoint","urlTemplate":"https:\/\/www.cobirehab.com\/en\/?s={search_term_string}"},"query-input":{"@type":"PropertyValueSpecification","valueRequired":true,"valueName":"search_term_string"}}],"inLanguage":"en-US"},{"@type":"Organization","@id":"https:\/\/www.cobirehab.com\/en\/#organization","name":"Cobi Rehab","url":"https:\/\/www.cobirehab.com\/en\/","logo":{"@type":"ImageObject","inLanguage":"en-US","@id":"https:\/\/www.cobirehab.com\/en\/#\/schema\/logo\/image\/","url":"https:\/\/www.cobirehab.com\/wp-content\/uploads\/2018\/04\/COBI-REHAB-17-logo-versA-pos.png","contentUrl":"https:\/\/www.cobirehab.com\/wp-content\/uploads\/2018\/04\/COBI-REHAB-17-logo-versA-pos.png","width":1195,"height":768,"caption":"Cobi Rehab"},"image":{"@id":"https:\/\/www.cobirehab.com\/en\/#\/schema\/logo\/image\/"}}]}},"_links":{"self":[{"href":"https:\/\/www.cobirehab.com\/en\/wp-json\/wp\/v2\/product\/10414","targetHints":{"allow":["GET"]}}],"collection":[{"href":"https:\/\/www.cobirehab.com\/en\/wp-json\/wp\/v2\/product"}],"about":[{"href":"https:\/\/www.cobirehab.com\/en\/wp-json\/wp\/v2\/types\/product"}],"replies":[{"embeddable":true,"href":"https:\/\/www.cobirehab.com\/en\/wp-json\/wp\/v2\/comments?post=10414"}],"wp:featuredmedia":[{"embeddable":true,"href":"https:\/\/www.cobirehab.com\/en\/wp-json\/wp\/v2\/media\/9398"}],"wp:attachment":[{"href":"https:\/\/www.cobirehab.com\/en\/wp-json\/wp\/v2\/media?parent=10414"}],"wp:term":[{"taxonomy":"product_brand","embeddable":true,"href":"https:\/\/www.cobirehab.com\/en\/wp-json\/wp\/v2\/product_brand?post=10414"},{"taxonomy":"product_cat","embeddable":true,"href":"https:\/\/www.cobirehab.com\/en\/wp-json\/wp\/v2\/product_cat?post=10414"},{"taxonomy":"product_tag","embeddable":true,"href":"https:\/\/www.cobirehab.com\/en\/wp-json\/wp\/v2\/product_tag?post=10414"}],"curies":[{"name":"wp","href":"https:\/\/api.w.org\/{rel}","templated":true}]}}