{"id":2272,"date":"2018-04-26T00:21:37","date_gmt":"2018-04-25T22:21:37","guid":{"rendered":"http:\/\/www.cobirehab.com\/cobi-rehab__trashed\/mission-vision-og-vaerdier\/"},"modified":"2023-01-26T12:48:27","modified_gmt":"2023-01-26T11:48:27","slug":"mission-vision-and-values","status":"publish","type":"page","link":"https:\/\/www.cobirehab.com\/en\/mission-vision-and-values\/","title":{"rendered":"Mission, vision and values"},"content":{"rendered":"<p>[et_pb_section fb_built=&#8221;1&#8243; _builder_version=&#8221;4.16&#8243; global_colors_info=&#8221;{}&#8221;][et_pb_row _builder_version=&#8221;4.16&#8243; custom_margin=&#8221;0px||0px|&#8221; custom_padding=&#8221;0px||0px|&#8221; global_colors_info=&#8221;{}&#8221;][et_pb_column type=&#8221;4_4&#8243; _builder_version=&#8221;4.16&#8243; custom_padding=&#8221;|||&#8221; global_colors_info=&#8221;{}&#8221; custom_padding__hover=&#8221;|||&#8221;][et_pb_text admin_label=&#8221;Breadcrumbs&#8221; module_class=&#8221;woocommerce-breadcrumb&#8221; _builder_version=&#8221;4.16&#8243; saved_tabs=&#8221;all&#8221; global_colors_info=&#8221;{}&#8221;][breadcrumbs]<br \/>\n[\/et_pb_text][\/et_pb_column][\/et_pb_row][et_pb_row _builder_version=&#8221;4.16&#8243; global_colors_info=&#8221;{}&#8221;][et_pb_column type=&#8221;4_4&#8243; _builder_version=&#8221;4.16&#8243; custom_padding=&#8221;|||&#8221; global_colors_info=&#8221;{}&#8221; custom_padding__hover=&#8221;|||&#8221;][et_pb_text _builder_version=&#8221;4.16&#8243; global_colors_info=&#8221;{}&#8221;]<\/p>\n<h1>Mission, vision and values<\/h1>\n<p>[\/et_pb_text][\/et_pb_column][\/et_pb_row][et_pb_row _builder_version=&#8221;4.16&#8243; custom_margin=&#8221;0px|||&#8221; custom_padding=&#8221;0px|||&#8221; global_colors_info=&#8221;{}&#8221;][et_pb_column type=&#8221;4_4&#8243; _builder_version=&#8221;4.16&#8243; custom_padding=&#8221;|||&#8221; global_colors_info=&#8221;{}&#8221; custom_padding__hover=&#8221;|||&#8221;][et_pb_image src=&#8221;https:\/\/www.cobirehab.com\/wp-content\/uploads\/2018\/04\/Henrik-standtall-1080x600px.jpg&#8221; alt=&#8221;Mission_Politisk topm\u00f8de om sv\u00e6r overv\u00e6gt _ Hvad er bariatri?&#8221; title_text=&#8221;Henrik-standtall-1080x600px&#8221; align_tablet=&#8221;center&#8221; align_phone=&#8221;&#8221; align_last_edited=&#8221;on|desktop&#8221; _builder_version=&#8221;4.19.4&#8243; global_colors_info=&#8221;{}&#8221;][\/et_pb_image][\/et_pb_column][\/et_pb_row][et_pb_row _builder_version=&#8221;4.16&#8243; background_size=&#8221;initial&#8221; background_position=&#8221;top_left&#8221; background_repeat=&#8221;repeat&#8221; global_colors_info=&#8221;{}&#8221;][et_pb_column type=&#8221;4_4&#8243; _builder_version=&#8221;4.16&#8243; custom_padding=&#8221;|||&#8221; global_colors_info=&#8221;{}&#8221; custom_padding__hover=&#8221;|||&#8221;][et_pb_text _builder_version=&#8221;4.19.4&#8243; header_text_color=&#8221;#ffb652&#8243; global_colors_info=&#8221;{}&#8221;]<\/p>\n<h2>Mission<\/h2>\n<p>Our mission is to develop, sell and service positioning solutions to bariatric patients and help them achieve improved quality of life. We strive to fulfill our mission in close dialogue with our customers and users.<\/p>\n<p>All our bariatric products are CE Marked and can be found on the <a href=\"https:\/\/hmi-basen.dk\/en\/r13x.asp?linkinfo=1869&amp;ssupterm=cobi%20rehab\" target=\"_blank\" rel=\"noopener\">Danish AssistDATA<\/a>.<\/p>\n<p>[\/et_pb_text][\/et_pb_column][\/et_pb_row][et_pb_row _builder_version=&#8221;4.16&#8243; global_colors_info=&#8221;{}&#8221;][et_pb_column type=&#8221;4_4&#8243; _builder_version=&#8221;4.16&#8243; custom_padding=&#8221;|||&#8221; global_colors_info=&#8221;{}&#8221; custom_padding__hover=&#8221;|||&#8221;][et_pb_image src=&#8221;https:\/\/www.cobirehab.com\/wp-content\/uploads\/2017\/12\/icon1.png&#8221; align=&#8221;center&#8221; align_tablet=&#8221;center&#8221; align_phone=&#8221;&#8221; align_last_edited=&#8221;on|desktop&#8221; module_class=&#8221;cobi_divider&#8221; _builder_version=&#8221;4.16&#8243; custom_css_before=&#8221;content: %22%22;||background: #ccc;||width:50%;||height: 1px;||&#8221; custom_css_main_element=&#8221;position: relative;||display: flex;||align-items:center;||width: 100%;||justify-content: space-between;&#8221; custom_css_after=&#8221;content: %22%22;||background: #ccc;||width:50%;||height: 1px;||&#8221; always_center_on_mobile=&#8221;on&#8221; global_colors_info=&#8221;{}&#8221;][\/et_pb_image][\/et_pb_column][\/et_pb_row][et_pb_row _builder_version=&#8221;4.16&#8243; background_size=&#8221;initial&#8221; background_position=&#8221;top_left&#8221; background_repeat=&#8221;repeat&#8221; global_colors_info=&#8221;{}&#8221;][et_pb_column type=&#8221;4_4&#8243; _builder_version=&#8221;4.16&#8243; custom_padding=&#8221;|||&#8221; global_colors_info=&#8221;{}&#8221; custom_padding__hover=&#8221;|||&#8221;][et_pb_text _builder_version=&#8221;4.19.4&#8243; header_text_color=&#8221;#ffb652&#8243; global_colors_info=&#8221;{}&#8221;]<\/p>\n<h2>Vision<\/h2>\n<p>We want to be the number one choice for bariatric patients in need of positioning solutions.<\/p>\n<p>We want to be a unique workplace where people thrives and puts customer needs first.<\/p>\n<p>We want to be an attractive partner for our customers, suppliers and other stakeholders.<\/p>\n<p>[\/et_pb_text][\/et_pb_column][\/et_pb_row][et_pb_row _builder_version=&#8221;4.16&#8243; global_colors_info=&#8221;{}&#8221;][et_pb_column type=&#8221;4_4&#8243; _builder_version=&#8221;4.16&#8243; custom_padding=&#8221;|||&#8221; global_colors_info=&#8221;{}&#8221; custom_padding__hover=&#8221;|||&#8221;][et_pb_image src=&#8221;https:\/\/www.cobirehab.com\/wp-content\/uploads\/2017\/12\/icon1.png&#8221; align=&#8221;center&#8221; align_tablet=&#8221;center&#8221; align_phone=&#8221;&#8221; align_last_edited=&#8221;on|desktop&#8221; module_class=&#8221;cobi_divider&#8221; _builder_version=&#8221;4.16&#8243; custom_css_before=&#8221;content: %22%22;||background: #ccc;||width:50%;||height: 1px;||&#8221; custom_css_main_element=&#8221;position: relative;||display: flex;||align-items:center;||width: 100%;||justify-content: space-between;&#8221; custom_css_after=&#8221;content: %22%22;||background: #ccc;||width:50%;||height: 1px;||&#8221; always_center_on_mobile=&#8221;on&#8221; global_colors_info=&#8221;{}&#8221;][\/et_pb_image][\/et_pb_column][\/et_pb_row][et_pb_row column_structure=&#8221;1_2,1_2&#8243; module_id=&#8221;test&#8221; _builder_version=&#8221;4.16&#8243; global_colors_info=&#8221;{}&#8221;][et_pb_column type=&#8221;1_2&#8243; _builder_version=&#8221;4.16&#8243; custom_padding=&#8221;|||&#8221; global_colors_info=&#8221;{}&#8221; custom_padding__hover=&#8221;|||&#8221;][et_pb_text _builder_version=&#8221;4.19.4&#8243; header_text_color=&#8221;#ffb652&#8243; global_colors_info=&#8221;{}&#8221;]<\/p>\n<h2>Values<\/h2>\n<p>&#8211; Quality<br \/>&#8211; Service<br \/>&#8211; Knowledge<br \/>&#8211; Empathy<br \/>&#8211; Respect and responsibility<\/p>\n<p>[\/et_pb_text][\/et_pb_column][et_pb_column type=&#8221;1_2&#8243; _builder_version=&#8221;4.16&#8243; custom_padding=&#8221;|||&#8221; global_colors_info=&#8221;{}&#8221; custom_padding__hover=&#8221;|||&#8221;][et_pb_image src=&#8221;https:\/\/www.cobirehab.com\/wp-content\/uploads\/2018\/04\/Lager-780px-1.jpg&#8221; alt=&#8221;Mission&#8221; title_text=&#8221;San Lager&#8221; align_tablet=&#8221;center&#8221; align_phone=&#8221;&#8221; align_last_edited=&#8221;on|desktop&#8221; _builder_version=&#8221;4.19.4&#8243; always_center_on_mobile=&#8221;on&#8221; global_colors_info=&#8221;{}&#8221;][\/et_pb_image][\/et_pb_column][\/et_pb_row][\/et_pb_section]<\/p>\n","protected":false},"excerpt":{"rendered":"<p>[breadcrumbs] Mission, vision and values Mission Our mission is to develop, sell and service positioning solutions to bariatric patients and help them achieve improved quality of life. We strive to fulfill our mission in close dialogue with our customers and users. All our bariatric products are CE Marked and can be found on the Danish [&hellip;]<\/p>\n","protected":false},"author":23,"featured_media":1773,"parent":0,"menu_order":0,"comment_status":"closed","ping_status":"closed","template":"","meta":{"_et_pb_use_builder":"on","_et_pb_old_content":"","_et_gb_content_width":"","footnotes":""},"class_list":["post-2272","page","type-page","status-publish","has-post-thumbnail","hentry"],"yoast_head":"<!-- This site is optimized with the Yoast SEO plugin v27.2 - https:\/\/yoast.com\/product\/yoast-seo-wordpress\/ -->\n<title>Mission, vision and values<\/title>\n<meta name=\"description\" content=\"Our mission is to develop, sell and service positioning solutions to bariatric patients and help them achieve improved quality of life.\" \/>\n<meta name=\"robots\" content=\"index, follow, max-snippet:-1, max-image-preview:large, max-video-preview:-1\" \/>\n<link rel=\"canonical\" href=\"https:\/\/www.cobirehab.com\/positioneringsloesninger-der-forbedrer-livskvaliteten\/\" \/>\n<meta property=\"og:locale\" content=\"en_US\" \/>\n<meta property=\"og:type\" content=\"article\" \/>\n<meta property=\"og:title\" content=\"Mission, vision and values\" \/>\n<meta property=\"og:description\" content=\"Our mission is to develop, sell and service positioning solutions to bariatric patients and help them achieve improved quality of life.\" \/>\n<meta property=\"og:url\" content=\"https:\/\/www.cobirehab.com\/positioneringsloesninger-der-forbedrer-livskvaliteten\/\" \/>\n<meta property=\"og:site_name\" content=\"Cobi Rehab\" \/>\n<meta property=\"article:modified_time\" content=\"2023-01-26T11:48:27+00:00\" \/>\n<meta property=\"og:image\" content=\"https:\/\/www.cobirehab.com\/wp-content\/uploads\/2018\/04\/Leif-544x544px-A.jpg\" \/>\n\t<meta property=\"og:image:width\" content=\"544\" \/>\n\t<meta property=\"og:image:height\" content=\"544\" \/>\n\t<meta property=\"og:image:type\" content=\"image\/jpeg\" \/>\n<meta name=\"twitter:card\" content=\"summary_large_image\" \/>\n<meta name=\"twitter:label1\" content=\"Est. reading time\" \/>\n\t<meta name=\"twitter:data1\" content=\"2 minutes\" \/>\n<script type=\"application\/ld+json\" class=\"yoast-schema-graph\">{\"@context\":\"https:\/\/schema.org\",\"@graph\":[{\"@type\":\"WebPage\",\"@id\":\"https:\/\/www.cobirehab.com\/positioneringsloesninger-der-forbedrer-livskvaliteten\/\",\"url\":\"https:\/\/www.cobirehab.com\/positioneringsloesninger-der-forbedrer-livskvaliteten\/\",\"name\":\"Mission, vision and values\",\"isPartOf\":{\"@id\":\"https:\/\/www.cobirehab.com\/en\/#website\"},\"primaryImageOfPage\":{\"@id\":\"https:\/\/www.cobirehab.com\/positioneringsloesninger-der-forbedrer-livskvaliteten\/#primaryimage\"},\"image\":{\"@id\":\"https:\/\/www.cobirehab.com\/positioneringsloesninger-der-forbedrer-livskvaliteten\/#primaryimage\"},\"thumbnailUrl\":\"https:\/\/www.cobirehab.com\/wp-content\/uploads\/2018\/04\/Leif-544x544px-A.jpg\",\"datePublished\":\"2018-04-25T22:21:37+00:00\",\"dateModified\":\"2023-01-26T11:48:27+00:00\",\"description\":\"Our mission is to develop, sell and service positioning solutions to bariatric patients and help them achieve improved quality of life.\",\"breadcrumb\":{\"@id\":\"https:\/\/www.cobirehab.com\/positioneringsloesninger-der-forbedrer-livskvaliteten\/#breadcrumb\"},\"inLanguage\":\"en-US\",\"potentialAction\":[{\"@type\":\"ReadAction\",\"target\":[\"https:\/\/www.cobirehab.com\/positioneringsloesninger-der-forbedrer-livskvaliteten\/\"]}]},{\"@type\":\"ImageObject\",\"inLanguage\":\"en-US\",\"@id\":\"https:\/\/www.cobirehab.com\/positioneringsloesninger-der-forbedrer-livskvaliteten\/#primaryimage\",\"url\":\"https:\/\/www.cobirehab.com\/wp-content\/uploads\/2018\/04\/Leif-544x544px-A.jpg\",\"contentUrl\":\"https:\/\/www.cobirehab.com\/wp-content\/uploads\/2018\/04\/Leif-544x544px-A.jpg\",\"width\":544,\"height\":544,\"caption\":\"Positioneringsl\u00f8sninger der forbedrer livskvaliteten for immobile mennesker\"},{\"@type\":\"BreadcrumbList\",\"@id\":\"https:\/\/www.cobirehab.com\/positioneringsloesninger-der-forbedrer-livskvaliteten\/#breadcrumb\",\"itemListElement\":[{\"@type\":\"ListItem\",\"position\":1,\"name\":\"Hjem\",\"item\":\"https:\/\/www.cobirehab.com\/\"},{\"@type\":\"ListItem\",\"position\":2,\"name\":\"Mission, vision and values\"}]},{\"@type\":\"WebSite\",\"@id\":\"https:\/\/www.cobirehab.com\/en\/#website\",\"url\":\"https:\/\/www.cobirehab.com\/en\/\",\"name\":\"Cobi Rehab\",\"description\":\"The Positioning Company\",\"publisher\":{\"@id\":\"https:\/\/www.cobirehab.com\/en\/#organization\"},\"alternateName\":\"Cobi\",\"potentialAction\":[{\"@type\":\"SearchAction\",\"target\":{\"@type\":\"EntryPoint\",\"urlTemplate\":\"https:\/\/www.cobirehab.com\/en\/?s={search_term_string}\"},\"query-input\":{\"@type\":\"PropertyValueSpecification\",\"valueRequired\":true,\"valueName\":\"search_term_string\"}}],\"inLanguage\":\"en-US\"},{\"@type\":\"Organization\",\"@id\":\"https:\/\/www.cobirehab.com\/en\/#organization\",\"name\":\"Cobi Rehab\",\"url\":\"https:\/\/www.cobirehab.com\/en\/\",\"logo\":{\"@type\":\"ImageObject\",\"inLanguage\":\"en-US\",\"@id\":\"https:\/\/www.cobirehab.com\/en\/#\/schema\/logo\/image\/\",\"url\":\"https:\/\/www.cobirehab.com\/wp-content\/uploads\/2018\/04\/COBI-REHAB-17-logo-versA-pos.png\",\"contentUrl\":\"https:\/\/www.cobirehab.com\/wp-content\/uploads\/2018\/04\/COBI-REHAB-17-logo-versA-pos.png\",\"width\":1195,\"height\":768,\"caption\":\"Cobi Rehab\"},\"image\":{\"@id\":\"https:\/\/www.cobirehab.com\/en\/#\/schema\/logo\/image\/\"}}]}<\/script>\n<!-- \/ Yoast SEO plugin. -->","yoast_head_json":{"title":"Mission, vision and values","description":"Our mission is to develop, sell and service positioning solutions to bariatric patients and help them achieve improved quality of life.","robots":{"index":"index","follow":"follow","max-snippet":"max-snippet:-1","max-image-preview":"max-image-preview:large","max-video-preview":"max-video-preview:-1"},"canonical":"https:\/\/www.cobirehab.com\/positioneringsloesninger-der-forbedrer-livskvaliteten\/","og_locale":"en_US","og_type":"article","og_title":"Mission, vision and values","og_description":"Our mission is to develop, sell and service positioning solutions to bariatric patients and help them achieve improved quality of life.","og_url":"https:\/\/www.cobirehab.com\/positioneringsloesninger-der-forbedrer-livskvaliteten\/","og_site_name":"Cobi Rehab","article_modified_time":"2023-01-26T11:48:27+00:00","og_image":[{"width":544,"height":544,"url":"https:\/\/www.cobirehab.com\/wp-content\/uploads\/2018\/04\/Leif-544x544px-A.jpg","type":"image\/jpeg"}],"twitter_card":"summary_large_image","twitter_misc":{"Est. reading time":"2 minutes"},"schema":{"@context":"https:\/\/schema.org","@graph":[{"@type":"WebPage","@id":"https:\/\/www.cobirehab.com\/positioneringsloesninger-der-forbedrer-livskvaliteten\/","url":"https:\/\/www.cobirehab.com\/positioneringsloesninger-der-forbedrer-livskvaliteten\/","name":"Mission, vision and values","isPartOf":{"@id":"https:\/\/www.cobirehab.com\/en\/#website"},"primaryImageOfPage":{"@id":"https:\/\/www.cobirehab.com\/positioneringsloesninger-der-forbedrer-livskvaliteten\/#primaryimage"},"image":{"@id":"https:\/\/www.cobirehab.com\/positioneringsloesninger-der-forbedrer-livskvaliteten\/#primaryimage"},"thumbnailUrl":"https:\/\/www.cobirehab.com\/wp-content\/uploads\/2018\/04\/Leif-544x544px-A.jpg","datePublished":"2018-04-25T22:21:37+00:00","dateModified":"2023-01-26T11:48:27+00:00","description":"Our mission is to develop, sell and service positioning solutions to bariatric patients and help them achieve improved quality of life.","breadcrumb":{"@id":"https:\/\/www.cobirehab.com\/positioneringsloesninger-der-forbedrer-livskvaliteten\/#breadcrumb"},"inLanguage":"en-US","potentialAction":[{"@type":"ReadAction","target":["https:\/\/www.cobirehab.com\/positioneringsloesninger-der-forbedrer-livskvaliteten\/"]}]},{"@type":"ImageObject","inLanguage":"en-US","@id":"https:\/\/www.cobirehab.com\/positioneringsloesninger-der-forbedrer-livskvaliteten\/#primaryimage","url":"https:\/\/www.cobirehab.com\/wp-content\/uploads\/2018\/04\/Leif-544x544px-A.jpg","contentUrl":"https:\/\/www.cobirehab.com\/wp-content\/uploads\/2018\/04\/Leif-544x544px-A.jpg","width":544,"height":544,"caption":"Positioneringsl\u00f8sninger der forbedrer livskvaliteten for immobile mennesker"},{"@type":"BreadcrumbList","@id":"https:\/\/www.cobirehab.com\/positioneringsloesninger-der-forbedrer-livskvaliteten\/#breadcrumb","itemListElement":[{"@type":"ListItem","position":1,"name":"Hjem","item":"https:\/\/www.cobirehab.com\/"},{"@type":"ListItem","position":2,"name":"Mission, vision and values"}]},{"@type":"WebSite","@id":"https:\/\/www.cobirehab.com\/en\/#website","url":"https:\/\/www.cobirehab.com\/en\/","name":"Cobi Rehab","description":"The Positioning Company","publisher":{"@id":"https:\/\/www.cobirehab.com\/en\/#organization"},"alternateName":"Cobi","potentialAction":[{"@type":"SearchAction","target":{"@type":"EntryPoint","urlTemplate":"https:\/\/www.cobirehab.com\/en\/?s={search_term_string}"},"query-input":{"@type":"PropertyValueSpecification","valueRequired":true,"valueName":"search_term_string"}}],"inLanguage":"en-US"},{"@type":"Organization","@id":"https:\/\/www.cobirehab.com\/en\/#organization","name":"Cobi Rehab","url":"https:\/\/www.cobirehab.com\/en\/","logo":{"@type":"ImageObject","inLanguage":"en-US","@id":"https:\/\/www.cobirehab.com\/en\/#\/schema\/logo\/image\/","url":"https:\/\/www.cobirehab.com\/wp-content\/uploads\/2018\/04\/COBI-REHAB-17-logo-versA-pos.png","contentUrl":"https:\/\/www.cobirehab.com\/wp-content\/uploads\/2018\/04\/COBI-REHAB-17-logo-versA-pos.png","width":1195,"height":768,"caption":"Cobi Rehab"},"image":{"@id":"https:\/\/www.cobirehab.com\/en\/#\/schema\/logo\/image\/"}}]}},"_links":{"self":[{"href":"https:\/\/www.cobirehab.com\/en\/wp-json\/wp\/v2\/pages\/2272","targetHints":{"allow":["GET"]}}],"collection":[{"href":"https:\/\/www.cobirehab.com\/en\/wp-json\/wp\/v2\/pages"}],"about":[{"href":"https:\/\/www.cobirehab.com\/en\/wp-json\/wp\/v2\/types\/page"}],"author":[{"embeddable":true,"href":"https:\/\/www.cobirehab.com\/en\/wp-json\/wp\/v2\/users\/23"}],"replies":[{"embeddable":true,"href":"https:\/\/www.cobirehab.com\/en\/wp-json\/wp\/v2\/comments?post=2272"}],"version-history":[{"count":10,"href":"https:\/\/www.cobirehab.com\/en\/wp-json\/wp\/v2\/pages\/2272\/revisions"}],"predecessor-version":[{"id":42734,"href":"https:\/\/www.cobirehab.com\/en\/wp-json\/wp\/v2\/pages\/2272\/revisions\/42734"}],"wp:featuredmedia":[{"embeddable":true,"href":"https:\/\/www.cobirehab.com\/en\/wp-json\/wp\/v2\/media\/1773"}],"wp:attachment":[{"href":"https:\/\/www.cobirehab.com\/en\/wp-json\/wp\/v2\/media?parent=2272"}],"curies":[{"name":"wp","href":"https:\/\/api.w.org\/{rel}","templated":true}]}}