{"id":49637,"date":"2026-03-23T14:53:25","date_gmt":"2026-03-23T13:53:25","guid":{"rendered":"https:\/\/www.cobirehab.com\/?post_type=product&#038;p=49637"},"modified":"2026-03-23T15:15:01","modified_gmt":"2026-03-23T14:15:01","slug":"spex-stylo-kopfstuetze","status":"publish","type":"product","link":"https:\/\/www.cobirehab.com\/de\/produkt\/spex-stylo-kopfstuetze\/","title":{"rendered":"Spex Stylo Kopfst\u00fctze"},"content":{"rendered":"<h2 data-start=\"0\" data-end=\"40\"><strong data-start=\"0\" data-end=\"40\">Spex Stylo Kopfst\u00fctze f\u00fcr Rollst\u00fchle<\/strong><\/h2>\n<p data-start=\"42\" data-end=\"397\">Spex Stylo ist eine fortschrittliche und flexible Kopfst\u00fctze, die f\u00fcr eine pr\u00e4zise Positionierung von Kopf und Nacken im Rollstuhl entwickelt wurde. Das System ist darauf ausgelegt, eine einfache Einstellung mit einem hohen Ma\u00df an Anpassungsf\u00e4higkeit zu kombinieren, sodass Therapeuten eine optimale Unterst\u00fctzung f\u00fcr den einzelnen Nutzer schaffen k\u00f6nnen.<\/p>\n<p data-start=\"399\" data-end=\"696\">Die Kopfst\u00fctze verwendet ein innovatives System mit Kugelgelenken und verstellbaren Verbindungen, das es erm\u00f6glicht, das Kopfpolster in viele verschiedene Winkel und Positionen auszurichten. Dadurch kann die Unterst\u00fctzung exakt dort platziert werden, wo der Nutzer Stabilit\u00e4t und Komfort ben\u00f6tigt.<\/p>\n<p data-start=\"698\" data-end=\"1053\">Das Stylo-System bietet zudem einen gro\u00dfen Verstellbereich. Beim Modell Stylo 160 kann die Kopfst\u00fctze bis zu 160 mm nach vorne verstellt werden, wodurch sie sich besonders f\u00fcr Nutzer eignet, die beispielsweise eine erh\u00f6hte thorakale oder lumbale Kr\u00fcmmung aufweisen und bei denen die Kopfst\u00fctze weiter von der R\u00fcckenlehne entfernt positioniert werden muss.<\/p>\n<p data-start=\"1055\" data-end=\"1340\">Die Konstruktion besteht aus robusten Aluminiumkomponenten, die eine stabile Positionierung ohne Rotation oder Bewegung gew\u00e4hrleisten. Gleichzeitig l\u00e4sst sich das gesamte System mit nur einem Werkzeug feinjustieren, was Anpassungen im klinischen Alltag schnell und unkompliziert macht.<\/p>\n<p data-start=\"1342\" data-end=\"1464\">Spex Stylo ist zudem optional mit einer Flip-back-Funktion erh\u00e4ltlich, die Transfers in und aus dem Rollstuhl erleichtert.<\/p>\n<h4 data-start=\"1466\" data-end=\"1493\"><strong data-start=\"1466\" data-end=\"1493\">Vorteile der Spex Stylo<\/strong><\/h4>\n<ul data-start=\"1495\" data-end=\"1878\">\n<li data-section-id=\"1fwnhto\" data-start=\"1495\" data-end=\"1547\">Sehr flexible Positionierung von Kopf und Nacken<\/li>\n<li data-section-id=\"g05g5l\" data-start=\"1548\" data-end=\"1620\">Kugelgelenke erm\u00f6glichen gro\u00dfe Bewegungsfreiheit bei der Einstellung<\/li>\n<li data-section-id=\"1aslb8v\" data-start=\"1621\" data-end=\"1671\">Bis zu 270\u00b0 Einstellm\u00f6glichkeit in den Winkeln<\/li>\n<li data-section-id=\"1jhsb2q\" data-start=\"1672\" data-end=\"1744\">Vorw\u00e4rtsverstellung bis zu 160 mm (Stylo 160) und 260 mm (Stylo 260)<\/li>\n<li data-section-id=\"ymhvbe\" data-start=\"1745\" data-end=\"1792\">Stabile Aluminiumkonstruktion ohne Rotation<\/li>\n<li data-section-id=\"rfp6u9\" data-start=\"1793\" data-end=\"1831\">Einstellung mit nur einem Werkzeug<\/li>\n<li data-section-id=\"k0te0x\" data-start=\"1832\" data-end=\"1878\">Optionale Flip-back-Funktion f\u00fcr Transfers<\/li>\n<\/ul>\n<h4 data-start=\"1880\" data-end=\"1905\"><strong data-start=\"1880\" data-end=\"1905\">Klinische Anwendungen<\/strong><\/h4>\n<p data-start=\"1907\" data-end=\"1956\"><strong>Spex Stylo eignet sich besonders f\u00fcr Nutzer, die:<\/strong><\/p>\n<ul data-start=\"1958\" data-end=\"2223\" data-is-last-node=\"\" data-is-only-node=\"\">\n<li data-section-id=\"xdzipt\" data-start=\"1958\" data-end=\"2001\">Eine eingeschr\u00e4nkte Kopfkontrolle haben<\/li>\n<li data-section-id=\"k5rdpn\" data-start=\"2002\" data-end=\"2047\">Eine pr\u00e4zise Kopfpositionierung ben\u00f6tigen<\/li>\n<li data-section-id=\"12wp1ku\" data-start=\"2048\" data-end=\"2106\">Rotation oder laterale Flexion im Oberk\u00f6rper aufweisen<\/li>\n<li data-section-id=\"4zmfzt\" data-start=\"2107\" data-end=\"2223\" data-is-last-node=\"\">Eine erh\u00f6hte thorakale oder lumbale Kr\u00fcmmung haben und daher eine weiter vom R\u00fccken entfernte Kopfst\u00fctze ben\u00f6tigen<\/li>\n<\/ul>\n","protected":false},"excerpt":{"rendered":"<p>Verstellbare Kopfst\u00fctze f\u00fcr Rollst\u00fchle, entwickelt f\u00fcr die pr\u00e4zise Positionierung von Kopf und Nacken. Spex Stylo kombiniert hohe Stabilit\u00e4t mit umfangreichen Einstellm\u00f6glichkeiten, sodass die Unterst\u00fctzung individuell an einfache wie auch komplexe Bed\u00fcrfnisse angepasst werden kann.<\/p>\n<p>Die flexible Konstruktion mit Kugelgelenken und verstellbaren Verbindungen erm\u00f6glicht es, die Kopfst\u00fctze exakt dort zu positionieren, wo der Nutzer Unterst\u00fctzung und Entlastung ben\u00f6tigt.<\/p>\n<p><strong>Einsatzbereiche<\/strong><\/p>\n<ul>\n<li>Stabile Unterst\u00fctzung von Kopf und Nacken im Rollstuhl<\/li>\n<li>Nutzer mit eingeschr\u00e4nkter Kopfkontrolle<\/li>\n<li>Asymmetrische Sitzpositionen oder Rumpfrotation<\/li>\n<li>Positionierungen, bei denen die Kopfst\u00fctze weiter von der R\u00fcckenlehne entfernt angebracht werden muss<\/li>\n<\/ul>\n","protected":false},"featured_media":49386,"comment_status":"closed","ping_status":"closed","template":"","meta":{"_et_pb_use_builder":"","_et_pb_old_content":"","_et_gb_content_width":""},"product_brand":[],"product_cat":[276],"product_tag":[],"class_list":{"0":"post-49637","1":"product","2":"type-product","3":"status-publish","4":"has-post-thumbnail","6":"product_cat-zubehoer","8":"first","9":"instock","10":"shipping-taxable","11":"product-type-simple"},"yoast_head":"<!-- This site is optimized with the Yoast SEO plugin v27.2 - https:\/\/yoast.com\/product\/yoast-seo-wordpress\/ -->\n<title>Spex Stylo Kopfst\u00fctze | Verstellbare Kopfst\u00fctze f\u00fcr Rollst\u00fchle<\/title>\n<meta name=\"description\" content=\"Spex Stylo ist eine flexible und verstellbare Kopfst\u00fctze f\u00fcr Rollst\u00fchle, die eine pr\u00e4zise Positionierung und stabile Unterst\u00fctzung von Kopf und Nacken bietet \u2013 geeignet f\u00fcr einfache wie auch komplexe Bed\u00fcrfnisse.\" \/>\n<meta name=\"robots\" content=\"index, follow, max-snippet:-1, max-image-preview:large, max-video-preview:-1\" \/>\n<link rel=\"canonical\" href=\"https:\/\/www.cobirehab.com\/de\/produkt\/spex-stylo-kopfstuetze\/\" \/>\n<meta property=\"og:locale\" content=\"de_DE\" \/>\n<meta property=\"og:type\" content=\"article\" \/>\n<meta property=\"og:title\" content=\"Spex Stylo Kopfst\u00fctze | Verstellbare Kopfst\u00fctze f\u00fcr Rollst\u00fchle\" \/>\n<meta property=\"og:description\" content=\"Spex Stylo ist eine flexible und verstellbare Kopfst\u00fctze f\u00fcr Rollst\u00fchle, die eine pr\u00e4zise Positionierung und stabile Unterst\u00fctzung von Kopf und Nacken bietet \u2013 geeignet f\u00fcr einfache wie auch komplexe Bed\u00fcrfnisse.\" \/>\n<meta property=\"og:url\" content=\"https:\/\/www.cobirehab.com\/de\/produkt\/spex-stylo-kopfstuetze\/\" \/>\n<meta property=\"og:site_name\" content=\"Cobi Rehab\" \/>\n<meta property=\"article:modified_time\" content=\"2026-03-23T14:15:01+00:00\" \/>\n<meta property=\"og:image\" content=\"https:\/\/www.cobirehab.com\/wp-content\/uploads\/2026\/03\/Spex-Stylo-160-Flip-Back-1-medium-Black.png\" \/>\n\t<meta property=\"og:image:width\" content=\"1600\" \/>\n\t<meta property=\"og:image:height\" content=\"1600\" \/>\n\t<meta property=\"og:image:type\" content=\"image\/png\" \/>\n<meta name=\"twitter:card\" content=\"summary_large_image\" \/>\n<meta name=\"twitter:label1\" content=\"Gesch\u00e4tzte Lesezeit\" \/>\n\t<meta name=\"twitter:data1\" content=\"2\u00a0Minuten\" \/>\n<script type=\"application\/ld+json\" class=\"yoast-schema-graph\">{\"@context\":\"https:\/\/schema.org\",\"@graph\":[{\"@type\":\"WebPage\",\"@id\":\"https:\/\/www.cobirehab.com\/de\/produkt\/spex-stylo-kopfstuetze\/\",\"url\":\"https:\/\/www.cobirehab.com\/de\/produkt\/spex-stylo-kopfstuetze\/\",\"name\":\"Spex Stylo Kopfst\u00fctze | Verstellbare Kopfst\u00fctze f\u00fcr Rollst\u00fchle\",\"isPartOf\":{\"@id\":\"https:\/\/www.cobirehab.com\/en\/#website\"},\"primaryImageOfPage\":{\"@id\":\"https:\/\/www.cobirehab.com\/de\/produkt\/spex-stylo-kopfstuetze\/#primaryimage\"},\"image\":{\"@id\":\"https:\/\/www.cobirehab.com\/de\/produkt\/spex-stylo-kopfstuetze\/#primaryimage\"},\"thumbnailUrl\":\"https:\/\/www.cobirehab.com\/wp-content\/uploads\/2026\/03\/Spex-Stylo-160-Flip-Back-1-medium-Black.png\",\"datePublished\":\"2026-03-23T13:53:25+00:00\",\"dateModified\":\"2026-03-23T14:15:01+00:00\",\"description\":\"Spex Stylo ist eine flexible und verstellbare Kopfst\u00fctze f\u00fcr Rollst\u00fchle, die eine pr\u00e4zise Positionierung und stabile Unterst\u00fctzung von Kopf und Nacken bietet \u2013 geeignet f\u00fcr einfache wie auch komplexe Bed\u00fcrfnisse.\",\"breadcrumb\":{\"@id\":\"https:\/\/www.cobirehab.com\/de\/produkt\/spex-stylo-kopfstuetze\/#breadcrumb\"},\"inLanguage\":\"de\",\"potentialAction\":[{\"@type\":\"ReadAction\",\"target\":[\"https:\/\/www.cobirehab.com\/de\/produkt\/spex-stylo-kopfstuetze\/\"]}]},{\"@type\":\"ImageObject\",\"inLanguage\":\"de\",\"@id\":\"https:\/\/www.cobirehab.com\/de\/produkt\/spex-stylo-kopfstuetze\/#primaryimage\",\"url\":\"https:\/\/www.cobirehab.com\/wp-content\/uploads\/2026\/03\/Spex-Stylo-160-Flip-Back-1-medium-Black.png\",\"contentUrl\":\"https:\/\/www.cobirehab.com\/wp-content\/uploads\/2026\/03\/Spex-Stylo-160-Flip-Back-1-medium-Black.png\",\"width\":1600,\"height\":1600},{\"@type\":\"BreadcrumbList\",\"@id\":\"https:\/\/www.cobirehab.com\/de\/produkt\/spex-stylo-kopfstuetze\/#breadcrumb\",\"itemListElement\":[{\"@type\":\"ListItem\",\"position\":1,\"name\":\"Hjem\",\"item\":\"https:\/\/www.cobirehab.com\/\"},{\"@type\":\"ListItem\",\"position\":2,\"name\":\"Produkter\",\"item\":\"https:\/\/www.cobirehab.com\/produkter\/\"},{\"@type\":\"ListItem\",\"position\":3,\"name\":\"Spex Stylo Kopfst\u00fctze\"}]},{\"@type\":\"WebSite\",\"@id\":\"https:\/\/www.cobirehab.com\/en\/#website\",\"url\":\"https:\/\/www.cobirehab.com\/en\/\",\"name\":\"Cobi Rehab\",\"description\":\"The Positioning Company\",\"publisher\":{\"@id\":\"https:\/\/www.cobirehab.com\/en\/#organization\"},\"alternateName\":\"Cobi\",\"potentialAction\":[{\"@type\":\"SearchAction\",\"target\":{\"@type\":\"EntryPoint\",\"urlTemplate\":\"https:\/\/www.cobirehab.com\/en\/?s={search_term_string}\"},\"query-input\":{\"@type\":\"PropertyValueSpecification\",\"valueRequired\":true,\"valueName\":\"search_term_string\"}}],\"inLanguage\":\"de\"},{\"@type\":\"Organization\",\"@id\":\"https:\/\/www.cobirehab.com\/en\/#organization\",\"name\":\"Cobi Rehab\",\"url\":\"https:\/\/www.cobirehab.com\/en\/\",\"logo\":{\"@type\":\"ImageObject\",\"inLanguage\":\"de\",\"@id\":\"https:\/\/www.cobirehab.com\/en\/#\/schema\/logo\/image\/\",\"url\":\"https:\/\/www.cobirehab.com\/wp-content\/uploads\/2018\/04\/COBI-REHAB-17-logo-versA-pos.png\",\"contentUrl\":\"https:\/\/www.cobirehab.com\/wp-content\/uploads\/2018\/04\/COBI-REHAB-17-logo-versA-pos.png\",\"width\":1195,\"height\":768,\"caption\":\"Cobi Rehab\"},\"image\":{\"@id\":\"https:\/\/www.cobirehab.com\/en\/#\/schema\/logo\/image\/\"}}]}<\/script>\n<!-- \/ Yoast SEO plugin. -->","yoast_head_json":{"title":"Spex Stylo Kopfst\u00fctze | Verstellbare Kopfst\u00fctze f\u00fcr Rollst\u00fchle","description":"Spex Stylo ist eine flexible und verstellbare Kopfst\u00fctze f\u00fcr Rollst\u00fchle, die eine pr\u00e4zise Positionierung und stabile Unterst\u00fctzung von Kopf und Nacken bietet \u2013 geeignet f\u00fcr einfache wie auch komplexe Bed\u00fcrfnisse.","robots":{"index":"index","follow":"follow","max-snippet":"max-snippet:-1","max-image-preview":"max-image-preview:large","max-video-preview":"max-video-preview:-1"},"canonical":"https:\/\/www.cobirehab.com\/de\/produkt\/spex-stylo-kopfstuetze\/","og_locale":"de_DE","og_type":"article","og_title":"Spex Stylo Kopfst\u00fctze | Verstellbare Kopfst\u00fctze f\u00fcr Rollst\u00fchle","og_description":"Spex Stylo ist eine flexible und verstellbare Kopfst\u00fctze f\u00fcr Rollst\u00fchle, die eine pr\u00e4zise Positionierung und stabile Unterst\u00fctzung von Kopf und Nacken bietet \u2013 geeignet f\u00fcr einfache wie auch komplexe Bed\u00fcrfnisse.","og_url":"https:\/\/www.cobirehab.com\/de\/produkt\/spex-stylo-kopfstuetze\/","og_site_name":"Cobi Rehab","article_modified_time":"2026-03-23T14:15:01+00:00","og_image":[{"width":1600,"height":1600,"url":"https:\/\/www.cobirehab.com\/wp-content\/uploads\/2026\/03\/Spex-Stylo-160-Flip-Back-1-medium-Black.png","type":"image\/png"}],"twitter_card":"summary_large_image","twitter_misc":{"Gesch\u00e4tzte Lesezeit":"2\u00a0Minuten"},"schema":{"@context":"https:\/\/schema.org","@graph":[{"@type":"WebPage","@id":"https:\/\/www.cobirehab.com\/de\/produkt\/spex-stylo-kopfstuetze\/","url":"https:\/\/www.cobirehab.com\/de\/produkt\/spex-stylo-kopfstuetze\/","name":"Spex Stylo Kopfst\u00fctze | Verstellbare Kopfst\u00fctze f\u00fcr Rollst\u00fchle","isPartOf":{"@id":"https:\/\/www.cobirehab.com\/en\/#website"},"primaryImageOfPage":{"@id":"https:\/\/www.cobirehab.com\/de\/produkt\/spex-stylo-kopfstuetze\/#primaryimage"},"image":{"@id":"https:\/\/www.cobirehab.com\/de\/produkt\/spex-stylo-kopfstuetze\/#primaryimage"},"thumbnailUrl":"https:\/\/www.cobirehab.com\/wp-content\/uploads\/2026\/03\/Spex-Stylo-160-Flip-Back-1-medium-Black.png","datePublished":"2026-03-23T13:53:25+00:00","dateModified":"2026-03-23T14:15:01+00:00","description":"Spex Stylo ist eine flexible und verstellbare Kopfst\u00fctze f\u00fcr Rollst\u00fchle, die eine pr\u00e4zise Positionierung und stabile Unterst\u00fctzung von Kopf und Nacken bietet \u2013 geeignet f\u00fcr einfache wie auch komplexe Bed\u00fcrfnisse.","breadcrumb":{"@id":"https:\/\/www.cobirehab.com\/de\/produkt\/spex-stylo-kopfstuetze\/#breadcrumb"},"inLanguage":"de","potentialAction":[{"@type":"ReadAction","target":["https:\/\/www.cobirehab.com\/de\/produkt\/spex-stylo-kopfstuetze\/"]}]},{"@type":"ImageObject","inLanguage":"de","@id":"https:\/\/www.cobirehab.com\/de\/produkt\/spex-stylo-kopfstuetze\/#primaryimage","url":"https:\/\/www.cobirehab.com\/wp-content\/uploads\/2026\/03\/Spex-Stylo-160-Flip-Back-1-medium-Black.png","contentUrl":"https:\/\/www.cobirehab.com\/wp-content\/uploads\/2026\/03\/Spex-Stylo-160-Flip-Back-1-medium-Black.png","width":1600,"height":1600},{"@type":"BreadcrumbList","@id":"https:\/\/www.cobirehab.com\/de\/produkt\/spex-stylo-kopfstuetze\/#breadcrumb","itemListElement":[{"@type":"ListItem","position":1,"name":"Hjem","item":"https:\/\/www.cobirehab.com\/"},{"@type":"ListItem","position":2,"name":"Produkter","item":"https:\/\/www.cobirehab.com\/produkter\/"},{"@type":"ListItem","position":3,"name":"Spex Stylo Kopfst\u00fctze"}]},{"@type":"WebSite","@id":"https:\/\/www.cobirehab.com\/en\/#website","url":"https:\/\/www.cobirehab.com\/en\/","name":"Cobi Rehab","description":"The Positioning Company","publisher":{"@id":"https:\/\/www.cobirehab.com\/en\/#organization"},"alternateName":"Cobi","potentialAction":[{"@type":"SearchAction","target":{"@type":"EntryPoint","urlTemplate":"https:\/\/www.cobirehab.com\/en\/?s={search_term_string}"},"query-input":{"@type":"PropertyValueSpecification","valueRequired":true,"valueName":"search_term_string"}}],"inLanguage":"de"},{"@type":"Organization","@id":"https:\/\/www.cobirehab.com\/en\/#organization","name":"Cobi Rehab","url":"https:\/\/www.cobirehab.com\/en\/","logo":{"@type":"ImageObject","inLanguage":"de","@id":"https:\/\/www.cobirehab.com\/en\/#\/schema\/logo\/image\/","url":"https:\/\/www.cobirehab.com\/wp-content\/uploads\/2018\/04\/COBI-REHAB-17-logo-versA-pos.png","contentUrl":"https:\/\/www.cobirehab.com\/wp-content\/uploads\/2018\/04\/COBI-REHAB-17-logo-versA-pos.png","width":1195,"height":768,"caption":"Cobi Rehab"},"image":{"@id":"https:\/\/www.cobirehab.com\/en\/#\/schema\/logo\/image\/"}}]}},"_links":{"self":[{"href":"https:\/\/www.cobirehab.com\/de\/wp-json\/wp\/v2\/product\/49637","targetHints":{"allow":["GET"]}}],"collection":[{"href":"https:\/\/www.cobirehab.com\/de\/wp-json\/wp\/v2\/product"}],"about":[{"href":"https:\/\/www.cobirehab.com\/de\/wp-json\/wp\/v2\/types\/product"}],"replies":[{"embeddable":true,"href":"https:\/\/www.cobirehab.com\/de\/wp-json\/wp\/v2\/comments?post=49637"}],"wp:featuredmedia":[{"embeddable":true,"href":"https:\/\/www.cobirehab.com\/de\/wp-json\/wp\/v2\/media\/49386"}],"wp:attachment":[{"href":"https:\/\/www.cobirehab.com\/de\/wp-json\/wp\/v2\/media?parent=49637"}],"wp:term":[{"taxonomy":"product_brand","embeddable":true,"href":"https:\/\/www.cobirehab.com\/de\/wp-json\/wp\/v2\/product_brand?post=49637"},{"taxonomy":"product_cat","embeddable":true,"href":"https:\/\/www.cobirehab.com\/de\/wp-json\/wp\/v2\/product_cat?post=49637"},{"taxonomy":"product_tag","embeddable":true,"href":"https:\/\/www.cobirehab.com\/de\/wp-json\/wp\/v2\/product_tag?post=49637"}],"curies":[{"name":"wp","href":"https:\/\/api.w.org\/{rel}","templated":true}]}}