{"id":49631,"date":"2026-03-23T14:27:14","date_gmt":"2026-03-23T13:27:14","guid":{"rendered":"https:\/\/www.cobirehab.com\/?post_type=product&#038;p=49631"},"modified":"2026-03-23T14:52:02","modified_gmt":"2026-03-23T13:52:02","slug":"spex-koerperstuetzen","status":"publish","type":"product","link":"https:\/\/www.cobirehab.com\/de\/produkt\/spex-koerperstuetzen\/","title":{"rendered":"Spex K\u00f6rperst\u00fctzen"},"content":{"rendered":"<h2 data-start=\"0\" data-end=\"37\"><strong data-start=\"0\" data-end=\"37\">Spex K\u00f6rperst\u00fctzen f\u00fcr Rollst\u00fchle<\/strong><\/h2>\n<p data-start=\"39\" data-end=\"437\">Eine stabile und korrekte Sitzposition ist entscheidend f\u00fcr Komfort, Funktion und Gesundheit von Rollstuhlnutzern. Wenn dem Oberk\u00f6rper die notwendige Unterst\u00fctzung fehlt, kann dies sowohl das Gleichgewicht als auch die Atmung und die F\u00e4higkeit beeintr\u00e4chtigen, Arme und H\u00e4nde effektiv zu nutzen. Daher werden K\u00f6rperst\u00fctzen h\u00e4ufig als wichtiger Bestandteil einer individuellen Sitzl\u00f6sung eingesetzt.<\/p>\n<p data-start=\"439\" data-end=\"731\">Spex K\u00f6rperst\u00fctzen wurden entwickelt, um gezielte Unterst\u00fctzung f\u00fcr den Oberk\u00f6rper zu bieten und die Sitzposition des Nutzers im Rollstuhl zu stabilisieren. Das System erm\u00f6glicht es, den K\u00f6rper genau dort zu st\u00fctzen, wo es erforderlich ist \u2013 ohne die Bewegungsfreiheit unn\u00f6tig einzuschr\u00e4nken.<\/p>\n<p data-start=\"733\" data-end=\"974\">Das Spex System ist modular aufgebaut und kann an viele unterschiedliche Bed\u00fcrfnisse angepasst werden. Das bedeutet, dass die L\u00f6sung individuell f\u00fcr Kinder und Erwachsene mit einfachen oder komplexeren Sitzpositionen eingestellt werden kann.<\/p>\n<div class=\"flex flex-col text-sm pb-25\">\n<section class=\"text-token-text-primary w-full focus:outline-none [--shadow-height:45px] has-data-writing-block:pointer-events-none has-data-writing-block:-mt-(--shadow-height) has-data-writing-block:pt-(--shadow-height) [&amp;:has([data-writing-block])&gt;*]:pointer-events-auto scroll-mt-[calc(var(--header-height)+min(200px,max(70px,20svh)))]\" dir=\"auto\" data-turn-id=\"f987edde-c202-43a3-9810-4132a2d421a9\" data-testid=\"conversation-turn-76\" data-scroll-anchor=\"true\" data-turn=\"assistant\">\n<div class=\"text-base my-auto mx-auto pb-10 [--thread-content-margin:var(--thread-content-margin-xs,calc(var(--spacing)*4))] @w-sm\/main:[--thread-content-margin:var(--thread-content-margin-sm,calc(var(--spacing)*6))] @w-lg\/main:[--thread-content-margin:var(--thread-content-margin-lg,calc(var(--spacing)*16))] px-(--thread-content-margin)\">\n<div class=\"[--thread-content-max-width:40rem] @w-lg\/main:[--thread-content-max-width:48rem] mx-auto max-w-(--thread-content-max-width) flex-1 group\/turn-messages focus-visible:outline-hidden relative flex w-full min-w-0 flex-col agent-turn\">\n<div class=\"flex max-w-full flex-col gap-4 grow\">\n<div class=\"min-h-8 text-message relative flex w-full flex-col items-end gap-2 text-start break-words whitespace-normal outline-none keyboard-focused:focus-ring [.text-message+&amp;]:mt-1\" dir=\"auto\" tabindex=\"0\" data-message-author-role=\"assistant\" data-message-id=\"f987edde-c202-43a3-9810-4132a2d421a9\" data-turn-start-message=\"true\" data-message-model-slug=\"gpt-5-3\">\n<div class=\"flex w-full flex-col gap-1 empty:hidden\">\n<div class=\"markdown prose dark:prose-invert w-full wrap-break-word light markdown-new-styling\">\n<h4 data-start=\"976\" data-end=\"1008\"><strong data-start=\"976\" data-end=\"1008\">Was sind Spex K\u00f6rperst\u00fctzen?<\/strong><\/h4>\n<p data-start=\"1010\" data-end=\"1213\">Spex K\u00f6rperst\u00fctzen \u2013 auch als laterale Rumpfst\u00fctzen bezeichnet \u2013 werden verwendet, um den Oberk\u00f6rper zu stabilisieren und dem Nutzer zu helfen, eine korrekte Sitzposition im Rollstuhl aufrechtzuerhalten.<\/p>\n<p data-start=\"1215\" data-end=\"1253\"><strong>Das System besteht typischerweise aus:<\/strong><\/p>\n<ul data-start=\"1255\" data-end=\"1516\">\n<li data-section-id=\"88dpqv\" data-start=\"1255\" data-end=\"1346\">einer verstellbaren Lateralschiene, die an der R\u00fcckenlehne des Rollstuhls montiert wird<\/li>\n<li data-section-id=\"zjrejz\" data-start=\"1347\" data-end=\"1421\">einem anatomischen Seitenpolster, das komfortable Unterst\u00fctzung bietet<\/li>\n<li data-section-id=\"120f9ak\" data-start=\"1422\" data-end=\"1516\">mehreren Einstellm\u00f6glichkeiten, sodass die Unterst\u00fctzung individuell angepasst werden kann<\/li>\n<\/ul>\n<p data-start=\"1518\" data-end=\"1647\">Die Kombination erm\u00f6glicht es Therapeuten, die Unterst\u00fctzung pr\u00e4zise an die K\u00f6rperhaltung und Bed\u00fcrfnisse des Nutzers anzupassen.<\/p>\n<h4 data-start=\"1649\" data-end=\"1691\"><strong data-start=\"1649\" data-end=\"1691\">Vorteile des Spex K\u00f6rperst\u00fctzensystems<\/strong><\/h4>\n<p data-start=\"1693\" data-end=\"1830\">Das Spex System wurde f\u00fcr den klinischen Einsatz entwickelt, bei dem sowohl Flexibilit\u00e4t als auch Stabilit\u00e4t eine zentrale Rolle spielen.<\/p>\n<p data-start=\"1832\" data-end=\"1868\"><strong>Zu den wichtigsten Vorteilen z\u00e4hlen:<\/strong><\/p>\n<ul data-start=\"1870\" data-end=\"2173\">\n<li data-section-id=\"1l4lng2\" data-start=\"1870\" data-end=\"1927\">Modulares System mit vielen Kombinationsm\u00f6glichkeiten<\/li>\n<li data-section-id=\"1iijx3b\" data-start=\"1928\" data-end=\"1969\">Pr\u00e4zise Einstellung der Seitenpolster<\/li>\n<li data-section-id=\"ux8ury\" data-start=\"1970\" data-end=\"2011\">Stabile Unterst\u00fctzung des Oberk\u00f6rpers<\/li>\n<li data-section-id=\"trj5d6\" data-start=\"2012\" data-end=\"2067\">M\u00f6glichkeit einer Swing-away-Funktion bei Transfers<\/li>\n<li data-section-id=\"jvhjnw\" data-start=\"2068\" data-end=\"2110\">Verschiedene Polsterformen und -gr\u00f6\u00dfen<\/li>\n<li data-section-id=\"10ayktq\" data-start=\"2111\" data-end=\"2173\">Geeignet f\u00fcr symmetrische und asymmetrische Sitzpositionen<\/li>\n<\/ul>\n<h4 data-start=\"2175\" data-end=\"2204\"><strong data-start=\"2175\" data-end=\"2204\">Spex Axial Lateralschiene<\/strong><\/h4>\n<p data-start=\"2206\" data-end=\"2484\">Die Spex Axial Halterung wurde entwickelt, um eine hohe Flexibilit\u00e4t bei der Positionierung der K\u00f6rperst\u00fctze zu gew\u00e4hrleisten. Die Halterung kann in mehrere Richtungen verstellt werden, sodass das Seitenpolster exakt in Bezug auf den K\u00f6rper des Nutzers positioniert werden kann.<\/p>\n<p data-start=\"2486\" data-end=\"2660\">Einige Modelle verf\u00fcgen \u00fcber eine Swing-away-Funktion, mit der die K\u00f6rperst\u00fctze bei Transfers oder bei Bedarf an freiem Zugang zum Rollstuhl zur Seite geschwenkt werden kann.<\/p>\n<p data-start=\"2662\" data-end=\"2799\">Die Halterungen k\u00f6nnen mit verschiedenen Spex Seitenpolstern kombiniert werden und bieten somit gro\u00dfe Flexibilit\u00e4t bei der Konfiguration.<\/p>\n<h4 data-start=\"2801\" data-end=\"2823\"><strong data-start=\"2801\" data-end=\"2823\">Spex Seitenpolster<\/strong><\/h4>\n<p data-start=\"2825\" data-end=\"2980\">Spex Seitenpolster wurden entwickelt, um komfortable Unterst\u00fctzung f\u00fcr den Oberk\u00f6rper zu bieten und gleichzeitig eine gute Druckverteilung sicherzustellen.<\/p>\n<p data-start=\"2982\" data-end=\"3100\">Die Polster sind in verschiedenen Ausf\u00fchrungen erh\u00e4ltlich, sodass die Unterst\u00fctzung individuell angepasst werden kann:<\/p>\n<h4 data-start=\"3102\" data-end=\"3119\"><strong data-start=\"3102\" data-end=\"3119\">Schmale Serie<\/strong><\/h4>\n<ul data-start=\"3121\" data-end=\"3204\">\n<li data-section-id=\"1wy9f78\" data-start=\"3121\" data-end=\"3159\">Geeignet f\u00fcr kleinere K\u00f6rperformen<\/li>\n<li data-section-id=\"8cd8uv\" data-start=\"3160\" data-end=\"3204\">Bietet pr\u00e4zise, k\u00f6rpernahe Unterst\u00fctzung<\/li>\n<\/ul>\n<h4 data-start=\"3206\" data-end=\"3222\"><strong data-start=\"3206\" data-end=\"3222\">Breite Serie<\/strong><\/h4>\n<ul data-start=\"3224\" data-end=\"3298\">\n<li data-section-id=\"co4nno\" data-start=\"3224\" data-end=\"3256\">Gr\u00f6\u00dfere Unterst\u00fctzungsfl\u00e4che<\/li>\n<li data-section-id=\"1wjmmld\" data-start=\"3257\" data-end=\"3298\">Erh\u00f6hte Stabilit\u00e4t f\u00fcr den Oberk\u00f6rper<\/li>\n<\/ul>\n<h4 data-start=\"3300\" data-end=\"3322\"><strong data-start=\"3300\" data-end=\"3322\">Biangul\u00e4re Polster<\/strong><\/h4>\n<ul data-start=\"3324\" data-end=\"3413\">\n<li data-section-id=\"1itrrrc\" data-start=\"3324\" data-end=\"3368\">Entwickelt f\u00fcr komplexere Sitzpositionen<\/li>\n<li data-section-id=\"7zesal\" data-start=\"3369\" data-end=\"3413\">Bieten Unterst\u00fctzung in mehreren Winkeln<\/li>\n<\/ul>\n<p data-start=\"3415\" data-end=\"3509\">Alle Polster bestehen aus druckverteilendem Schaum und werden mit abnehmbarem Bezug geliefert.<\/p>\n<h4 data-start=\"3511\" data-end=\"3533\"><strong data-start=\"3511\" data-end=\"3533\">Anwendungsbereiche<\/strong><\/h4>\n<p data-start=\"3535\" data-end=\"3672\">Spex K\u00f6rperst\u00fctzen werden typischerweise bei Nutzern eingesetzt, die zus\u00e4tzliche Unterst\u00fctzung f\u00fcr den Oberk\u00f6rper im Rollstuhl ben\u00f6tigen.<\/p>\n<p data-start=\"3674\" data-end=\"3725\"><strong>Das System kann unter anderem verwendet werden bei:<\/strong><\/p>\n<ul data-start=\"3727\" data-end=\"3912\">\n<li data-section-id=\"1pe8ny2\" data-start=\"3727\" data-end=\"3761\">Eingeschr\u00e4nkter Rumpfkontrolle<\/li>\n<li data-section-id=\"8q0d2j\" data-start=\"3762\" data-end=\"3793\">Asymmetrischer Sitzposition<\/li>\n<li data-section-id=\"1ihjod7\" data-start=\"3794\" data-end=\"3838\">Bedarf an Stabilisierung des Oberk\u00f6rpers<\/li>\n<li data-section-id=\"1swas5k\" data-start=\"3839\" data-end=\"3870\">Neurologischen Erkrankungen<\/li>\n<li data-section-id=\"1ahfiki\" data-start=\"3871\" data-end=\"3912\">Komplexen Sitzpositionen im Rollstuhl<\/li>\n<\/ul>\n<h2 data-start=\"3914\" data-end=\"3934\"><strong data-start=\"3914\" data-end=\"3934\">Modulares System<\/strong><\/h2>\n<p data-start=\"3936\" data-end=\"4009\">Eine der gro\u00dfen St\u00e4rken der Spex K\u00f6rperst\u00fctzen ist die modulare Bauweise.<\/p>\n<p data-start=\"4011\" data-end=\"4302\" data-is-last-node=\"\" data-is-only-node=\"\">Halterungen und Seitenpolster k\u00f6nnen auf viele verschiedene Arten kombiniert werden, sodass die L\u00f6sung exakt an den einzelnen Nutzer angepasst werden kann. Gleichzeitig erm\u00f6glicht das System eine laufende Anpassung der Konfiguration im Einklang mit Ver\u00e4nderungen der Bed\u00fcrfnisse des Nutzers.<\/p>\n<\/div>\n<\/div>\n<\/div>\n<\/div>\n<div class=\"z-0 flex min-h-[46px] justify-start\"><\/div>\n<\/div>\n<\/div>\n<\/section>\n<\/div>\n<div class=\"pointer-events-none h-px w-px absolute bottom-0\" aria-hidden=\"true\" data-edge=\"true\"><\/div>\n","protected":false},"excerpt":{"rendered":"<p data-start=\"0\" data-end=\"304\">Spex K\u00f6rperst\u00fctzen wurden entwickelt, um eine stabile und pr\u00e4zise Unterst\u00fctzung des Oberk\u00f6rpers im Rollstuhl zu gew\u00e4hrleisten. Das System kombiniert verstellbare Halterungen mit anatomisch geformten Seitenpolstern, die individuell an symmetrische und asymmetrische Sitzpositionen angepasst werden k\u00f6nnen.<\/p>\n<p data-start=\"306\" data-end=\"489\">Die modulare Konstruktion erm\u00f6glicht es, eine stabile Sitzposition zu schaffen, bei der der Oberk\u00f6rper korrekt unterst\u00fctzt wird, ohne die Bewegungsfreiheit des Nutzers einzuschr\u00e4nken.<\/p>\n<p data-start=\"491\" data-end=\"703\" data-is-last-node=\"\" data-is-only-node=\"\">Spex K\u00f6rperst\u00fctzen werden in vielen unterschiedlichen Rollstuhlkonfigurationen eingesetzt und k\u00f6nnen sowohl f\u00fcr Kinder als auch f\u00fcr Erwachsene mit Bedarf an zus\u00e4tzlicher posturaler Unterst\u00fctzung angepasst werden.<\/p>\n","protected":false},"featured_media":49195,"comment_status":"closed","ping_status":"closed","template":"","meta":{"_et_pb_use_builder":"","_et_pb_old_content":"","_et_gb_content_width":""},"product_brand":[],"product_cat":[276],"product_tag":[],"class_list":{"0":"post-49631","1":"product","2":"type-product","3":"status-publish","4":"has-post-thumbnail","6":"product_cat-zubehoer","8":"first","9":"instock","10":"shipping-taxable","11":"product-type-simple"},"yoast_head":"<!-- This site is optimized with the Yoast SEO plugin v27.2 - https:\/\/yoast.com\/product\/yoast-seo-wordpress\/ -->\n<title>Spex K\u00f6rperst\u00fctzen f\u00fcr Rollst\u00fchle.<\/title>\n<meta name=\"description\" content=\"Spex K\u00f6rperst\u00fctzen bieten stabile Unterst\u00fctzung f\u00fcr den Oberk\u00f6rper im Rollstuhl. Modulares System mit verstellbaren Halterungen und anatomischen Seitenpolstern.\" \/>\n<meta name=\"robots\" content=\"index, follow, max-snippet:-1, max-image-preview:large, max-video-preview:-1\" \/>\n<link rel=\"canonical\" href=\"https:\/\/www.cobirehab.com\/de\/produkt\/spex-koerperstuetzen\/\" \/>\n<meta property=\"og:locale\" content=\"de_DE\" \/>\n<meta property=\"og:type\" content=\"article\" \/>\n<meta property=\"og:title\" content=\"Spex K\u00f6rperst\u00fctzen f\u00fcr Rollst\u00fchle.\" \/>\n<meta property=\"og:description\" content=\"Spex K\u00f6rperst\u00fctzen bieten stabile Unterst\u00fctzung f\u00fcr den Oberk\u00f6rper im Rollstuhl. Modulares System mit verstellbaren Halterungen und anatomischen Seitenpolstern.\" \/>\n<meta property=\"og:url\" content=\"https:\/\/www.cobirehab.com\/de\/produkt\/spex-koerperstuetzen\/\" \/>\n<meta property=\"og:site_name\" content=\"Cobi Rehab\" \/>\n<meta property=\"article:modified_time\" content=\"2026-03-23T13:52:02+00:00\" \/>\n<meta property=\"og:image\" content=\"https:\/\/www.cobirehab.com\/wp-content\/uploads\/2026\/03\/Spex-Lateral-Axial-Swing-Away-2-medium-cropped.png\" \/>\n\t<meta property=\"og:image:width\" content=\"1067\" \/>\n\t<meta property=\"og:image:height\" content=\"661\" \/>\n\t<meta property=\"og:image:type\" content=\"image\/png\" \/>\n<meta name=\"twitter:card\" content=\"summary_large_image\" \/>\n<meta name=\"twitter:label1\" content=\"Gesch\u00e4tzte Lesezeit\" \/>\n\t<meta name=\"twitter:data1\" content=\"3\u00a0Minuten\" \/>\n<script type=\"application\/ld+json\" class=\"yoast-schema-graph\">{\"@context\":\"https:\/\/schema.org\",\"@graph\":[{\"@type\":\"WebPage\",\"@id\":\"https:\/\/www.cobirehab.com\/de\/produkt\/spex-koerperstuetzen\/\",\"url\":\"https:\/\/www.cobirehab.com\/de\/produkt\/spex-koerperstuetzen\/\",\"name\":\"Spex K\u00f6rperst\u00fctzen f\u00fcr Rollst\u00fchle.\",\"isPartOf\":{\"@id\":\"https:\/\/www.cobirehab.com\/en\/#website\"},\"primaryImageOfPage\":{\"@id\":\"https:\/\/www.cobirehab.com\/de\/produkt\/spex-koerperstuetzen\/#primaryimage\"},\"image\":{\"@id\":\"https:\/\/www.cobirehab.com\/de\/produkt\/spex-koerperstuetzen\/#primaryimage\"},\"thumbnailUrl\":\"https:\/\/www.cobirehab.com\/wp-content\/uploads\/2026\/03\/Spex-Lateral-Axial-Swing-Away-2-medium-cropped.png\",\"datePublished\":\"2026-03-23T13:27:14+00:00\",\"dateModified\":\"2026-03-23T13:52:02+00:00\",\"description\":\"Spex K\u00f6rperst\u00fctzen bieten stabile Unterst\u00fctzung f\u00fcr den Oberk\u00f6rper im Rollstuhl. Modulares System mit verstellbaren Halterungen und anatomischen Seitenpolstern.\",\"breadcrumb\":{\"@id\":\"https:\/\/www.cobirehab.com\/de\/produkt\/spex-koerperstuetzen\/#breadcrumb\"},\"inLanguage\":\"de\",\"potentialAction\":[{\"@type\":\"ReadAction\",\"target\":[\"https:\/\/www.cobirehab.com\/de\/produkt\/spex-koerperstuetzen\/\"]}]},{\"@type\":\"ImageObject\",\"inLanguage\":\"de\",\"@id\":\"https:\/\/www.cobirehab.com\/de\/produkt\/spex-koerperstuetzen\/#primaryimage\",\"url\":\"https:\/\/www.cobirehab.com\/wp-content\/uploads\/2026\/03\/Spex-Lateral-Axial-Swing-Away-2-medium-cropped.png\",\"contentUrl\":\"https:\/\/www.cobirehab.com\/wp-content\/uploads\/2026\/03\/Spex-Lateral-Axial-Swing-Away-2-medium-cropped.png\",\"width\":1067,\"height\":661},{\"@type\":\"BreadcrumbList\",\"@id\":\"https:\/\/www.cobirehab.com\/de\/produkt\/spex-koerperstuetzen\/#breadcrumb\",\"itemListElement\":[{\"@type\":\"ListItem\",\"position\":1,\"name\":\"Hjem\",\"item\":\"https:\/\/www.cobirehab.com\/\"},{\"@type\":\"ListItem\",\"position\":2,\"name\":\"Produkter\",\"item\":\"https:\/\/www.cobirehab.com\/produkter\/\"},{\"@type\":\"ListItem\",\"position\":3,\"name\":\"Spex K\u00f6rperst\u00fctzen\"}]},{\"@type\":\"WebSite\",\"@id\":\"https:\/\/www.cobirehab.com\/en\/#website\",\"url\":\"https:\/\/www.cobirehab.com\/en\/\",\"name\":\"Cobi Rehab\",\"description\":\"The Positioning Company\",\"publisher\":{\"@id\":\"https:\/\/www.cobirehab.com\/en\/#organization\"},\"alternateName\":\"Cobi\",\"potentialAction\":[{\"@type\":\"SearchAction\",\"target\":{\"@type\":\"EntryPoint\",\"urlTemplate\":\"https:\/\/www.cobirehab.com\/en\/?s={search_term_string}\"},\"query-input\":{\"@type\":\"PropertyValueSpecification\",\"valueRequired\":true,\"valueName\":\"search_term_string\"}}],\"inLanguage\":\"de\"},{\"@type\":\"Organization\",\"@id\":\"https:\/\/www.cobirehab.com\/en\/#organization\",\"name\":\"Cobi Rehab\",\"url\":\"https:\/\/www.cobirehab.com\/en\/\",\"logo\":{\"@type\":\"ImageObject\",\"inLanguage\":\"de\",\"@id\":\"https:\/\/www.cobirehab.com\/en\/#\/schema\/logo\/image\/\",\"url\":\"https:\/\/www.cobirehab.com\/wp-content\/uploads\/2018\/04\/COBI-REHAB-17-logo-versA-pos.png\",\"contentUrl\":\"https:\/\/www.cobirehab.com\/wp-content\/uploads\/2018\/04\/COBI-REHAB-17-logo-versA-pos.png\",\"width\":1195,\"height\":768,\"caption\":\"Cobi Rehab\"},\"image\":{\"@id\":\"https:\/\/www.cobirehab.com\/en\/#\/schema\/logo\/image\/\"}}]}<\/script>\n<!-- \/ Yoast SEO plugin. -->","yoast_head_json":{"title":"Spex K\u00f6rperst\u00fctzen f\u00fcr Rollst\u00fchle.","description":"Spex K\u00f6rperst\u00fctzen bieten stabile Unterst\u00fctzung f\u00fcr den Oberk\u00f6rper im Rollstuhl. Modulares System mit verstellbaren Halterungen und anatomischen Seitenpolstern.","robots":{"index":"index","follow":"follow","max-snippet":"max-snippet:-1","max-image-preview":"max-image-preview:large","max-video-preview":"max-video-preview:-1"},"canonical":"https:\/\/www.cobirehab.com\/de\/produkt\/spex-koerperstuetzen\/","og_locale":"de_DE","og_type":"article","og_title":"Spex K\u00f6rperst\u00fctzen f\u00fcr Rollst\u00fchle.","og_description":"Spex K\u00f6rperst\u00fctzen bieten stabile Unterst\u00fctzung f\u00fcr den Oberk\u00f6rper im Rollstuhl. Modulares System mit verstellbaren Halterungen und anatomischen Seitenpolstern.","og_url":"https:\/\/www.cobirehab.com\/de\/produkt\/spex-koerperstuetzen\/","og_site_name":"Cobi Rehab","article_modified_time":"2026-03-23T13:52:02+00:00","og_image":[{"width":1067,"height":661,"url":"https:\/\/www.cobirehab.com\/wp-content\/uploads\/2026\/03\/Spex-Lateral-Axial-Swing-Away-2-medium-cropped.png","type":"image\/png"}],"twitter_card":"summary_large_image","twitter_misc":{"Gesch\u00e4tzte Lesezeit":"3\u00a0Minuten"},"schema":{"@context":"https:\/\/schema.org","@graph":[{"@type":"WebPage","@id":"https:\/\/www.cobirehab.com\/de\/produkt\/spex-koerperstuetzen\/","url":"https:\/\/www.cobirehab.com\/de\/produkt\/spex-koerperstuetzen\/","name":"Spex K\u00f6rperst\u00fctzen f\u00fcr Rollst\u00fchle.","isPartOf":{"@id":"https:\/\/www.cobirehab.com\/en\/#website"},"primaryImageOfPage":{"@id":"https:\/\/www.cobirehab.com\/de\/produkt\/spex-koerperstuetzen\/#primaryimage"},"image":{"@id":"https:\/\/www.cobirehab.com\/de\/produkt\/spex-koerperstuetzen\/#primaryimage"},"thumbnailUrl":"https:\/\/www.cobirehab.com\/wp-content\/uploads\/2026\/03\/Spex-Lateral-Axial-Swing-Away-2-medium-cropped.png","datePublished":"2026-03-23T13:27:14+00:00","dateModified":"2026-03-23T13:52:02+00:00","description":"Spex K\u00f6rperst\u00fctzen bieten stabile Unterst\u00fctzung f\u00fcr den Oberk\u00f6rper im Rollstuhl. Modulares System mit verstellbaren Halterungen und anatomischen Seitenpolstern.","breadcrumb":{"@id":"https:\/\/www.cobirehab.com\/de\/produkt\/spex-koerperstuetzen\/#breadcrumb"},"inLanguage":"de","potentialAction":[{"@type":"ReadAction","target":["https:\/\/www.cobirehab.com\/de\/produkt\/spex-koerperstuetzen\/"]}]},{"@type":"ImageObject","inLanguage":"de","@id":"https:\/\/www.cobirehab.com\/de\/produkt\/spex-koerperstuetzen\/#primaryimage","url":"https:\/\/www.cobirehab.com\/wp-content\/uploads\/2026\/03\/Spex-Lateral-Axial-Swing-Away-2-medium-cropped.png","contentUrl":"https:\/\/www.cobirehab.com\/wp-content\/uploads\/2026\/03\/Spex-Lateral-Axial-Swing-Away-2-medium-cropped.png","width":1067,"height":661},{"@type":"BreadcrumbList","@id":"https:\/\/www.cobirehab.com\/de\/produkt\/spex-koerperstuetzen\/#breadcrumb","itemListElement":[{"@type":"ListItem","position":1,"name":"Hjem","item":"https:\/\/www.cobirehab.com\/"},{"@type":"ListItem","position":2,"name":"Produkter","item":"https:\/\/www.cobirehab.com\/produkter\/"},{"@type":"ListItem","position":3,"name":"Spex K\u00f6rperst\u00fctzen"}]},{"@type":"WebSite","@id":"https:\/\/www.cobirehab.com\/en\/#website","url":"https:\/\/www.cobirehab.com\/en\/","name":"Cobi Rehab","description":"The Positioning Company","publisher":{"@id":"https:\/\/www.cobirehab.com\/en\/#organization"},"alternateName":"Cobi","potentialAction":[{"@type":"SearchAction","target":{"@type":"EntryPoint","urlTemplate":"https:\/\/www.cobirehab.com\/en\/?s={search_term_string}"},"query-input":{"@type":"PropertyValueSpecification","valueRequired":true,"valueName":"search_term_string"}}],"inLanguage":"de"},{"@type":"Organization","@id":"https:\/\/www.cobirehab.com\/en\/#organization","name":"Cobi Rehab","url":"https:\/\/www.cobirehab.com\/en\/","logo":{"@type":"ImageObject","inLanguage":"de","@id":"https:\/\/www.cobirehab.com\/en\/#\/schema\/logo\/image\/","url":"https:\/\/www.cobirehab.com\/wp-content\/uploads\/2018\/04\/COBI-REHAB-17-logo-versA-pos.png","contentUrl":"https:\/\/www.cobirehab.com\/wp-content\/uploads\/2018\/04\/COBI-REHAB-17-logo-versA-pos.png","width":1195,"height":768,"caption":"Cobi Rehab"},"image":{"@id":"https:\/\/www.cobirehab.com\/en\/#\/schema\/logo\/image\/"}}]}},"_links":{"self":[{"href":"https:\/\/www.cobirehab.com\/de\/wp-json\/wp\/v2\/product\/49631","targetHints":{"allow":["GET"]}}],"collection":[{"href":"https:\/\/www.cobirehab.com\/de\/wp-json\/wp\/v2\/product"}],"about":[{"href":"https:\/\/www.cobirehab.com\/de\/wp-json\/wp\/v2\/types\/product"}],"replies":[{"embeddable":true,"href":"https:\/\/www.cobirehab.com\/de\/wp-json\/wp\/v2\/comments?post=49631"}],"wp:featuredmedia":[{"embeddable":true,"href":"https:\/\/www.cobirehab.com\/de\/wp-json\/wp\/v2\/media\/49195"}],"wp:attachment":[{"href":"https:\/\/www.cobirehab.com\/de\/wp-json\/wp\/v2\/media?parent=49631"}],"wp:term":[{"taxonomy":"product_brand","embeddable":true,"href":"https:\/\/www.cobirehab.com\/de\/wp-json\/wp\/v2\/product_brand?post=49631"},{"taxonomy":"product_cat","embeddable":true,"href":"https:\/\/www.cobirehab.com\/de\/wp-json\/wp\/v2\/product_cat?post=49631"},{"taxonomy":"product_tag","embeddable":true,"href":"https:\/\/www.cobirehab.com\/de\/wp-json\/wp\/v2\/product_tag?post=49631"}],"curies":[{"name":"wp","href":"https:\/\/api.w.org\/{rel}","templated":true}]}}