{"id":47454,"date":"2025-01-09T14:00:50","date_gmt":"2025-01-09T13:00:50","guid":{"rendered":"https:\/\/www.cobirehab.com\/?post_type=product&#038;p=47454"},"modified":"2026-03-23T15:15:30","modified_gmt":"2026-03-23T14:15:30","slug":"bariatrische-rollstuhlkissen","status":"publish","type":"product","link":"https:\/\/www.cobirehab.com\/de\/produkt\/bariatrische-rollstuhlkissen\/","title":{"rendered":"Bariatrisches Rollstuhlkissen"},"content":{"rendered":"<h1>Bariatrische Komfort-Rollstuhlkissen<\/h1>\n<p>Das bariatrische Komfort Rollstuhlkissen wurde speziell f\u00fcr die Pr\u00e4vention von Dekubitus bei adip\u00f6sen Patienten entwickelt. Es besteht aus einer 3 cm dicken Schicht viskoelastischem Schaumstoff auf der Oberseite und einer unteren Schicht aus Heavy-Duty-PUR-Schaumstoff, der in federartige Segmente unterteilt ist.<\/p>\n<p>Das patentierte Federungssystem sorgt daf\u00fcr, dass der Druck gleichm\u00e4\u00dfig auf eine gr\u00f6\u00dfere Fl\u00e4che verteilt wird, was die Druckentlastung deutlich verbessert. Der mitgelieferte Inkontinenzbezug aus Dartex-Material ist atmungsaktiv, antibakteriell behandelt und flammhemmend.<\/p>\n<p>Das bariatrische Rollstuhlkissen ist f\u00fcr Patienten mit einem Gewicht von bis zu 325 kg geeignet. Es wird in Rollst\u00fchlen in Krankenh\u00e4usern, Pflegeeinrichtungen und privaten Haushalten eingesetzt.<\/p>\n<h4>In der Anwendung<\/h4>\n<p>Platzieren Sie das Komfort Rollstuhlkissen im Rollstuhl oder Stuhl, sodass der Rei\u00dfverschluss nach unten zeigt. Achten Sie darauf, dass der Bezug korrekt verschlossen ist. Legen Sie keine zus\u00e4tzlichen Schichten oder Polster zwischen das Kissen und den Patienten, da dies die Wirkung des Kissens verringern kann.<\/p>\n<p>\u00dcberpr\u00fcfen Sie das Rollstuhlkissen regelm\u00e4\u00dfig, um sicherzustellen, dass es korrekt positioniert ist und weder nass noch besch\u00e4digt ist. Ein nasses oder defektes Kissen kann die Druckentlastung beeintr\u00e4chtigen und im schlimmsten Fall Verletzungen verursachen.<\/p>\n<h4>Reinigung<\/h4>\n<p>Das Komfort Rollstuhlkissen ist nicht maschinenwaschbar. Der Inkontinenzbezug kann mit Wasser und einem milden Reinigungsmittel gereinigt werden. Alternativ ist eine Maschinenw\u00e4sche bei 95\u00b0C sowie eine Trocknung im W\u00e4schetrockner m\u00f6glich.<\/p>\n<h4>Desinfektion<\/h4>\n<p>Das bariatrische Rollstuhlkissen kann mit Produkten wie Wet Wipe 70 % oder einem chlorhaltigen Produkt (1000\u20131200 ppm, z. B. Wet Wipe Chlorine Disinfection) desinfiziert werden. Desinfizieren Sie das Kissen stets vor der \u00dcbergabe an einen neuen Nutzer, um Kreuzkontaminationen zu vermeiden. Lokale Reinigungs- und Pflegevorschriften sind unbedingt einzuhalten.<\/p>\n<h4>Entwicklung bariatrischer Hilfsmittel<\/h4>\n<p>Unser Sortiment an Hilfsmitteln geh\u00f6rt zu den gr\u00f6\u00dften in D\u00e4nemark und umfasst alles von Matratzen und Betten \u00fcber Gehhilfen, Rollatoren, Lagerungskissen bis hin zu bariatrischen Rollst\u00fchlen. Viele unserer Hilfsmittel werden von den Therapeuten und Ingenieuren von Cobi Rehab in D\u00e4nemark entwickelt und gem\u00e4\u00df allen geltenden Vorschriften getestet und zugelassen.<\/p>\n<p>Alle unsere bariatrischen Hilfsmittel sind sicher f\u00fcr Patienten mit einem Gewicht von bis zu 200\u2013325 kg.<\/p>\n<p>Finden Sie das <a href=\"https:\/\/hmi-basen.dk\/r11x.asp?linkinfo=19071\">bariatrische Rollstuhlkissen<\/a> in der d\u00e4nischen Hilfsmittel-Datenbank. Entdecken Sie unser gro\u00dfes Sortiment an <a href=\"https:\/\/www.cobirehab.com\/en\/product-category\/wheelchairs-and-chairs\/\">bariatrischen Rollst\u00fchlen<\/a>.<\/p>\n<p>&#8211; Entwickelt f\u00fcr adip\u00f6se Patienten<br \/>\n&#8211; Viskoelastische Oberseite<br \/>\n&#8211; Dehnbarer Inkontinenzbezug<\/p>\n","protected":false},"excerpt":{"rendered":"<p class=\"p1\">Das bariatrische Komfort-Rollstuhlkissen bietet optimale Druckentlastung durch ein patentiertes Federungssystem und einen atmungsaktiven Inkontinenzbezug.<\/p>\n<hr \/>\n<h4><\/h4>\n<h4>Entwickelt f\u00fcr:<\/h4>\n<p>&#8211; Stark \u00fcbergewichtige Patienten mit Risiko f\u00fcr die Entwicklung von Dekubitus.<\/p>\n","protected":false},"featured_media":749,"comment_status":"closed","ping_status":"closed","template":"","meta":{"_et_pb_use_builder":"","_et_pb_old_content":"","_et_gb_content_width":""},"product_brand":[],"product_cat":[276],"product_tag":[],"class_list":{"0":"post-47454","1":"product","2":"type-product","3":"status-publish","4":"has-post-thumbnail","6":"product_cat-zubehoer","8":"first","9":"instock","10":"shipping-taxable","11":"product-type-simple"},"yoast_head":"<!-- This site is optimized with the Yoast SEO plugin v27.2 - https:\/\/yoast.com\/product\/yoast-seo-wordpress\/ -->\n<title>Bariatrisches Komfort-Rollstuhlkissen. Bestellen Sie noch heute!<\/title>\n<meta name=\"description\" content=\"Entdecken Sie bariatrische Rollstuhlkissen \u2013 ideal f\u00fcr adip\u00f6se Patienten, mit viskoelastischem Schaum und Inkontinenzbezug. Perfekte Druckentlastung!\" \/>\n<meta name=\"robots\" content=\"index, follow, max-snippet:-1, max-image-preview:large, max-video-preview:-1\" \/>\n<link rel=\"canonical\" href=\"https:\/\/www.cobirehab.com\/de\/produkt\/bariatrische-rollstuhlkissen\/\" \/>\n<meta property=\"og:locale\" content=\"de_DE\" \/>\n<meta property=\"og:type\" content=\"article\" \/>\n<meta property=\"og:title\" content=\"Bariatrisches Komfort-Rollstuhlkissen. Bestellen Sie noch heute!\" \/>\n<meta property=\"og:description\" content=\"Entdecken Sie bariatrische Rollstuhlkissen \u2013 ideal f\u00fcr adip\u00f6se Patienten, mit viskoelastischem Schaum und Inkontinenzbezug. Perfekte Druckentlastung!\" \/>\n<meta property=\"og:url\" content=\"https:\/\/www.cobirehab.com\/de\/produkt\/bariatrische-rollstuhlkissen\/\" \/>\n<meta property=\"og:site_name\" content=\"Cobi Rehab\" \/>\n<meta property=\"article:modified_time\" content=\"2026-03-23T14:15:30+00:00\" \/>\n<meta property=\"og:image\" content=\"https:\/\/www.cobirehab.com\/wp-content\/uploads\/2018\/04\/xxlrehab-comfort-korestolspude.jpg\" \/>\n\t<meta property=\"og:image:width\" content=\"544\" \/>\n\t<meta property=\"og:image:height\" content=\"544\" \/>\n\t<meta property=\"og:image:type\" content=\"image\/jpeg\" \/>\n<meta name=\"twitter:card\" content=\"summary_large_image\" \/>\n<meta name=\"twitter:label1\" content=\"Gesch\u00e4tzte Lesezeit\" \/>\n\t<meta name=\"twitter:data1\" content=\"2\u00a0Minuten\" \/>\n<script type=\"application\/ld+json\" class=\"yoast-schema-graph\">{\"@context\":\"https:\/\/schema.org\",\"@graph\":[{\"@type\":\"WebPage\",\"@id\":\"https:\/\/www.cobirehab.com\/de\/produkt\/bariatrische-rollstuhlkissen\/\",\"url\":\"https:\/\/www.cobirehab.com\/de\/produkt\/bariatrische-rollstuhlkissen\/\",\"name\":\"Bariatrisches Komfort-Rollstuhlkissen. Bestellen Sie noch heute!\",\"isPartOf\":{\"@id\":\"https:\/\/www.cobirehab.com\/en\/#website\"},\"primaryImageOfPage\":{\"@id\":\"https:\/\/www.cobirehab.com\/de\/produkt\/bariatrische-rollstuhlkissen\/#primaryimage\"},\"image\":{\"@id\":\"https:\/\/www.cobirehab.com\/de\/produkt\/bariatrische-rollstuhlkissen\/#primaryimage\"},\"thumbnailUrl\":\"https:\/\/www.cobirehab.com\/wp-content\/uploads\/2018\/04\/xxlrehab-comfort-korestolspude.jpg\",\"datePublished\":\"2025-01-09T13:00:50+00:00\",\"dateModified\":\"2026-03-23T14:15:30+00:00\",\"description\":\"Entdecken Sie bariatrische Rollstuhlkissen \u2013 ideal f\u00fcr adip\u00f6se Patienten, mit viskoelastischem Schaum und Inkontinenzbezug. Perfekte Druckentlastung!\",\"breadcrumb\":{\"@id\":\"https:\/\/www.cobirehab.com\/de\/produkt\/bariatrische-rollstuhlkissen\/#breadcrumb\"},\"inLanguage\":\"de\",\"potentialAction\":[{\"@type\":\"ReadAction\",\"target\":[\"https:\/\/www.cobirehab.com\/de\/produkt\/bariatrische-rollstuhlkissen\/\"]}]},{\"@type\":\"ImageObject\",\"inLanguage\":\"de\",\"@id\":\"https:\/\/www.cobirehab.com\/de\/produkt\/bariatrische-rollstuhlkissen\/#primaryimage\",\"url\":\"https:\/\/www.cobirehab.com\/wp-content\/uploads\/2018\/04\/xxlrehab-comfort-korestolspude.jpg\",\"contentUrl\":\"https:\/\/www.cobirehab.com\/wp-content\/uploads\/2018\/04\/xxlrehab-comfort-korestolspude.jpg\",\"width\":544,\"height\":544,\"caption\":\"bariatrisk k\u00f8restolspude\"},{\"@type\":\"BreadcrumbList\",\"@id\":\"https:\/\/www.cobirehab.com\/de\/produkt\/bariatrische-rollstuhlkissen\/#breadcrumb\",\"itemListElement\":[{\"@type\":\"ListItem\",\"position\":1,\"name\":\"Hjem\",\"item\":\"https:\/\/www.cobirehab.com\/\"},{\"@type\":\"ListItem\",\"position\":2,\"name\":\"Produkter\",\"item\":\"https:\/\/www.cobirehab.com\/produkter\/\"},{\"@type\":\"ListItem\",\"position\":3,\"name\":\"Bariatrisches Rollstuhlkissen\"}]},{\"@type\":\"WebSite\",\"@id\":\"https:\/\/www.cobirehab.com\/en\/#website\",\"url\":\"https:\/\/www.cobirehab.com\/en\/\",\"name\":\"Cobi Rehab\",\"description\":\"The Positioning Company\",\"publisher\":{\"@id\":\"https:\/\/www.cobirehab.com\/en\/#organization\"},\"alternateName\":\"Cobi\",\"potentialAction\":[{\"@type\":\"SearchAction\",\"target\":{\"@type\":\"EntryPoint\",\"urlTemplate\":\"https:\/\/www.cobirehab.com\/en\/?s={search_term_string}\"},\"query-input\":{\"@type\":\"PropertyValueSpecification\",\"valueRequired\":true,\"valueName\":\"search_term_string\"}}],\"inLanguage\":\"de\"},{\"@type\":\"Organization\",\"@id\":\"https:\/\/www.cobirehab.com\/en\/#organization\",\"name\":\"Cobi Rehab\",\"url\":\"https:\/\/www.cobirehab.com\/en\/\",\"logo\":{\"@type\":\"ImageObject\",\"inLanguage\":\"de\",\"@id\":\"https:\/\/www.cobirehab.com\/en\/#\/schema\/logo\/image\/\",\"url\":\"https:\/\/www.cobirehab.com\/wp-content\/uploads\/2018\/04\/COBI-REHAB-17-logo-versA-pos.png\",\"contentUrl\":\"https:\/\/www.cobirehab.com\/wp-content\/uploads\/2018\/04\/COBI-REHAB-17-logo-versA-pos.png\",\"width\":1195,\"height\":768,\"caption\":\"Cobi Rehab\"},\"image\":{\"@id\":\"https:\/\/www.cobirehab.com\/en\/#\/schema\/logo\/image\/\"}}]}<\/script>\n<!-- \/ Yoast SEO plugin. -->","yoast_head_json":{"title":"Bariatrisches Komfort-Rollstuhlkissen. Bestellen Sie noch heute!","description":"Entdecken Sie bariatrische Rollstuhlkissen \u2013 ideal f\u00fcr adip\u00f6se Patienten, mit viskoelastischem Schaum und Inkontinenzbezug. Perfekte Druckentlastung!","robots":{"index":"index","follow":"follow","max-snippet":"max-snippet:-1","max-image-preview":"max-image-preview:large","max-video-preview":"max-video-preview:-1"},"canonical":"https:\/\/www.cobirehab.com\/de\/produkt\/bariatrische-rollstuhlkissen\/","og_locale":"de_DE","og_type":"article","og_title":"Bariatrisches Komfort-Rollstuhlkissen. Bestellen Sie noch heute!","og_description":"Entdecken Sie bariatrische Rollstuhlkissen \u2013 ideal f\u00fcr adip\u00f6se Patienten, mit viskoelastischem Schaum und Inkontinenzbezug. Perfekte Druckentlastung!","og_url":"https:\/\/www.cobirehab.com\/de\/produkt\/bariatrische-rollstuhlkissen\/","og_site_name":"Cobi Rehab","article_modified_time":"2026-03-23T14:15:30+00:00","og_image":[{"width":544,"height":544,"url":"https:\/\/www.cobirehab.com\/wp-content\/uploads\/2018\/04\/xxlrehab-comfort-korestolspude.jpg","type":"image\/jpeg"}],"twitter_card":"summary_large_image","twitter_misc":{"Gesch\u00e4tzte Lesezeit":"2\u00a0Minuten"},"schema":{"@context":"https:\/\/schema.org","@graph":[{"@type":"WebPage","@id":"https:\/\/www.cobirehab.com\/de\/produkt\/bariatrische-rollstuhlkissen\/","url":"https:\/\/www.cobirehab.com\/de\/produkt\/bariatrische-rollstuhlkissen\/","name":"Bariatrisches Komfort-Rollstuhlkissen. Bestellen Sie noch heute!","isPartOf":{"@id":"https:\/\/www.cobirehab.com\/en\/#website"},"primaryImageOfPage":{"@id":"https:\/\/www.cobirehab.com\/de\/produkt\/bariatrische-rollstuhlkissen\/#primaryimage"},"image":{"@id":"https:\/\/www.cobirehab.com\/de\/produkt\/bariatrische-rollstuhlkissen\/#primaryimage"},"thumbnailUrl":"https:\/\/www.cobirehab.com\/wp-content\/uploads\/2018\/04\/xxlrehab-comfort-korestolspude.jpg","datePublished":"2025-01-09T13:00:50+00:00","dateModified":"2026-03-23T14:15:30+00:00","description":"Entdecken Sie bariatrische Rollstuhlkissen \u2013 ideal f\u00fcr adip\u00f6se Patienten, mit viskoelastischem Schaum und Inkontinenzbezug. Perfekte Druckentlastung!","breadcrumb":{"@id":"https:\/\/www.cobirehab.com\/de\/produkt\/bariatrische-rollstuhlkissen\/#breadcrumb"},"inLanguage":"de","potentialAction":[{"@type":"ReadAction","target":["https:\/\/www.cobirehab.com\/de\/produkt\/bariatrische-rollstuhlkissen\/"]}]},{"@type":"ImageObject","inLanguage":"de","@id":"https:\/\/www.cobirehab.com\/de\/produkt\/bariatrische-rollstuhlkissen\/#primaryimage","url":"https:\/\/www.cobirehab.com\/wp-content\/uploads\/2018\/04\/xxlrehab-comfort-korestolspude.jpg","contentUrl":"https:\/\/www.cobirehab.com\/wp-content\/uploads\/2018\/04\/xxlrehab-comfort-korestolspude.jpg","width":544,"height":544,"caption":"bariatrisk k\u00f8restolspude"},{"@type":"BreadcrumbList","@id":"https:\/\/www.cobirehab.com\/de\/produkt\/bariatrische-rollstuhlkissen\/#breadcrumb","itemListElement":[{"@type":"ListItem","position":1,"name":"Hjem","item":"https:\/\/www.cobirehab.com\/"},{"@type":"ListItem","position":2,"name":"Produkter","item":"https:\/\/www.cobirehab.com\/produkter\/"},{"@type":"ListItem","position":3,"name":"Bariatrisches Rollstuhlkissen"}]},{"@type":"WebSite","@id":"https:\/\/www.cobirehab.com\/en\/#website","url":"https:\/\/www.cobirehab.com\/en\/","name":"Cobi Rehab","description":"The Positioning Company","publisher":{"@id":"https:\/\/www.cobirehab.com\/en\/#organization"},"alternateName":"Cobi","potentialAction":[{"@type":"SearchAction","target":{"@type":"EntryPoint","urlTemplate":"https:\/\/www.cobirehab.com\/en\/?s={search_term_string}"},"query-input":{"@type":"PropertyValueSpecification","valueRequired":true,"valueName":"search_term_string"}}],"inLanguage":"de"},{"@type":"Organization","@id":"https:\/\/www.cobirehab.com\/en\/#organization","name":"Cobi Rehab","url":"https:\/\/www.cobirehab.com\/en\/","logo":{"@type":"ImageObject","inLanguage":"de","@id":"https:\/\/www.cobirehab.com\/en\/#\/schema\/logo\/image\/","url":"https:\/\/www.cobirehab.com\/wp-content\/uploads\/2018\/04\/COBI-REHAB-17-logo-versA-pos.png","contentUrl":"https:\/\/www.cobirehab.com\/wp-content\/uploads\/2018\/04\/COBI-REHAB-17-logo-versA-pos.png","width":1195,"height":768,"caption":"Cobi Rehab"},"image":{"@id":"https:\/\/www.cobirehab.com\/en\/#\/schema\/logo\/image\/"}}]}},"_links":{"self":[{"href":"https:\/\/www.cobirehab.com\/de\/wp-json\/wp\/v2\/product\/47454","targetHints":{"allow":["GET"]}}],"collection":[{"href":"https:\/\/www.cobirehab.com\/de\/wp-json\/wp\/v2\/product"}],"about":[{"href":"https:\/\/www.cobirehab.com\/de\/wp-json\/wp\/v2\/types\/product"}],"replies":[{"embeddable":true,"href":"https:\/\/www.cobirehab.com\/de\/wp-json\/wp\/v2\/comments?post=47454"}],"wp:featuredmedia":[{"embeddable":true,"href":"https:\/\/www.cobirehab.com\/de\/wp-json\/wp\/v2\/media\/749"}],"wp:attachment":[{"href":"https:\/\/www.cobirehab.com\/de\/wp-json\/wp\/v2\/media?parent=47454"}],"wp:term":[{"taxonomy":"product_brand","embeddable":true,"href":"https:\/\/www.cobirehab.com\/de\/wp-json\/wp\/v2\/product_brand?post=47454"},{"taxonomy":"product_cat","embeddable":true,"href":"https:\/\/www.cobirehab.com\/de\/wp-json\/wp\/v2\/product_cat?post=47454"},{"taxonomy":"product_tag","embeddable":true,"href":"https:\/\/www.cobirehab.com\/de\/wp-json\/wp\/v2\/product_tag?post=47454"}],"curies":[{"name":"wp","href":"https:\/\/api.w.org\/{rel}","templated":true}]}}