{"id":47428,"date":"2025-01-08T14:39:09","date_gmt":"2025-01-08T13:39:09","guid":{"rendered":"https:\/\/www.cobirehab.com\/?post_type=product&#038;p=47428"},"modified":"2025-05-06T08:23:49","modified_gmt":"2025-05-06T06:23:49","slug":"ergonomisches-patientenlagerungskissen-fuer-die-zahnaerztliche-behandlung","status":"publish","type":"product","link":"https:\/\/www.cobirehab.com\/de\/produkt\/ergonomisches-patientenlagerungskissen-fuer-die-zahnaerztliche-behandlung\/","title":{"rendered":"Ergonomisches Patientenlagerungskissen f\u00fcr die zahn\u00e4rztliche Behandlung"},"content":{"rendered":"<h1>Ergonomisches Patientenlagerungskissen<\/h1>\n<p>Die Patientenlagerungskissen wurden entwickelt, um Patienten w\u00e4hrend zahn\u00e4rztlicher Behandlungen in einer liegenden oder sitzenden Position optimalen Komfort und Unterst\u00fctzung zu bieten.<\/p>\n<p>Die 12 verschiedenen Kissenmodelle f\u00fcr Kinder und Erwachsene bieten vielseitige Lagerungsoptionen und lassen sich leicht an den Patienten und den Behandlungsstuhl anpassen. Dank der waschbaren Bez\u00fcge aus verschiedenen Materialien sind die Kissen hygienisch und praktisch im Gebrauch. Sie wurden speziell entwickelt, um unwillk\u00fcrliche Bewegungen und Spastizit\u00e4t zu minimieren, und garantieren somit eine sichere und komfortable Lagerung. Die Kissenserie entstand in Zusammenarbeit mit dem <a href=\"https:\/\/www.mun-h-center.se\/en\/\">Mun-H Zentrum f\u00fcr Odontologie<\/a> in G\u00f6teborg, Schweden, um h\u00f6chste Standards in Funktionalit\u00e4t und Komfort zu gew\u00e4hrleisten.<\/p>\n<h4>Anwendung<\/h4>\n<p>Die Lasal Patientenlagerungskissen k\u00f6nnen einzeln oder in Kombination verwendet werden, um Patienten w\u00e4hrend eines Zahnarztbesuchs maximale Unterst\u00fctzung, Stabilit\u00e4t und Sicherheit zu bieten.<\/p>\n<p>F\u00fcr Patienten mit physischen oder psychischen Herausforderungen (z. B. rheumatische Erkrankungen, neurologische oder psychiatrische St\u00f6rungen) kann es schwierig sein, entspannt und ruhig im Behandlungsstuhl zu sitzen. Aus diesem Grund hat Cobi Rehab die Lasal-Kissen-Serie entwickelt.<\/p>\n<p>F\u00fcr andere Patienten steht die F\u00f6rderung von Sicherheit und die Begrenzung des K\u00f6rpers im Vordergrund, um Entspannung und ein angenehmes Gef\u00fchl w\u00e4hrend der Behandlung zu erm\u00f6glichen. Ziel ist es, unangenehme Positionen zu vermeiden, die Unsicherheit und Muskelverspannungen verursachen und den Behandlungsprozess erschweren k\u00f6nnen.<\/p>\n<h4>Produktbeschreibung<\/h4>\n<p>Die Patientenlagerungskissen sind in verschiedenen Formen und Gr\u00f6\u00dfen erh\u00e4ltlich. Die Kissen bestehen aus kleinen Polystyrolk\u00fcgelchen, einem flexiblen Innenbezug und einem \u00e4u\u00dferen Bezug aus Polyester oder Single-Jersey. Diese Kombination erm\u00f6glicht eine individuelle Anpassung an den Patienten und den Behandlungsstuhl.<\/p>\n<p>Die Patientenlagerungskissen sind formbar und rutschfest, im Gegensatz zu herk\u00f6mmlichen Kissen. Die Serie umfasst:<\/p>\n<ul>\n<li>Vier Kissen f\u00fcr die Kopfst\u00fctze<\/li>\n<li>Ein Kissen in zwei Gr\u00f6\u00dfen f\u00fcr die Armst\u00fctze<\/li>\n<li>Vier Kissen f\u00fcr die Unterst\u00fctzung von Beinen oder anderen Bereichen.<\/li>\n<\/ul>\n<p>F\u00fcr alle Kissen gibt es abnehmbare, hygienische Bez\u00fcge aus Polyester. Einige Modelle sind auch mit einem 100 % biobasierten und hautfreundlichen Single-Jersey-Bezug (Lenzing\/Tencel) erh\u00e4ltlich.<\/p>\n<p>Entdecken Sie hier unser gro\u00dfes <a href=\"https:\/\/www.cobirehab.com\/en\/product-category\/positioning-cushions\/\">Sortiment an Positionierungskissen<\/a>.<\/p>\n<p>&nbsp;<\/p>\n","protected":false},"excerpt":{"rendered":"<p>Die Lasal Patientenlagerungskissen k\u00f6nnen einzeln oder in Kombination verwendet werden, um Patienten w\u00e4hrend eines Zahnarztbesuchs maximale Unterst\u00fctzung, Stabilit\u00e4t und Sicherheit zu bieten.<\/p>\n<hr \/>\n<p>Entwickelt f\u00fcr:<br \/>\n&#8211; Patienten mit neurologischen Verletzungen<br \/>\n&#8211; Patienten mit besonderem Bedarf an Unterst\u00fctzung und Stabilisierung.<\/p>\n<p>&nbsp;<\/p>\n","protected":false},"featured_media":9388,"comment_status":"closed","ping_status":"closed","template":"","meta":{"_et_pb_use_builder":"off","_et_pb_old_content":"<strong>Stor tyngde og anatomisk design<\/strong>\r\nI designet af Cobi lejringspuder har vi lagt stor v\u00e6gt p\u00e5, at puderne er meget kropsn\u00e6re og kan komme t\u00e6t p\u00e5 brugeren. Der er en stor tyngde i puderne, s\u00e5 de bliver, hvor de bliver positioneret og st\u00f8tter op, s\u00e5 lejringen af brugeren forbliver stabil.\r\n\r\n<strong>Anvendelig til mange patientgrupper<\/strong>\r\nPuderne er s\u00e6rdeles velegnet til lejring af brugere med blandt andet pareser, sclerose patienter, hjerneskadede, neurologiske patienter, smertepatienter og mennesker i palliative forl\u00f8b, hvor f\u00e5 og selv sm\u00e5 bev\u00e6gelser vil udl\u00f8se smerter. F\u00e6lles for disse grupper af patienter er, at langt de fleste af dem er i h\u00f8j risiko for at udvikle v\u00e6vsskade og tryks\u00e5r.\r\n\r\n<strong>Eksempler p\u00e5 lejring<\/strong>\r\nCobi S\u00f8hest pude er den komplette sidelejringspude. Alle de n\u00f8dvendige komponenter for en god sidelejring er samlet i \u00e9n og samme pude.\r\nCobi S\u00f8hest pude kan ogs\u00e5 anvendes med Cobi Finne pude, som g\u00f8r front lejring exceptionel.\r\n\r\n<strong>Beroligende effekt<\/strong>\r\nForuden at kunne afhj\u00e6lpe tryk og \u00f8ge trykfordelingen, er puderne s\u00e6rdeles velegnet til brug for neds\u00e6ttelse af spasticitet, samt giver en taktil stimuli, hvilket er meget relevant for blandt andet demente. Brugeren f\u00e5r en afgr\u00e6nsende fornemmelse af kroppen, hvilket ofte har en beroligende effekt og \u00f8ger komforten.\r\n\r\n<strong>Konstruktion\r\n<\/strong>Cobi lejringspuder er lavet af materialer, der n\u00e6nsomt og stabilt st\u00f8tter og fordeler v\u00e6gten. Pudernes stof er vandt\u00e6t, men samtidig \u00e5ndbart. Stoffet er anti-svampe behandlet og ikke sensibiliserende, uden brug af nano materialer. Derudover er puderne\u00a0luftt\u00e6tte og fyldt med sm\u00e5 Kr\u00f8yer kugler, granulat og v\u00e6gtfylde, hvilket sikrer, at stillingen holdes og puderne ikke \u00e6ndrer facon.\r\n\r\nDer f\u00e5s 2 typer betr\u00e6k, et hygiejnebetr\u00e6k og et ekstra bl\u00f8dt jerseybetr\u00e6k. Hygiejnebetr\u00e6kket er et utroligt str\u00e6kbart PU materiale, antibakterielt forseglet, som g\u00f8r det ekstra modstandsdygtigt og uigennemtr\u00e6ngeligt for bakterier, og derfor meget hygiejnisk i brug. Betr\u00e6kket er endvidere \u00e5ndbart, str\u00e6kbart og brandh\u00e6mmende. Jerseybetr\u00e6kket af 100% \u00f8kologisk bomuld er ekstra bl\u00f8dt stof, som er str\u00e6kbart.\r\n\r\n<span style=\"color: #93a79b\"><strong>- Til s\u00e6rlige lejringsbehov<\/strong><\/span>\r\n<span style=\"color: #93a79b\"><strong>- Kurver sig omkring knoglefremspring og fordeler trykket<\/strong><\/span>\r\n<span style=\"color: #93a79b\"><strong>- Perfekt til lejring i Semi-Fowler liggestilling<\/strong><\/span>\r\n<span style=\"color: #93a79b\"><strong>- G\u00f8r det muligt og nemt at lejre sideliggende<\/strong><\/span>\r\n<span style=\"color: #93a79b\"><strong>- Antibakterielt forseglede<\/strong><\/span>\r\n<span style=\"color: #93a79b\"><strong>- 2 typer aftagelige vaskbare betr\u00e6k<\/strong><\/span>\r\n<span style=\"color: #93a79b\"><strong>- Giver sansestimuli<\/strong><\/span>","_et_gb_content_width":""},"product_brand":[],"product_cat":[258],"product_tag":[],"class_list":{"0":"post-47428","1":"product","2":"type-product","3":"status-publish","4":"has-post-thumbnail","6":"product_cat-lagerungskissen","8":"first","9":"instock","10":"shipping-taxable","11":"product-type-simple"},"yoast_head":"<!-- This site is optimized with the Yoast SEO plugin v27.2 - https:\/\/yoast.com\/product\/yoast-seo-wordpress\/ -->\n<title>Ergonomische Patientenlagerungskissen f\u00fcr Zahnarztbesuche<\/title>\n<meta name=\"description\" content=\"Entdecken Sie ergonomische Patientenlagerungskissen f\u00fcr optimale Unterst\u00fctzung und Komfort w\u00e4hrend der zahn\u00e4rztlichen Behandlung \u2013 ideal f\u00fcr Kinder.\" \/>\n<meta name=\"robots\" content=\"index, follow, max-snippet:-1, max-image-preview:large, max-video-preview:-1\" \/>\n<link rel=\"canonical\" href=\"https:\/\/www.cobirehab.com\/de\/produkt\/ergonomisches-patientenlagerungskissen-fuer-die-zahnaerztliche-behandlung\/\" \/>\n<meta property=\"og:locale\" content=\"de_DE\" \/>\n<meta property=\"og:type\" content=\"article\" \/>\n<meta property=\"og:title\" content=\"Ergonomische Patientenlagerungskissen f\u00fcr Zahnarztbesuche\" \/>\n<meta property=\"og:description\" content=\"Entdecken Sie ergonomische Patientenlagerungskissen f\u00fcr optimale Unterst\u00fctzung und Komfort w\u00e4hrend der zahn\u00e4rztlichen Behandlung \u2013 ideal f\u00fcr Kinder.\" \/>\n<meta property=\"og:url\" content=\"https:\/\/www.cobirehab.com\/de\/produkt\/ergonomisches-patientenlagerungskissen-fuer-die-zahnaerztliche-behandlung\/\" \/>\n<meta property=\"og:site_name\" content=\"Cobi Rehab\" \/>\n<meta property=\"article:modified_time\" content=\"2025-05-06T06:23:49+00:00\" \/>\n<meta property=\"og:image\" content=\"https:\/\/www.cobirehab.com\/wp-content\/uploads\/2019\/11\/Favner-barn-scaled.jpg\" \/>\n\t<meta property=\"og:image:width\" content=\"2560\" \/>\n\t<meta property=\"og:image:height\" content=\"1295\" \/>\n\t<meta property=\"og:image:type\" content=\"image\/jpeg\" \/>\n<meta name=\"twitter:card\" content=\"summary_large_image\" \/>\n<meta name=\"twitter:label1\" content=\"Gesch\u00e4tzte Lesezeit\" \/>\n\t<meta name=\"twitter:data1\" content=\"2\u00a0Minuten\" \/>\n<script type=\"application\/ld+json\" class=\"yoast-schema-graph\">{\"@context\":\"https:\/\/schema.org\",\"@graph\":[{\"@type\":\"WebPage\",\"@id\":\"https:\/\/www.cobirehab.com\/de\/produkt\/ergonomisches-patientenlagerungskissen-fuer-die-zahnaerztliche-behandlung\/\",\"url\":\"https:\/\/www.cobirehab.com\/de\/produkt\/ergonomisches-patientenlagerungskissen-fuer-die-zahnaerztliche-behandlung\/\",\"name\":\"Ergonomische Patientenlagerungskissen f\u00fcr Zahnarztbesuche\",\"isPartOf\":{\"@id\":\"https:\/\/www.cobirehab.com\/en\/#website\"},\"primaryImageOfPage\":{\"@id\":\"https:\/\/www.cobirehab.com\/de\/produkt\/ergonomisches-patientenlagerungskissen-fuer-die-zahnaerztliche-behandlung\/#primaryimage\"},\"image\":{\"@id\":\"https:\/\/www.cobirehab.com\/de\/produkt\/ergonomisches-patientenlagerungskissen-fuer-die-zahnaerztliche-behandlung\/#primaryimage\"},\"thumbnailUrl\":\"https:\/\/www.cobirehab.com\/wp-content\/uploads\/2019\/11\/Favner-barn-scaled.jpg\",\"datePublished\":\"2025-01-08T13:39:09+00:00\",\"dateModified\":\"2025-05-06T06:23:49+00:00\",\"description\":\"Entdecken Sie ergonomische Patientenlagerungskissen f\u00fcr optimale Unterst\u00fctzung und Komfort w\u00e4hrend der zahn\u00e4rztlichen Behandlung \u2013 ideal f\u00fcr Kinder.\",\"breadcrumb\":{\"@id\":\"https:\/\/www.cobirehab.com\/de\/produkt\/ergonomisches-patientenlagerungskissen-fuer-die-zahnaerztliche-behandlung\/#breadcrumb\"},\"inLanguage\":\"de\",\"potentialAction\":[{\"@type\":\"ReadAction\",\"target\":[\"https:\/\/www.cobirehab.com\/de\/produkt\/ergonomisches-patientenlagerungskissen-fuer-die-zahnaerztliche-behandlung\/\"]}]},{\"@type\":\"ImageObject\",\"inLanguage\":\"de\",\"@id\":\"https:\/\/www.cobirehab.com\/de\/produkt\/ergonomisches-patientenlagerungskissen-fuer-die-zahnaerztliche-behandlung\/#primaryimage\",\"url\":\"https:\/\/www.cobirehab.com\/wp-content\/uploads\/2019\/11\/Favner-barn-scaled.jpg\",\"contentUrl\":\"https:\/\/www.cobirehab.com\/wp-content\/uploads\/2019\/11\/Favner-barn-scaled.jpg\",\"width\":2560,\"height\":1295,\"caption\":\"Dentalpuder til tandl\u00e6gestol Dentalkuddar barn\"},{\"@type\":\"BreadcrumbList\",\"@id\":\"https:\/\/www.cobirehab.com\/de\/produkt\/ergonomisches-patientenlagerungskissen-fuer-die-zahnaerztliche-behandlung\/#breadcrumb\",\"itemListElement\":[{\"@type\":\"ListItem\",\"position\":1,\"name\":\"Hjem\",\"item\":\"https:\/\/www.cobirehab.com\/\"},{\"@type\":\"ListItem\",\"position\":2,\"name\":\"Produkter\",\"item\":\"https:\/\/www.cobirehab.com\/produkter\/\"},{\"@type\":\"ListItem\",\"position\":3,\"name\":\"Ergonomisches Patientenlagerungskissen f\u00fcr die zahn\u00e4rztliche Behandlung\"}]},{\"@type\":\"WebSite\",\"@id\":\"https:\/\/www.cobirehab.com\/en\/#website\",\"url\":\"https:\/\/www.cobirehab.com\/en\/\",\"name\":\"Cobi Rehab\",\"description\":\"The Positioning Company\",\"publisher\":{\"@id\":\"https:\/\/www.cobirehab.com\/en\/#organization\"},\"alternateName\":\"Cobi\",\"potentialAction\":[{\"@type\":\"SearchAction\",\"target\":{\"@type\":\"EntryPoint\",\"urlTemplate\":\"https:\/\/www.cobirehab.com\/en\/?s={search_term_string}\"},\"query-input\":{\"@type\":\"PropertyValueSpecification\",\"valueRequired\":true,\"valueName\":\"search_term_string\"}}],\"inLanguage\":\"de\"},{\"@type\":\"Organization\",\"@id\":\"https:\/\/www.cobirehab.com\/en\/#organization\",\"name\":\"Cobi Rehab\",\"url\":\"https:\/\/www.cobirehab.com\/en\/\",\"logo\":{\"@type\":\"ImageObject\",\"inLanguage\":\"de\",\"@id\":\"https:\/\/www.cobirehab.com\/en\/#\/schema\/logo\/image\/\",\"url\":\"https:\/\/www.cobirehab.com\/wp-content\/uploads\/2018\/04\/COBI-REHAB-17-logo-versA-pos.png\",\"contentUrl\":\"https:\/\/www.cobirehab.com\/wp-content\/uploads\/2018\/04\/COBI-REHAB-17-logo-versA-pos.png\",\"width\":1195,\"height\":768,\"caption\":\"Cobi Rehab\"},\"image\":{\"@id\":\"https:\/\/www.cobirehab.com\/en\/#\/schema\/logo\/image\/\"}}]}<\/script>\n<!-- \/ Yoast SEO plugin. -->","yoast_head_json":{"title":"Ergonomische Patientenlagerungskissen f\u00fcr Zahnarztbesuche","description":"Entdecken Sie ergonomische Patientenlagerungskissen f\u00fcr optimale Unterst\u00fctzung und Komfort w\u00e4hrend der zahn\u00e4rztlichen Behandlung \u2013 ideal f\u00fcr Kinder.","robots":{"index":"index","follow":"follow","max-snippet":"max-snippet:-1","max-image-preview":"max-image-preview:large","max-video-preview":"max-video-preview:-1"},"canonical":"https:\/\/www.cobirehab.com\/de\/produkt\/ergonomisches-patientenlagerungskissen-fuer-die-zahnaerztliche-behandlung\/","og_locale":"de_DE","og_type":"article","og_title":"Ergonomische Patientenlagerungskissen f\u00fcr Zahnarztbesuche","og_description":"Entdecken Sie ergonomische Patientenlagerungskissen f\u00fcr optimale Unterst\u00fctzung und Komfort w\u00e4hrend der zahn\u00e4rztlichen Behandlung \u2013 ideal f\u00fcr Kinder.","og_url":"https:\/\/www.cobirehab.com\/de\/produkt\/ergonomisches-patientenlagerungskissen-fuer-die-zahnaerztliche-behandlung\/","og_site_name":"Cobi Rehab","article_modified_time":"2025-05-06T06:23:49+00:00","og_image":[{"width":2560,"height":1295,"url":"https:\/\/www.cobirehab.com\/wp-content\/uploads\/2019\/11\/Favner-barn-scaled.jpg","type":"image\/jpeg"}],"twitter_card":"summary_large_image","twitter_misc":{"Gesch\u00e4tzte Lesezeit":"2\u00a0Minuten"},"schema":{"@context":"https:\/\/schema.org","@graph":[{"@type":"WebPage","@id":"https:\/\/www.cobirehab.com\/de\/produkt\/ergonomisches-patientenlagerungskissen-fuer-die-zahnaerztliche-behandlung\/","url":"https:\/\/www.cobirehab.com\/de\/produkt\/ergonomisches-patientenlagerungskissen-fuer-die-zahnaerztliche-behandlung\/","name":"Ergonomische Patientenlagerungskissen f\u00fcr Zahnarztbesuche","isPartOf":{"@id":"https:\/\/www.cobirehab.com\/en\/#website"},"primaryImageOfPage":{"@id":"https:\/\/www.cobirehab.com\/de\/produkt\/ergonomisches-patientenlagerungskissen-fuer-die-zahnaerztliche-behandlung\/#primaryimage"},"image":{"@id":"https:\/\/www.cobirehab.com\/de\/produkt\/ergonomisches-patientenlagerungskissen-fuer-die-zahnaerztliche-behandlung\/#primaryimage"},"thumbnailUrl":"https:\/\/www.cobirehab.com\/wp-content\/uploads\/2019\/11\/Favner-barn-scaled.jpg","datePublished":"2025-01-08T13:39:09+00:00","dateModified":"2025-05-06T06:23:49+00:00","description":"Entdecken Sie ergonomische Patientenlagerungskissen f\u00fcr optimale Unterst\u00fctzung und Komfort w\u00e4hrend der zahn\u00e4rztlichen Behandlung \u2013 ideal f\u00fcr Kinder.","breadcrumb":{"@id":"https:\/\/www.cobirehab.com\/de\/produkt\/ergonomisches-patientenlagerungskissen-fuer-die-zahnaerztliche-behandlung\/#breadcrumb"},"inLanguage":"de","potentialAction":[{"@type":"ReadAction","target":["https:\/\/www.cobirehab.com\/de\/produkt\/ergonomisches-patientenlagerungskissen-fuer-die-zahnaerztliche-behandlung\/"]}]},{"@type":"ImageObject","inLanguage":"de","@id":"https:\/\/www.cobirehab.com\/de\/produkt\/ergonomisches-patientenlagerungskissen-fuer-die-zahnaerztliche-behandlung\/#primaryimage","url":"https:\/\/www.cobirehab.com\/wp-content\/uploads\/2019\/11\/Favner-barn-scaled.jpg","contentUrl":"https:\/\/www.cobirehab.com\/wp-content\/uploads\/2019\/11\/Favner-barn-scaled.jpg","width":2560,"height":1295,"caption":"Dentalpuder til tandl\u00e6gestol Dentalkuddar barn"},{"@type":"BreadcrumbList","@id":"https:\/\/www.cobirehab.com\/de\/produkt\/ergonomisches-patientenlagerungskissen-fuer-die-zahnaerztliche-behandlung\/#breadcrumb","itemListElement":[{"@type":"ListItem","position":1,"name":"Hjem","item":"https:\/\/www.cobirehab.com\/"},{"@type":"ListItem","position":2,"name":"Produkter","item":"https:\/\/www.cobirehab.com\/produkter\/"},{"@type":"ListItem","position":3,"name":"Ergonomisches Patientenlagerungskissen f\u00fcr die zahn\u00e4rztliche Behandlung"}]},{"@type":"WebSite","@id":"https:\/\/www.cobirehab.com\/en\/#website","url":"https:\/\/www.cobirehab.com\/en\/","name":"Cobi Rehab","description":"The Positioning Company","publisher":{"@id":"https:\/\/www.cobirehab.com\/en\/#organization"},"alternateName":"Cobi","potentialAction":[{"@type":"SearchAction","target":{"@type":"EntryPoint","urlTemplate":"https:\/\/www.cobirehab.com\/en\/?s={search_term_string}"},"query-input":{"@type":"PropertyValueSpecification","valueRequired":true,"valueName":"search_term_string"}}],"inLanguage":"de"},{"@type":"Organization","@id":"https:\/\/www.cobirehab.com\/en\/#organization","name":"Cobi Rehab","url":"https:\/\/www.cobirehab.com\/en\/","logo":{"@type":"ImageObject","inLanguage":"de","@id":"https:\/\/www.cobirehab.com\/en\/#\/schema\/logo\/image\/","url":"https:\/\/www.cobirehab.com\/wp-content\/uploads\/2018\/04\/COBI-REHAB-17-logo-versA-pos.png","contentUrl":"https:\/\/www.cobirehab.com\/wp-content\/uploads\/2018\/04\/COBI-REHAB-17-logo-versA-pos.png","width":1195,"height":768,"caption":"Cobi Rehab"},"image":{"@id":"https:\/\/www.cobirehab.com\/en\/#\/schema\/logo\/image\/"}}]}},"_links":{"self":[{"href":"https:\/\/www.cobirehab.com\/de\/wp-json\/wp\/v2\/product\/47428","targetHints":{"allow":["GET"]}}],"collection":[{"href":"https:\/\/www.cobirehab.com\/de\/wp-json\/wp\/v2\/product"}],"about":[{"href":"https:\/\/www.cobirehab.com\/de\/wp-json\/wp\/v2\/types\/product"}],"replies":[{"embeddable":true,"href":"https:\/\/www.cobirehab.com\/de\/wp-json\/wp\/v2\/comments?post=47428"}],"wp:featuredmedia":[{"embeddable":true,"href":"https:\/\/www.cobirehab.com\/de\/wp-json\/wp\/v2\/media\/9388"}],"wp:attachment":[{"href":"https:\/\/www.cobirehab.com\/de\/wp-json\/wp\/v2\/media?parent=47428"}],"wp:term":[{"taxonomy":"product_brand","embeddable":true,"href":"https:\/\/www.cobirehab.com\/de\/wp-json\/wp\/v2\/product_brand?post=47428"},{"taxonomy":"product_cat","embeddable":true,"href":"https:\/\/www.cobirehab.com\/de\/wp-json\/wp\/v2\/product_cat?post=47428"},{"taxonomy":"product_tag","embeddable":true,"href":"https:\/\/www.cobirehab.com\/de\/wp-json\/wp\/v2\/product_tag?post=47428"}],"curies":[{"name":"wp","href":"https:\/\/api.w.org\/{rel}","templated":true}]}}