{"id":47281,"date":"2025-01-08T09:13:22","date_gmt":"2025-01-08T08:13:22","guid":{"rendered":"https:\/\/www.cobirehab.com\/?post_type=product&#038;p=47281"},"modified":"2025-01-09T13:54:43","modified_gmt":"2025-01-09T12:54:43","slug":"cobi-lagerungskissen","status":"publish","type":"product","link":"https:\/\/www.cobirehab.com\/de\/produkt\/cobi-lagerungskissen\/","title":{"rendered":"Cobi Lagerungskissen"},"content":{"rendered":"<h1>Cobi Lagerungskissen f\u00fcr anspruchsvolle Positionierungsbed\u00fcrfnisse<\/h1>\n<p>Cobi Lagerungskissen sind Kissen von h\u00f6chster Qualit\u00e4t f\u00fcr komplexe Lagerungsanforderungen. Cobi Lagerungskissen werden speziell zur Positionierung von Patienten mit komplexen Lagerungsanforderungen eingesetzt. Die Kissen wurden in Zusammenarbeit mit Fachabteilungen f\u00fcr Demenz und Neurologie entwickelt.<\/p>\n<p>Sie gew\u00e4hrleisten eine druckentlastende und stabile Lagerung und finden t\u00e4glich Anwendung in Pflegeheimen, Hospizen und privaten Haushalten.<\/p>\n<p><strong>Einsatzbereiche der Lagerungskissen:<\/strong><br \/>\nDie Cobi Lagerungskissen sind besonders geeignet f\u00fcr Patienten in den folgenden Kategorien:<\/p>\n<ul>\n<li>Adipositas<\/li>\n<li>Demenz<\/li>\n<li>Geriatrie<\/li>\n<li>Neurologie<\/li>\n<li>Palliative Versorgung und Schmerzmanagement<\/li>\n<\/ul>\n<p>Ein gemeinsames Merkmal dieser Patienten ist das erh\u00f6hte Risiko f\u00fcr die Entwicklung von Gewebesch\u00e4den und Dekubitus.<\/p>\n<h3><strong>Konstruktion und Material<\/strong><\/h3>\n<p>Bei der Entwicklung der Cobi Lagerungskissen wurde besonderer Wert auf eine k\u00f6rpernahe Positionierung gelegt. Die Form und das Gewicht der Kissen gew\u00e4hrleisten eine stabile Platzierung, die eine sichere Positionierung der Patienten unterst\u00fctzt.<\/p>\n<p>Die Kissen sind mit kleinen EPS-Kugeln, SEBS-Granulat, Kaltschaum und viskoelastischem Schaum gef\u00fcllt, die den Anforderungen des <strong>OEKO-TEX\u00ae Standard 100<\/strong> entsprechen. Als Zubeh\u00f6r k\u00f6nnen hygienische oder Jersey-Bez\u00fcge erworben werden. Beide Varianten sind atmungsaktiv, waschbar, antibakteriell behandelt und elastisch.<\/p>\n<h3><strong>Beruhigende Wirkung<\/strong><\/h3>\n<p>Zus\u00e4tzlich zur Druckentlastung k\u00f6nnen die Lagerungskissen Spastizit\u00e4t mindern und taktile Reize bieten. Diese taktilen Stimulationen haben beispielsweise bei Patienten mit Demenz eine beruhigende Wirkung, da das Gef\u00fchl der Abgrenzung des K\u00f6rpers die Selbstwahrnehmung verbessert.<\/p>\n<h3><strong>Reinigung und Pflege<\/strong><\/h3>\n<p>Die Cobi Lagerungskissen k\u00f6nnen mit Wasser und einem milden Reinigungsmittel abgewischt werden. Alternativ ist eine Desinfektion mit Ethanol oder chlorhaltigen Produkten m\u00f6glich. Zubeh\u00f6r wie Hygiene- und Jersey-Bez\u00fcge sind bei 60\u00b0C waschbar und trocknergeeignet. Der Rei\u00dfverschluss sollte w\u00e4hrend des Waschens geschlossen sein.<\/p>\n<p>&nbsp;<\/p>\n<p>&#8211; F\u00fcr den t\u00e4glichen und komplexen Lagerungsbedarf geeignet<br \/>\n&#8211; Passt sich an kn\u00f6cherne Vorspr\u00fcnge an und verteilt den Druck gleichm\u00e4\u00dfig<br \/>\n&#8211; Optimal f\u00fcr die Semi-Fowler-Lagerung<br \/>\n&#8211; Unterst\u00fctzt Seitenlagerungen<br \/>\n&#8211; Antibakteriell versiegelt<br \/>\n&#8211; Zwei Arten abnehmbarer, waschbarer Bez\u00fcge<br \/>\n&#8211; Bietet sensorische Stimulation<\/p>\n<p>Entdecken Sie <a href=\"https:\/\/www.cobirehab.com\/en\/product-category\/positioning-cushions\/\">hier unser gro\u00dfes Sortiment an Lagerungskissen<\/a>.<\/p>\n<p>Finden Sie die <a href=\"https:\/\/hmi-basen.dk\/r11x.asp?linkinfo=48094\">Cobi Lagerungskissen<\/a> in der d\u00e4nischen Hilfsmittel-Datenbank.<\/p>\n","protected":false},"excerpt":{"rendered":"<p>Cobi Lagerungskissen werden zur L\u00f6sung verschiedener Positionierungsprobleme eingesetzt, abh\u00e4ngig von den individuellen Bed\u00fcrfnissen des jeweiligen Nutzers.\u00a0Die hochwertige Materialqualit\u00e4t sorgt daf\u00fcr, dass die Form erhalten bleibt, was Stabilit\u00e4t sowie eine gute Unterst\u00fctzungsfl\u00e4che und Druckverteilung gew\u00e4hrleistet.<\/p>\n<p>Soll das Lagerungskissen in Badesituationen verwendet werden, bestellen Sie bitte <a href=\"https:\/\/www.cobirehab.com\/en\/product\/cushions-for-bathing-and-hygiene-situations\/\">die Cobi Hygienekissen<\/a>.<\/p>\n<hr \/>\n<h4>Entwickelt f\u00fcr:<\/h4>\n<ul>\n<li>Adipositas<\/li>\n<li>Demenz<\/li>\n<li>Geriatrie<\/li>\n<li>Neurologie<\/li>\n<li>Palliative Versorgung und Schmerzmanagement<\/li>\n<\/ul>\n","protected":false},"featured_media":34751,"comment_status":"closed","ping_status":"closed","template":"","meta":{"_et_pb_use_builder":"off","_et_pb_old_content":"<strong>Stor tyngde og anatomisk design<\/strong>\r\nI designet af Cobi lejringspuder har vi lagt stor v\u00e6gt p\u00e5, at puderne er meget kropsn\u00e6re og kan komme t\u00e6t p\u00e5 brugeren. Der er en stor tyngde i puderne, s\u00e5 de bliver, hvor de bliver positioneret og st\u00f8tter op, s\u00e5 lejringen af brugeren forbliver stabil.\r\n\r\n<strong>Anvendelig til mange patientgrupper<\/strong>\r\nPuderne er s\u00e6rdeles velegnet til lejring af brugere med blandt andet pareser, sclerose patienter, hjerneskadede, neurologiske patienter, smertepatienter og mennesker i palliative forl\u00f8b, hvor f\u00e5 og selv sm\u00e5 bev\u00e6gelser vil udl\u00f8se smerter. F\u00e6lles for disse grupper af patienter er, at langt de fleste af dem er i h\u00f8j risiko for at udvikle v\u00e6vsskade og tryks\u00e5r.\r\n\r\n<strong>Eksempler p\u00e5 lejring<\/strong>\r\nCobi S\u00f8hest pude er den komplette sidelejringspude. Alle de n\u00f8dvendige komponenter for en god sidelejring er samlet i \u00e9n og samme pude.\r\nCobi S\u00f8hest pude kan ogs\u00e5 anvendes med Cobi Finne pude, som g\u00f8r front lejring exceptionel.\r\n\r\n<strong>Beroligende effekt<\/strong>\r\nForuden at kunne afhj\u00e6lpe tryk og \u00f8ge trykfordelingen, er puderne s\u00e6rdeles velegnet til brug for neds\u00e6ttelse af spasticitet, samt giver en taktil stimuli, hvilket er meget relevant for blandt andet demente. Brugeren f\u00e5r en afgr\u00e6nsende fornemmelse af kroppen, hvilket ofte har en beroligende effekt og \u00f8ger komforten.\r\n\r\n<strong>Konstruktion\r\n<\/strong>Cobi lejringspuder er lavet af materialer, der n\u00e6nsomt og stabilt st\u00f8tter og fordeler v\u00e6gten. Pudernes stof er vandt\u00e6t, men samtidig \u00e5ndbart. Stoffet er anti-svampe behandlet og ikke sensibiliserende, uden brug af nano materialer. Derudover er puderne\u00a0luftt\u00e6tte og fyldt med sm\u00e5 Kr\u00f8yer kugler, granulat og v\u00e6gtfylde, hvilket sikrer, at stillingen holdes og puderne ikke \u00e6ndrer facon.\r\n\r\nDer f\u00e5s 2 typer betr\u00e6k, et hygiejnebetr\u00e6k og et ekstra bl\u00f8dt jerseybetr\u00e6k. Hygiejnebetr\u00e6kket er et utroligt str\u00e6kbart PU materiale, antibakterielt forseglet, som g\u00f8r det ekstra modstandsdygtigt og uigennemtr\u00e6ngeligt for bakterier, og derfor meget hygiejnisk i brug. Betr\u00e6kket er endvidere \u00e5ndbart, str\u00e6kbart og brandh\u00e6mmende. Jerseybetr\u00e6kket af 100% \u00f8kologisk bomuld er ekstra bl\u00f8dt stof, som er str\u00e6kbart.\r\n\r\n<span style=\"color: #93a79b\"><strong>- Til s\u00e6rlige lejringsbehov<\/strong><\/span>\r\n<span style=\"color: #93a79b\"><strong>- Kurver sig omkring knoglefremspring og fordeler trykket<\/strong><\/span>\r\n<span style=\"color: #93a79b\"><strong>- Perfekt til lejring i Semi-Fowler liggestilling<\/strong><\/span>\r\n<span style=\"color: #93a79b\"><strong>- G\u00f8r det muligt og nemt at lejre sideliggende<\/strong><\/span>\r\n<span style=\"color: #93a79b\"><strong>- Antibakterielt forseglede<\/strong><\/span>\r\n<span style=\"color: #93a79b\"><strong>- 2 typer aftagelige vaskbare betr\u00e6k<\/strong><\/span>\r\n<span style=\"color: #93a79b\"><strong>- Giver sansestimuli<\/strong><\/span>","_et_gb_content_width":""},"product_brand":[],"product_cat":[258],"product_tag":[],"class_list":{"0":"post-47281","1":"product","2":"type-product","3":"status-publish","4":"has-post-thumbnail","6":"product_cat-lagerungskissen","8":"first","9":"instock","10":"shipping-taxable","11":"product-type-simple"},"yoast_head":"<!-- This site is optimized with the Yoast SEO plugin v27.2 - https:\/\/yoast.com\/product\/yoast-seo-wordpress\/ -->\n<title>Cobi Lagerungskissen \u2013 F\u00fcr komplexe Lagerungsanforderungen<\/title>\n<meta name=\"description\" content=\"Entdecken Sie Cobi Lagerungskissen \u2013 ideal f\u00fcr komplexe Lagerungsanforderungen. Druckentlastend, stabil, hygienisch \u2013 perfekt f\u00fcr Pflege &amp; Zuhause.\" \/>\n<meta name=\"robots\" content=\"index, follow, max-snippet:-1, max-image-preview:large, max-video-preview:-1\" \/>\n<link rel=\"canonical\" href=\"https:\/\/www.cobirehab.com\/de\/produkt\/cobi-lagerungskissen\/\" \/>\n<meta property=\"og:locale\" content=\"de_DE\" \/>\n<meta property=\"og:type\" content=\"article\" \/>\n<meta property=\"og:title\" content=\"Cobi Lagerungskissen \u2013 F\u00fcr komplexe Lagerungsanforderungen\" \/>\n<meta property=\"og:description\" content=\"Entdecken Sie Cobi Lagerungskissen \u2013 ideal f\u00fcr komplexe Lagerungsanforderungen. Druckentlastend, stabil, hygienisch \u2013 perfekt f\u00fcr Pflege &amp; Zuhause.\" \/>\n<meta property=\"og:url\" content=\"https:\/\/www.cobirehab.com\/de\/produkt\/cobi-lagerungskissen\/\" \/>\n<meta property=\"og:site_name\" content=\"Cobi Rehab\" \/>\n<meta property=\"article:modified_time\" content=\"2025-01-09T12:54:43+00:00\" \/>\n<meta property=\"og:image\" content=\"https:\/\/www.cobirehab.com\/wp-content\/uploads\/2021\/01\/Cobi-Rehab_2020-09-28_Lejringspuder11373_kom.jpg\" \/>\n\t<meta property=\"og:image:width\" content=\"1688\" \/>\n\t<meta property=\"og:image:height\" content=\"1125\" \/>\n\t<meta property=\"og:image:type\" content=\"image\/jpeg\" \/>\n<meta name=\"twitter:card\" content=\"summary_large_image\" \/>\n<meta name=\"twitter:label1\" content=\"Gesch\u00e4tzte Lesezeit\" \/>\n\t<meta name=\"twitter:data1\" content=\"2\u00a0Minuten\" \/>\n<script type=\"application\/ld+json\" class=\"yoast-schema-graph\">{\"@context\":\"https:\/\/schema.org\",\"@graph\":[{\"@type\":\"WebPage\",\"@id\":\"https:\/\/www.cobirehab.com\/de\/produkt\/cobi-lagerungskissen\/\",\"url\":\"https:\/\/www.cobirehab.com\/de\/produkt\/cobi-lagerungskissen\/\",\"name\":\"Cobi Lagerungskissen \u2013 F\u00fcr komplexe Lagerungsanforderungen\",\"isPartOf\":{\"@id\":\"https:\/\/www.cobirehab.com\/en\/#website\"},\"primaryImageOfPage\":{\"@id\":\"https:\/\/www.cobirehab.com\/de\/produkt\/cobi-lagerungskissen\/#primaryimage\"},\"image\":{\"@id\":\"https:\/\/www.cobirehab.com\/de\/produkt\/cobi-lagerungskissen\/#primaryimage\"},\"thumbnailUrl\":\"https:\/\/www.cobirehab.com\/wp-content\/uploads\/2021\/01\/Cobi-Rehab_2020-09-28_Lejringspuder11373_kom.jpg\",\"datePublished\":\"2025-01-08T08:13:22+00:00\",\"dateModified\":\"2025-01-09T12:54:43+00:00\",\"description\":\"Entdecken Sie Cobi Lagerungskissen \u2013 ideal f\u00fcr komplexe Lagerungsanforderungen. Druckentlastend, stabil, hygienisch \u2013 perfekt f\u00fcr Pflege & Zuhause.\",\"breadcrumb\":{\"@id\":\"https:\/\/www.cobirehab.com\/de\/produkt\/cobi-lagerungskissen\/#breadcrumb\"},\"inLanguage\":\"de\",\"potentialAction\":[{\"@type\":\"ReadAction\",\"target\":[\"https:\/\/www.cobirehab.com\/de\/produkt\/cobi-lagerungskissen\/\"]}]},{\"@type\":\"ImageObject\",\"inLanguage\":\"de\",\"@id\":\"https:\/\/www.cobirehab.com\/de\/produkt\/cobi-lagerungskissen\/#primaryimage\",\"url\":\"https:\/\/www.cobirehab.com\/wp-content\/uploads\/2021\/01\/Cobi-Rehab_2020-09-28_Lejringspuder11373_kom.jpg\",\"contentUrl\":\"https:\/\/www.cobirehab.com\/wp-content\/uploads\/2021\/01\/Cobi-Rehab_2020-09-28_Lejringspuder11373_kom.jpg\",\"width\":1688,\"height\":1125,\"caption\":\"Cobi lejringspuder\"},{\"@type\":\"BreadcrumbList\",\"@id\":\"https:\/\/www.cobirehab.com\/de\/produkt\/cobi-lagerungskissen\/#breadcrumb\",\"itemListElement\":[{\"@type\":\"ListItem\",\"position\":1,\"name\":\"Hjem\",\"item\":\"https:\/\/www.cobirehab.com\/\"},{\"@type\":\"ListItem\",\"position\":2,\"name\":\"Produkter\",\"item\":\"https:\/\/www.cobirehab.com\/produkter\/\"},{\"@type\":\"ListItem\",\"position\":3,\"name\":\"Cobi Lagerungskissen\"}]},{\"@type\":\"WebSite\",\"@id\":\"https:\/\/www.cobirehab.com\/en\/#website\",\"url\":\"https:\/\/www.cobirehab.com\/en\/\",\"name\":\"Cobi Rehab\",\"description\":\"The Positioning Company\",\"publisher\":{\"@id\":\"https:\/\/www.cobirehab.com\/en\/#organization\"},\"alternateName\":\"Cobi\",\"potentialAction\":[{\"@type\":\"SearchAction\",\"target\":{\"@type\":\"EntryPoint\",\"urlTemplate\":\"https:\/\/www.cobirehab.com\/en\/?s={search_term_string}\"},\"query-input\":{\"@type\":\"PropertyValueSpecification\",\"valueRequired\":true,\"valueName\":\"search_term_string\"}}],\"inLanguage\":\"de\"},{\"@type\":\"Organization\",\"@id\":\"https:\/\/www.cobirehab.com\/en\/#organization\",\"name\":\"Cobi Rehab\",\"url\":\"https:\/\/www.cobirehab.com\/en\/\",\"logo\":{\"@type\":\"ImageObject\",\"inLanguage\":\"de\",\"@id\":\"https:\/\/www.cobirehab.com\/en\/#\/schema\/logo\/image\/\",\"url\":\"https:\/\/www.cobirehab.com\/wp-content\/uploads\/2018\/04\/COBI-REHAB-17-logo-versA-pos.png\",\"contentUrl\":\"https:\/\/www.cobirehab.com\/wp-content\/uploads\/2018\/04\/COBI-REHAB-17-logo-versA-pos.png\",\"width\":1195,\"height\":768,\"caption\":\"Cobi Rehab\"},\"image\":{\"@id\":\"https:\/\/www.cobirehab.com\/en\/#\/schema\/logo\/image\/\"}}]}<\/script>\n<!-- \/ Yoast SEO plugin. -->","yoast_head_json":{"title":"Cobi Lagerungskissen \u2013 F\u00fcr komplexe Lagerungsanforderungen","description":"Entdecken Sie Cobi Lagerungskissen \u2013 ideal f\u00fcr komplexe Lagerungsanforderungen. Druckentlastend, stabil, hygienisch \u2013 perfekt f\u00fcr Pflege & Zuhause.","robots":{"index":"index","follow":"follow","max-snippet":"max-snippet:-1","max-image-preview":"max-image-preview:large","max-video-preview":"max-video-preview:-1"},"canonical":"https:\/\/www.cobirehab.com\/de\/produkt\/cobi-lagerungskissen\/","og_locale":"de_DE","og_type":"article","og_title":"Cobi Lagerungskissen \u2013 F\u00fcr komplexe Lagerungsanforderungen","og_description":"Entdecken Sie Cobi Lagerungskissen \u2013 ideal f\u00fcr komplexe Lagerungsanforderungen. Druckentlastend, stabil, hygienisch \u2013 perfekt f\u00fcr Pflege & Zuhause.","og_url":"https:\/\/www.cobirehab.com\/de\/produkt\/cobi-lagerungskissen\/","og_site_name":"Cobi Rehab","article_modified_time":"2025-01-09T12:54:43+00:00","og_image":[{"width":1688,"height":1125,"url":"https:\/\/www.cobirehab.com\/wp-content\/uploads\/2021\/01\/Cobi-Rehab_2020-09-28_Lejringspuder11373_kom.jpg","type":"image\/jpeg"}],"twitter_card":"summary_large_image","twitter_misc":{"Gesch\u00e4tzte Lesezeit":"2\u00a0Minuten"},"schema":{"@context":"https:\/\/schema.org","@graph":[{"@type":"WebPage","@id":"https:\/\/www.cobirehab.com\/de\/produkt\/cobi-lagerungskissen\/","url":"https:\/\/www.cobirehab.com\/de\/produkt\/cobi-lagerungskissen\/","name":"Cobi Lagerungskissen \u2013 F\u00fcr komplexe Lagerungsanforderungen","isPartOf":{"@id":"https:\/\/www.cobirehab.com\/en\/#website"},"primaryImageOfPage":{"@id":"https:\/\/www.cobirehab.com\/de\/produkt\/cobi-lagerungskissen\/#primaryimage"},"image":{"@id":"https:\/\/www.cobirehab.com\/de\/produkt\/cobi-lagerungskissen\/#primaryimage"},"thumbnailUrl":"https:\/\/www.cobirehab.com\/wp-content\/uploads\/2021\/01\/Cobi-Rehab_2020-09-28_Lejringspuder11373_kom.jpg","datePublished":"2025-01-08T08:13:22+00:00","dateModified":"2025-01-09T12:54:43+00:00","description":"Entdecken Sie Cobi Lagerungskissen \u2013 ideal f\u00fcr komplexe Lagerungsanforderungen. Druckentlastend, stabil, hygienisch \u2013 perfekt f\u00fcr Pflege & Zuhause.","breadcrumb":{"@id":"https:\/\/www.cobirehab.com\/de\/produkt\/cobi-lagerungskissen\/#breadcrumb"},"inLanguage":"de","potentialAction":[{"@type":"ReadAction","target":["https:\/\/www.cobirehab.com\/de\/produkt\/cobi-lagerungskissen\/"]}]},{"@type":"ImageObject","inLanguage":"de","@id":"https:\/\/www.cobirehab.com\/de\/produkt\/cobi-lagerungskissen\/#primaryimage","url":"https:\/\/www.cobirehab.com\/wp-content\/uploads\/2021\/01\/Cobi-Rehab_2020-09-28_Lejringspuder11373_kom.jpg","contentUrl":"https:\/\/www.cobirehab.com\/wp-content\/uploads\/2021\/01\/Cobi-Rehab_2020-09-28_Lejringspuder11373_kom.jpg","width":1688,"height":1125,"caption":"Cobi lejringspuder"},{"@type":"BreadcrumbList","@id":"https:\/\/www.cobirehab.com\/de\/produkt\/cobi-lagerungskissen\/#breadcrumb","itemListElement":[{"@type":"ListItem","position":1,"name":"Hjem","item":"https:\/\/www.cobirehab.com\/"},{"@type":"ListItem","position":2,"name":"Produkter","item":"https:\/\/www.cobirehab.com\/produkter\/"},{"@type":"ListItem","position":3,"name":"Cobi Lagerungskissen"}]},{"@type":"WebSite","@id":"https:\/\/www.cobirehab.com\/en\/#website","url":"https:\/\/www.cobirehab.com\/en\/","name":"Cobi Rehab","description":"The Positioning Company","publisher":{"@id":"https:\/\/www.cobirehab.com\/en\/#organization"},"alternateName":"Cobi","potentialAction":[{"@type":"SearchAction","target":{"@type":"EntryPoint","urlTemplate":"https:\/\/www.cobirehab.com\/en\/?s={search_term_string}"},"query-input":{"@type":"PropertyValueSpecification","valueRequired":true,"valueName":"search_term_string"}}],"inLanguage":"de"},{"@type":"Organization","@id":"https:\/\/www.cobirehab.com\/en\/#organization","name":"Cobi Rehab","url":"https:\/\/www.cobirehab.com\/en\/","logo":{"@type":"ImageObject","inLanguage":"de","@id":"https:\/\/www.cobirehab.com\/en\/#\/schema\/logo\/image\/","url":"https:\/\/www.cobirehab.com\/wp-content\/uploads\/2018\/04\/COBI-REHAB-17-logo-versA-pos.png","contentUrl":"https:\/\/www.cobirehab.com\/wp-content\/uploads\/2018\/04\/COBI-REHAB-17-logo-versA-pos.png","width":1195,"height":768,"caption":"Cobi Rehab"},"image":{"@id":"https:\/\/www.cobirehab.com\/en\/#\/schema\/logo\/image\/"}}]}},"_links":{"self":[{"href":"https:\/\/www.cobirehab.com\/de\/wp-json\/wp\/v2\/product\/47281","targetHints":{"allow":["GET"]}}],"collection":[{"href":"https:\/\/www.cobirehab.com\/de\/wp-json\/wp\/v2\/product"}],"about":[{"href":"https:\/\/www.cobirehab.com\/de\/wp-json\/wp\/v2\/types\/product"}],"replies":[{"embeddable":true,"href":"https:\/\/www.cobirehab.com\/de\/wp-json\/wp\/v2\/comments?post=47281"}],"wp:featuredmedia":[{"embeddable":true,"href":"https:\/\/www.cobirehab.com\/de\/wp-json\/wp\/v2\/media\/34751"}],"wp:attachment":[{"href":"https:\/\/www.cobirehab.com\/de\/wp-json\/wp\/v2\/media?parent=47281"}],"wp:term":[{"taxonomy":"product_brand","embeddable":true,"href":"https:\/\/www.cobirehab.com\/de\/wp-json\/wp\/v2\/product_brand?post=47281"},{"taxonomy":"product_cat","embeddable":true,"href":"https:\/\/www.cobirehab.com\/de\/wp-json\/wp\/v2\/product_cat?post=47281"},{"taxonomy":"product_tag","embeddable":true,"href":"https:\/\/www.cobirehab.com\/de\/wp-json\/wp\/v2\/product_tag?post=47281"}],"curies":[{"name":"wp","href":"https:\/\/api.w.org\/{rel}","templated":true}]}}