{"id":46695,"date":"2024-11-12T13:15:17","date_gmt":"2024-11-12T12:15:17","guid":{"rendered":"https:\/\/www.cobirehab.com\/?post_type=product&#038;p=46695"},"modified":"2025-01-09T13:45:36","modified_gmt":"2025-01-09T12:45:36","slug":"bariatrischer-patientenstuhl","status":"publish","type":"product","link":"https:\/\/www.cobirehab.com\/de\/produkt\/bariatrischer-patientenstuhl\/","title":{"rendered":"Bariatrischer Patientenstuhl"},"content":{"rendered":"<h1>Patientenst\u00fchle f\u00fcr \u00dcbergewichtige<\/h1>\n<p>Der bariatrische Patientenstuhl ist ein stabiler und ergonomisch gestalteter Stuhl, der optimalen Sitzkomfort f\u00fcr Benutzer mit einem Gewicht von bis zu 325 kg bietet. Er ist in zwei Sitzbreiten erh\u00e4ltlich: 61 cm und 71 cm.<\/p>\n<p>Der breite Sitz in Kombination mit gebogenen Armlehnen sorgt f\u00fcr ausreichend Abstand zwischen den Armlehnen, wodurch der Stuhl ideal f\u00fcr bariatrische Patienten geeignet ist. Die Sitztiefe ist in drei Stufen einstellbar, um eine individuelle Anpassung zu erm\u00f6glichen. Das durchdachte Design von R\u00fcckenlehne und Sitz erlaubt es dem Benutzer, sich vollst\u00e4ndig zur\u00fcckzulehnen \u2013 besonders praktisch, wenn der Stuhl als Esszimmerstuhl genutzt wird.<\/p>\n<h4>Einsatzbereiche<\/h4>\n<p>Der bariatrische Patientenstuhl wird in Krankenh\u00e4usern, Pflegeheimen sowie Privathaushalten eingesetzt und ist ausschlie\u00dflich f\u00fcr den Gebrauch in Innenr\u00e4umen vorgesehen.<\/p>\n<p>Wichtiger Hinweis: Der Stuhl darf nur auf festen, ebenen Untergr\u00fcnden mit einer maximalen Neigung von 3\u00b0 verwendet werden.<\/p>\n<h4>Konstruktion<\/h4>\n<p>Der bariatrische Patientenstuhl besteht aus leichten, stabilen Rohren, die durch eine spezielle Oberfl\u00e4chenbehandlung langlebig und leicht zu reinigen sind. Die Armlehnen ragen \u00fcber die Sitzfl\u00e4che hinaus, um die Gefahr von Quetschungen zu minimieren und den Benutzer beim Hinsetzen oder Aufstehen zu unterst\u00fctzen.<\/p>\n<p>Die R\u00fcckenlehne l\u00e4sst sich flexibel einstellen und um +\/- 6 cm verschieben, um die bestm\u00f6gliche Sitzposition zu gew\u00e4hrleisten. Die gebogenen Rohre des Stuhls bieten zus\u00e4tzlichen Komfort, w\u00e4hrend die Sitzh\u00f6he individuell zwischen 44 und 59 cm angepasst werden kann.<\/p>\n<h4>Montage<\/h4>\n<p>Der bariatrische Patientenstuhl wird in zwei Hauptteilen geliefert: dem Stuhlrahmen und der R\u00fcckenlehne. Die Montage erfolgt mit den mitgelieferten Schrauben und Unterlegscheiben.<\/p>\n<p>Entdecken Sie unsere <a href=\"https:\/\/www.cobirehab.com\/en\/product-category\/wheelchairs-and-chairs\/\">Rollst\u00fchle f\u00fcr \u00fcbergewichtige Patienten<\/a>. Finden Sie der <a href=\"https:\/\/hmi-basen.dk\/en\/r11x.asp?linkinfo=23677\">Rollstuhl Minimaxx<\/a> in der d\u00e4nischen Hilfsmitteldatenbank.<\/p>\n<p><strong><span style=\"color: #93a79b;\">&#8211; Verstellbare Sitzh\u00f6he<br \/>\n<\/span><\/strong><strong><span style=\"color: #93a79b;\">&#8211; Verstellbare Sitztiefe<br \/>\n&#8211; Lange, stabile Armlehnen<br \/>\n&#8211; Gepolsterte Armlehnen<br \/>\n&#8211; In zwei Gr\u00f6\u00dfen erh\u00e4ltlich<\/span><\/strong><\/p>\n","protected":false},"excerpt":{"rendered":"<p class=\"p1\">Speziell entwickelter Patientenstuhl, der einen guten Sitzkomfort f\u00fcr bariatrische Benutzer gew\u00e4hrleistet. Erh\u00e4ltlich in zwei Gr\u00f6\u00dfen, 61 cm und 71 cm.<\/p>\n<hr \/>\n<h4>Entwickelt f\u00fcr:<\/h4>\n<p>&#8211; Bariatrischer Patientenstuhl f\u00fcr Benutzer bis 325 kg. Ideal f\u00fcr Krankenh\u00e4user, Pflegeheime und Privathaushalte.<\/p>\n","protected":false},"featured_media":871,"comment_status":"closed","ping_status":"closed","template":"","meta":{"_et_pb_use_builder":"","_et_pb_old_content":"","_et_gb_content_width":""},"product_brand":[],"product_cat":[259],"product_tag":[],"class_list":{"0":"post-46695","1":"product","2":"type-product","3":"status-publish","4":"has-post-thumbnail","6":"product_cat-patientenstuehle","8":"first","9":"instock","10":"shipping-taxable","11":"product-type-simple"},"yoast_head":"<!-- This site is optimized with the Yoast SEO plugin v27.2 - https:\/\/yoast.com\/product\/yoast-seo-wordpress\/ -->\n<title>Bariatrischer Patientenstuhl<\/title>\n<meta name=\"description\" content=\"Bariatrischer Patientenstuhl f\u00fcr Benutzer bis 325 kg. Verf\u00fcgbar in zwei Sitzbreiten, ideal f\u00fcr Krankenh\u00e4user og Pflegeheime. Individuell einstellbar.\u201c\" \/>\n<meta name=\"robots\" content=\"index, follow, max-snippet:-1, max-image-preview:large, max-video-preview:-1\" \/>\n<link rel=\"canonical\" href=\"https:\/\/www.cobirehab.com\/de\/produkt\/bariatrischer-patientenstuhl\/\" \/>\n<meta property=\"og:locale\" content=\"de_DE\" \/>\n<meta property=\"og:type\" content=\"article\" \/>\n<meta property=\"og:title\" content=\"Bariatrischer Patientenstuhl\" \/>\n<meta property=\"og:description\" content=\"Bariatrischer Patientenstuhl f\u00fcr Benutzer bis 325 kg. Verf\u00fcgbar in zwei Sitzbreiten, ideal f\u00fcr Krankenh\u00e4user og Pflegeheime. Individuell einstellbar.\u201c\" \/>\n<meta property=\"og:url\" content=\"https:\/\/www.cobirehab.com\/de\/produkt\/bariatrischer-patientenstuhl\/\" \/>\n<meta property=\"og:site_name\" content=\"Cobi Rehab\" \/>\n<meta property=\"article:modified_time\" content=\"2025-01-09T12:45:36+00:00\" \/>\n<meta property=\"og:image\" content=\"https:\/\/www.cobirehab.com\/wp-content\/uploads\/2018\/04\/xxlrehab-patientstol-a-w.jpg\" \/>\n\t<meta property=\"og:image:width\" content=\"544\" \/>\n\t<meta property=\"og:image:height\" content=\"544\" \/>\n\t<meta property=\"og:image:type\" content=\"image\/jpeg\" \/>\n<meta name=\"twitter:card\" content=\"summary_large_image\" \/>\n<meta name=\"twitter:label1\" content=\"Gesch\u00e4tzte Lesezeit\" \/>\n\t<meta name=\"twitter:data1\" content=\"2\u00a0Minuten\" \/>\n<script type=\"application\/ld+json\" class=\"yoast-schema-graph\">{\"@context\":\"https:\/\/schema.org\",\"@graph\":[{\"@type\":\"WebPage\",\"@id\":\"https:\/\/www.cobirehab.com\/de\/produkt\/bariatrischer-patientenstuhl\/\",\"url\":\"https:\/\/www.cobirehab.com\/de\/produkt\/bariatrischer-patientenstuhl\/\",\"name\":\"Bariatrischer Patientenstuhl\",\"isPartOf\":{\"@id\":\"https:\/\/www.cobirehab.com\/en\/#website\"},\"primaryImageOfPage\":{\"@id\":\"https:\/\/www.cobirehab.com\/de\/produkt\/bariatrischer-patientenstuhl\/#primaryimage\"},\"image\":{\"@id\":\"https:\/\/www.cobirehab.com\/de\/produkt\/bariatrischer-patientenstuhl\/#primaryimage\"},\"thumbnailUrl\":\"https:\/\/www.cobirehab.com\/wp-content\/uploads\/2018\/04\/xxlrehab-patientstol-a-w.jpg\",\"datePublished\":\"2024-11-12T12:15:17+00:00\",\"dateModified\":\"2025-01-09T12:45:36+00:00\",\"description\":\"Bariatrischer Patientenstuhl f\u00fcr Benutzer bis 325 kg. Verf\u00fcgbar in zwei Sitzbreiten, ideal f\u00fcr Krankenh\u00e4user og Pflegeheime. Individuell einstellbar.\u201c\",\"breadcrumb\":{\"@id\":\"https:\/\/www.cobirehab.com\/de\/produkt\/bariatrischer-patientenstuhl\/#breadcrumb\"},\"inLanguage\":\"de\",\"potentialAction\":[{\"@type\":\"ReadAction\",\"target\":[\"https:\/\/www.cobirehab.com\/de\/produkt\/bariatrischer-patientenstuhl\/\"]}]},{\"@type\":\"ImageObject\",\"inLanguage\":\"de\",\"@id\":\"https:\/\/www.cobirehab.com\/de\/produkt\/bariatrischer-patientenstuhl\/#primaryimage\",\"url\":\"https:\/\/www.cobirehab.com\/wp-content\/uploads\/2018\/04\/xxlrehab-patientstol-a-w.jpg\",\"contentUrl\":\"https:\/\/www.cobirehab.com\/wp-content\/uploads\/2018\/04\/xxlrehab-patientstol-a-w.jpg\",\"width\":544,\"height\":544,\"caption\":\"Bariatric Patient Chair Bariatrisk patientstol bariatrischer Stuhl f\u00fcr \u00fcbergewichtige Patienten\"},{\"@type\":\"BreadcrumbList\",\"@id\":\"https:\/\/www.cobirehab.com\/de\/produkt\/bariatrischer-patientenstuhl\/#breadcrumb\",\"itemListElement\":[{\"@type\":\"ListItem\",\"position\":1,\"name\":\"Hjem\",\"item\":\"https:\/\/www.cobirehab.com\/\"},{\"@type\":\"ListItem\",\"position\":2,\"name\":\"Produkter\",\"item\":\"https:\/\/www.cobirehab.com\/produkter\/\"},{\"@type\":\"ListItem\",\"position\":3,\"name\":\"Bariatrischer Patientenstuhl\"}]},{\"@type\":\"WebSite\",\"@id\":\"https:\/\/www.cobirehab.com\/en\/#website\",\"url\":\"https:\/\/www.cobirehab.com\/en\/\",\"name\":\"Cobi Rehab\",\"description\":\"The Positioning Company\",\"publisher\":{\"@id\":\"https:\/\/www.cobirehab.com\/en\/#organization\"},\"alternateName\":\"Cobi\",\"potentialAction\":[{\"@type\":\"SearchAction\",\"target\":{\"@type\":\"EntryPoint\",\"urlTemplate\":\"https:\/\/www.cobirehab.com\/en\/?s={search_term_string}\"},\"query-input\":{\"@type\":\"PropertyValueSpecification\",\"valueRequired\":true,\"valueName\":\"search_term_string\"}}],\"inLanguage\":\"de\"},{\"@type\":\"Organization\",\"@id\":\"https:\/\/www.cobirehab.com\/en\/#organization\",\"name\":\"Cobi Rehab\",\"url\":\"https:\/\/www.cobirehab.com\/en\/\",\"logo\":{\"@type\":\"ImageObject\",\"inLanguage\":\"de\",\"@id\":\"https:\/\/www.cobirehab.com\/en\/#\/schema\/logo\/image\/\",\"url\":\"https:\/\/www.cobirehab.com\/wp-content\/uploads\/2018\/04\/COBI-REHAB-17-logo-versA-pos.png\",\"contentUrl\":\"https:\/\/www.cobirehab.com\/wp-content\/uploads\/2018\/04\/COBI-REHAB-17-logo-versA-pos.png\",\"width\":1195,\"height\":768,\"caption\":\"Cobi Rehab\"},\"image\":{\"@id\":\"https:\/\/www.cobirehab.com\/en\/#\/schema\/logo\/image\/\"}}]}<\/script>\n<!-- \/ Yoast SEO plugin. -->","yoast_head_json":{"title":"Bariatrischer Patientenstuhl","description":"Bariatrischer Patientenstuhl f\u00fcr Benutzer bis 325 kg. Verf\u00fcgbar in zwei Sitzbreiten, ideal f\u00fcr Krankenh\u00e4user og Pflegeheime. Individuell einstellbar.\u201c","robots":{"index":"index","follow":"follow","max-snippet":"max-snippet:-1","max-image-preview":"max-image-preview:large","max-video-preview":"max-video-preview:-1"},"canonical":"https:\/\/www.cobirehab.com\/de\/produkt\/bariatrischer-patientenstuhl\/","og_locale":"de_DE","og_type":"article","og_title":"Bariatrischer Patientenstuhl","og_description":"Bariatrischer Patientenstuhl f\u00fcr Benutzer bis 325 kg. Verf\u00fcgbar in zwei Sitzbreiten, ideal f\u00fcr Krankenh\u00e4user og Pflegeheime. Individuell einstellbar.\u201c","og_url":"https:\/\/www.cobirehab.com\/de\/produkt\/bariatrischer-patientenstuhl\/","og_site_name":"Cobi Rehab","article_modified_time":"2025-01-09T12:45:36+00:00","og_image":[{"width":544,"height":544,"url":"https:\/\/www.cobirehab.com\/wp-content\/uploads\/2018\/04\/xxlrehab-patientstol-a-w.jpg","type":"image\/jpeg"}],"twitter_card":"summary_large_image","twitter_misc":{"Gesch\u00e4tzte Lesezeit":"2\u00a0Minuten"},"schema":{"@context":"https:\/\/schema.org","@graph":[{"@type":"WebPage","@id":"https:\/\/www.cobirehab.com\/de\/produkt\/bariatrischer-patientenstuhl\/","url":"https:\/\/www.cobirehab.com\/de\/produkt\/bariatrischer-patientenstuhl\/","name":"Bariatrischer Patientenstuhl","isPartOf":{"@id":"https:\/\/www.cobirehab.com\/en\/#website"},"primaryImageOfPage":{"@id":"https:\/\/www.cobirehab.com\/de\/produkt\/bariatrischer-patientenstuhl\/#primaryimage"},"image":{"@id":"https:\/\/www.cobirehab.com\/de\/produkt\/bariatrischer-patientenstuhl\/#primaryimage"},"thumbnailUrl":"https:\/\/www.cobirehab.com\/wp-content\/uploads\/2018\/04\/xxlrehab-patientstol-a-w.jpg","datePublished":"2024-11-12T12:15:17+00:00","dateModified":"2025-01-09T12:45:36+00:00","description":"Bariatrischer Patientenstuhl f\u00fcr Benutzer bis 325 kg. Verf\u00fcgbar in zwei Sitzbreiten, ideal f\u00fcr Krankenh\u00e4user og Pflegeheime. Individuell einstellbar.\u201c","breadcrumb":{"@id":"https:\/\/www.cobirehab.com\/de\/produkt\/bariatrischer-patientenstuhl\/#breadcrumb"},"inLanguage":"de","potentialAction":[{"@type":"ReadAction","target":["https:\/\/www.cobirehab.com\/de\/produkt\/bariatrischer-patientenstuhl\/"]}]},{"@type":"ImageObject","inLanguage":"de","@id":"https:\/\/www.cobirehab.com\/de\/produkt\/bariatrischer-patientenstuhl\/#primaryimage","url":"https:\/\/www.cobirehab.com\/wp-content\/uploads\/2018\/04\/xxlrehab-patientstol-a-w.jpg","contentUrl":"https:\/\/www.cobirehab.com\/wp-content\/uploads\/2018\/04\/xxlrehab-patientstol-a-w.jpg","width":544,"height":544,"caption":"Bariatric Patient Chair Bariatrisk patientstol bariatrischer Stuhl f\u00fcr \u00fcbergewichtige Patienten"},{"@type":"BreadcrumbList","@id":"https:\/\/www.cobirehab.com\/de\/produkt\/bariatrischer-patientenstuhl\/#breadcrumb","itemListElement":[{"@type":"ListItem","position":1,"name":"Hjem","item":"https:\/\/www.cobirehab.com\/"},{"@type":"ListItem","position":2,"name":"Produkter","item":"https:\/\/www.cobirehab.com\/produkter\/"},{"@type":"ListItem","position":3,"name":"Bariatrischer Patientenstuhl"}]},{"@type":"WebSite","@id":"https:\/\/www.cobirehab.com\/en\/#website","url":"https:\/\/www.cobirehab.com\/en\/","name":"Cobi Rehab","description":"The Positioning Company","publisher":{"@id":"https:\/\/www.cobirehab.com\/en\/#organization"},"alternateName":"Cobi","potentialAction":[{"@type":"SearchAction","target":{"@type":"EntryPoint","urlTemplate":"https:\/\/www.cobirehab.com\/en\/?s={search_term_string}"},"query-input":{"@type":"PropertyValueSpecification","valueRequired":true,"valueName":"search_term_string"}}],"inLanguage":"de"},{"@type":"Organization","@id":"https:\/\/www.cobirehab.com\/en\/#organization","name":"Cobi Rehab","url":"https:\/\/www.cobirehab.com\/en\/","logo":{"@type":"ImageObject","inLanguage":"de","@id":"https:\/\/www.cobirehab.com\/en\/#\/schema\/logo\/image\/","url":"https:\/\/www.cobirehab.com\/wp-content\/uploads\/2018\/04\/COBI-REHAB-17-logo-versA-pos.png","contentUrl":"https:\/\/www.cobirehab.com\/wp-content\/uploads\/2018\/04\/COBI-REHAB-17-logo-versA-pos.png","width":1195,"height":768,"caption":"Cobi Rehab"},"image":{"@id":"https:\/\/www.cobirehab.com\/en\/#\/schema\/logo\/image\/"}}]}},"_links":{"self":[{"href":"https:\/\/www.cobirehab.com\/de\/wp-json\/wp\/v2\/product\/46695","targetHints":{"allow":["GET"]}}],"collection":[{"href":"https:\/\/www.cobirehab.com\/de\/wp-json\/wp\/v2\/product"}],"about":[{"href":"https:\/\/www.cobirehab.com\/de\/wp-json\/wp\/v2\/types\/product"}],"replies":[{"embeddable":true,"href":"https:\/\/www.cobirehab.com\/de\/wp-json\/wp\/v2\/comments?post=46695"}],"wp:featuredmedia":[{"embeddable":true,"href":"https:\/\/www.cobirehab.com\/de\/wp-json\/wp\/v2\/media\/871"}],"wp:attachment":[{"href":"https:\/\/www.cobirehab.com\/de\/wp-json\/wp\/v2\/media?parent=46695"}],"wp:term":[{"taxonomy":"product_brand","embeddable":true,"href":"https:\/\/www.cobirehab.com\/de\/wp-json\/wp\/v2\/product_brand?post=46695"},{"taxonomy":"product_cat","embeddable":true,"href":"https:\/\/www.cobirehab.com\/de\/wp-json\/wp\/v2\/product_cat?post=46695"},{"taxonomy":"product_tag","embeddable":true,"href":"https:\/\/www.cobirehab.com\/de\/wp-json\/wp\/v2\/product_tag?post=46695"}],"curies":[{"name":"wp","href":"https:\/\/api.w.org\/{rel}","templated":true}]}}