{"id":46694,"date":"2024-11-12T13:11:15","date_gmt":"2024-11-12T12:11:15","guid":{"rendered":"https:\/\/www.cobirehab.com\/?post_type=product&#038;p=46694"},"modified":"2025-01-09T13:39:27","modified_gmt":"2025-01-09T12:39:27","slug":"kamille-komfortrollstuhl","status":"publish","type":"product","link":"https:\/\/www.cobirehab.com\/de\/produkt\/kamille-komfortrollstuhl\/","title":{"rendered":"Kamille Komfortrollstuhl"},"content":{"rendered":"<h1>Der Kamille Multifunktionsrollstuhl: Unterst\u00fctzung auf h\u00f6chstem Niveau<\/h1>\n<p>Der Kamille Multifunktionsrollstuhl bietet au\u00dfergew\u00f6hnliche Unterst\u00fctzung durch sein flexibles Design. Er unterst\u00fctzt Kontrakturen in den oberen und unteren Extremit\u00e4ten \u2013 ohne zus\u00e4tzliche Anpassungen.<\/p>\n<h4>Individuelle Anpassung f\u00fcr mehr Lebensqualit\u00e4t<\/h4>\n<p>Die M\u00f6glichkeit der stufenlosen, individuellen Anpassung tr\u00e4gt dazu bei, die Mobilit\u00e4t und den Komfort des Nutzers zu verbessern. Die R\u00fcckenlehne kann elektrisch bis zu 35\u00b0 geneigt werden, w\u00e4hrend der Sitzwinkel bis zu 45\u00b0 einstellbar ist. Diese Flexibilit\u00e4t erleichtert Transfers und erh\u00f6ht die Sicherheit im Alltag.<\/p>\n<h4>Ergonomische L\u00f6sungen f\u00fcr Pflegepersonal<\/h4>\n<p>Die elektrische Verstellung von Sitz und R\u00fcckenlehne sorgt f\u00fcr eine deutliche Entlastung des Pflegepersonals. Mit einem intuitiv bedienbaren Joystick k\u00f6nnen alle Funktionen sowohl vom Benutzer als auch vom Pflegepersonal einfach angepasst werden.<\/p>\n<h4>Optionales Zubeh\u00f6r f\u00fcr maximale Funktionalit\u00e4t<\/h4>\n<ul>\n<li>Abnehmbarer Tisch<\/li>\n<li>Stretchbez\u00fcge<\/li>\n<li>Kopfst\u00fctzen und Flexarme<\/li>\n<li>Verschiedene Beinst\u00fctzen und Gewichtskissen<\/li>\n<\/ul>\n<h4>Verbesserte Lebensqualit\u00e4t und Flexibilit\u00e4t<\/h4>\n<p>Der Kamille Multifunktionsrollstuhl verbessert die Lebensqualit\u00e4t, f\u00f6rdert soziale Interaktion und bietet ein hohes Ma\u00df an Komfort und Sicherheit.<\/p>\n<p>Kontaktieren Sie uns f\u00fcr eine pers\u00f6nliche Beratung und weitere Informationen. Wir helfen Ihnen gerne weiter! F\u00fcr weitere schriftliche Informationen \u00fcber den Kamille Komfortrollstuhl klicken Sie hier: <a href=\"https:\/\/www.cobirehab.com\/wp-content\/uploads\/2025\/01\/2024-08-Produktblatt-Kamille-komfortkoerestol_de.pdf\">Produktblatt<\/a> oder <a href=\"https:\/\/www.cobirehab.com\/wp-content\/uploads\/2025\/01\/2024-09-Prasentation-Kamille_de.pdf\">Pr\u00e4sentation<\/a>.<\/p>\n<h4>Kamille Power Multifunktionsrollstuhl<\/h4>\n<p>Der Kamille Power Multifunktionsrollstuhl ist mit einem leistungsstarken Antriebsmotor ausgestattet, der den Vortrieb erleichtert. Die Steuerung erfolgt \u00fcber eine benutzerfreundliche Fernbedienung, die sowohl vom Nutzer als auch vom Pflegepersonal bedient werden kann.<\/p>\n<p>Ein weiterer Vorteil: Der Antriebsmotor kann problemlos bei bereits vorhandenen Kamille Multifunktionsrollst\u00fchlen nachger\u00fcstet werden. Dies gew\u00e4hrleistet maximale Flexibilit\u00e4t und erweitert die Einsatzm\u00f6glichkeiten des Rollstuhls.<\/p>\n<p>Sehen Sie sich unser Sortiment an <a href=\"https:\/\/www.cobirehab.com\/en\/product-category\/wheelchairs-and-chairs\/\">Komfortrollst\u00fchlen f\u00fcr Patienten mit Adipositas oder Demenz<\/a> an.\u00a0Finden Sie der Kamille Komfortrollstuhl in der <a href=\"https:\/\/hmi-basen.dk\/en\/r11x.asp?linkinfo=73807\">d\u00e4nischen Hilfsmittel-Datenbank<\/a>.<\/p>\n<h4>Transport<\/h4>\n<p>Der Kamille Komfortrollstuhl ist nach ISO 7176-19 crashgetestet und kann daher als Sitz in einem motorisierten Fahrzeug verwendet werden.\u00a0Der Rollstuhl wird mit vier Transit-Tie-Down-Halterungen (optional) am Fahrzeug befestigt.<\/p>\n","protected":false},"excerpt":{"rendered":"<p>Einzigartiger Komfortrollstuhl f\u00fcr sensorisch stimulierende Abgrenzung des K\u00f6rpers.<\/p>\n<p>Die individuelle Passform und der hohe Komfort tragen dazu bei, sowohl das Aktivit\u00e4tsniveau als auch das Funktionsniveau und die Lebensqualit\u00e4t zu erh\u00f6hen. Crash getestet gem\u00e4\u00df ISO 7176-19.<\/p>\n<hr \/>\n<h4>Benutzergewicht max. 140 kg.<\/h4>\n","protected":false},"featured_media":43086,"comment_status":"closed","ping_status":"closed","template":"","meta":{"_et_pb_use_builder":"off","_et_pb_old_content":"XXL-Rehab Rise N Tilt badetoiletstol er en kombinationsstol med indbygget l\u00f8ft og tilt funktion. Det er\u00a0verdens f\u00f8rste badetoiletstol til bariatriske brugere, der kan l\u00f8fte og tilte brugeren til en 30\u00b0 h\u00e6ldning.\u00a0Badetoiletstolen har en brugerv\u00e6gt p\u00e5 325 kg.\r\n\r\n<strong>G\u00f8r opgaverne nemmere og sikrere<\/strong>\r\nXXL-Rehab Rise N Tilt badetoiletstol giver bedre adgang for plejepersonalet i forhold til hygiejne, hud- og v\u00e6vpleje. Sygepleje og p\u00e5kl\u00e6dning af f\u00f8dder kan, for plejepersonalets vedkommende, foreg\u00e5 i st\u00e5ende stilling, hvorved der opn\u00e5s en ergonomisk forsvarlig arbejdsstilling. Stolen muligg\u00f8r samtidig, at plejepersonalet og brugeren har \u00f8jenkontakt, hvilket giver langt bedre kommunikation.\r\n\r\n<strong>Bedre og effektiv pleje<\/strong>\r\nDenne badetoiletstol \u00f8ger effektiviteten i plejen, fordi den g\u00f8r\u00a0det muligt for \u00e9n person at udf\u00f8re hele badeproceduren, samt\u00a0en bred vifte af hverdagens hygiejneopgaver. Badetoiletstolens\u00a0enkle funktioner resulterer i str\u00f8mlinede rutiner, som giver optimering\u00a0og sikkerhed af plejen i forhold til traditionelle badetoiletstole.\u00a0Denne badetoiletstol er designet til at give bariatriske brugere\u00a0en behagelig og sikker badeoplevelse og kan med fordel\u00a0ogs\u00e5 anvendes, hvor brugerens tilstand er d\u00e5rlig med nedsat\u00a0postural kontrol.\r\n\r\n<strong>Forbedrer livskvaliteten<\/strong>\r\nXXL-Rehab Rise N Tilt badetoiletstol kan forbedre livskvaliteten\u00a0for den bariatriske bruger, idet assisteret brusebadning og\u00a0andre hygiejnerutiner bliver b\u00e5de en mere sikker og komfortabel,\u00a0men ogs\u00e5 en mere v\u00e6rdig oplevelse.\r\n<p class=\"p1\"><strong><span style=\"color: #93a79b\">-\u00a0El-hejs og tiltfunktion op til 30\u00b0<\/span> <\/strong>\r\n<span style=\"color: #93a79b\"><strong>- Mulighed for ekstra brede butterfly arml\u00e6n<\/strong><\/span>\r\n<span style=\"color: #93a79b\"><strong>- Bremser p\u00e5 alle 4 hjul<\/strong><\/span>\r\n<span style=\"color: #93a79b\"><strong>- Unik l\u00f8ftefunktion<\/strong><\/span>\r\n<span style=\"color: #93a79b\"><strong>- H\u00e5ndbetjening giver plejeren fuld kontrol<\/strong><\/span>\r\n<span style=\"color: #93a79b\"><strong>- H\u00f8jt rygl\u00e6n og robuste arml\u00e6n<\/strong><\/span><\/p>","_et_gb_content_width":""},"product_brand":[],"product_cat":[256],"product_tag":[],"class_list":{"0":"post-46694","1":"product","2":"type-product","3":"status-publish","4":"has-post-thumbnail","6":"product_cat-rollstuehle","8":"first","9":"instock","10":"shipping-taxable","11":"product-type-simple"},"yoast_head":"<!-- This site is optimized with the Yoast SEO plugin v27.2 - https:\/\/yoast.com\/product\/yoast-seo-wordpress\/ -->\n<title>Der Kamille Multifunktionsrollstuhl - f\u00fcr mehr Lebensqualit\u00e4t<\/title>\n<meta name=\"description\" content=\"Entdecken Sie den Kamille Multifunktionsrollstuhl \u2013 flexibel, ergonomisch und individuell anpassbar. Perfekt f\u00fcr Patienten mit besonderen Bed\u00fcrfnissen.\" \/>\n<meta name=\"robots\" content=\"index, follow, max-snippet:-1, max-image-preview:large, max-video-preview:-1\" \/>\n<link rel=\"canonical\" href=\"https:\/\/www.cobirehab.com\/de\/produkt\/kamille-komfortrollstuhl\/\" \/>\n<meta property=\"og:locale\" content=\"de_DE\" \/>\n<meta property=\"og:type\" content=\"article\" \/>\n<meta property=\"og:title\" content=\"Der Kamille Multifunktionsrollstuhl - f\u00fcr mehr Lebensqualit\u00e4t\" \/>\n<meta property=\"og:description\" content=\"Entdecken Sie den Kamille Multifunktionsrollstuhl \u2013 flexibel, ergonomisch und individuell anpassbar. Perfekt f\u00fcr Patienten mit besonderen Bed\u00fcrfnissen.\" \/>\n<meta property=\"og:url\" content=\"https:\/\/www.cobirehab.com\/de\/produkt\/kamille-komfortrollstuhl\/\" \/>\n<meta property=\"og:site_name\" content=\"Cobi Rehab\" \/>\n<meta property=\"article:modified_time\" content=\"2025-01-09T12:39:27+00:00\" \/>\n<meta property=\"og:image\" content=\"https:\/\/www.cobirehab.com\/wp-content\/uploads\/2023\/02\/Kamille-Komfortkoerestol-komplet-med-kropsstoetter.jpg\" \/>\n\t<meta property=\"og:image:width\" content=\"2000\" \/>\n\t<meta property=\"og:image:height\" content=\"1334\" \/>\n\t<meta property=\"og:image:type\" content=\"image\/jpeg\" \/>\n<meta name=\"twitter:card\" content=\"summary_large_image\" \/>\n<meta name=\"twitter:label1\" content=\"Gesch\u00e4tzte Lesezeit\" \/>\n\t<meta name=\"twitter:data1\" content=\"2\u00a0Minuten\" \/>\n<script type=\"application\/ld+json\" class=\"yoast-schema-graph\">{\"@context\":\"https:\/\/schema.org\",\"@graph\":[{\"@type\":\"WebPage\",\"@id\":\"https:\/\/www.cobirehab.com\/de\/produkt\/kamille-komfortrollstuhl\/\",\"url\":\"https:\/\/www.cobirehab.com\/de\/produkt\/kamille-komfortrollstuhl\/\",\"name\":\"Der Kamille Multifunktionsrollstuhl - f\u00fcr mehr Lebensqualit\u00e4t\",\"isPartOf\":{\"@id\":\"https:\/\/www.cobirehab.com\/en\/#website\"},\"primaryImageOfPage\":{\"@id\":\"https:\/\/www.cobirehab.com\/de\/produkt\/kamille-komfortrollstuhl\/#primaryimage\"},\"image\":{\"@id\":\"https:\/\/www.cobirehab.com\/de\/produkt\/kamille-komfortrollstuhl\/#primaryimage\"},\"thumbnailUrl\":\"https:\/\/www.cobirehab.com\/wp-content\/uploads\/2023\/02\/Kamille-Komfortkoerestol-komplet-med-kropsstoetter.jpg\",\"datePublished\":\"2024-11-12T12:11:15+00:00\",\"dateModified\":\"2025-01-09T12:39:27+00:00\",\"description\":\"Entdecken Sie den Kamille Multifunktionsrollstuhl \u2013 flexibel, ergonomisch und individuell anpassbar. Perfekt f\u00fcr Patienten mit besonderen Bed\u00fcrfnissen.\",\"breadcrumb\":{\"@id\":\"https:\/\/www.cobirehab.com\/de\/produkt\/kamille-komfortrollstuhl\/#breadcrumb\"},\"inLanguage\":\"de\",\"potentialAction\":[{\"@type\":\"ReadAction\",\"target\":[\"https:\/\/www.cobirehab.com\/de\/produkt\/kamille-komfortrollstuhl\/\"]}]},{\"@type\":\"ImageObject\",\"inLanguage\":\"de\",\"@id\":\"https:\/\/www.cobirehab.com\/de\/produkt\/kamille-komfortrollstuhl\/#primaryimage\",\"url\":\"https:\/\/www.cobirehab.com\/wp-content\/uploads\/2023\/02\/Kamille-Komfortkoerestol-komplet-med-kropsstoetter.jpg\",\"contentUrl\":\"https:\/\/www.cobirehab.com\/wp-content\/uploads\/2023\/02\/Kamille-Komfortkoerestol-komplet-med-kropsstoetter.jpg\",\"width\":2000,\"height\":1334,\"caption\":\"Kamille Kamille Comfort Wheelchair complete with padded body supports\"},{\"@type\":\"BreadcrumbList\",\"@id\":\"https:\/\/www.cobirehab.com\/de\/produkt\/kamille-komfortrollstuhl\/#breadcrumb\",\"itemListElement\":[{\"@type\":\"ListItem\",\"position\":1,\"name\":\"Hjem\",\"item\":\"https:\/\/www.cobirehab.com\/\"},{\"@type\":\"ListItem\",\"position\":2,\"name\":\"Produkter\",\"item\":\"https:\/\/www.cobirehab.com\/produkter\/\"},{\"@type\":\"ListItem\",\"position\":3,\"name\":\"Kamille Komfortrollstuhl\"}]},{\"@type\":\"WebSite\",\"@id\":\"https:\/\/www.cobirehab.com\/en\/#website\",\"url\":\"https:\/\/www.cobirehab.com\/en\/\",\"name\":\"Cobi Rehab\",\"description\":\"The Positioning Company\",\"publisher\":{\"@id\":\"https:\/\/www.cobirehab.com\/en\/#organization\"},\"alternateName\":\"Cobi\",\"potentialAction\":[{\"@type\":\"SearchAction\",\"target\":{\"@type\":\"EntryPoint\",\"urlTemplate\":\"https:\/\/www.cobirehab.com\/en\/?s={search_term_string}\"},\"query-input\":{\"@type\":\"PropertyValueSpecification\",\"valueRequired\":true,\"valueName\":\"search_term_string\"}}],\"inLanguage\":\"de\"},{\"@type\":\"Organization\",\"@id\":\"https:\/\/www.cobirehab.com\/en\/#organization\",\"name\":\"Cobi Rehab\",\"url\":\"https:\/\/www.cobirehab.com\/en\/\",\"logo\":{\"@type\":\"ImageObject\",\"inLanguage\":\"de\",\"@id\":\"https:\/\/www.cobirehab.com\/en\/#\/schema\/logo\/image\/\",\"url\":\"https:\/\/www.cobirehab.com\/wp-content\/uploads\/2018\/04\/COBI-REHAB-17-logo-versA-pos.png\",\"contentUrl\":\"https:\/\/www.cobirehab.com\/wp-content\/uploads\/2018\/04\/COBI-REHAB-17-logo-versA-pos.png\",\"width\":1195,\"height\":768,\"caption\":\"Cobi Rehab\"},\"image\":{\"@id\":\"https:\/\/www.cobirehab.com\/en\/#\/schema\/logo\/image\/\"}}]}<\/script>\n<!-- \/ Yoast SEO plugin. -->","yoast_head_json":{"title":"Der Kamille Multifunktionsrollstuhl - f\u00fcr mehr Lebensqualit\u00e4t","description":"Entdecken Sie den Kamille Multifunktionsrollstuhl \u2013 flexibel, ergonomisch und individuell anpassbar. Perfekt f\u00fcr Patienten mit besonderen Bed\u00fcrfnissen.","robots":{"index":"index","follow":"follow","max-snippet":"max-snippet:-1","max-image-preview":"max-image-preview:large","max-video-preview":"max-video-preview:-1"},"canonical":"https:\/\/www.cobirehab.com\/de\/produkt\/kamille-komfortrollstuhl\/","og_locale":"de_DE","og_type":"article","og_title":"Der Kamille Multifunktionsrollstuhl - f\u00fcr mehr Lebensqualit\u00e4t","og_description":"Entdecken Sie den Kamille Multifunktionsrollstuhl \u2013 flexibel, ergonomisch und individuell anpassbar. Perfekt f\u00fcr Patienten mit besonderen Bed\u00fcrfnissen.","og_url":"https:\/\/www.cobirehab.com\/de\/produkt\/kamille-komfortrollstuhl\/","og_site_name":"Cobi Rehab","article_modified_time":"2025-01-09T12:39:27+00:00","og_image":[{"width":2000,"height":1334,"url":"https:\/\/www.cobirehab.com\/wp-content\/uploads\/2023\/02\/Kamille-Komfortkoerestol-komplet-med-kropsstoetter.jpg","type":"image\/jpeg"}],"twitter_card":"summary_large_image","twitter_misc":{"Gesch\u00e4tzte Lesezeit":"2\u00a0Minuten"},"schema":{"@context":"https:\/\/schema.org","@graph":[{"@type":"WebPage","@id":"https:\/\/www.cobirehab.com\/de\/produkt\/kamille-komfortrollstuhl\/","url":"https:\/\/www.cobirehab.com\/de\/produkt\/kamille-komfortrollstuhl\/","name":"Der Kamille Multifunktionsrollstuhl - f\u00fcr mehr Lebensqualit\u00e4t","isPartOf":{"@id":"https:\/\/www.cobirehab.com\/en\/#website"},"primaryImageOfPage":{"@id":"https:\/\/www.cobirehab.com\/de\/produkt\/kamille-komfortrollstuhl\/#primaryimage"},"image":{"@id":"https:\/\/www.cobirehab.com\/de\/produkt\/kamille-komfortrollstuhl\/#primaryimage"},"thumbnailUrl":"https:\/\/www.cobirehab.com\/wp-content\/uploads\/2023\/02\/Kamille-Komfortkoerestol-komplet-med-kropsstoetter.jpg","datePublished":"2024-11-12T12:11:15+00:00","dateModified":"2025-01-09T12:39:27+00:00","description":"Entdecken Sie den Kamille Multifunktionsrollstuhl \u2013 flexibel, ergonomisch und individuell anpassbar. Perfekt f\u00fcr Patienten mit besonderen Bed\u00fcrfnissen.","breadcrumb":{"@id":"https:\/\/www.cobirehab.com\/de\/produkt\/kamille-komfortrollstuhl\/#breadcrumb"},"inLanguage":"de","potentialAction":[{"@type":"ReadAction","target":["https:\/\/www.cobirehab.com\/de\/produkt\/kamille-komfortrollstuhl\/"]}]},{"@type":"ImageObject","inLanguage":"de","@id":"https:\/\/www.cobirehab.com\/de\/produkt\/kamille-komfortrollstuhl\/#primaryimage","url":"https:\/\/www.cobirehab.com\/wp-content\/uploads\/2023\/02\/Kamille-Komfortkoerestol-komplet-med-kropsstoetter.jpg","contentUrl":"https:\/\/www.cobirehab.com\/wp-content\/uploads\/2023\/02\/Kamille-Komfortkoerestol-komplet-med-kropsstoetter.jpg","width":2000,"height":1334,"caption":"Kamille Kamille Comfort Wheelchair complete with padded body supports"},{"@type":"BreadcrumbList","@id":"https:\/\/www.cobirehab.com\/de\/produkt\/kamille-komfortrollstuhl\/#breadcrumb","itemListElement":[{"@type":"ListItem","position":1,"name":"Hjem","item":"https:\/\/www.cobirehab.com\/"},{"@type":"ListItem","position":2,"name":"Produkter","item":"https:\/\/www.cobirehab.com\/produkter\/"},{"@type":"ListItem","position":3,"name":"Kamille Komfortrollstuhl"}]},{"@type":"WebSite","@id":"https:\/\/www.cobirehab.com\/en\/#website","url":"https:\/\/www.cobirehab.com\/en\/","name":"Cobi Rehab","description":"The Positioning Company","publisher":{"@id":"https:\/\/www.cobirehab.com\/en\/#organization"},"alternateName":"Cobi","potentialAction":[{"@type":"SearchAction","target":{"@type":"EntryPoint","urlTemplate":"https:\/\/www.cobirehab.com\/en\/?s={search_term_string}"},"query-input":{"@type":"PropertyValueSpecification","valueRequired":true,"valueName":"search_term_string"}}],"inLanguage":"de"},{"@type":"Organization","@id":"https:\/\/www.cobirehab.com\/en\/#organization","name":"Cobi Rehab","url":"https:\/\/www.cobirehab.com\/en\/","logo":{"@type":"ImageObject","inLanguage":"de","@id":"https:\/\/www.cobirehab.com\/en\/#\/schema\/logo\/image\/","url":"https:\/\/www.cobirehab.com\/wp-content\/uploads\/2018\/04\/COBI-REHAB-17-logo-versA-pos.png","contentUrl":"https:\/\/www.cobirehab.com\/wp-content\/uploads\/2018\/04\/COBI-REHAB-17-logo-versA-pos.png","width":1195,"height":768,"caption":"Cobi Rehab"},"image":{"@id":"https:\/\/www.cobirehab.com\/en\/#\/schema\/logo\/image\/"}}]}},"_links":{"self":[{"href":"https:\/\/www.cobirehab.com\/de\/wp-json\/wp\/v2\/product\/46694","targetHints":{"allow":["GET"]}}],"collection":[{"href":"https:\/\/www.cobirehab.com\/de\/wp-json\/wp\/v2\/product"}],"about":[{"href":"https:\/\/www.cobirehab.com\/de\/wp-json\/wp\/v2\/types\/product"}],"replies":[{"embeddable":true,"href":"https:\/\/www.cobirehab.com\/de\/wp-json\/wp\/v2\/comments?post=46694"}],"wp:featuredmedia":[{"embeddable":true,"href":"https:\/\/www.cobirehab.com\/de\/wp-json\/wp\/v2\/media\/43086"}],"wp:attachment":[{"href":"https:\/\/www.cobirehab.com\/de\/wp-json\/wp\/v2\/media?parent=46694"}],"wp:term":[{"taxonomy":"product_brand","embeddable":true,"href":"https:\/\/www.cobirehab.com\/de\/wp-json\/wp\/v2\/product_brand?post=46694"},{"taxonomy":"product_cat","embeddable":true,"href":"https:\/\/www.cobirehab.com\/de\/wp-json\/wp\/v2\/product_cat?post=46694"},{"taxonomy":"product_tag","embeddable":true,"href":"https:\/\/www.cobirehab.com\/de\/wp-json\/wp\/v2\/product_tag?post=46694"}],"curies":[{"name":"wp","href":"https:\/\/api.w.org\/{rel}","templated":true}]}}