{"id":46691,"date":"2024-11-12T10:35:28","date_gmt":"2024-11-12T09:35:28","guid":{"rendered":"https:\/\/www.cobirehab.com\/?post_type=product&#038;p=46691"},"modified":"2025-01-13T14:38:36","modified_gmt":"2025-01-13T13:38:36","slug":"rollstuhl-minimaxx-mit-push-motor-fuer-adipoese-patienten","status":"publish","type":"product","link":"https:\/\/www.cobirehab.com\/de\/produkt\/rollstuhl-minimaxx-mit-push-motor-fuer-adipoese-patienten\/","title":{"rendered":"Rollstuhl Minimaxx mit elektrischem Hilfsmotor f\u00fcr adip\u00f6se Patienten"},"content":{"rendered":"<h1>Rollstuhl Minimaxx mit Push-motor f\u00fcr adip\u00f6se Patienten<\/h1>\n<p>Der Push-Motor ist ein kompakter Motor, der speziell f\u00fcr die Montage an einem Minimaxx Rollstuhl entwickelt wurde. Er kann helfen, \u00dcberlastungssch\u00e4den bei Pflegekr\u00e4ften zu reduzieren.<\/p>\n<p>Der Minimaxx Push Rollstuhl ist f\u00fcr ein maximales Benutzergewicht von 200 kg ausgelegt. Obwohl der Rollstuhl bei einem Benutzergewicht von bis zu 325 kg genutzt werden kann, nimmt die Motorleistung bei einem Gewicht \u00fcber 200 kg ab. Zudem verk\u00fcrzt sich die Lebensdauer des Motors, wenn das Benutzergewicht die 200-kg-Grenze \u00fcberschreitet.<\/p>\n<p>Der Minimaxx Push Rollstuhl kann sowohl im Innen- als auch im Au\u00dfenbereich von Einrichtungen, Krankenh\u00e4usern, Pflegezentren und Privathaushalten eingesetzt werden. Er ist mit Scheibenbremsen und einer Feststellbremse ausgestattet. Der Rollstuhl bremst au\u00dferdem automatisch, sobald der Gashebel des Push-Motors losgelassen wird.<\/p>\n<h5>Bedienung<\/h5>\n<p>Der Push-Motor des Minimaxx ist f\u00fcr Steigungen von bis zu 5\u00b0 bei einem Benutzergewicht von 200 kg ausgelegt. Das Scheibenbremssystem sorgt f\u00fcr ein hohes Ma\u00df an Sicherheit beim Bergabfahren.<\/p>\n<p>Das Bedienfeld befindet sich am Griff. Das Display zeigt oben den Akkustand an. Darunter befinden sich die Tasten \u201eR\u00fcckw\u00e4rts\u201c und \u201eVorw\u00e4rts\u201c sowie ein Drehregler zur Einstellung der Geschwindigkeit (1-4 km\/h). Bei Bedarf eines sofortigen Stopps kann der Hebel bet\u00e4tigt werden, wodurch der Rollstuhl sofort angehalten wird.<\/p>\n<h4>Armlehnen<\/h4>\n<p>Der Minimaxx Push Rollstuhl ist mit extra langen Armlehnen ausgestattet, die das Ein- und Aussteigen erleichtern. Die niedrige Sitzh\u00f6he erm\u00f6glicht dem Benutzer einen leichten Zugang zum Rollstuhl. Zus\u00e4tzlich zu den abnehmbaren Standardarmlehnen k\u00f6nnen auch Sportarmlehnen montiert werden.<\/p>\n<h4>Fu\u00dfst\u00fctzen<\/h4>\n<p>Die Fu\u00dfst\u00fctzen sind jeweils f\u00fcr ein Gewicht von bis zu 100 kg ausgelegt. Sie k\u00f6nnen in H\u00f6he und Breite verstellt werden, sodass sie individuell an den Benutzer angepasst werden k\u00f6nnen.<\/p>\n<h4>R\u00fcckenmodul<\/h4>\n<p>Der Minimaxx verf\u00fcgt \u00fcber zwei Arten von R\u00fcckenlehnen: ein Standard-R\u00fcckenmodul und eine verstellbare R\u00fcckenlehne, die \u00fcber Klettverschlusstr\u00e4ger eingestellt wird. Die verstellbare R\u00fcckenlehne bietet Benutzern mit breiter H\u00fcfte eine gute Unterst\u00fctzung im Lendenwirbelbereich.<\/p>\n<h4>Sitzkissen<\/h4>\n<p>Bitte beachten Sie: Der Minimaxx wird ohne Sitzkissen geliefert. Unsere bariatrischen Rollstuhlkissen finden Sie unter \u201e<a href=\"https:\/\/www.cobirehab.com\/de\/produkt-kategori\/rollstuehle\/\">Rollst\u00fchle<\/a>\u201c\u00a0auf unserer Website. Kontaktieren Sie uns gerne f\u00fcr weitere Informationen unter cobi@cobi.dk.<\/p>\n<p>Finden Sie der <a href=\"https:\/\/hmi-basen.dk\/en\/r11x.asp?linkinfo=28429\">Rollstuhl Minimaxx<\/a> in der d\u00e4nischen Hilfsmitteldatenbank. Sehen Sie sich unsere <a href=\"https:\/\/youtu.be\/IJCFErPajh0\">Minimaxx Rollstuhl<\/a>-pr\u00e4sentation auf der YouTube an.<\/p>\n<p class=\"p1\"><strong><span style=\"color: #93a79b;\">&#8211; Der Push-Motor ist einfach zu bedienen<br \/>\n&#8211; Verschiedene Armlehnen verf\u00fcgbar<br \/>\n&#8211; Geschwindigkeit 1-4 km\/h<br \/>\n<\/span><\/strong><\/p>\n","protected":false},"excerpt":{"rendered":"<p>Robuster manueller Rollstuhl mit elektrischem Hilfsmotor f\u00fcr den Transport von bariatrischen Benutzern.<\/p>\n<p>Der Minimaxx Rollstuhl mit Push-Motor ist f\u00fcr Benutzer mit einem Gewicht von bis zu 200\/325 kg ausgelegt.<\/p>\n<hr \/>\n<h4>Verwendet f\u00fcr<\/h4>\n<p>&#8211; Benutzer mit einem Gewicht von bis zu 200\/325 kg sowohl im Freien als auch in Innenr\u00e4umen von Einrichtungen, Pflegezentren und Privathaushalten.<\/p>\n","protected":false},"featured_media":837,"comment_status":"closed","ping_status":"closed","template":"","meta":{"_et_pb_use_builder":"off","_et_pb_old_content":"<strong>Hj\u00e6lpemotor\r\n<\/strong>XXL-Rehab Minimaxx med hj\u00e6lpemotor og skivebremser er en st\u00e6rk k\u00f8restol, der hj\u00e6lper plejepersonalet med at k\u00f8re stolen uden nogen anstrengelser. Nu er det nemt at hj\u00e6lpe en bariatrisk patient omkring. XXL-Rehab Minimaxx med hj\u00e6lpemotor medvirker til, at plejeper-sonalet kan undg\u00e5 \u00f8mme skuldre og belastning p\u00e5 h\u00e5ndleddene.\r\nSelv p\u00e5 skr\u00e5 underlag med stigninger p\u00e5 op til 5% er det nemt at komme over toppen. Ned ad bakke yder skivebremsesystemet stor grad af sikkerhed. Hvis der er behov for en \u00f8jeblikkelig standsning, skal h\u00e5ndtaget bare tr\u00e6kkes, og k\u00f8restolen stopper med det samme.\r\n\r\n<strong>Betjening<\/strong>\r\nHj\u00e6lpemotoren er nem at betjene. Kontrolpanelet er placeret p\u00e5 h\u00e5ndtaget og har Drive\/K\u00f8r og Reverse\/Bak funktioner samt hastighedsregulering p\u00e5 1-5 km\/t.\r\n\r\n<strong>Konstruktion<\/strong>\r\nHvad ang\u00e5r konstruktionen af k\u00f8restolen var STW (Stiffness To Weight) vores m\u00e5l. Vi har anvendt en r\u00f8r-teknologi med lette r\u00f8r, der ogs\u00e5 bruges p\u00e5 MTB cykler og landevejscykler.\r\nXXL-Rehab Minimaxx k\u00f8restol vejer derfor kun ca. 9% af dens v\u00e6gtkapacitet og er stadig nem at k\u00f8re.\r\n\r\nDesuden sidder forhjulene l\u00e6ngere fremme end p\u00e5 standard stole. Dette forhindrer stolen i at tippe. De meget lange arml\u00e6n g\u00f8r det nemt for brugeren at komme ind og ud af stolen, og den lave s\u00e6deh\u00f8jde g\u00f8r det nemt at f\u00e5 adgang til stolen.\r\n\r\n<strong>Arml\u00e6n<\/strong>\r\nUd over de aftagelige standard arml\u00e6n kan XXL-Rehab Minimaxx ogs\u00e5 monteres med sports arml\u00e6n.\r\n\r\n<strong>Fodst\u00f8tter<\/strong>\r\nFodst\u00f8tterne er designet til at kunne b\u00e6re 100 kg hver og er endvidere indstillelige i b\u00e5de h\u00f8jden og bredden. F\u00f8dst\u00f8tterne kan derfor tilpasses brugere med forskellig benstilling.\r\n<p class=\"p1\"><span style=\"color: #93a79b;\"><strong>- Hj\u00e6lpemotor<\/strong><\/span>\r\n<span style=\"color: #93a79b;\"><strong>- St\u00e6rk konstruktion<\/strong><\/span>\r\n<span style=\"color: #93a79b;\"><strong>- Flere bredder<\/strong><\/span>\r\n<span style=\"color: #93a79b;\"><strong>- Justerbar stropryg<\/strong><\/span>\r\n<span style=\"color: #93a79b;\"><strong>- Skivebremser er inklusive<\/strong><\/span>\r\n<span style=\"color: #93a79b;\"><strong>- H\u00f8jde- og breddeindstillelige fodst\u00f8tter<\/strong><\/span>\r\n<span style=\"color: #93a79b;\"><strong>- Flere typer arml\u00e6n<\/strong><\/span><\/p>","_et_gb_content_width":""},"product_brand":[],"product_cat":[256],"product_tag":[],"class_list":{"0":"post-46691","1":"product","2":"type-product","3":"status-publish","4":"has-post-thumbnail","6":"product_cat-rollstuehle","8":"first","9":"instock","10":"shipping-taxable","11":"product-type-simple"},"yoast_head":"<!-- This site is optimized with the Yoast SEO plugin v27.2 - https:\/\/yoast.com\/product\/yoast-seo-wordpress\/ -->\n<title>Rollstuhl Minimaxx mit elektrischem Hilfsmotor f\u00fcr adip\u00f6se Patienten - Cobi Rehab<\/title>\n<meta name=\"robots\" content=\"index, follow, max-snippet:-1, max-image-preview:large, max-video-preview:-1\" \/>\n<link rel=\"canonical\" href=\"https:\/\/www.cobirehab.com\/de\/produkt\/rollstuhl-minimaxx-mit-push-motor-fuer-adipoese-patienten\/\" \/>\n<meta property=\"og:locale\" content=\"de_DE\" \/>\n<meta property=\"og:type\" content=\"article\" \/>\n<meta property=\"og:title\" content=\"Rollstuhl Minimaxx mit elektrischem Hilfsmotor f\u00fcr adip\u00f6se Patienten - Cobi Rehab\" \/>\n<meta property=\"og:description\" content=\"Robuster manueller Rollstuhl mit elektrischem Hilfsmotor f\u00fcr den Transport von bariatrischen Benutzern.  Der Minimaxx Rollstuhl mit Push-Motor ist f\u00fcr Benutzer mit einem Gewicht von bis zu 200\/325 kg ausgelegt.    Verwendet f\u00fcr - Benutzer mit einem Gewicht von bis zu 200\/325 kg sowohl im Freien als auch in Innenr\u00e4umen von Einrichtungen, Pflegezentren und Privathaushalten.\" \/>\n<meta property=\"og:url\" content=\"https:\/\/www.cobirehab.com\/de\/produkt\/rollstuhl-minimaxx-mit-push-motor-fuer-adipoese-patienten\/\" \/>\n<meta property=\"og:site_name\" content=\"Cobi Rehab\" \/>\n<meta property=\"article:modified_time\" content=\"2025-01-13T13:38:36+00:00\" \/>\n<meta property=\"og:image\" content=\"https:\/\/www.cobirehab.com\/wp-content\/uploads\/2018\/03\/xxlrehab-minimaxx-push-korestole-a-w.jpg\" \/>\n\t<meta property=\"og:image:width\" content=\"544\" \/>\n\t<meta property=\"og:image:height\" content=\"544\" \/>\n\t<meta property=\"og:image:type\" content=\"image\/jpeg\" \/>\n<meta name=\"twitter:card\" content=\"summary_large_image\" \/>\n<meta name=\"twitter:label1\" content=\"Gesch\u00e4tzte Lesezeit\" \/>\n\t<meta name=\"twitter:data1\" content=\"3\u00a0Minuten\" \/>\n<script type=\"application\/ld+json\" class=\"yoast-schema-graph\">{\"@context\":\"https:\/\/schema.org\",\"@graph\":[{\"@type\":\"WebPage\",\"@id\":\"https:\/\/www.cobirehab.com\/de\/produkt\/rollstuhl-minimaxx-mit-push-motor-fuer-adipoese-patienten\/\",\"url\":\"https:\/\/www.cobirehab.com\/de\/produkt\/rollstuhl-minimaxx-mit-push-motor-fuer-adipoese-patienten\/\",\"name\":\"Rollstuhl Minimaxx mit elektrischem Hilfsmotor f\u00fcr adip\u00f6se Patienten - Cobi Rehab\",\"isPartOf\":{\"@id\":\"https:\/\/www.cobirehab.com\/en\/#website\"},\"primaryImageOfPage\":{\"@id\":\"https:\/\/www.cobirehab.com\/de\/produkt\/rollstuhl-minimaxx-mit-push-motor-fuer-adipoese-patienten\/#primaryimage\"},\"image\":{\"@id\":\"https:\/\/www.cobirehab.com\/de\/produkt\/rollstuhl-minimaxx-mit-push-motor-fuer-adipoese-patienten\/#primaryimage\"},\"thumbnailUrl\":\"https:\/\/www.cobirehab.com\/wp-content\/uploads\/2018\/03\/xxlrehab-minimaxx-push-korestole-a-w.jpg\",\"datePublished\":\"2024-11-12T09:35:28+00:00\",\"dateModified\":\"2025-01-13T13:38:36+00:00\",\"breadcrumb\":{\"@id\":\"https:\/\/www.cobirehab.com\/de\/produkt\/rollstuhl-minimaxx-mit-push-motor-fuer-adipoese-patienten\/#breadcrumb\"},\"inLanguage\":\"de\",\"potentialAction\":[{\"@type\":\"ReadAction\",\"target\":[\"https:\/\/www.cobirehab.com\/de\/produkt\/rollstuhl-minimaxx-mit-push-motor-fuer-adipoese-patienten\/\"]}]},{\"@type\":\"ImageObject\",\"inLanguage\":\"de\",\"@id\":\"https:\/\/www.cobirehab.com\/de\/produkt\/rollstuhl-minimaxx-mit-push-motor-fuer-adipoese-patienten\/#primaryimage\",\"url\":\"https:\/\/www.cobirehab.com\/wp-content\/uploads\/2018\/03\/xxlrehab-minimaxx-push-korestole-a-w.jpg\",\"contentUrl\":\"https:\/\/www.cobirehab.com\/wp-content\/uploads\/2018\/03\/xxlrehab-minimaxx-push-korestole-a-w.jpg\",\"width\":544,\"height\":544,\"caption\":\"Bariatric Wheelchair Minimaxx with Push Motor Bariatrisk k\u00f8restol med push motor\"},{\"@type\":\"BreadcrumbList\",\"@id\":\"https:\/\/www.cobirehab.com\/de\/produkt\/rollstuhl-minimaxx-mit-push-motor-fuer-adipoese-patienten\/#breadcrumb\",\"itemListElement\":[{\"@type\":\"ListItem\",\"position\":1,\"name\":\"Hjem\",\"item\":\"https:\/\/www.cobirehab.com\/\"},{\"@type\":\"ListItem\",\"position\":2,\"name\":\"Produkter\",\"item\":\"https:\/\/www.cobirehab.com\/produkter\/\"},{\"@type\":\"ListItem\",\"position\":3,\"name\":\"Rollstuhl Minimaxx mit elektrischem Hilfsmotor f\u00fcr adip\u00f6se Patienten\"}]},{\"@type\":\"WebSite\",\"@id\":\"https:\/\/www.cobirehab.com\/en\/#website\",\"url\":\"https:\/\/www.cobirehab.com\/en\/\",\"name\":\"Cobi Rehab\",\"description\":\"The Positioning Company\",\"publisher\":{\"@id\":\"https:\/\/www.cobirehab.com\/en\/#organization\"},\"alternateName\":\"Cobi\",\"potentialAction\":[{\"@type\":\"SearchAction\",\"target\":{\"@type\":\"EntryPoint\",\"urlTemplate\":\"https:\/\/www.cobirehab.com\/en\/?s={search_term_string}\"},\"query-input\":{\"@type\":\"PropertyValueSpecification\",\"valueRequired\":true,\"valueName\":\"search_term_string\"}}],\"inLanguage\":\"de\"},{\"@type\":\"Organization\",\"@id\":\"https:\/\/www.cobirehab.com\/en\/#organization\",\"name\":\"Cobi Rehab\",\"url\":\"https:\/\/www.cobirehab.com\/en\/\",\"logo\":{\"@type\":\"ImageObject\",\"inLanguage\":\"de\",\"@id\":\"https:\/\/www.cobirehab.com\/en\/#\/schema\/logo\/image\/\",\"url\":\"https:\/\/www.cobirehab.com\/wp-content\/uploads\/2018\/04\/COBI-REHAB-17-logo-versA-pos.png\",\"contentUrl\":\"https:\/\/www.cobirehab.com\/wp-content\/uploads\/2018\/04\/COBI-REHAB-17-logo-versA-pos.png\",\"width\":1195,\"height\":768,\"caption\":\"Cobi Rehab\"},\"image\":{\"@id\":\"https:\/\/www.cobirehab.com\/en\/#\/schema\/logo\/image\/\"}}]}<\/script>\n<!-- \/ Yoast SEO plugin. -->","yoast_head_json":{"title":"Rollstuhl Minimaxx mit elektrischem Hilfsmotor f\u00fcr adip\u00f6se Patienten - Cobi Rehab","robots":{"index":"index","follow":"follow","max-snippet":"max-snippet:-1","max-image-preview":"max-image-preview:large","max-video-preview":"max-video-preview:-1"},"canonical":"https:\/\/www.cobirehab.com\/de\/produkt\/rollstuhl-minimaxx-mit-push-motor-fuer-adipoese-patienten\/","og_locale":"de_DE","og_type":"article","og_title":"Rollstuhl Minimaxx mit elektrischem Hilfsmotor f\u00fcr adip\u00f6se Patienten - Cobi Rehab","og_description":"Robuster manueller Rollstuhl mit elektrischem Hilfsmotor f\u00fcr den Transport von bariatrischen Benutzern.  Der Minimaxx Rollstuhl mit Push-Motor ist f\u00fcr Benutzer mit einem Gewicht von bis zu 200\/325 kg ausgelegt.    Verwendet f\u00fcr - Benutzer mit einem Gewicht von bis zu 200\/325 kg sowohl im Freien als auch in Innenr\u00e4umen von Einrichtungen, Pflegezentren und Privathaushalten.","og_url":"https:\/\/www.cobirehab.com\/de\/produkt\/rollstuhl-minimaxx-mit-push-motor-fuer-adipoese-patienten\/","og_site_name":"Cobi Rehab","article_modified_time":"2025-01-13T13:38:36+00:00","og_image":[{"width":544,"height":544,"url":"https:\/\/www.cobirehab.com\/wp-content\/uploads\/2018\/03\/xxlrehab-minimaxx-push-korestole-a-w.jpg","type":"image\/jpeg"}],"twitter_card":"summary_large_image","twitter_misc":{"Gesch\u00e4tzte Lesezeit":"3\u00a0Minuten"},"schema":{"@context":"https:\/\/schema.org","@graph":[{"@type":"WebPage","@id":"https:\/\/www.cobirehab.com\/de\/produkt\/rollstuhl-minimaxx-mit-push-motor-fuer-adipoese-patienten\/","url":"https:\/\/www.cobirehab.com\/de\/produkt\/rollstuhl-minimaxx-mit-push-motor-fuer-adipoese-patienten\/","name":"Rollstuhl Minimaxx mit elektrischem Hilfsmotor f\u00fcr adip\u00f6se Patienten - Cobi Rehab","isPartOf":{"@id":"https:\/\/www.cobirehab.com\/en\/#website"},"primaryImageOfPage":{"@id":"https:\/\/www.cobirehab.com\/de\/produkt\/rollstuhl-minimaxx-mit-push-motor-fuer-adipoese-patienten\/#primaryimage"},"image":{"@id":"https:\/\/www.cobirehab.com\/de\/produkt\/rollstuhl-minimaxx-mit-push-motor-fuer-adipoese-patienten\/#primaryimage"},"thumbnailUrl":"https:\/\/www.cobirehab.com\/wp-content\/uploads\/2018\/03\/xxlrehab-minimaxx-push-korestole-a-w.jpg","datePublished":"2024-11-12T09:35:28+00:00","dateModified":"2025-01-13T13:38:36+00:00","breadcrumb":{"@id":"https:\/\/www.cobirehab.com\/de\/produkt\/rollstuhl-minimaxx-mit-push-motor-fuer-adipoese-patienten\/#breadcrumb"},"inLanguage":"de","potentialAction":[{"@type":"ReadAction","target":["https:\/\/www.cobirehab.com\/de\/produkt\/rollstuhl-minimaxx-mit-push-motor-fuer-adipoese-patienten\/"]}]},{"@type":"ImageObject","inLanguage":"de","@id":"https:\/\/www.cobirehab.com\/de\/produkt\/rollstuhl-minimaxx-mit-push-motor-fuer-adipoese-patienten\/#primaryimage","url":"https:\/\/www.cobirehab.com\/wp-content\/uploads\/2018\/03\/xxlrehab-minimaxx-push-korestole-a-w.jpg","contentUrl":"https:\/\/www.cobirehab.com\/wp-content\/uploads\/2018\/03\/xxlrehab-minimaxx-push-korestole-a-w.jpg","width":544,"height":544,"caption":"Bariatric Wheelchair Minimaxx with Push Motor Bariatrisk k\u00f8restol med push motor"},{"@type":"BreadcrumbList","@id":"https:\/\/www.cobirehab.com\/de\/produkt\/rollstuhl-minimaxx-mit-push-motor-fuer-adipoese-patienten\/#breadcrumb","itemListElement":[{"@type":"ListItem","position":1,"name":"Hjem","item":"https:\/\/www.cobirehab.com\/"},{"@type":"ListItem","position":2,"name":"Produkter","item":"https:\/\/www.cobirehab.com\/produkter\/"},{"@type":"ListItem","position":3,"name":"Rollstuhl Minimaxx mit elektrischem Hilfsmotor f\u00fcr adip\u00f6se Patienten"}]},{"@type":"WebSite","@id":"https:\/\/www.cobirehab.com\/en\/#website","url":"https:\/\/www.cobirehab.com\/en\/","name":"Cobi Rehab","description":"The Positioning Company","publisher":{"@id":"https:\/\/www.cobirehab.com\/en\/#organization"},"alternateName":"Cobi","potentialAction":[{"@type":"SearchAction","target":{"@type":"EntryPoint","urlTemplate":"https:\/\/www.cobirehab.com\/en\/?s={search_term_string}"},"query-input":{"@type":"PropertyValueSpecification","valueRequired":true,"valueName":"search_term_string"}}],"inLanguage":"de"},{"@type":"Organization","@id":"https:\/\/www.cobirehab.com\/en\/#organization","name":"Cobi Rehab","url":"https:\/\/www.cobirehab.com\/en\/","logo":{"@type":"ImageObject","inLanguage":"de","@id":"https:\/\/www.cobirehab.com\/en\/#\/schema\/logo\/image\/","url":"https:\/\/www.cobirehab.com\/wp-content\/uploads\/2018\/04\/COBI-REHAB-17-logo-versA-pos.png","contentUrl":"https:\/\/www.cobirehab.com\/wp-content\/uploads\/2018\/04\/COBI-REHAB-17-logo-versA-pos.png","width":1195,"height":768,"caption":"Cobi Rehab"},"image":{"@id":"https:\/\/www.cobirehab.com\/en\/#\/schema\/logo\/image\/"}}]}},"_links":{"self":[{"href":"https:\/\/www.cobirehab.com\/de\/wp-json\/wp\/v2\/product\/46691","targetHints":{"allow":["GET"]}}],"collection":[{"href":"https:\/\/www.cobirehab.com\/de\/wp-json\/wp\/v2\/product"}],"about":[{"href":"https:\/\/www.cobirehab.com\/de\/wp-json\/wp\/v2\/types\/product"}],"replies":[{"embeddable":true,"href":"https:\/\/www.cobirehab.com\/de\/wp-json\/wp\/v2\/comments?post=46691"}],"wp:featuredmedia":[{"embeddable":true,"href":"https:\/\/www.cobirehab.com\/de\/wp-json\/wp\/v2\/media\/837"}],"wp:attachment":[{"href":"https:\/\/www.cobirehab.com\/de\/wp-json\/wp\/v2\/media?parent=46691"}],"wp:term":[{"taxonomy":"product_brand","embeddable":true,"href":"https:\/\/www.cobirehab.com\/de\/wp-json\/wp\/v2\/product_brand?post=46691"},{"taxonomy":"product_cat","embeddable":true,"href":"https:\/\/www.cobirehab.com\/de\/wp-json\/wp\/v2\/product_cat?post=46691"},{"taxonomy":"product_tag","embeddable":true,"href":"https:\/\/www.cobirehab.com\/de\/wp-json\/wp\/v2\/product_tag?post=46691"}],"curies":[{"name":"wp","href":"https:\/\/api.w.org\/{rel}","templated":true}]}}