{"id":46690,"date":"2024-11-12T10:33:58","date_gmt":"2024-11-12T09:33:58","guid":{"rendered":"https:\/\/www.cobirehab.com\/?post_type=product&#038;p=46690"},"modified":"2025-02-07T12:05:50","modified_gmt":"2025-02-07T11:05:50","slug":"faltbarer-rollstuhl-fuer-adipoese-patienten-minimaxx","status":"publish","type":"product","link":"https:\/\/www.cobirehab.com\/de\/produkt\/faltbarer-rollstuhl-fuer-adipoese-patienten-minimaxx\/","title":{"rendered":"Faltbarer Rollstuhl Minimaxx f\u00fcr adip\u00f6se Patienten"},"content":{"rendered":"<h1>Schwerlast-Rollstuhl, faltbar, f\u00fcr bariatrische Nutzer<\/h1>\n<p>Der Minimaxx Schwerlast-Rollstuhl wurde speziell entwickelt, um eine hohe Tragf\u00e4higkeit mit einem geringen Eigengewicht zu kombinieren. Er ist ideal f\u00fcr bariatrische Benutzer bis zu 325 kg und zeichnet sich durch Benutzerfreundlichkeit und Sicherheit aus. Der Rollstuhl kann im Au\u00dfen- und Innenbereich von Einrichtungen, Krankenh\u00e4usern und Pflegeheimen eingesetzt werden.<\/p>\n<p>Der Minimaxx Rollstuhl ist in vier Sitzbreiten erh\u00e4ltlich: 56 cm, 61 cm, 66 cm und 71 cm.\u00a0Allen Modellen gemeinsam ist eine Sitzh\u00f6he von 43 cm und eine Sitztiefe von 46 cm.\u00a0Die Gesamtbreite ist bei allen Modellen 14 cm gr\u00f6\u00dfer als die Sitzbreite.<\/p>\n<h5>Man\u00f6vrierbarkeit und Sicherheit<\/h5>\n<p>&#8211; Leicht man\u00f6vrierbar: Die clevere Positionierung der Vorder- und Hinterr\u00e4der sorgt f\u00fcr einfache Handhabung. Die Hinterr\u00e4der tragen den Gro\u00dfteil des Gewichts, was das Schieben f\u00fcr Pflegekr\u00e4fte erleichtert.<br \/>\n&#8211; Stabilit\u00e4t: Die weit vorn positionierten Vorderr\u00e4der minimieren das Kipp-Risiko erheblich.<br \/>\n&#8211; Ergonomische Schiebegriffe: H\u00f6henverstellbare, gepolsterte Schiebegriffe mit ergonomischem Winkel reduzieren den Druck auf Handgelenke und Schultern.<\/p>\n<h5>Faltmechanismus<\/h5>\n<p>&#8211; Einfache Handhabung: Der Minimaxx ist leicht zu falten und zu transportieren.<br \/>\n&#8211; Stabilit\u00e4t im Einsatz: Der innovative Faltmechanismus garantiert h\u00f6chste Stabilit\u00e4t im ausgeklappten Zustand.<\/p>\n<h5>Optionale Scheibenbremsen<\/h5>\n<p>Der Minimaxx kann mit Scheibenbremsen ausgestattet werden. Diese erm\u00f6glichen effektives Bremsen mit minimalem Kraftaufwand.<\/p>\n<h5>Komfort und Anpassungsf\u00e4higkeit<\/h5>\n<p>&#8211; Armlehnen: Extra lange Armlehnen erleichtern das Ein- und Aussteigen.<br \/>\n&#8211; Fu\u00dfst\u00fctzen: Tragf\u00e4higkeit bis zu 100 kg pro St\u00fctze, individuell h\u00f6hen- und breitenverstellbar. Optional sind Amputationsst\u00fctzen erh\u00e4ltlich.<br \/>\n&#8211; R\u00fcckenmodul: Zwei Optionen: ein Standardmodul und eine verstellbare R\u00fcckenlehne mit Klettverschluss.<\/p>\n<h5>Sitzkissen<\/h5>\n<p>Das Sitzkissen ist nicht im Lieferumfang enthalten und kann separat erworben werden. Unsere bariatrischen Rollstuhlkissen finden Sie unter \u201e<a href=\"https:\/\/www.cobirehab.com\/de\/produkt-kategori\/rollstuehle\/\">Rollst\u00fchle<\/a>\u201c auf unserer Website. Kontaktieren Sie uns gerne f\u00fcr weitere Informationen unter cobi@cobi.dk.<\/p>\n<p>Finden Sie der <a href=\"https:\/\/hmi-basen.dk\/en\/r11x.asp?linkinfo=23677\">Rollstuhl Minimaxx<\/a> in der d\u00e4nischen Hilfsmitteldatenbank. Sehen Sie sich unsere <a href=\"https:\/\/youtu.be\/IJCFErPajh0\">Minimaxx Rollstuhl<\/a>-pr\u00e4sentation auf der YouTube an.<\/p>\n<p class=\"p1\"><strong><span style=\"color: #93a79b;\">&#8211; Faltbarer, starrer Rahmen<br \/>\n<\/span><\/strong><strong><span style=\"color: #93a79b;\">&#8211; Superleicht zu schieben<br \/>\n<\/span><\/strong><strong><span style=\"color: #93a79b;\">&#8211; Verschiedene Armlehnen verf\u00fcgbar<\/span><\/strong><\/p>\n","protected":false},"excerpt":{"rendered":"<p><strong>Der Minimaxx Rollstuhl<\/strong> zeichnet sich durch eine starke Konstruktion aus, ist zusammenklappbar und in mehreren Sitzbreiten erh\u00e4ltlich.<\/p>\n<hr \/>\n<h4>Verwendet f\u00fcr:<\/h4>\n<p>&#8211;\u00a0\u00a0Der Minimaxx Rollstuhl ist f\u00fcr Benutzer mit einem Gewicht von bis zu 325 kg ausgelegt.<\/p>\n<p class=\"p1\">Der Rollstuhl wird im Au\u00dfen- und Innenbereich in Krankenh\u00e4usern, Pflegeheimen und Einrichtungen eingesetzt<\/p>\n","protected":false},"featured_media":829,"comment_status":"closed","ping_status":"closed","template":"","meta":{"_et_pb_use_builder":"","_et_pb_old_content":"","_et_gb_content_width":""},"product_brand":[],"product_cat":[256],"product_tag":[],"class_list":{"0":"post-46690","1":"product","2":"type-product","3":"status-publish","4":"has-post-thumbnail","6":"product_cat-rollstuehle","8":"first","9":"instock","10":"shipping-taxable","11":"product-type-simple"},"yoast_head":"<!-- This site is optimized with the Yoast SEO plugin v27.2 - https:\/\/yoast.com\/product\/yoast-seo-wordpress\/ -->\n<title>Schwerlast-Rollstuhl f\u00fcr bariatrische Benutzer bis zu 325 kg<\/title>\n<meta name=\"description\" content=\"Feltbar schwerlast-Rollstuhl mit vier Sitzbreiten: 56 cm, 61 cm, 66 cm und 71 cm. Extra lange Armlehnen erleichtern das Ein- und Aussteigen.\" \/>\n<meta name=\"robots\" content=\"index, follow, max-snippet:-1, max-image-preview:large, max-video-preview:-1\" \/>\n<link rel=\"canonical\" href=\"https:\/\/www.cobirehab.com\/de\/produkt\/faltbarer-rollstuhl-fuer-adipoese-patienten-minimaxx\/\" \/>\n<meta property=\"og:locale\" content=\"de_DE\" \/>\n<meta property=\"og:type\" content=\"article\" \/>\n<meta property=\"og:title\" content=\"Schwerlast-Rollstuhl f\u00fcr bariatrische Benutzer bis zu 325 kg\" \/>\n<meta property=\"og:description\" content=\"Feltbar schwerlast-Rollstuhl mit vier Sitzbreiten: 56 cm, 61 cm, 66 cm und 71 cm. Extra lange Armlehnen erleichtern das Ein- und Aussteigen.\" \/>\n<meta property=\"og:url\" content=\"https:\/\/www.cobirehab.com\/de\/produkt\/faltbarer-rollstuhl-fuer-adipoese-patienten-minimaxx\/\" \/>\n<meta property=\"og:site_name\" content=\"Cobi Rehab\" \/>\n<meta property=\"article:modified_time\" content=\"2025-02-07T11:05:50+00:00\" \/>\n<meta property=\"og:image\" content=\"https:\/\/www.cobirehab.com\/wp-content\/uploads\/2018\/03\/xxlrehab-minimaxx-korestole-a-w.jpg\" \/>\n\t<meta property=\"og:image:width\" content=\"544\" \/>\n\t<meta property=\"og:image:height\" content=\"544\" \/>\n\t<meta property=\"og:image:type\" content=\"image\/jpeg\" \/>\n<meta name=\"twitter:card\" content=\"summary_large_image\" \/>\n<meta name=\"twitter:label1\" content=\"Gesch\u00e4tzte Lesezeit\" \/>\n\t<meta name=\"twitter:data1\" content=\"2\u00a0Minuten\" \/>\n<script type=\"application\/ld+json\" class=\"yoast-schema-graph\">{\"@context\":\"https:\/\/schema.org\",\"@graph\":[{\"@type\":\"WebPage\",\"@id\":\"https:\/\/www.cobirehab.com\/de\/produkt\/faltbarer-rollstuhl-fuer-adipoese-patienten-minimaxx\/\",\"url\":\"https:\/\/www.cobirehab.com\/de\/produkt\/faltbarer-rollstuhl-fuer-adipoese-patienten-minimaxx\/\",\"name\":\"Schwerlast-Rollstuhl f\u00fcr bariatrische Benutzer bis zu 325 kg\",\"isPartOf\":{\"@id\":\"https:\/\/www.cobirehab.com\/en\/#website\"},\"primaryImageOfPage\":{\"@id\":\"https:\/\/www.cobirehab.com\/de\/produkt\/faltbarer-rollstuhl-fuer-adipoese-patienten-minimaxx\/#primaryimage\"},\"image\":{\"@id\":\"https:\/\/www.cobirehab.com\/de\/produkt\/faltbarer-rollstuhl-fuer-adipoese-patienten-minimaxx\/#primaryimage\"},\"thumbnailUrl\":\"https:\/\/www.cobirehab.com\/wp-content\/uploads\/2018\/03\/xxlrehab-minimaxx-korestole-a-w.jpg\",\"datePublished\":\"2024-11-12T09:33:58+00:00\",\"dateModified\":\"2025-02-07T11:05:50+00:00\",\"description\":\"Feltbar schwerlast-Rollstuhl mit vier Sitzbreiten: 56 cm, 61 cm, 66 cm und 71 cm. Extra lange Armlehnen erleichtern das Ein- und Aussteigen.\",\"breadcrumb\":{\"@id\":\"https:\/\/www.cobirehab.com\/de\/produkt\/faltbarer-rollstuhl-fuer-adipoese-patienten-minimaxx\/#breadcrumb\"},\"inLanguage\":\"de\",\"potentialAction\":[{\"@type\":\"ReadAction\",\"target\":[\"https:\/\/www.cobirehab.com\/de\/produkt\/faltbarer-rollstuhl-fuer-adipoese-patienten-minimaxx\/\"]}]},{\"@type\":\"ImageObject\",\"inLanguage\":\"de\",\"@id\":\"https:\/\/www.cobirehab.com\/de\/produkt\/faltbarer-rollstuhl-fuer-adipoese-patienten-minimaxx\/#primaryimage\",\"url\":\"https:\/\/www.cobirehab.com\/wp-content\/uploads\/2018\/03\/xxlrehab-minimaxx-korestole-a-w.jpg\",\"contentUrl\":\"https:\/\/www.cobirehab.com\/wp-content\/uploads\/2018\/03\/xxlrehab-minimaxx-korestole-a-w.jpg\",\"width\":544,\"height\":544,\"caption\":\"Bariatric Folding Wheelchair Bariatrisk k\u00f8restol Minimaxx Foldbar\"},{\"@type\":\"BreadcrumbList\",\"@id\":\"https:\/\/www.cobirehab.com\/de\/produkt\/faltbarer-rollstuhl-fuer-adipoese-patienten-minimaxx\/#breadcrumb\",\"itemListElement\":[{\"@type\":\"ListItem\",\"position\":1,\"name\":\"Hjem\",\"item\":\"https:\/\/www.cobirehab.com\/\"},{\"@type\":\"ListItem\",\"position\":2,\"name\":\"Produkter\",\"item\":\"https:\/\/www.cobirehab.com\/produkter\/\"},{\"@type\":\"ListItem\",\"position\":3,\"name\":\"Faltbarer Rollstuhl Minimaxx f\u00fcr adip\u00f6se Patienten\"}]},{\"@type\":\"WebSite\",\"@id\":\"https:\/\/www.cobirehab.com\/en\/#website\",\"url\":\"https:\/\/www.cobirehab.com\/en\/\",\"name\":\"Cobi Rehab\",\"description\":\"The Positioning Company\",\"publisher\":{\"@id\":\"https:\/\/www.cobirehab.com\/en\/#organization\"},\"alternateName\":\"Cobi\",\"potentialAction\":[{\"@type\":\"SearchAction\",\"target\":{\"@type\":\"EntryPoint\",\"urlTemplate\":\"https:\/\/www.cobirehab.com\/en\/?s={search_term_string}\"},\"query-input\":{\"@type\":\"PropertyValueSpecification\",\"valueRequired\":true,\"valueName\":\"search_term_string\"}}],\"inLanguage\":\"de\"},{\"@type\":\"Organization\",\"@id\":\"https:\/\/www.cobirehab.com\/en\/#organization\",\"name\":\"Cobi Rehab\",\"url\":\"https:\/\/www.cobirehab.com\/en\/\",\"logo\":{\"@type\":\"ImageObject\",\"inLanguage\":\"de\",\"@id\":\"https:\/\/www.cobirehab.com\/en\/#\/schema\/logo\/image\/\",\"url\":\"https:\/\/www.cobirehab.com\/wp-content\/uploads\/2018\/04\/COBI-REHAB-17-logo-versA-pos.png\",\"contentUrl\":\"https:\/\/www.cobirehab.com\/wp-content\/uploads\/2018\/04\/COBI-REHAB-17-logo-versA-pos.png\",\"width\":1195,\"height\":768,\"caption\":\"Cobi Rehab\"},\"image\":{\"@id\":\"https:\/\/www.cobirehab.com\/en\/#\/schema\/logo\/image\/\"}}]}<\/script>\n<!-- \/ Yoast SEO plugin. -->","yoast_head_json":{"title":"Schwerlast-Rollstuhl f\u00fcr bariatrische Benutzer bis zu 325 kg","description":"Feltbar schwerlast-Rollstuhl mit vier Sitzbreiten: 56 cm, 61 cm, 66 cm und 71 cm. Extra lange Armlehnen erleichtern das Ein- und Aussteigen.","robots":{"index":"index","follow":"follow","max-snippet":"max-snippet:-1","max-image-preview":"max-image-preview:large","max-video-preview":"max-video-preview:-1"},"canonical":"https:\/\/www.cobirehab.com\/de\/produkt\/faltbarer-rollstuhl-fuer-adipoese-patienten-minimaxx\/","og_locale":"de_DE","og_type":"article","og_title":"Schwerlast-Rollstuhl f\u00fcr bariatrische Benutzer bis zu 325 kg","og_description":"Feltbar schwerlast-Rollstuhl mit vier Sitzbreiten: 56 cm, 61 cm, 66 cm und 71 cm. Extra lange Armlehnen erleichtern das Ein- und Aussteigen.","og_url":"https:\/\/www.cobirehab.com\/de\/produkt\/faltbarer-rollstuhl-fuer-adipoese-patienten-minimaxx\/","og_site_name":"Cobi Rehab","article_modified_time":"2025-02-07T11:05:50+00:00","og_image":[{"width":544,"height":544,"url":"https:\/\/www.cobirehab.com\/wp-content\/uploads\/2018\/03\/xxlrehab-minimaxx-korestole-a-w.jpg","type":"image\/jpeg"}],"twitter_card":"summary_large_image","twitter_misc":{"Gesch\u00e4tzte Lesezeit":"2\u00a0Minuten"},"schema":{"@context":"https:\/\/schema.org","@graph":[{"@type":"WebPage","@id":"https:\/\/www.cobirehab.com\/de\/produkt\/faltbarer-rollstuhl-fuer-adipoese-patienten-minimaxx\/","url":"https:\/\/www.cobirehab.com\/de\/produkt\/faltbarer-rollstuhl-fuer-adipoese-patienten-minimaxx\/","name":"Schwerlast-Rollstuhl f\u00fcr bariatrische Benutzer bis zu 325 kg","isPartOf":{"@id":"https:\/\/www.cobirehab.com\/en\/#website"},"primaryImageOfPage":{"@id":"https:\/\/www.cobirehab.com\/de\/produkt\/faltbarer-rollstuhl-fuer-adipoese-patienten-minimaxx\/#primaryimage"},"image":{"@id":"https:\/\/www.cobirehab.com\/de\/produkt\/faltbarer-rollstuhl-fuer-adipoese-patienten-minimaxx\/#primaryimage"},"thumbnailUrl":"https:\/\/www.cobirehab.com\/wp-content\/uploads\/2018\/03\/xxlrehab-minimaxx-korestole-a-w.jpg","datePublished":"2024-11-12T09:33:58+00:00","dateModified":"2025-02-07T11:05:50+00:00","description":"Feltbar schwerlast-Rollstuhl mit vier Sitzbreiten: 56 cm, 61 cm, 66 cm und 71 cm. Extra lange Armlehnen erleichtern das Ein- und Aussteigen.","breadcrumb":{"@id":"https:\/\/www.cobirehab.com\/de\/produkt\/faltbarer-rollstuhl-fuer-adipoese-patienten-minimaxx\/#breadcrumb"},"inLanguage":"de","potentialAction":[{"@type":"ReadAction","target":["https:\/\/www.cobirehab.com\/de\/produkt\/faltbarer-rollstuhl-fuer-adipoese-patienten-minimaxx\/"]}]},{"@type":"ImageObject","inLanguage":"de","@id":"https:\/\/www.cobirehab.com\/de\/produkt\/faltbarer-rollstuhl-fuer-adipoese-patienten-minimaxx\/#primaryimage","url":"https:\/\/www.cobirehab.com\/wp-content\/uploads\/2018\/03\/xxlrehab-minimaxx-korestole-a-w.jpg","contentUrl":"https:\/\/www.cobirehab.com\/wp-content\/uploads\/2018\/03\/xxlrehab-minimaxx-korestole-a-w.jpg","width":544,"height":544,"caption":"Bariatric Folding Wheelchair Bariatrisk k\u00f8restol Minimaxx Foldbar"},{"@type":"BreadcrumbList","@id":"https:\/\/www.cobirehab.com\/de\/produkt\/faltbarer-rollstuhl-fuer-adipoese-patienten-minimaxx\/#breadcrumb","itemListElement":[{"@type":"ListItem","position":1,"name":"Hjem","item":"https:\/\/www.cobirehab.com\/"},{"@type":"ListItem","position":2,"name":"Produkter","item":"https:\/\/www.cobirehab.com\/produkter\/"},{"@type":"ListItem","position":3,"name":"Faltbarer Rollstuhl Minimaxx f\u00fcr adip\u00f6se Patienten"}]},{"@type":"WebSite","@id":"https:\/\/www.cobirehab.com\/en\/#website","url":"https:\/\/www.cobirehab.com\/en\/","name":"Cobi Rehab","description":"The Positioning Company","publisher":{"@id":"https:\/\/www.cobirehab.com\/en\/#organization"},"alternateName":"Cobi","potentialAction":[{"@type":"SearchAction","target":{"@type":"EntryPoint","urlTemplate":"https:\/\/www.cobirehab.com\/en\/?s={search_term_string}"},"query-input":{"@type":"PropertyValueSpecification","valueRequired":true,"valueName":"search_term_string"}}],"inLanguage":"de"},{"@type":"Organization","@id":"https:\/\/www.cobirehab.com\/en\/#organization","name":"Cobi Rehab","url":"https:\/\/www.cobirehab.com\/en\/","logo":{"@type":"ImageObject","inLanguage":"de","@id":"https:\/\/www.cobirehab.com\/en\/#\/schema\/logo\/image\/","url":"https:\/\/www.cobirehab.com\/wp-content\/uploads\/2018\/04\/COBI-REHAB-17-logo-versA-pos.png","contentUrl":"https:\/\/www.cobirehab.com\/wp-content\/uploads\/2018\/04\/COBI-REHAB-17-logo-versA-pos.png","width":1195,"height":768,"caption":"Cobi Rehab"},"image":{"@id":"https:\/\/www.cobirehab.com\/en\/#\/schema\/logo\/image\/"}}]}},"_links":{"self":[{"href":"https:\/\/www.cobirehab.com\/de\/wp-json\/wp\/v2\/product\/46690","targetHints":{"allow":["GET"]}}],"collection":[{"href":"https:\/\/www.cobirehab.com\/de\/wp-json\/wp\/v2\/product"}],"about":[{"href":"https:\/\/www.cobirehab.com\/de\/wp-json\/wp\/v2\/types\/product"}],"replies":[{"embeddable":true,"href":"https:\/\/www.cobirehab.com\/de\/wp-json\/wp\/v2\/comments?post=46690"}],"wp:featuredmedia":[{"embeddable":true,"href":"https:\/\/www.cobirehab.com\/de\/wp-json\/wp\/v2\/media\/829"}],"wp:attachment":[{"href":"https:\/\/www.cobirehab.com\/de\/wp-json\/wp\/v2\/media?parent=46690"}],"wp:term":[{"taxonomy":"product_brand","embeddable":true,"href":"https:\/\/www.cobirehab.com\/de\/wp-json\/wp\/v2\/product_brand?post=46690"},{"taxonomy":"product_cat","embeddable":true,"href":"https:\/\/www.cobirehab.com\/de\/wp-json\/wp\/v2\/product_cat?post=46690"},{"taxonomy":"product_tag","embeddable":true,"href":"https:\/\/www.cobirehab.com\/de\/wp-json\/wp\/v2\/product_tag?post=46690"}],"curies":[{"name":"wp","href":"https:\/\/api.w.org\/{rel}","templated":true}]}}