{"id":46689,"date":"2024-11-12T10:31:16","date_gmt":"2024-11-12T09:31:16","guid":{"rendered":"https:\/\/www.cobirehab.com\/?post_type=product&#038;p=46689"},"modified":"2025-01-09T13:51:11","modified_gmt":"2025-01-09T12:51:11","slug":"bariatrische-unterarmgehstuetze","status":"publish","type":"product","link":"https:\/\/www.cobirehab.com\/de\/produkt\/bariatrische-unterarmgehstuetze\/","title":{"rendered":"Bariatrische Unterarmgehst\u00fctze"},"content":{"rendered":"<h1>Unterarmgehst\u00fctze f\u00fcr adip\u00f6se Patienten<\/h1>\n<p>Extra verst\u00e4rkte bariatrische Unterarmgehst\u00fctze, speziell entwickelt, um Unterst\u00fctzung und Sicherheit beim Gehen f\u00fcr adip\u00f6se Patienten mit einem Gewicht von bis zu 325 kg zu bieten. Die Unterarmgehst\u00fctze wird in Krankenh\u00e4usern, Pflegeheimen und privaten Haushalten verwendet. Sie kann sowohl drinnen als auch drau\u00dfen eingesetzt werden.<\/p>\n<h4>Einstellung und Konstruktion<\/h4>\n<p>Die Unterarmgehst\u00fctze verf\u00fcgt \u00fcber eine breite Unterarmst\u00fctze und kann mit universellen oder anatomischen Handgriffen mit integriertem Reflektor geliefert werden. Sie hat eine 25 mm starke Rohrkonstruktion und ist h\u00f6henverstellbar \u00fcber ein Clipsystem mit durchgehendem Stahlstift.<\/p>\n<h4>Reinigung und Wartung<\/h4>\n<p>Die bariatrische Unterarmgehst\u00fctze kann mit Wasser und einem herk\u00f6mmlichen Reinigungsmittel gereinigt werden. Sie kann auch desinfiziert werden, z. B. mit Wet Wipe 70 % oder einem Chlorprodukt von 1000-1200 ppm (z. B. Wet Wipe Chlorine Desinfection).<\/p>\n<p>Finden Sie unsere anderen bariatrischen Kr\u00fccken auf der Website unter: <a href=\"https:\/\/www.cobirehab.com\/en\/product-category\/mobility\/\">Mobility<\/a>. Finden Sie die bariatrischen Unterarmgehst\u00fctzen <a href=\"https:\/\/hmi-basen.dk\/r11x.asp?linkinfo=22276\">auf dem d\u00e4nischen AssistData<\/a>.<\/p>\n<p><strong><span style=\"color: #93a79b;\">&#8211; H\u00f6henverstellbar<br \/>\n&#8211; Entworfen von Cobi Rehab<br \/>\n&#8211; Anatomischer Handgriff<br \/>\n&#8211; Starke Rohrkonstruktion<br \/>\n&#8211; Tragf\u00e4higkeit bis zu 325 kg<br \/>\n&#8211; Drei Modelle: Universal-, Rechts- und Linksmodell<\/span><\/strong><\/p>\n<h4>Spezialisiert auf Positionierungsl\u00f6sungen f\u00fcr Adipositas-Patienten<\/h4>\n<p>Cobi Rehab ist auf Positionierungsl\u00f6sungen f\u00fcr Adipositas-Patienten rund um die Uhr spezialisiert. Unser Ziel ist es, Unabh\u00e4ngigkeit, Komfort und Entlastung zu bieten. Im Mittelpunkt unserer Arbeit steht der Respekt f\u00fcr den Einzelnen. **Innovation, Proaktivit\u00e4t, Qualit\u00e4t und Empathie sind unsere grundlegenden Bausteine und pr\u00e4gen alles, was wir tun.<\/p>\n<p>Unsere Positionierungsl\u00f6sungen basieren auf fundiertem Wissen \u00fcber die Anwendung der Produkte und deren positive Wirkung. Dabei legen wir besonderen Wert auf W\u00fcrde f\u00fcr den Patienten sowie ein gutes Arbeitsumfeld f\u00fcr Pflegekr\u00e4fte. Unsere Produkte sind stark konstruiert, funktionell gestaltet und haben eine Tragf\u00e4higkeit von bis zu 325 kg.<\/p>\n<p>Unser Produktportfolio umfasst:<br \/>\n&#8211; Rollst\u00fchle<br \/>\n&#8211; Duschst\u00fchle und Duschb\u00e4nke<br \/>\n&#8211; Patienten- und Esszimmerst\u00fchle<br \/>\n&#8211; Rollatoren und Gehgestelle<br \/>\n&#8211; Gehst\u00f6cke<br \/>\n&#8211; Betten und Matratzen<\/p>\n","protected":false},"excerpt":{"rendered":"<p class=\"p1\">Bei der bariatrischen Unterarmgehst\u00fctze handelt es sich um einen verst\u00e4rkten Gehstock aus Stahl, der speziell entwickelt wurde, um Benutzern mit einem Gewicht von bis zu 325 kg Unterst\u00fctzung und Sicherheit beim Gehen zu bieten.<\/p>\n<hr \/>\n<h4>Einsatzbereich:<\/h4>\n<p>&#8211; F\u00fcr Adipositas-Patienten mit einem K\u00f6rpergewicht von bis zu 325 kg.<\/p>\n","protected":false},"featured_media":974,"comment_status":"closed","ping_status":"closed","template":"","meta":{"_et_pb_use_builder":"","_et_pb_old_content":"","_et_gb_content_width":""},"product_brand":[],"product_cat":[257],"product_tag":[],"class_list":{"0":"post-46689","1":"product","2":"type-product","3":"status-publish","4":"has-post-thumbnail","6":"product_cat-gehhilfen","8":"first","9":"instock","10":"shipping-taxable","11":"product-type-simple"},"yoast_head":"<!-- This site is optimized with the Yoast SEO plugin v27.2 - https:\/\/yoast.com\/product\/yoast-seo-wordpress\/ -->\n<title>Extra Verst\u00e4rkte Unterarmgehst\u00fctze f\u00fcr adip\u00f6se Patienten<\/title>\n<meta name=\"description\" content=\"Stabile Unterarmgehst\u00fctze f\u00fcr adip\u00f6se Patienten, belastbar bis 325 kg. Ideal f\u00fcr Krankenh\u00e4user, Pflegeheime und den privaten Gebrauch.\" \/>\n<meta name=\"robots\" content=\"index, follow, max-snippet:-1, max-image-preview:large, max-video-preview:-1\" \/>\n<link rel=\"canonical\" href=\"https:\/\/www.cobirehab.com\/de\/produkt\/bariatrische-unterarmgehstuetze\/\" \/>\n<meta property=\"og:locale\" content=\"de_DE\" \/>\n<meta property=\"og:type\" content=\"article\" \/>\n<meta property=\"og:title\" content=\"Extra Verst\u00e4rkte Unterarmgehst\u00fctze f\u00fcr adip\u00f6se Patienten\" \/>\n<meta property=\"og:description\" content=\"Stabile Unterarmgehst\u00fctze f\u00fcr adip\u00f6se Patienten, belastbar bis 325 kg. Ideal f\u00fcr Krankenh\u00e4user, Pflegeheime und den privaten Gebrauch.\" \/>\n<meta property=\"og:url\" content=\"https:\/\/www.cobirehab.com\/de\/produkt\/bariatrische-unterarmgehstuetze\/\" \/>\n<meta property=\"og:site_name\" content=\"Cobi Rehab\" \/>\n<meta property=\"article:modified_time\" content=\"2025-01-09T12:51:11+00:00\" \/>\n<meta property=\"og:image\" content=\"https:\/\/www.cobirehab.com\/wp-content\/uploads\/2018\/04\/xxlrehab-stok-albue-a-w.jpg\" \/>\n\t<meta property=\"og:image:width\" content=\"544\" \/>\n\t<meta property=\"og:image:height\" content=\"544\" \/>\n\t<meta property=\"og:image:type\" content=\"image\/jpeg\" \/>\n<meta name=\"twitter:card\" content=\"summary_large_image\" \/>\n<meta name=\"twitter:label1\" content=\"Gesch\u00e4tzte Lesezeit\" \/>\n\t<meta name=\"twitter:data1\" content=\"2\u00a0Minuten\" \/>\n<script type=\"application\/ld+json\" class=\"yoast-schema-graph\">{\"@context\":\"https:\/\/schema.org\",\"@graph\":[{\"@type\":\"WebPage\",\"@id\":\"https:\/\/www.cobirehab.com\/de\/produkt\/bariatrische-unterarmgehstuetze\/\",\"url\":\"https:\/\/www.cobirehab.com\/de\/produkt\/bariatrische-unterarmgehstuetze\/\",\"name\":\"Extra Verst\u00e4rkte Unterarmgehst\u00fctze f\u00fcr adip\u00f6se Patienten\",\"isPartOf\":{\"@id\":\"https:\/\/www.cobirehab.com\/en\/#website\"},\"primaryImageOfPage\":{\"@id\":\"https:\/\/www.cobirehab.com\/de\/produkt\/bariatrische-unterarmgehstuetze\/#primaryimage\"},\"image\":{\"@id\":\"https:\/\/www.cobirehab.com\/de\/produkt\/bariatrische-unterarmgehstuetze\/#primaryimage\"},\"thumbnailUrl\":\"https:\/\/www.cobirehab.com\/wp-content\/uploads\/2018\/04\/xxlrehab-stok-albue-a-w.jpg\",\"datePublished\":\"2024-11-12T09:31:16+00:00\",\"dateModified\":\"2025-01-09T12:51:11+00:00\",\"description\":\"Stabile Unterarmgehst\u00fctze f\u00fcr adip\u00f6se Patienten, belastbar bis 325 kg. Ideal f\u00fcr Krankenh\u00e4user, Pflegeheime und den privaten Gebrauch.\",\"breadcrumb\":{\"@id\":\"https:\/\/www.cobirehab.com\/de\/produkt\/bariatrische-unterarmgehstuetze\/#breadcrumb\"},\"inLanguage\":\"de\",\"potentialAction\":[{\"@type\":\"ReadAction\",\"target\":[\"https:\/\/www.cobirehab.com\/de\/produkt\/bariatrische-unterarmgehstuetze\/\"]}]},{\"@type\":\"ImageObject\",\"inLanguage\":\"de\",\"@id\":\"https:\/\/www.cobirehab.com\/de\/produkt\/bariatrische-unterarmgehstuetze\/#primaryimage\",\"url\":\"https:\/\/www.cobirehab.com\/wp-content\/uploads\/2018\/04\/xxlrehab-stok-albue-a-w.jpg\",\"contentUrl\":\"https:\/\/www.cobirehab.com\/wp-content\/uploads\/2018\/04\/xxlrehab-stok-albue-a-w.jpg\",\"width\":544,\"height\":544,\"caption\":\"Bariatric Crutch Bariatrisk albuestok\"},{\"@type\":\"BreadcrumbList\",\"@id\":\"https:\/\/www.cobirehab.com\/de\/produkt\/bariatrische-unterarmgehstuetze\/#breadcrumb\",\"itemListElement\":[{\"@type\":\"ListItem\",\"position\":1,\"name\":\"Hjem\",\"item\":\"https:\/\/www.cobirehab.com\/\"},{\"@type\":\"ListItem\",\"position\":2,\"name\":\"Produkter\",\"item\":\"https:\/\/www.cobirehab.com\/produkter\/\"},{\"@type\":\"ListItem\",\"position\":3,\"name\":\"Bariatrische Unterarmgehst\u00fctze\"}]},{\"@type\":\"WebSite\",\"@id\":\"https:\/\/www.cobirehab.com\/en\/#website\",\"url\":\"https:\/\/www.cobirehab.com\/en\/\",\"name\":\"Cobi Rehab\",\"description\":\"The Positioning Company\",\"publisher\":{\"@id\":\"https:\/\/www.cobirehab.com\/en\/#organization\"},\"alternateName\":\"Cobi\",\"potentialAction\":[{\"@type\":\"SearchAction\",\"target\":{\"@type\":\"EntryPoint\",\"urlTemplate\":\"https:\/\/www.cobirehab.com\/en\/?s={search_term_string}\"},\"query-input\":{\"@type\":\"PropertyValueSpecification\",\"valueRequired\":true,\"valueName\":\"search_term_string\"}}],\"inLanguage\":\"de\"},{\"@type\":\"Organization\",\"@id\":\"https:\/\/www.cobirehab.com\/en\/#organization\",\"name\":\"Cobi Rehab\",\"url\":\"https:\/\/www.cobirehab.com\/en\/\",\"logo\":{\"@type\":\"ImageObject\",\"inLanguage\":\"de\",\"@id\":\"https:\/\/www.cobirehab.com\/en\/#\/schema\/logo\/image\/\",\"url\":\"https:\/\/www.cobirehab.com\/wp-content\/uploads\/2018\/04\/COBI-REHAB-17-logo-versA-pos.png\",\"contentUrl\":\"https:\/\/www.cobirehab.com\/wp-content\/uploads\/2018\/04\/COBI-REHAB-17-logo-versA-pos.png\",\"width\":1195,\"height\":768,\"caption\":\"Cobi Rehab\"},\"image\":{\"@id\":\"https:\/\/www.cobirehab.com\/en\/#\/schema\/logo\/image\/\"}}]}<\/script>\n<!-- \/ Yoast SEO plugin. -->","yoast_head_json":{"title":"Extra Verst\u00e4rkte Unterarmgehst\u00fctze f\u00fcr adip\u00f6se Patienten","description":"Stabile Unterarmgehst\u00fctze f\u00fcr adip\u00f6se Patienten, belastbar bis 325 kg. Ideal f\u00fcr Krankenh\u00e4user, Pflegeheime und den privaten Gebrauch.","robots":{"index":"index","follow":"follow","max-snippet":"max-snippet:-1","max-image-preview":"max-image-preview:large","max-video-preview":"max-video-preview:-1"},"canonical":"https:\/\/www.cobirehab.com\/de\/produkt\/bariatrische-unterarmgehstuetze\/","og_locale":"de_DE","og_type":"article","og_title":"Extra Verst\u00e4rkte Unterarmgehst\u00fctze f\u00fcr adip\u00f6se Patienten","og_description":"Stabile Unterarmgehst\u00fctze f\u00fcr adip\u00f6se Patienten, belastbar bis 325 kg. Ideal f\u00fcr Krankenh\u00e4user, Pflegeheime und den privaten Gebrauch.","og_url":"https:\/\/www.cobirehab.com\/de\/produkt\/bariatrische-unterarmgehstuetze\/","og_site_name":"Cobi Rehab","article_modified_time":"2025-01-09T12:51:11+00:00","og_image":[{"width":544,"height":544,"url":"https:\/\/www.cobirehab.com\/wp-content\/uploads\/2018\/04\/xxlrehab-stok-albue-a-w.jpg","type":"image\/jpeg"}],"twitter_card":"summary_large_image","twitter_misc":{"Gesch\u00e4tzte Lesezeit":"2\u00a0Minuten"},"schema":{"@context":"https:\/\/schema.org","@graph":[{"@type":"WebPage","@id":"https:\/\/www.cobirehab.com\/de\/produkt\/bariatrische-unterarmgehstuetze\/","url":"https:\/\/www.cobirehab.com\/de\/produkt\/bariatrische-unterarmgehstuetze\/","name":"Extra Verst\u00e4rkte Unterarmgehst\u00fctze f\u00fcr adip\u00f6se Patienten","isPartOf":{"@id":"https:\/\/www.cobirehab.com\/en\/#website"},"primaryImageOfPage":{"@id":"https:\/\/www.cobirehab.com\/de\/produkt\/bariatrische-unterarmgehstuetze\/#primaryimage"},"image":{"@id":"https:\/\/www.cobirehab.com\/de\/produkt\/bariatrische-unterarmgehstuetze\/#primaryimage"},"thumbnailUrl":"https:\/\/www.cobirehab.com\/wp-content\/uploads\/2018\/04\/xxlrehab-stok-albue-a-w.jpg","datePublished":"2024-11-12T09:31:16+00:00","dateModified":"2025-01-09T12:51:11+00:00","description":"Stabile Unterarmgehst\u00fctze f\u00fcr adip\u00f6se Patienten, belastbar bis 325 kg. Ideal f\u00fcr Krankenh\u00e4user, Pflegeheime und den privaten Gebrauch.","breadcrumb":{"@id":"https:\/\/www.cobirehab.com\/de\/produkt\/bariatrische-unterarmgehstuetze\/#breadcrumb"},"inLanguage":"de","potentialAction":[{"@type":"ReadAction","target":["https:\/\/www.cobirehab.com\/de\/produkt\/bariatrische-unterarmgehstuetze\/"]}]},{"@type":"ImageObject","inLanguage":"de","@id":"https:\/\/www.cobirehab.com\/de\/produkt\/bariatrische-unterarmgehstuetze\/#primaryimage","url":"https:\/\/www.cobirehab.com\/wp-content\/uploads\/2018\/04\/xxlrehab-stok-albue-a-w.jpg","contentUrl":"https:\/\/www.cobirehab.com\/wp-content\/uploads\/2018\/04\/xxlrehab-stok-albue-a-w.jpg","width":544,"height":544,"caption":"Bariatric Crutch Bariatrisk albuestok"},{"@type":"BreadcrumbList","@id":"https:\/\/www.cobirehab.com\/de\/produkt\/bariatrische-unterarmgehstuetze\/#breadcrumb","itemListElement":[{"@type":"ListItem","position":1,"name":"Hjem","item":"https:\/\/www.cobirehab.com\/"},{"@type":"ListItem","position":2,"name":"Produkter","item":"https:\/\/www.cobirehab.com\/produkter\/"},{"@type":"ListItem","position":3,"name":"Bariatrische Unterarmgehst\u00fctze"}]},{"@type":"WebSite","@id":"https:\/\/www.cobirehab.com\/en\/#website","url":"https:\/\/www.cobirehab.com\/en\/","name":"Cobi Rehab","description":"The Positioning Company","publisher":{"@id":"https:\/\/www.cobirehab.com\/en\/#organization"},"alternateName":"Cobi","potentialAction":[{"@type":"SearchAction","target":{"@type":"EntryPoint","urlTemplate":"https:\/\/www.cobirehab.com\/en\/?s={search_term_string}"},"query-input":{"@type":"PropertyValueSpecification","valueRequired":true,"valueName":"search_term_string"}}],"inLanguage":"de"},{"@type":"Organization","@id":"https:\/\/www.cobirehab.com\/en\/#organization","name":"Cobi Rehab","url":"https:\/\/www.cobirehab.com\/en\/","logo":{"@type":"ImageObject","inLanguage":"de","@id":"https:\/\/www.cobirehab.com\/en\/#\/schema\/logo\/image\/","url":"https:\/\/www.cobirehab.com\/wp-content\/uploads\/2018\/04\/COBI-REHAB-17-logo-versA-pos.png","contentUrl":"https:\/\/www.cobirehab.com\/wp-content\/uploads\/2018\/04\/COBI-REHAB-17-logo-versA-pos.png","width":1195,"height":768,"caption":"Cobi Rehab"},"image":{"@id":"https:\/\/www.cobirehab.com\/en\/#\/schema\/logo\/image\/"}}]}},"_links":{"self":[{"href":"https:\/\/www.cobirehab.com\/de\/wp-json\/wp\/v2\/product\/46689","targetHints":{"allow":["GET"]}}],"collection":[{"href":"https:\/\/www.cobirehab.com\/de\/wp-json\/wp\/v2\/product"}],"about":[{"href":"https:\/\/www.cobirehab.com\/de\/wp-json\/wp\/v2\/types\/product"}],"replies":[{"embeddable":true,"href":"https:\/\/www.cobirehab.com\/de\/wp-json\/wp\/v2\/comments?post=46689"}],"wp:featuredmedia":[{"embeddable":true,"href":"https:\/\/www.cobirehab.com\/de\/wp-json\/wp\/v2\/media\/974"}],"wp:attachment":[{"href":"https:\/\/www.cobirehab.com\/de\/wp-json\/wp\/v2\/media?parent=46689"}],"wp:term":[{"taxonomy":"product_brand","embeddable":true,"href":"https:\/\/www.cobirehab.com\/de\/wp-json\/wp\/v2\/product_brand?post=46689"},{"taxonomy":"product_cat","embeddable":true,"href":"https:\/\/www.cobirehab.com\/de\/wp-json\/wp\/v2\/product_cat?post=46689"},{"taxonomy":"product_tag","embeddable":true,"href":"https:\/\/www.cobirehab.com\/de\/wp-json\/wp\/v2\/product_tag?post=46689"}],"curies":[{"name":"wp","href":"https:\/\/api.w.org\/{rel}","templated":true}]}}