{"id":46684,"date":"2024-11-12T10:17:33","date_gmt":"2024-11-12T09:17:33","guid":{"rendered":"https:\/\/www.cobirehab.com\/?post_type=product&#038;p=46684"},"modified":"2025-01-09T13:47:13","modified_gmt":"2025-01-09T12:47:13","slug":"bariatrischer-dusch-und-toilettenstuhl-rise-n-tilt","status":"publish","type":"product","link":"https:\/\/www.cobirehab.com\/de\/produkt\/bariatrischer-dusch-und-toilettenstuhl-rise-n-tilt\/","title":{"rendered":"Bariatrischer Dusch- und Toilettenstuhl Rise N Tilt"},"content":{"rendered":"<h1>Dusch- und Toilettenstuhl f\u00fcr \u00dcbergewichtige<\/h1>\n<p>Der bariatrische Dusch-Toilettenstuhl Rise N Tilt ist speziell f\u00fcr bariatrische Nutzer mit einem Gewicht von bis zu 325 kg entwickelt. Der Stuhl verf\u00fcgt \u00fcber eine integrierte Hub- und Kippfunktion, die eine Neigung von bis zu 30\u00b0 erm\u00f6glicht.<\/p>\n<h4>Einsatzgebiete<\/h4>\n<p>&#8211; F\u00fcr bariatrische Nutzer mit eingeschr\u00e4nkter Mobilit\u00e4t.<br \/>\n&#8211; Der Stuhl hebt und kippt den Nutzer bis zu einer 30\u00b0-Neigung und bietet eine maximale Benutzergewichtskapazit\u00e4t von 325 kg.<\/p>\n<h4>Vereinfachte und sichere Pflege<\/h4>\n<p>Der bariatrische Dusch-Toilettenstuhl Rise N Tilt erm\u00f6glicht dem Pflegepersonal einen besseren Zugang zur Hygiene, Haut- und Gewebepflege. Pflege und Ankleiden k\u00f6nnen in einer ergonomisch sicheren, stehenden Position durchgef\u00fchrt werden. Gleichzeitig verbessert die M\u00f6glichkeit des direkten Blickkontakts zwischen Pflegepersonal und Nutzer die Kommunikation erheblich.<\/p>\n<h4>Effizientere Pflege<\/h4>\n<p>Dank seiner elektrischen Hub- und Kippfunktionen erh\u00f6ht der Dusch-Toilettenstuhl die Effizienz der Pflege, da eine einzige Pflegekraft s\u00e4mtliche Bade- und Hygieneaufgaben sicher und effektiv ausf\u00fchren kann. Die benutzerfreundlichen Funktionen sorgen f\u00fcr optimierte Pflegeprozesse im Vergleich zu herk\u00f6mmlichen Dusch-Toilettenst\u00fchlen. Der Rise N Tilt bietet eine angenehme und sichere Badeerfahrung und ist ideal f\u00fcr Nutzer mit eingeschr\u00e4nkter posturaler Kontrolle.<\/p>\n<h4>Verbesserte Lebensqualit\u00e4t<\/h4>\n<p>Der bariatrische Dusch-Toilettenstuhl Rise N Tilt steigert die Lebensqualit\u00e4t bariatrischer Nutzer, indem er assistierte Bade- und Hygieneprozeduren sicherer, komfortabler und w\u00fcrdevoller gestaltet.<\/p>\n<h4>Entwicklung bariatrischer Hilfsmittel<\/h4>\n<p>Bariatrische Hilfsmittel gehen weit \u00fcber einfach gr\u00f6\u00dfere Dimensionen hinaus. Sie vermitteln sowohl dem Nutzer als auch dem Pflegepersonal ein Gef\u00fchl von Sicherheit, Stabilit\u00e4t und Funktionalit\u00e4t. Unser Sortiment an bariatrischen Hilfsmitteln ist eines der umfangreichsten in D\u00e4nemark und umfasst Produkte wie Matratzen, Betten, Gehst\u00f6cke, Rollatoren, Positionierungskissen und bariatrische Rollst\u00fchle. Ein Gro\u00dfteil der Produkte wird von Cobi Rehabs eigenen Beratern in D\u00e4nemark entwickelt, getestet und nach allen geltenden Vorschriften zertifiziert. Alle bariatrischen Hilfsmittel sind f\u00fcr Nutzer mit einem Gewicht von bis zu 250\/325 kg geeignet.<\/p>\n<p>Sehen Sie hier unser umfangreiches Sortiment an <a href=\"https:\/\/www.cobirehab.com\/en\/product-category\/shower-toilet\/\">bariatrischen Hilfsmitteln<\/a>. Finden Sie den <a href=\"https:\/\/hmi-basen.dk\/en\/r11x.asp?linkinfo=33893\">Dusch- und Toilettenstuhl Rise N Tilt in der d\u00e4nischen Hilfsmittel-Datenbank<\/a>.<\/p>\n<p class=\"p1\"><strong><span style=\"color: #93a79b;\">&#8211; Elektrische Hub- und Kippfunktion bis 30\u00b0<br \/>\n&#8211; Optionale extra breite Butterfly-Armlehnen<br \/>\n&#8211; Bremsen an allen vier R\u00e4dern<br \/>\n&#8211; Einzigartige Hebefunktion<br \/>\n&#8211; Handbedienung f\u00fcr volle Kontrolle durch Pflegekr\u00e4fte<br \/>\n&#8211; Hohe R\u00fcckenlehne und robuste Armlehnen<\/span><\/strong><\/p>\n","protected":false},"excerpt":{"rendered":"<p><strong>Bariatrischer Dusch-Toilettenstuhl Rise N Tilt<\/strong><\/p>\n<p>Elektrischer Dusch-Toilettenstuhl mit Hub- und Kippfunktion bis 30\u00b0 f\u00fcr bariatrische Nutzer bis 325 kg.<\/p>\n<p>Bietet Sicherheit, Komfort und erleichtert Pflegeaufgaben durch ergonomisches Design und einfache Bedienung.<\/p>\n<hr \/>\n<p>Entwickelt f\u00fcr:<\/p>\n<p>&#8211; Nutzer mit reduziertem Muskeltonus, Dekubitus, Spasmen\/unwillk\u00fcrlichen Bewegungen.<br \/>\n&#8211; Nutzer in der Genesung nach Amputationen und Schlaganf\u00e4llen.<\/p>\n","protected":false},"featured_media":5540,"comment_status":"closed","ping_status":"closed","template":"","meta":{"_et_pb_use_builder":"off","_et_pb_old_content":"<p>XXL-Rehab Rise N Tilt badetoiletstol er en kombinationsstol med indbygget l\u00f8ft og tilt funktion. Det er\u00a0verdens f\u00f8rste badetoiletstol til bariatriske brugere, der kan l\u00f8fte og tilte brugeren til en 30\u00b0 h\u00e6ldning.\u00a0Badetoiletstolen har en brugerv\u00e6gt p\u00e5 325 kg.<br \/><br \/><strong>G\u00f8r opgaverne nemmere og sikrere<\/strong><br \/>XXL-Rehab Rise N Tilt badetoiletstol giver bedre adgang for plejepersonalet i forhold til hygiejne, hud- og v\u00e6vpleje. Sygepleje og p\u00e5kl\u00e6dning af f\u00f8dder kan, for plejepersonalets vedkommende, foreg\u00e5 i st\u00e5ende stilling, hvorved der opn\u00e5s en ergonomisk forsvarlig arbejdsstilling. Stolen muligg\u00f8r samtidig, at plejepersonalet og brugeren har \u00f8jenkontakt, hvilket giver langt bedre kommunikation.<br \/><br \/><strong>Bedre og effektiv pleje<\/strong><br \/>Denne badetoiletstol \u00f8ger effektiviteten i plejen, fordi den g\u00f8r\u00a0det muligt for \u00e9n person at udf\u00f8re hele badeproceduren, samt\u00a0en bred vifte af hverdagens hygiejneopgaver. Badetoiletstolens\u00a0enkle funktioner resulterer i str\u00f8mlinede rutiner, som giver optimering\u00a0og sikkerhed af plejen i forhold til traditionelle badetoiletstole.\u00a0Denne badetoiletstol er designet til at give bariatriske brugere\u00a0en behagelig og sikker badeoplevelse og kan med fordel\u00a0ogs\u00e5 anvendes, hvor brugerens tilstand er d\u00e5rlig med nedsat\u00a0postural kontrol.<br \/><br \/><strong>Forbedrer livskvaliteten<\/strong><br \/>XXL-Rehab Rise N Tilt badetoiletstol kan forbedre livskvaliteten\u00a0for den bariatriske bruger, idet assisteret brusebadning og\u00a0andre hygiejnerutiner bliver b\u00e5de en mere sikker og komfortabel,\u00a0men ogs\u00e5 en mere v\u00e6rdig oplevelse.<\/p><p class=\"p1\"><strong><span style=\"color: #93a79b\">-\u00a0El-hejs og tiltfunktion op til 30\u00b0<\/span> <\/strong><br \/><span style=\"color: #93a79b\"><strong>- Mulighed for ekstra brede butterfly arml\u00e6n<\/strong><\/span> <br \/><span style=\"color: #93a79b\"><strong>- Bremser p\u00e5 alle 4 hjul<\/strong><\/span> <br \/><span style=\"color: #93a79b\"><strong>- Unik l\u00f8ftefunktion<\/strong><\/span> <br \/><span style=\"color: #93a79b\"><strong>- H\u00e5ndbetjening giver plejeren fuld kontrol<\/strong><\/span> <br \/><span style=\"color: #93a79b\"><strong>- H\u00f8jt rygl\u00e6n og robuste arml\u00e6n<\/strong><\/span><\/p>","_et_gb_content_width":""},"product_brand":[],"product_cat":[260],"product_tag":[],"class_list":{"0":"post-46684","1":"product","2":"type-product","3":"status-publish","4":"has-post-thumbnail","6":"product_cat-dusch-und-toilettenstuehle","8":"first","9":"instock","10":"shipping-taxable","11":"product-type-simple"},"yoast_head":"<!-- This site is optimized with the Yoast SEO plugin v27.2 - https:\/\/yoast.com\/product\/yoast-seo-wordpress\/ -->\n<title>Bariatrischer Dusch-Toilettenstuhl Rise N Tilt - Sicherheit &amp; Komfort<\/title>\n<meta name=\"description\" content=\"Entdecken Sie den bariatrischen Dusch-Toilettenstuhl Rise N Tilt mit elektrischer Hub- und Kippfunktion bis 30\u00b0. Ideal f\u00fcr bariatrische Nutzer bis 325 kg.\" \/>\n<meta name=\"robots\" content=\"index, follow, max-snippet:-1, max-image-preview:large, max-video-preview:-1\" \/>\n<link rel=\"canonical\" href=\"https:\/\/www.cobirehab.com\/de\/produkt\/bariatrischer-dusch-und-toilettenstuhl-rise-n-tilt\/\" \/>\n<meta property=\"og:locale\" content=\"de_DE\" \/>\n<meta property=\"og:type\" content=\"article\" \/>\n<meta property=\"og:title\" content=\"Bariatrischer Dusch-Toilettenstuhl Rise N Tilt - Sicherheit &amp; Komfort\" \/>\n<meta property=\"og:description\" content=\"Entdecken Sie den bariatrischen Dusch-Toilettenstuhl Rise N Tilt mit elektrischer Hub- und Kippfunktion bis 30\u00b0. Ideal f\u00fcr bariatrische Nutzer bis 325 kg.\" \/>\n<meta property=\"og:url\" content=\"https:\/\/www.cobirehab.com\/de\/produkt\/bariatrischer-dusch-und-toilettenstuhl-rise-n-tilt\/\" \/>\n<meta property=\"og:site_name\" content=\"Cobi Rehab\" \/>\n<meta property=\"article:modified_time\" content=\"2025-01-09T12:47:13+00:00\" \/>\n<meta property=\"og:image\" content=\"https:\/\/www.cobirehab.com\/wp-content\/uploads\/2019\/02\/XXL-ShowerCommRiseNTilt-A-w.jpg\" \/>\n\t<meta property=\"og:image:width\" content=\"544\" \/>\n\t<meta property=\"og:image:height\" content=\"544\" \/>\n\t<meta property=\"og:image:type\" content=\"image\/jpeg\" \/>\n<meta name=\"twitter:card\" content=\"summary_large_image\" \/>\n<meta name=\"twitter:label1\" content=\"Gesch\u00e4tzte Lesezeit\" \/>\n\t<meta name=\"twitter:data1\" content=\"3\u00a0Minuten\" \/>\n<script type=\"application\/ld+json\" class=\"yoast-schema-graph\">{\"@context\":\"https:\/\/schema.org\",\"@graph\":[{\"@type\":\"WebPage\",\"@id\":\"https:\/\/www.cobirehab.com\/de\/produkt\/bariatrischer-dusch-und-toilettenstuhl-rise-n-tilt\/\",\"url\":\"https:\/\/www.cobirehab.com\/de\/produkt\/bariatrischer-dusch-und-toilettenstuhl-rise-n-tilt\/\",\"name\":\"Bariatrischer Dusch-Toilettenstuhl Rise N Tilt - Sicherheit & Komfort\",\"isPartOf\":{\"@id\":\"https:\/\/www.cobirehab.com\/en\/#website\"},\"primaryImageOfPage\":{\"@id\":\"https:\/\/www.cobirehab.com\/de\/produkt\/bariatrischer-dusch-und-toilettenstuhl-rise-n-tilt\/#primaryimage\"},\"image\":{\"@id\":\"https:\/\/www.cobirehab.com\/de\/produkt\/bariatrischer-dusch-und-toilettenstuhl-rise-n-tilt\/#primaryimage\"},\"thumbnailUrl\":\"https:\/\/www.cobirehab.com\/wp-content\/uploads\/2019\/02\/XXL-ShowerCommRiseNTilt-A-w.jpg\",\"datePublished\":\"2024-11-12T09:17:33+00:00\",\"dateModified\":\"2025-01-09T12:47:13+00:00\",\"description\":\"Entdecken Sie den bariatrischen Dusch-Toilettenstuhl Rise N Tilt mit elektrischer Hub- und Kippfunktion bis 30\u00b0. Ideal f\u00fcr bariatrische Nutzer bis 325 kg.\",\"breadcrumb\":{\"@id\":\"https:\/\/www.cobirehab.com\/de\/produkt\/bariatrischer-dusch-und-toilettenstuhl-rise-n-tilt\/#breadcrumb\"},\"inLanguage\":\"de\",\"potentialAction\":[{\"@type\":\"ReadAction\",\"target\":[\"https:\/\/www.cobirehab.com\/de\/produkt\/bariatrischer-dusch-und-toilettenstuhl-rise-n-tilt\/\"]}]},{\"@type\":\"ImageObject\",\"inLanguage\":\"de\",\"@id\":\"https:\/\/www.cobirehab.com\/de\/produkt\/bariatrischer-dusch-und-toilettenstuhl-rise-n-tilt\/#primaryimage\",\"url\":\"https:\/\/www.cobirehab.com\/wp-content\/uploads\/2019\/02\/XXL-ShowerCommRiseNTilt-A-w.jpg\",\"contentUrl\":\"https:\/\/www.cobirehab.com\/wp-content\/uploads\/2019\/02\/XXL-ShowerCommRiseNTilt-A-w.jpg\",\"width\":544,\"height\":544,\"caption\":\"Elektrisk badetoiletstol Shower Commode Rise N Tilt\"},{\"@type\":\"BreadcrumbList\",\"@id\":\"https:\/\/www.cobirehab.com\/de\/produkt\/bariatrischer-dusch-und-toilettenstuhl-rise-n-tilt\/#breadcrumb\",\"itemListElement\":[{\"@type\":\"ListItem\",\"position\":1,\"name\":\"Hjem\",\"item\":\"https:\/\/www.cobirehab.com\/\"},{\"@type\":\"ListItem\",\"position\":2,\"name\":\"Produkter\",\"item\":\"https:\/\/www.cobirehab.com\/produkter\/\"},{\"@type\":\"ListItem\",\"position\":3,\"name\":\"Bariatrischer Dusch- und Toilettenstuhl Rise N Tilt\"}]},{\"@type\":\"WebSite\",\"@id\":\"https:\/\/www.cobirehab.com\/en\/#website\",\"url\":\"https:\/\/www.cobirehab.com\/en\/\",\"name\":\"Cobi Rehab\",\"description\":\"The Positioning Company\",\"publisher\":{\"@id\":\"https:\/\/www.cobirehab.com\/en\/#organization\"},\"alternateName\":\"Cobi\",\"potentialAction\":[{\"@type\":\"SearchAction\",\"target\":{\"@type\":\"EntryPoint\",\"urlTemplate\":\"https:\/\/www.cobirehab.com\/en\/?s={search_term_string}\"},\"query-input\":{\"@type\":\"PropertyValueSpecification\",\"valueRequired\":true,\"valueName\":\"search_term_string\"}}],\"inLanguage\":\"de\"},{\"@type\":\"Organization\",\"@id\":\"https:\/\/www.cobirehab.com\/en\/#organization\",\"name\":\"Cobi Rehab\",\"url\":\"https:\/\/www.cobirehab.com\/en\/\",\"logo\":{\"@type\":\"ImageObject\",\"inLanguage\":\"de\",\"@id\":\"https:\/\/www.cobirehab.com\/en\/#\/schema\/logo\/image\/\",\"url\":\"https:\/\/www.cobirehab.com\/wp-content\/uploads\/2018\/04\/COBI-REHAB-17-logo-versA-pos.png\",\"contentUrl\":\"https:\/\/www.cobirehab.com\/wp-content\/uploads\/2018\/04\/COBI-REHAB-17-logo-versA-pos.png\",\"width\":1195,\"height\":768,\"caption\":\"Cobi Rehab\"},\"image\":{\"@id\":\"https:\/\/www.cobirehab.com\/en\/#\/schema\/logo\/image\/\"}}]}<\/script>\n<!-- \/ Yoast SEO plugin. -->","yoast_head_json":{"title":"Bariatrischer Dusch-Toilettenstuhl Rise N Tilt - Sicherheit & Komfort","description":"Entdecken Sie den bariatrischen Dusch-Toilettenstuhl Rise N Tilt mit elektrischer Hub- und Kippfunktion bis 30\u00b0. Ideal f\u00fcr bariatrische Nutzer bis 325 kg.","robots":{"index":"index","follow":"follow","max-snippet":"max-snippet:-1","max-image-preview":"max-image-preview:large","max-video-preview":"max-video-preview:-1"},"canonical":"https:\/\/www.cobirehab.com\/de\/produkt\/bariatrischer-dusch-und-toilettenstuhl-rise-n-tilt\/","og_locale":"de_DE","og_type":"article","og_title":"Bariatrischer Dusch-Toilettenstuhl Rise N Tilt - Sicherheit & Komfort","og_description":"Entdecken Sie den bariatrischen Dusch-Toilettenstuhl Rise N Tilt mit elektrischer Hub- und Kippfunktion bis 30\u00b0. Ideal f\u00fcr bariatrische Nutzer bis 325 kg.","og_url":"https:\/\/www.cobirehab.com\/de\/produkt\/bariatrischer-dusch-und-toilettenstuhl-rise-n-tilt\/","og_site_name":"Cobi Rehab","article_modified_time":"2025-01-09T12:47:13+00:00","og_image":[{"width":544,"height":544,"url":"https:\/\/www.cobirehab.com\/wp-content\/uploads\/2019\/02\/XXL-ShowerCommRiseNTilt-A-w.jpg","type":"image\/jpeg"}],"twitter_card":"summary_large_image","twitter_misc":{"Gesch\u00e4tzte Lesezeit":"3\u00a0Minuten"},"schema":{"@context":"https:\/\/schema.org","@graph":[{"@type":"WebPage","@id":"https:\/\/www.cobirehab.com\/de\/produkt\/bariatrischer-dusch-und-toilettenstuhl-rise-n-tilt\/","url":"https:\/\/www.cobirehab.com\/de\/produkt\/bariatrischer-dusch-und-toilettenstuhl-rise-n-tilt\/","name":"Bariatrischer Dusch-Toilettenstuhl Rise N Tilt - Sicherheit & Komfort","isPartOf":{"@id":"https:\/\/www.cobirehab.com\/en\/#website"},"primaryImageOfPage":{"@id":"https:\/\/www.cobirehab.com\/de\/produkt\/bariatrischer-dusch-und-toilettenstuhl-rise-n-tilt\/#primaryimage"},"image":{"@id":"https:\/\/www.cobirehab.com\/de\/produkt\/bariatrischer-dusch-und-toilettenstuhl-rise-n-tilt\/#primaryimage"},"thumbnailUrl":"https:\/\/www.cobirehab.com\/wp-content\/uploads\/2019\/02\/XXL-ShowerCommRiseNTilt-A-w.jpg","datePublished":"2024-11-12T09:17:33+00:00","dateModified":"2025-01-09T12:47:13+00:00","description":"Entdecken Sie den bariatrischen Dusch-Toilettenstuhl Rise N Tilt mit elektrischer Hub- und Kippfunktion bis 30\u00b0. Ideal f\u00fcr bariatrische Nutzer bis 325 kg.","breadcrumb":{"@id":"https:\/\/www.cobirehab.com\/de\/produkt\/bariatrischer-dusch-und-toilettenstuhl-rise-n-tilt\/#breadcrumb"},"inLanguage":"de","potentialAction":[{"@type":"ReadAction","target":["https:\/\/www.cobirehab.com\/de\/produkt\/bariatrischer-dusch-und-toilettenstuhl-rise-n-tilt\/"]}]},{"@type":"ImageObject","inLanguage":"de","@id":"https:\/\/www.cobirehab.com\/de\/produkt\/bariatrischer-dusch-und-toilettenstuhl-rise-n-tilt\/#primaryimage","url":"https:\/\/www.cobirehab.com\/wp-content\/uploads\/2019\/02\/XXL-ShowerCommRiseNTilt-A-w.jpg","contentUrl":"https:\/\/www.cobirehab.com\/wp-content\/uploads\/2019\/02\/XXL-ShowerCommRiseNTilt-A-w.jpg","width":544,"height":544,"caption":"Elektrisk badetoiletstol Shower Commode Rise N Tilt"},{"@type":"BreadcrumbList","@id":"https:\/\/www.cobirehab.com\/de\/produkt\/bariatrischer-dusch-und-toilettenstuhl-rise-n-tilt\/#breadcrumb","itemListElement":[{"@type":"ListItem","position":1,"name":"Hjem","item":"https:\/\/www.cobirehab.com\/"},{"@type":"ListItem","position":2,"name":"Produkter","item":"https:\/\/www.cobirehab.com\/produkter\/"},{"@type":"ListItem","position":3,"name":"Bariatrischer Dusch- und Toilettenstuhl Rise N Tilt"}]},{"@type":"WebSite","@id":"https:\/\/www.cobirehab.com\/en\/#website","url":"https:\/\/www.cobirehab.com\/en\/","name":"Cobi Rehab","description":"The Positioning Company","publisher":{"@id":"https:\/\/www.cobirehab.com\/en\/#organization"},"alternateName":"Cobi","potentialAction":[{"@type":"SearchAction","target":{"@type":"EntryPoint","urlTemplate":"https:\/\/www.cobirehab.com\/en\/?s={search_term_string}"},"query-input":{"@type":"PropertyValueSpecification","valueRequired":true,"valueName":"search_term_string"}}],"inLanguage":"de"},{"@type":"Organization","@id":"https:\/\/www.cobirehab.com\/en\/#organization","name":"Cobi Rehab","url":"https:\/\/www.cobirehab.com\/en\/","logo":{"@type":"ImageObject","inLanguage":"de","@id":"https:\/\/www.cobirehab.com\/en\/#\/schema\/logo\/image\/","url":"https:\/\/www.cobirehab.com\/wp-content\/uploads\/2018\/04\/COBI-REHAB-17-logo-versA-pos.png","contentUrl":"https:\/\/www.cobirehab.com\/wp-content\/uploads\/2018\/04\/COBI-REHAB-17-logo-versA-pos.png","width":1195,"height":768,"caption":"Cobi Rehab"},"image":{"@id":"https:\/\/www.cobirehab.com\/en\/#\/schema\/logo\/image\/"}}]}},"_links":{"self":[{"href":"https:\/\/www.cobirehab.com\/de\/wp-json\/wp\/v2\/product\/46684","targetHints":{"allow":["GET"]}}],"collection":[{"href":"https:\/\/www.cobirehab.com\/de\/wp-json\/wp\/v2\/product"}],"about":[{"href":"https:\/\/www.cobirehab.com\/de\/wp-json\/wp\/v2\/types\/product"}],"replies":[{"embeddable":true,"href":"https:\/\/www.cobirehab.com\/de\/wp-json\/wp\/v2\/comments?post=46684"}],"wp:featuredmedia":[{"embeddable":true,"href":"https:\/\/www.cobirehab.com\/de\/wp-json\/wp\/v2\/media\/5540"}],"wp:attachment":[{"href":"https:\/\/www.cobirehab.com\/de\/wp-json\/wp\/v2\/media?parent=46684"}],"wp:term":[{"taxonomy":"product_brand","embeddable":true,"href":"https:\/\/www.cobirehab.com\/de\/wp-json\/wp\/v2\/product_brand?post=46684"},{"taxonomy":"product_cat","embeddable":true,"href":"https:\/\/www.cobirehab.com\/de\/wp-json\/wp\/v2\/product_cat?post=46684"},{"taxonomy":"product_tag","embeddable":true,"href":"https:\/\/www.cobirehab.com\/de\/wp-json\/wp\/v2\/product_tag?post=46684"}],"curies":[{"name":"wp","href":"https:\/\/api.w.org\/{rel}","templated":true}]}}