{"id":46683,"date":"2024-11-12T10:10:58","date_gmt":"2024-11-12T09:10:58","guid":{"rendered":"https:\/\/www.cobirehab.com\/?post_type=product&#038;p=46683"},"modified":"2025-02-07T11:37:28","modified_gmt":"2025-02-07T10:37:28","slug":"bariatrischer-dusch-und-toilettenstuhl","status":"publish","type":"product","link":"https:\/\/www.cobirehab.com\/de\/produkt\/bariatrischer-dusch-und-toilettenstuhl\/","title":{"rendered":"Bariatrischer Dusch- und Toilettenstuhl Vastus"},"content":{"rendered":"<h1>Bade- und Toilettenstuhl Vastus f\u00fcr adip\u00f6se Patienten<\/h1>\n<p>Der Dusch- und Toilettenstuhl Vastus f\u00fcr adip\u00f6se Patienten wird f\u00fcr Toiletteng\u00e4nge und f\u00fcr Badesituationen in Nassr\u00e4umen (z. B. Duschr\u00e4umen) eingesetzt und wird in Krankenh\u00e4usern, Pflegeheimen, Privathaushalten und Einrichtungen eingesetzt.<\/p>\n<p>Unser bariatrischer Duschstuhl wurde speziell mit nach au\u00dfen gebogenen Armlehnen (Schmetterlingsdesign) entwickelt, damit der K\u00f6rper beim Ein- und Aussteigen nicht eingequetscht wird. Die Armlehnen bieten im Vergleich zu anderen St\u00fchlen mit geraden und kurzen Armlehnen deutlich mehr Funktionalit\u00e4t, da sie dem Benutzer einen besseren Halt erm\u00f6glichen. Der Stuhl ist f\u00fcr bariatrische Nutzer mit einem Gewicht von bis zu 325 kg ausgelegt.<\/p>\n<h4>Konstruktion<\/h4>\n<p>Die Sitzh\u00f6he kann von 44 bis 59 cm eingestellt werden. Es ist entscheidend, die Sitzh\u00f6he individuell anzupassen. Ist der Stuhl zu hoch, k\u00f6nnen die F\u00fc\u00dfe den Boden nicht ber\u00fchren, was das Hinsetzen erschwert. Ist der Stuhl zu niedrig, f\u00e4llt das Aufstehen schwer.<\/p>\n<p>F\u00fcr eine komfortable Sitzposition wurde die Sitztiefe individuell anpassbar gestaltet. Die R\u00fcckenlehne kann um +\/- 6 cm verstellt werden, und die gebogenen Rohre sorgen f\u00fcr zus\u00e4tzlichen Komfort.<\/p>\n<h4>Hygiene und Reinigung<\/h4>\n<p>Der Stuhl l\u00e4sst sich leicht reinigen, da die Sitzauflage abnehmbar ist. Werkzeuge sind hierf\u00fcr nicht erforderlich. Zudem wurde der Toiletteneimer so konzipiert, dass eine hygienische Reinigung einfach durchgef\u00fchrt werden kann.<\/p>\n<h4>Mobilit\u00e4t und Handling<\/h4>\n<p>Dank der Verwendung von Hightech-Leichtbaurohren bietet der Dusch- und Toilettenstuhl Vastus maximale Stabilit\u00e4t bei minimalem Gewicht. Dies erleichtert das Handling und den Transport.<\/p>\n<p>Beim Kauf des Stuhls ist der Toiletteneimer inklusive.<\/p>\n<p><strong>Beachten Sie<\/strong>: Der Dusch- und Toilettenstuhl Vastus darf nicht in Schwimmbecken oder Swimmingpools verwendet werden.<\/p>\n<p>Entdecken Sie unsere weiteren <a href=\"https:\/\/www.cobirehab.com\/en\/product-category\/shower-toilet\/\">bariatrischen Dusch- und Toilettenprodukte<\/a>.<\/p>\n<p>Finden Sie den <a href=\"https:\/\/hmi-basen.dk\/r11x.asp?linkinfo=22278\">Dusch- und Toilettenstuhl in der d\u00e4nischen Hilfsmittel-Datenbank<\/a>.<\/p>\n<p class=\"p1\"><strong><span style=\"color: #93a79b;\">&#8211; Einstellbare Sitzh\u00f6he<br \/>\n&#8211; Einstellbare Sitztiefe<br \/>\n&#8211; Lange, stabile Armlehnen<br \/>\n&#8211; Zwei Sitzbreiten verf\u00fcgbar<br \/>\n&#8211; Kombinierter Toilettenstuhl und Duschbank<\/span><\/strong><\/p>\n","protected":false},"excerpt":{"rendered":"<p><strong>Robust konstruiert und funktional gestaltet \u2013 exklusiv f\u00fcr bariatrische Anwender!<\/strong><\/p>\n<p>Ein Kombinationsstuhl mit Toiletten\u00f6ffnung. Nach Entfernen der Sitzabdeckung wird der Stuhl zu einem Nachttopfstuhl.<\/p>\n<hr \/>\n<h4><\/h4>\n<h4>Anwendung f\u00fcr:<\/h4>\n<p>&#8211; Bariatrische Patienten bis zu 325 kg.<\/p>\n","protected":false},"featured_media":47562,"comment_status":"closed","ping_status":"closed","template":"","meta":{"_et_pb_use_builder":"off","_et_pb_old_content":"<p>En kombinationsstol med toilet \u00e5bning. N\u00e5r l\u00e5get til s\u00e6det fjernes, bliver stolen til en toiletstol.<br \/><br \/>XXL-Rehab Clean er designet til at give bariatriske brugere en god siddekomfort og en let\u00a0ind- og udstigning af stolen uden at blive klemt.<strong><br \/><br \/>Konstruktion og funktioner <br \/><\/strong>Til bade- og toiletstolen har vi anvendt h\u00f8jteknologiske letv\u00e6gtsr\u00f8r for at give stolen mest mulig stabilitet og den laveste v\u00e6gt. R\u00f8rene er endvidere effektivt overfladebehandlet. Bade- og toiletstolen er velegnet til et bademilj\u00f8. <br \/><br \/>Arml\u00e6nene er designet, s\u00e5 kroppen ikke bliver klemt, og de g\u00e5r ud over siddefladen. Dette g\u00f8r det nemt at f\u00e5 et godt greb og komme ind og ud af stolen, n\u00e5r brugeren enten \u00f8nsker at s\u00e6tte sig eller rejse sig fra stolen. Rygl\u00e6net kan justeres til brugeren for at opn\u00e5 en behagelig siddestilling. <br \/><br \/>Rygl\u00e6net kan flyttes +\/- 6 cm, og de buede r\u00f8r sikrer en god siddekomfort. Bade- og toiletstolens s\u00e6deh\u00f8jde er justerbar fra 44-59 cm, s\u00e5 en rigtig siddeh\u00f8jde kan opn\u00e5s, og samtidig er det let at komme ind og ud af stolen. Hvis stolen er for h\u00f8j, vil brugerens f\u00f8dder sv\u00e6ve over gulvet, hvilket vil g\u00f8re det sv\u00e6rt for brugeren at placere sig godt i stolen. Hvis stolen er for lav, vil brugeren have sv\u00e6rt ved at komme ud af stolen. <br \/><br \/><strong>Reng\u00f8ring <br \/><\/strong>Det er nemt at reng\u00f8re XXL-Rehab Clean. Stolens s\u00e6de og b\u00e6kkenspan aftages let, uden brug af v\u00e6rkt\u00f8j og stolen kan reng\u00f8res med almindelige reng\u00f8ringsmidler.<\/p><p class=\"p1\"><span style=\"color: #93a79b;\"><strong>-\u00a0Justerbar s\u00e6deh\u00f8jde<\/strong><\/span> <br \/><span style=\"color: #93a79b;\"><strong>- Justerbar s\u00e6dedybde<\/strong><\/span> <br \/><span style=\"color: #93a79b;\"><strong>- Lange stabile arml\u00e6n<\/strong><\/span> <br \/><span style=\"color: #93a79b;\"><strong>- 2 st\u00f8rrelser<br \/>- Kombineret bade- og toiletstol<\/strong><\/span><\/p>","_et_gb_content_width":""},"product_brand":[],"product_cat":[260],"product_tag":[],"class_list":{"0":"post-46683","1":"product","2":"type-product","3":"status-publish","4":"has-post-thumbnail","6":"product_cat-dusch-und-toilettenstuehle","8":"first","9":"instock","10":"shipping-taxable","11":"product-type-simple"},"yoast_head":"<!-- This site is optimized with the Yoast SEO plugin v27.2 - https:\/\/yoast.com\/product\/yoast-seo-wordpress\/ -->\n<title>Dusch- und Toilettenstuhl Vastus f\u00fcr adip\u00f6se Patienten (-&gt; 325 kg).<\/title>\n<meta name=\"description\" content=\"Der Dusch- und Toilettenstuhl Vastus wurde in D\u00e4nemark entwickelt und wird in Krankenh\u00e4usern, Pflegeheimen und Privathaushalten verwendet.\" \/>\n<meta name=\"robots\" content=\"index, follow, max-snippet:-1, max-image-preview:large, max-video-preview:-1\" \/>\n<link rel=\"canonical\" href=\"https:\/\/www.cobirehab.com\/de\/produkt\/bariatrischer-dusch-und-toilettenstuhl\/\" \/>\n<meta property=\"og:locale\" content=\"de_DE\" \/>\n<meta property=\"og:type\" content=\"article\" \/>\n<meta property=\"og:title\" content=\"Dusch- und Toilettenstuhl Vastus f\u00fcr adip\u00f6se Patienten (-&gt; 325 kg).\" \/>\n<meta property=\"og:description\" content=\"Der Dusch- und Toilettenstuhl Vastus wurde in D\u00e4nemark entwickelt und wird in Krankenh\u00e4usern, Pflegeheimen und Privathaushalten verwendet.\" \/>\n<meta property=\"og:url\" content=\"https:\/\/www.cobirehab.com\/de\/produkt\/bariatrischer-dusch-und-toilettenstuhl\/\" \/>\n<meta property=\"og:site_name\" content=\"Cobi Rehab\" \/>\n<meta property=\"article:modified_time\" content=\"2025-02-07T10:37:28+00:00\" \/>\n<meta property=\"og:image\" content=\"https:\/\/www.cobirehab.com\/wp-content\/uploads\/2025\/01\/2019-Badetoiletstol_Shower-Chair_front-2.jpg\" \/>\n\t<meta property=\"og:image:width\" content=\"544\" \/>\n\t<meta property=\"og:image:height\" content=\"544\" \/>\n\t<meta property=\"og:image:type\" content=\"image\/jpeg\" \/>\n<meta name=\"twitter:card\" content=\"summary_large_image\" \/>\n<meta name=\"twitter:label1\" content=\"Gesch\u00e4tzte Lesezeit\" \/>\n\t<meta name=\"twitter:data1\" content=\"2\u00a0Minuten\" \/>\n<script type=\"application\/ld+json\" class=\"yoast-schema-graph\">{\"@context\":\"https:\/\/schema.org\",\"@graph\":[{\"@type\":\"WebPage\",\"@id\":\"https:\/\/www.cobirehab.com\/de\/produkt\/bariatrischer-dusch-und-toilettenstuhl\/\",\"url\":\"https:\/\/www.cobirehab.com\/de\/produkt\/bariatrischer-dusch-und-toilettenstuhl\/\",\"name\":\"Dusch- und Toilettenstuhl Vastus f\u00fcr adip\u00f6se Patienten (-> 325 kg).\",\"isPartOf\":{\"@id\":\"https:\/\/www.cobirehab.com\/en\/#website\"},\"primaryImageOfPage\":{\"@id\":\"https:\/\/www.cobirehab.com\/de\/produkt\/bariatrischer-dusch-und-toilettenstuhl\/#primaryimage\"},\"image\":{\"@id\":\"https:\/\/www.cobirehab.com\/de\/produkt\/bariatrischer-dusch-und-toilettenstuhl\/#primaryimage\"},\"thumbnailUrl\":\"https:\/\/www.cobirehab.com\/wp-content\/uploads\/2025\/01\/2019-Badetoiletstol_Shower-Chair_front-2.jpg\",\"datePublished\":\"2024-11-12T09:10:58+00:00\",\"dateModified\":\"2025-02-07T10:37:28+00:00\",\"description\":\"Der Dusch- und Toilettenstuhl Vastus wurde in D\u00e4nemark entwickelt und wird in Krankenh\u00e4usern, Pflegeheimen und Privathaushalten verwendet.\",\"breadcrumb\":{\"@id\":\"https:\/\/www.cobirehab.com\/de\/produkt\/bariatrischer-dusch-und-toilettenstuhl\/#breadcrumb\"},\"inLanguage\":\"de\",\"potentialAction\":[{\"@type\":\"ReadAction\",\"target\":[\"https:\/\/www.cobirehab.com\/de\/produkt\/bariatrischer-dusch-und-toilettenstuhl\/\"]}]},{\"@type\":\"ImageObject\",\"inLanguage\":\"de\",\"@id\":\"https:\/\/www.cobirehab.com\/de\/produkt\/bariatrischer-dusch-und-toilettenstuhl\/#primaryimage\",\"url\":\"https:\/\/www.cobirehab.com\/wp-content\/uploads\/2025\/01\/2019-Badetoiletstol_Shower-Chair_front-2.jpg\",\"contentUrl\":\"https:\/\/www.cobirehab.com\/wp-content\/uploads\/2025\/01\/2019-Badetoiletstol_Shower-Chair_front-2.jpg\",\"width\":544,\"height\":544,\"caption\":\"Badetoiletstol_Shower Chair_Dusch- und Toilttenstuhl_Dusch- och toaletstol\"},{\"@type\":\"BreadcrumbList\",\"@id\":\"https:\/\/www.cobirehab.com\/de\/produkt\/bariatrischer-dusch-und-toilettenstuhl\/#breadcrumb\",\"itemListElement\":[{\"@type\":\"ListItem\",\"position\":1,\"name\":\"Hjem\",\"item\":\"https:\/\/www.cobirehab.com\/\"},{\"@type\":\"ListItem\",\"position\":2,\"name\":\"Produkter\",\"item\":\"https:\/\/www.cobirehab.com\/produkter\/\"},{\"@type\":\"ListItem\",\"position\":3,\"name\":\"Bariatrischer Dusch- und Toilettenstuhl Vastus\"}]},{\"@type\":\"WebSite\",\"@id\":\"https:\/\/www.cobirehab.com\/en\/#website\",\"url\":\"https:\/\/www.cobirehab.com\/en\/\",\"name\":\"Cobi Rehab\",\"description\":\"The Positioning Company\",\"publisher\":{\"@id\":\"https:\/\/www.cobirehab.com\/en\/#organization\"},\"alternateName\":\"Cobi\",\"potentialAction\":[{\"@type\":\"SearchAction\",\"target\":{\"@type\":\"EntryPoint\",\"urlTemplate\":\"https:\/\/www.cobirehab.com\/en\/?s={search_term_string}\"},\"query-input\":{\"@type\":\"PropertyValueSpecification\",\"valueRequired\":true,\"valueName\":\"search_term_string\"}}],\"inLanguage\":\"de\"},{\"@type\":\"Organization\",\"@id\":\"https:\/\/www.cobirehab.com\/en\/#organization\",\"name\":\"Cobi Rehab\",\"url\":\"https:\/\/www.cobirehab.com\/en\/\",\"logo\":{\"@type\":\"ImageObject\",\"inLanguage\":\"de\",\"@id\":\"https:\/\/www.cobirehab.com\/en\/#\/schema\/logo\/image\/\",\"url\":\"https:\/\/www.cobirehab.com\/wp-content\/uploads\/2018\/04\/COBI-REHAB-17-logo-versA-pos.png\",\"contentUrl\":\"https:\/\/www.cobirehab.com\/wp-content\/uploads\/2018\/04\/COBI-REHAB-17-logo-versA-pos.png\",\"width\":1195,\"height\":768,\"caption\":\"Cobi Rehab\"},\"image\":{\"@id\":\"https:\/\/www.cobirehab.com\/en\/#\/schema\/logo\/image\/\"}}]}<\/script>\n<!-- \/ Yoast SEO plugin. -->","yoast_head_json":{"title":"Dusch- und Toilettenstuhl Vastus f\u00fcr adip\u00f6se Patienten (-> 325 kg).","description":"Der Dusch- und Toilettenstuhl Vastus wurde in D\u00e4nemark entwickelt und wird in Krankenh\u00e4usern, Pflegeheimen und Privathaushalten verwendet.","robots":{"index":"index","follow":"follow","max-snippet":"max-snippet:-1","max-image-preview":"max-image-preview:large","max-video-preview":"max-video-preview:-1"},"canonical":"https:\/\/www.cobirehab.com\/de\/produkt\/bariatrischer-dusch-und-toilettenstuhl\/","og_locale":"de_DE","og_type":"article","og_title":"Dusch- und Toilettenstuhl Vastus f\u00fcr adip\u00f6se Patienten (-> 325 kg).","og_description":"Der Dusch- und Toilettenstuhl Vastus wurde in D\u00e4nemark entwickelt und wird in Krankenh\u00e4usern, Pflegeheimen und Privathaushalten verwendet.","og_url":"https:\/\/www.cobirehab.com\/de\/produkt\/bariatrischer-dusch-und-toilettenstuhl\/","og_site_name":"Cobi Rehab","article_modified_time":"2025-02-07T10:37:28+00:00","og_image":[{"width":544,"height":544,"url":"https:\/\/www.cobirehab.com\/wp-content\/uploads\/2025\/01\/2019-Badetoiletstol_Shower-Chair_front-2.jpg","type":"image\/jpeg"}],"twitter_card":"summary_large_image","twitter_misc":{"Gesch\u00e4tzte Lesezeit":"2\u00a0Minuten"},"schema":{"@context":"https:\/\/schema.org","@graph":[{"@type":"WebPage","@id":"https:\/\/www.cobirehab.com\/de\/produkt\/bariatrischer-dusch-und-toilettenstuhl\/","url":"https:\/\/www.cobirehab.com\/de\/produkt\/bariatrischer-dusch-und-toilettenstuhl\/","name":"Dusch- und Toilettenstuhl Vastus f\u00fcr adip\u00f6se Patienten (-> 325 kg).","isPartOf":{"@id":"https:\/\/www.cobirehab.com\/en\/#website"},"primaryImageOfPage":{"@id":"https:\/\/www.cobirehab.com\/de\/produkt\/bariatrischer-dusch-und-toilettenstuhl\/#primaryimage"},"image":{"@id":"https:\/\/www.cobirehab.com\/de\/produkt\/bariatrischer-dusch-und-toilettenstuhl\/#primaryimage"},"thumbnailUrl":"https:\/\/www.cobirehab.com\/wp-content\/uploads\/2025\/01\/2019-Badetoiletstol_Shower-Chair_front-2.jpg","datePublished":"2024-11-12T09:10:58+00:00","dateModified":"2025-02-07T10:37:28+00:00","description":"Der Dusch- und Toilettenstuhl Vastus wurde in D\u00e4nemark entwickelt und wird in Krankenh\u00e4usern, Pflegeheimen und Privathaushalten verwendet.","breadcrumb":{"@id":"https:\/\/www.cobirehab.com\/de\/produkt\/bariatrischer-dusch-und-toilettenstuhl\/#breadcrumb"},"inLanguage":"de","potentialAction":[{"@type":"ReadAction","target":["https:\/\/www.cobirehab.com\/de\/produkt\/bariatrischer-dusch-und-toilettenstuhl\/"]}]},{"@type":"ImageObject","inLanguage":"de","@id":"https:\/\/www.cobirehab.com\/de\/produkt\/bariatrischer-dusch-und-toilettenstuhl\/#primaryimage","url":"https:\/\/www.cobirehab.com\/wp-content\/uploads\/2025\/01\/2019-Badetoiletstol_Shower-Chair_front-2.jpg","contentUrl":"https:\/\/www.cobirehab.com\/wp-content\/uploads\/2025\/01\/2019-Badetoiletstol_Shower-Chair_front-2.jpg","width":544,"height":544,"caption":"Badetoiletstol_Shower Chair_Dusch- und Toilttenstuhl_Dusch- och toaletstol"},{"@type":"BreadcrumbList","@id":"https:\/\/www.cobirehab.com\/de\/produkt\/bariatrischer-dusch-und-toilettenstuhl\/#breadcrumb","itemListElement":[{"@type":"ListItem","position":1,"name":"Hjem","item":"https:\/\/www.cobirehab.com\/"},{"@type":"ListItem","position":2,"name":"Produkter","item":"https:\/\/www.cobirehab.com\/produkter\/"},{"@type":"ListItem","position":3,"name":"Bariatrischer Dusch- und Toilettenstuhl Vastus"}]},{"@type":"WebSite","@id":"https:\/\/www.cobirehab.com\/en\/#website","url":"https:\/\/www.cobirehab.com\/en\/","name":"Cobi Rehab","description":"The Positioning Company","publisher":{"@id":"https:\/\/www.cobirehab.com\/en\/#organization"},"alternateName":"Cobi","potentialAction":[{"@type":"SearchAction","target":{"@type":"EntryPoint","urlTemplate":"https:\/\/www.cobirehab.com\/en\/?s={search_term_string}"},"query-input":{"@type":"PropertyValueSpecification","valueRequired":true,"valueName":"search_term_string"}}],"inLanguage":"de"},{"@type":"Organization","@id":"https:\/\/www.cobirehab.com\/en\/#organization","name":"Cobi Rehab","url":"https:\/\/www.cobirehab.com\/en\/","logo":{"@type":"ImageObject","inLanguage":"de","@id":"https:\/\/www.cobirehab.com\/en\/#\/schema\/logo\/image\/","url":"https:\/\/www.cobirehab.com\/wp-content\/uploads\/2018\/04\/COBI-REHAB-17-logo-versA-pos.png","contentUrl":"https:\/\/www.cobirehab.com\/wp-content\/uploads\/2018\/04\/COBI-REHAB-17-logo-versA-pos.png","width":1195,"height":768,"caption":"Cobi Rehab"},"image":{"@id":"https:\/\/www.cobirehab.com\/en\/#\/schema\/logo\/image\/"}}]}},"_links":{"self":[{"href":"https:\/\/www.cobirehab.com\/de\/wp-json\/wp\/v2\/product\/46683","targetHints":{"allow":["GET"]}}],"collection":[{"href":"https:\/\/www.cobirehab.com\/de\/wp-json\/wp\/v2\/product"}],"about":[{"href":"https:\/\/www.cobirehab.com\/de\/wp-json\/wp\/v2\/types\/product"}],"replies":[{"embeddable":true,"href":"https:\/\/www.cobirehab.com\/de\/wp-json\/wp\/v2\/comments?post=46683"}],"wp:featuredmedia":[{"embeddable":true,"href":"https:\/\/www.cobirehab.com\/de\/wp-json\/wp\/v2\/media\/47562"}],"wp:attachment":[{"href":"https:\/\/www.cobirehab.com\/de\/wp-json\/wp\/v2\/media?parent=46683"}],"wp:term":[{"taxonomy":"product_brand","embeddable":true,"href":"https:\/\/www.cobirehab.com\/de\/wp-json\/wp\/v2\/product_brand?post=46683"},{"taxonomy":"product_cat","embeddable":true,"href":"https:\/\/www.cobirehab.com\/de\/wp-json\/wp\/v2\/product_cat?post=46683"},{"taxonomy":"product_tag","embeddable":true,"href":"https:\/\/www.cobirehab.com\/de\/wp-json\/wp\/v2\/product_tag?post=46683"}],"curies":[{"name":"wp","href":"https:\/\/api.w.org\/{rel}","templated":true}]}}