{"id":46559,"date":"2024-11-11T12:59:17","date_gmt":"2024-11-11T11:59:17","guid":{"rendered":"https:\/\/www.cobirehab.com\/?page_id=46559"},"modified":"2025-01-09T10:30:26","modified_gmt":"2025-01-09T09:30:26","slug":"werden-sie-haendler-von-cobi-rehab","status":"publish","type":"page","link":"https:\/\/www.cobirehab.com\/de\/haendler\/werden-sie-haendler-von-cobi-rehab\/","title":{"rendered":"M\u00f6chten Sie H\u00e4ndler werden?"},"content":{"rendered":"<p>[et_pb_section fb_built=&#8220;1&#8243; _builder_version=&#8220;4.16&#8243; global_colors_info=&#8220;{}&#8220;][et_pb_row _builder_version=&#8220;4.16&#8243; custom_margin=&#8220;0px||0px|&#8220; custom_padding=&#8220;0px||0px|&#8220; global_colors_info=&#8220;{}&#8220;][et_pb_column type=&#8220;4_4&#8243; _builder_version=&#8220;4.16&#8243; custom_padding=&#8220;|||&#8220; global_colors_info=&#8220;{}&#8220; custom_padding__hover=&#8220;|||&#8220;][et_pb_text admin_label=&#8220;Breadcrumbs&#8220; module_class=&#8220;woocommerce-breadcrumb&#8220; _builder_version=&#8220;4.16&#8243; saved_tabs=&#8220;all&#8220; global_colors_info=&#8220;{}&#8220;][breadcrumbs]<br \/>\n[\/et_pb_text][\/et_pb_column][\/et_pb_row][et_pb_row _builder_version=&#8220;4.16&#8243; global_colors_info=&#8220;{}&#8220;][et_pb_column type=&#8220;4_4&#8243; _builder_version=&#8220;4.16&#8243; custom_padding=&#8220;|||&#8220; global_colors_info=&#8220;{}&#8220; custom_padding__hover=&#8220;|||&#8220;][et_pb_text _builder_version=&#8220;4.27.4&#8243; global_colors_info=&#8220;{}&#8220;]<\/p>\n<h1>Neuer H\u00e4ndler?<\/h1>\n<p>[\/et_pb_text][\/et_pb_column][\/et_pb_row][et_pb_row _builder_version=&#8220;4.16&#8243; background_size=&#8220;initial&#8220; background_position=&#8220;top_left&#8220; background_repeat=&#8220;repeat&#8220; global_colors_info=&#8220;{}&#8220;][et_pb_column type=&#8220;4_4&#8243; _builder_version=&#8220;4.16&#8243; custom_padding=&#8220;|||&#8220; global_colors_info=&#8220;{}&#8220; custom_padding__hover=&#8220;|||&#8220;][et_pb_image src=&#8220;https:\/\/www.cobirehab.com\/wp-content\/uploads\/2018\/05\/Worldmap-1080&#215;535.jpg&#8220; title_text=&#8220;Worldmap-1080&#215;535&#8243; align_tablet=&#8220;center&#8220; align_phone=&#8220;&#8220; align_last_edited=&#8220;on|desktop&#8220; _builder_version=&#8220;4.16&#8243; global_colors_info=&#8220;{}&#8220;][\/et_pb_image][\/et_pb_column][\/et_pb_row][et_pb_row column_structure=&#8220;3_4,1_4&#8243; _builder_version=&#8220;4.16&#8243; background_size=&#8220;initial&#8220; background_position=&#8220;top_left&#8220; background_repeat=&#8220;repeat&#8220; global_colors_info=&#8220;{}&#8220;][et_pb_column type=&#8220;3_4&#8243; _builder_version=&#8220;4.16&#8243; custom_padding=&#8220;|||&#8220; global_colors_info=&#8220;{}&#8220; custom_padding__hover=&#8220;|||&#8220;][et_pb_text _builder_version=&#8220;4.27.4&#8243; header_text_color=&#8220;#7bbbb2&#8243; header_font_size=&#8220;28px&#8220; header_line_height=&#8220;1.2em&#8220; global_colors_info=&#8220;{}&#8220;]<\/p>\n<h2>Wir arbeitet mit H\u00e4ndlern auf der ganzen Welt zusammen.<\/h2>\n<h2>M\u00f6chten Sie unser n\u00e4chster H\u00e4ndler werden?<\/h2>\n<p>[\/et_pb_text][et_pb_text _builder_version=&#8220;4.27.4&#8243; global_colors_info=&#8220;{}&#8220;]<\/p>\n<p>Wenn Sie unsere Produkte interessant finden und glauben, dass sie einen Unterschied f\u00fcr Ihren Verkauf von Produkten f\u00fcr bariatrische Patienten machen k\u00f6nnen, kontaktieren Sie uns gerne f\u00fcr weitere Informationen.<\/p>\n<p>Kontaktieren Sie uns:<\/p>\n<p><b>Export Director Lennart Axen<\/b><\/p>\n<p><b><a href=\"mailto:%20lennart@cobi.dk\" target=\"_blank\" rel=\"noopener noreferrer\">lennart@cobi.dk<\/a><\/b><\/p>\n<p>[\/et_pb_text][\/et_pb_column][et_pb_column type=&#8220;1_4&#8243; _builder_version=&#8220;4.16&#8243; custom_padding=&#8220;|||&#8220; global_colors_info=&#8220;{}&#8220; custom_padding__hover=&#8220;|||&#8220;][et_pb_image src=&#8220;https:\/\/www.cobirehab.com\/wp-content\/uploads\/2024\/01\/Lennart-Axen-januar-2024.png&#8220; title_text=&#8220;Lennart Axen januar 2024&#8243; align_tablet=&#8220;center&#8220; align_phone=&#8220;&#8220; align_last_edited=&#8220;on|desktop&#8220; _builder_version=&#8220;4.27.2&#8243; global_colors_info=&#8220;{}&#8220;][\/et_pb_image][\/et_pb_column][\/et_pb_row][\/et_pb_section]<\/p>\n","protected":false},"excerpt":{"rendered":"<p>[breadcrumbs] Neuer H\u00e4ndler?Wir arbeitet mit H\u00e4ndlern auf der ganzen Welt zusammen. M\u00f6chten Sie unser n\u00e4chster H\u00e4ndler werden?Wenn Sie unsere Produkte interessant finden und glauben, dass sie einen Unterschied f\u00fcr Ihren Verkauf von Produkten f\u00fcr bariatrische Patienten machen k\u00f6nnen, kontaktieren Sie uns gerne f\u00fcr weitere Informationen. Kontaktieren Sie uns: Export Director Lennart Axen lennart@cobi.dk<\/p>\n","protected":false},"author":23,"featured_media":0,"parent":46555,"menu_order":0,"comment_status":"closed","ping_status":"closed","template":"","meta":{"_et_pb_use_builder":"on","_et_pb_old_content":"<!-- wp:divi\/placeholder \/-->","_et_gb_content_width":"","footnotes":""},"class_list":["post-46559","page","type-page","status-publish","hentry"],"yoast_head":"<!-- This site is optimized with the Yoast SEO plugin v27.2 - https:\/\/yoast.com\/product\/yoast-seo-wordpress\/ -->\n<title>Werden Sie H\u00e4ndler von Cobi Rehab<\/title>\n<meta name=\"description\" content=\"Werden Sie H\u00e4ndler von Cobi Rehab. Arbeiten Sie mit Cobi Rehab zusammen und steigern Sie Ihren Verkauf. Kontaktieren Sie uns jetzt!\" \/>\n<meta name=\"robots\" content=\"index, follow, max-snippet:-1, max-image-preview:large, max-video-preview:-1\" \/>\n<link rel=\"canonical\" href=\"https:\/\/www.cobirehab.com\/de\/haendler\/werden-sie-haendler-von-cobi-rehab\/\" \/>\n<meta property=\"og:locale\" content=\"de_DE\" \/>\n<meta property=\"og:type\" content=\"article\" \/>\n<meta property=\"og:title\" content=\"Werden Sie H\u00e4ndler von Cobi Rehab\" \/>\n<meta property=\"og:description\" content=\"Werden Sie H\u00e4ndler von Cobi Rehab. Arbeiten Sie mit Cobi Rehab zusammen und steigern Sie Ihren Verkauf. Kontaktieren Sie uns jetzt!\" \/>\n<meta property=\"og:url\" content=\"https:\/\/www.cobirehab.com\/de\/haendler\/werden-sie-haendler-von-cobi-rehab\/\" \/>\n<meta property=\"og:site_name\" content=\"Cobi Rehab\" \/>\n<meta property=\"article:modified_time\" content=\"2025-01-09T09:30:26+00:00\" \/>\n<meta name=\"twitter:card\" content=\"summary_large_image\" \/>\n<meta name=\"twitter:label1\" content=\"Gesch\u00e4tzte Lesezeit\" \/>\n\t<meta name=\"twitter:data1\" content=\"1\u00a0Minute\" \/>\n<script type=\"application\/ld+json\" class=\"yoast-schema-graph\">{\"@context\":\"https:\/\/schema.org\",\"@graph\":[{\"@type\":\"WebPage\",\"@id\":\"https:\/\/www.cobirehab.com\/de\/haendler\/werden-sie-haendler-von-cobi-rehab\/\",\"url\":\"https:\/\/www.cobirehab.com\/de\/haendler\/werden-sie-haendler-von-cobi-rehab\/\",\"name\":\"Werden Sie H\u00e4ndler von Cobi Rehab\",\"isPartOf\":{\"@id\":\"https:\/\/www.cobirehab.com\/en\/#website\"},\"datePublished\":\"2024-11-11T11:59:17+00:00\",\"dateModified\":\"2025-01-09T09:30:26+00:00\",\"description\":\"Werden Sie H\u00e4ndler von Cobi Rehab. Arbeiten Sie mit Cobi Rehab zusammen und steigern Sie Ihren Verkauf. Kontaktieren Sie uns jetzt!\",\"breadcrumb\":{\"@id\":\"https:\/\/www.cobirehab.com\/de\/haendler\/werden-sie-haendler-von-cobi-rehab\/#breadcrumb\"},\"inLanguage\":\"de\",\"potentialAction\":[{\"@type\":\"ReadAction\",\"target\":[\"https:\/\/www.cobirehab.com\/de\/haendler\/werden-sie-haendler-von-cobi-rehab\/\"]}]},{\"@type\":\"BreadcrumbList\",\"@id\":\"https:\/\/www.cobirehab.com\/de\/haendler\/werden-sie-haendler-von-cobi-rehab\/#breadcrumb\",\"itemListElement\":[{\"@type\":\"ListItem\",\"position\":1,\"name\":\"Hjem\",\"item\":\"https:\/\/www.cobirehab.com\/\"},{\"@type\":\"ListItem\",\"position\":2,\"name\":\"H\u00e4ndler\",\"item\":\"https:\/\/www.cobirehab.com\/de\/haendler\/\"},{\"@type\":\"ListItem\",\"position\":3,\"name\":\"M\u00f6chten Sie H\u00e4ndler werden?\"}]},{\"@type\":\"WebSite\",\"@id\":\"https:\/\/www.cobirehab.com\/en\/#website\",\"url\":\"https:\/\/www.cobirehab.com\/en\/\",\"name\":\"Cobi Rehab\",\"description\":\"The Positioning Company\",\"publisher\":{\"@id\":\"https:\/\/www.cobirehab.com\/en\/#organization\"},\"alternateName\":\"Cobi\",\"potentialAction\":[{\"@type\":\"SearchAction\",\"target\":{\"@type\":\"EntryPoint\",\"urlTemplate\":\"https:\/\/www.cobirehab.com\/en\/?s={search_term_string}\"},\"query-input\":{\"@type\":\"PropertyValueSpecification\",\"valueRequired\":true,\"valueName\":\"search_term_string\"}}],\"inLanguage\":\"de\"},{\"@type\":\"Organization\",\"@id\":\"https:\/\/www.cobirehab.com\/en\/#organization\",\"name\":\"Cobi Rehab\",\"url\":\"https:\/\/www.cobirehab.com\/en\/\",\"logo\":{\"@type\":\"ImageObject\",\"inLanguage\":\"de\",\"@id\":\"https:\/\/www.cobirehab.com\/en\/#\/schema\/logo\/image\/\",\"url\":\"https:\/\/www.cobirehab.com\/wp-content\/uploads\/2018\/04\/COBI-REHAB-17-logo-versA-pos.png\",\"contentUrl\":\"https:\/\/www.cobirehab.com\/wp-content\/uploads\/2018\/04\/COBI-REHAB-17-logo-versA-pos.png\",\"width\":1195,\"height\":768,\"caption\":\"Cobi Rehab\"},\"image\":{\"@id\":\"https:\/\/www.cobirehab.com\/en\/#\/schema\/logo\/image\/\"}}]}<\/script>\n<!-- \/ Yoast SEO plugin. -->","yoast_head_json":{"title":"Werden Sie H\u00e4ndler von Cobi Rehab","description":"Werden Sie H\u00e4ndler von Cobi Rehab. Arbeiten Sie mit Cobi Rehab zusammen und steigern Sie Ihren Verkauf. Kontaktieren Sie uns jetzt!","robots":{"index":"index","follow":"follow","max-snippet":"max-snippet:-1","max-image-preview":"max-image-preview:large","max-video-preview":"max-video-preview:-1"},"canonical":"https:\/\/www.cobirehab.com\/de\/haendler\/werden-sie-haendler-von-cobi-rehab\/","og_locale":"de_DE","og_type":"article","og_title":"Werden Sie H\u00e4ndler von Cobi Rehab","og_description":"Werden Sie H\u00e4ndler von Cobi Rehab. Arbeiten Sie mit Cobi Rehab zusammen und steigern Sie Ihren Verkauf. Kontaktieren Sie uns jetzt!","og_url":"https:\/\/www.cobirehab.com\/de\/haendler\/werden-sie-haendler-von-cobi-rehab\/","og_site_name":"Cobi Rehab","article_modified_time":"2025-01-09T09:30:26+00:00","twitter_card":"summary_large_image","twitter_misc":{"Gesch\u00e4tzte Lesezeit":"1\u00a0Minute"},"schema":{"@context":"https:\/\/schema.org","@graph":[{"@type":"WebPage","@id":"https:\/\/www.cobirehab.com\/de\/haendler\/werden-sie-haendler-von-cobi-rehab\/","url":"https:\/\/www.cobirehab.com\/de\/haendler\/werden-sie-haendler-von-cobi-rehab\/","name":"Werden Sie H\u00e4ndler von Cobi Rehab","isPartOf":{"@id":"https:\/\/www.cobirehab.com\/en\/#website"},"datePublished":"2024-11-11T11:59:17+00:00","dateModified":"2025-01-09T09:30:26+00:00","description":"Werden Sie H\u00e4ndler von Cobi Rehab. Arbeiten Sie mit Cobi Rehab zusammen und steigern Sie Ihren Verkauf. Kontaktieren Sie uns jetzt!","breadcrumb":{"@id":"https:\/\/www.cobirehab.com\/de\/haendler\/werden-sie-haendler-von-cobi-rehab\/#breadcrumb"},"inLanguage":"de","potentialAction":[{"@type":"ReadAction","target":["https:\/\/www.cobirehab.com\/de\/haendler\/werden-sie-haendler-von-cobi-rehab\/"]}]},{"@type":"BreadcrumbList","@id":"https:\/\/www.cobirehab.com\/de\/haendler\/werden-sie-haendler-von-cobi-rehab\/#breadcrumb","itemListElement":[{"@type":"ListItem","position":1,"name":"Hjem","item":"https:\/\/www.cobirehab.com\/"},{"@type":"ListItem","position":2,"name":"H\u00e4ndler","item":"https:\/\/www.cobirehab.com\/de\/haendler\/"},{"@type":"ListItem","position":3,"name":"M\u00f6chten Sie H\u00e4ndler werden?"}]},{"@type":"WebSite","@id":"https:\/\/www.cobirehab.com\/en\/#website","url":"https:\/\/www.cobirehab.com\/en\/","name":"Cobi Rehab","description":"The Positioning Company","publisher":{"@id":"https:\/\/www.cobirehab.com\/en\/#organization"},"alternateName":"Cobi","potentialAction":[{"@type":"SearchAction","target":{"@type":"EntryPoint","urlTemplate":"https:\/\/www.cobirehab.com\/en\/?s={search_term_string}"},"query-input":{"@type":"PropertyValueSpecification","valueRequired":true,"valueName":"search_term_string"}}],"inLanguage":"de"},{"@type":"Organization","@id":"https:\/\/www.cobirehab.com\/en\/#organization","name":"Cobi Rehab","url":"https:\/\/www.cobirehab.com\/en\/","logo":{"@type":"ImageObject","inLanguage":"de","@id":"https:\/\/www.cobirehab.com\/en\/#\/schema\/logo\/image\/","url":"https:\/\/www.cobirehab.com\/wp-content\/uploads\/2018\/04\/COBI-REHAB-17-logo-versA-pos.png","contentUrl":"https:\/\/www.cobirehab.com\/wp-content\/uploads\/2018\/04\/COBI-REHAB-17-logo-versA-pos.png","width":1195,"height":768,"caption":"Cobi Rehab"},"image":{"@id":"https:\/\/www.cobirehab.com\/en\/#\/schema\/logo\/image\/"}}]}},"_links":{"self":[{"href":"https:\/\/www.cobirehab.com\/de\/wp-json\/wp\/v2\/pages\/46559","targetHints":{"allow":["GET"]}}],"collection":[{"href":"https:\/\/www.cobirehab.com\/de\/wp-json\/wp\/v2\/pages"}],"about":[{"href":"https:\/\/www.cobirehab.com\/de\/wp-json\/wp\/v2\/types\/page"}],"author":[{"embeddable":true,"href":"https:\/\/www.cobirehab.com\/de\/wp-json\/wp\/v2\/users\/23"}],"replies":[{"embeddable":true,"href":"https:\/\/www.cobirehab.com\/de\/wp-json\/wp\/v2\/comments?post=46559"}],"version-history":[{"count":10,"href":"https:\/\/www.cobirehab.com\/de\/wp-json\/wp\/v2\/pages\/46559\/revisions"}],"predecessor-version":[{"id":47441,"href":"https:\/\/www.cobirehab.com\/de\/wp-json\/wp\/v2\/pages\/46559\/revisions\/47441"}],"up":[{"embeddable":true,"href":"https:\/\/www.cobirehab.com\/de\/wp-json\/wp\/v2\/pages\/46555"}],"wp:attachment":[{"href":"https:\/\/www.cobirehab.com\/de\/wp-json\/wp\/v2\/media?parent=46559"}],"curies":[{"name":"wp","href":"https:\/\/api.w.org\/{rel}","templated":true}]}}