{"id":46547,"date":"2024-11-11T12:57:16","date_gmt":"2024-11-11T11:57:16","guid":{"rendered":"https:\/\/www.cobirehab.com\/?page_id=46547"},"modified":"2024-12-12T11:55:59","modified_gmt":"2024-12-12T10:55:59","slug":"cobi-rehab-logo","status":"publish","type":"page","link":"https:\/\/www.cobirehab.com\/de\/ueber-uns\/cobi-rehab-logo\/","title":{"rendered":"Logo"},"content":{"rendered":"<p>[et_pb_section fb_built=&#8220;1&#8243; _builder_version=&#8220;4.16&#8243; global_colors_info=&#8220;{}&#8220;][et_pb_row _builder_version=&#8220;4.16&#8243; background_size=&#8220;initial&#8220; background_position=&#8220;top_left&#8220; background_repeat=&#8220;repeat&#8220; global_colors_info=&#8220;{}&#8220;][et_pb_column type=&#8220;4_4&#8243; _builder_version=&#8220;4.16&#8243; custom_padding=&#8220;|||&#8220; global_colors_info=&#8220;{}&#8220; custom_padding__hover=&#8220;|||&#8220;][et_pb_text admin_label=&#8220;Breadcrumbs&#8220; module_class=&#8220;woocommerce-breadcrumb&#8220; _builder_version=&#8220;4.16&#8243; saved_tabs=&#8220;all&#8220; global_colors_info=&#8220;{}&#8220;][breadcrumbs]<br \/>\n[\/et_pb_text][et_pb_text _builder_version=&#8220;4.27.4&#8243; hover_enabled=&#8220;0&#8243; global_colors_info=&#8220;{}&#8220; sticky_enabled=&#8220;0&#8243;]<\/p>\n<h1>Logo zum Herunterladen<\/h1>\n<p>[\/et_pb_text][\/et_pb_column][\/et_pb_row][et_pb_row column_structure=&#8220;1_2,1_2&#8243; _builder_version=&#8220;4.16&#8243; background_size=&#8220;initial&#8220; background_position=&#8220;top_left&#8220; background_repeat=&#8220;repeat&#8220; global_colors_info=&#8220;{}&#8220;][et_pb_column type=&#8220;1_2&#8243; _builder_version=&#8220;4.16&#8243; custom_padding=&#8220;|||&#8220; global_colors_info=&#8220;{}&#8220; custom_padding__hover=&#8220;|||&#8220;][et_pb_text _builder_version=&#8220;4.27.4&#8243; global_colors_info=&#8220;{}&#8220;]<\/p>\n<p>Das Cobi Rehab Logo steht in verschiedenen Versionen und Gr\u00f6\u00dfen zum Download bereit \u2013 sowohl f\u00fcr den Druck als auch f\u00fcr die Bildschirmnutzung. Es ist in Ordnern gesammelt, die alle ben\u00f6tigten Dateien f\u00fcr den Druck oder die elektronische Verwendung enthalten.<\/p>\n<p><strong>Die Bedeutung dahinter<\/strong><br \/>In seiner Einfachheit dr\u00fcckt das Logo Immobilit\u00e4t und L\u00f6sungen aus.<\/p>\n<p>Die wei\u00dfen Linien sind horizontal und diagonal positioniert. Die horizontale Linie symbolisiert die liegende Position, w\u00e4hrend die beiden schr\u00e4gen Linien die sitzende Position darstellen, z. B. in einem Komfortrollstuhl.<\/p>\n<p>Das Cobi Rehab logo wurde 2017 im Zusammenhang mit dem Relaunch unserer Website entworfen. Der Relaunch umfasste auch die Einf\u00fchrung einer Handvoll sanfter Farben, die unsere verschiedenen Produkte repr\u00e4sentieren.<\/p>\n<p>[\/et_pb_text][et_pb_text _builder_version=&#8220;4.27.4&#8243; global_colors_info=&#8220;{}&#8220;]<\/p>\n<p><a href=\"https:\/\/www.cobirehab.com\/wp-content\/uploads\/2023\/11\/Cobi-Rehab-logo-pakke.zip\" target=\"_blank\" rel=\"noopener\"><strong>Laden Sie die Ordner hier herunter<\/strong><\/a><\/p>\n<p><strong>Link zum <a href=\"https:\/\/www.dkpto.org\/\" target=\"_blank\" rel=\"noopener\">D\u00e4nischen Patent- und Markenamt<\/a><\/strong><\/p>\n<p>[\/et_pb_text][\/et_pb_column][et_pb_column type=&#8220;1_2&#8243; _builder_version=&#8220;4.16&#8243; custom_padding=&#8220;|||&#8220; global_colors_info=&#8220;{}&#8220; custom_padding__hover=&#8220;|||&#8220;][et_pb_image src=&#8220;https:\/\/www.cobirehab.com\/wp-content\/uploads\/2023\/11\/website-logopakke-graik.png&#8220; title_text=&#8220;website logopakke graik&#8220; align_tablet=&#8220;center&#8220; align_phone=&#8220;center&#8220; align_last_edited=&#8220;on|desktop&#8220; _builder_version=&#8220;4.23.1&#8243; global_colors_info=&#8220;{}&#8220;][\/et_pb_image][et_pb_image src=&#8220;https:\/\/www.cobirehab.com\/wp-content\/uploads\/2018\/04\/Cobi-farver-780&#215;505.jpg&#8220; alt=&#8220;logo Cobi Rehab&#8220; title_text=&#8220;Cobi farver 780&#215;505&#8243; align_tablet=&#8220;center&#8220; align_phone=&#8220;center&#8220; align_last_edited=&#8220;on|desktop&#8220; _builder_version=&#8220;4.19.4&#8243; global_colors_info=&#8220;{}&#8220;][\/et_pb_image][\/et_pb_column][\/et_pb_row][\/et_pb_section]<\/p>\n","protected":false},"excerpt":{"rendered":"<p>[breadcrumbs] Logo zum HerunterladenDas Cobi Rehab Logo steht in verschiedenen Versionen und Gr\u00f6\u00dfen zum Download bereit \u2013 sowohl f\u00fcr den Druck als auch f\u00fcr die Bildschirmnutzung. Es ist in Ordnern gesammelt, die alle ben\u00f6tigten Dateien f\u00fcr den Druck oder die elektronische Verwendung enthalten. Die Bedeutung dahinterIn seiner Einfachheit dr\u00fcckt das Logo Immobilit\u00e4t und L\u00f6sungen aus. [&hellip;]<\/p>\n","protected":false},"author":23,"featured_media":0,"parent":46541,"menu_order":0,"comment_status":"closed","ping_status":"closed","template":"","meta":{"_et_pb_use_builder":"on","_et_pb_old_content":"<!-- wp:divi\/placeholder \/-->","_et_gb_content_width":"","footnotes":""},"class_list":["post-46547","page","type-page","status-publish","hentry"],"yoast_head":"<!-- This site is optimized with the Yoast SEO plugin v27.2 - https:\/\/yoast.com\/product\/yoast-seo-wordpress\/ -->\n<title>Cobi Rehab Logo \u2013 Download in verschiedenen Versionen<\/title>\n<meta name=\"description\" content=\"Cobi Rehab logo: Laden Sie das Logo in unterschiedlichen Versionen und Gr\u00f6\u00dfen herunter \u2013 optimiert f\u00fcr Druck und Bildschirmnutzung.\" \/>\n<meta name=\"robots\" content=\"index, follow, max-snippet:-1, max-image-preview:large, max-video-preview:-1\" \/>\n<link rel=\"canonical\" href=\"https:\/\/www.cobirehab.com\/de\/ueber-uns\/cobi-rehab-logo\/\" \/>\n<meta property=\"og:locale\" content=\"de_DE\" \/>\n<meta property=\"og:type\" content=\"article\" \/>\n<meta property=\"og:title\" content=\"Cobi Rehab Logo \u2013 Download in verschiedenen Versionen\" \/>\n<meta property=\"og:description\" content=\"Cobi Rehab logo: Laden Sie das Logo in unterschiedlichen Versionen und Gr\u00f6\u00dfen herunter \u2013 optimiert f\u00fcr Druck und Bildschirmnutzung.\" \/>\n<meta property=\"og:url\" content=\"https:\/\/www.cobirehab.com\/de\/ueber-uns\/cobi-rehab-logo\/\" \/>\n<meta property=\"og:site_name\" content=\"Cobi Rehab\" \/>\n<meta property=\"article:modified_time\" content=\"2024-12-12T10:55:59+00:00\" \/>\n<meta name=\"twitter:card\" content=\"summary_large_image\" \/>\n<meta name=\"twitter:label1\" content=\"Gesch\u00e4tzte Lesezeit\" \/>\n\t<meta name=\"twitter:data1\" content=\"2\u00a0Minuten\" \/>\n<script type=\"application\/ld+json\" class=\"yoast-schema-graph\">{\"@context\":\"https:\/\/schema.org\",\"@graph\":[{\"@type\":\"WebPage\",\"@id\":\"https:\/\/www.cobirehab.com\/de\/ueber-uns\/cobi-rehab-logo\/\",\"url\":\"https:\/\/www.cobirehab.com\/de\/ueber-uns\/cobi-rehab-logo\/\",\"name\":\"Cobi Rehab Logo \u2013 Download in verschiedenen Versionen\",\"isPartOf\":{\"@id\":\"https:\/\/www.cobirehab.com\/en\/#website\"},\"datePublished\":\"2024-11-11T11:57:16+00:00\",\"dateModified\":\"2024-12-12T10:55:59+00:00\",\"description\":\"Cobi Rehab logo: Laden Sie das Logo in unterschiedlichen Versionen und Gr\u00f6\u00dfen herunter \u2013 optimiert f\u00fcr Druck und Bildschirmnutzung.\",\"breadcrumb\":{\"@id\":\"https:\/\/www.cobirehab.com\/de\/ueber-uns\/cobi-rehab-logo\/#breadcrumb\"},\"inLanguage\":\"de\",\"potentialAction\":[{\"@type\":\"ReadAction\",\"target\":[\"https:\/\/www.cobirehab.com\/de\/ueber-uns\/cobi-rehab-logo\/\"]}]},{\"@type\":\"BreadcrumbList\",\"@id\":\"https:\/\/www.cobirehab.com\/de\/ueber-uns\/cobi-rehab-logo\/#breadcrumb\",\"itemListElement\":[{\"@type\":\"ListItem\",\"position\":1,\"name\":\"Hjem\",\"item\":\"https:\/\/www.cobirehab.com\/\"},{\"@type\":\"ListItem\",\"position\":2,\"name\":\"\u00dcber uns\",\"item\":\"https:\/\/www.cobirehab.com\/de\/ueber-uns\/\"},{\"@type\":\"ListItem\",\"position\":3,\"name\":\"Logo\"}]},{\"@type\":\"WebSite\",\"@id\":\"https:\/\/www.cobirehab.com\/en\/#website\",\"url\":\"https:\/\/www.cobirehab.com\/en\/\",\"name\":\"Cobi Rehab\",\"description\":\"The Positioning Company\",\"publisher\":{\"@id\":\"https:\/\/www.cobirehab.com\/en\/#organization\"},\"alternateName\":\"Cobi\",\"potentialAction\":[{\"@type\":\"SearchAction\",\"target\":{\"@type\":\"EntryPoint\",\"urlTemplate\":\"https:\/\/www.cobirehab.com\/en\/?s={search_term_string}\"},\"query-input\":{\"@type\":\"PropertyValueSpecification\",\"valueRequired\":true,\"valueName\":\"search_term_string\"}}],\"inLanguage\":\"de\"},{\"@type\":\"Organization\",\"@id\":\"https:\/\/www.cobirehab.com\/en\/#organization\",\"name\":\"Cobi Rehab\",\"url\":\"https:\/\/www.cobirehab.com\/en\/\",\"logo\":{\"@type\":\"ImageObject\",\"inLanguage\":\"de\",\"@id\":\"https:\/\/www.cobirehab.com\/en\/#\/schema\/logo\/image\/\",\"url\":\"https:\/\/www.cobirehab.com\/wp-content\/uploads\/2018\/04\/COBI-REHAB-17-logo-versA-pos.png\",\"contentUrl\":\"https:\/\/www.cobirehab.com\/wp-content\/uploads\/2018\/04\/COBI-REHAB-17-logo-versA-pos.png\",\"width\":1195,\"height\":768,\"caption\":\"Cobi Rehab\"},\"image\":{\"@id\":\"https:\/\/www.cobirehab.com\/en\/#\/schema\/logo\/image\/\"}}]}<\/script>\n<!-- \/ Yoast SEO plugin. -->","yoast_head_json":{"title":"Cobi Rehab Logo \u2013 Download in verschiedenen Versionen","description":"Cobi Rehab logo: Laden Sie das Logo in unterschiedlichen Versionen und Gr\u00f6\u00dfen herunter \u2013 optimiert f\u00fcr Druck und Bildschirmnutzung.","robots":{"index":"index","follow":"follow","max-snippet":"max-snippet:-1","max-image-preview":"max-image-preview:large","max-video-preview":"max-video-preview:-1"},"canonical":"https:\/\/www.cobirehab.com\/de\/ueber-uns\/cobi-rehab-logo\/","og_locale":"de_DE","og_type":"article","og_title":"Cobi Rehab Logo \u2013 Download in verschiedenen Versionen","og_description":"Cobi Rehab logo: Laden Sie das Logo in unterschiedlichen Versionen und Gr\u00f6\u00dfen herunter \u2013 optimiert f\u00fcr Druck und Bildschirmnutzung.","og_url":"https:\/\/www.cobirehab.com\/de\/ueber-uns\/cobi-rehab-logo\/","og_site_name":"Cobi Rehab","article_modified_time":"2024-12-12T10:55:59+00:00","twitter_card":"summary_large_image","twitter_misc":{"Gesch\u00e4tzte Lesezeit":"2\u00a0Minuten"},"schema":{"@context":"https:\/\/schema.org","@graph":[{"@type":"WebPage","@id":"https:\/\/www.cobirehab.com\/de\/ueber-uns\/cobi-rehab-logo\/","url":"https:\/\/www.cobirehab.com\/de\/ueber-uns\/cobi-rehab-logo\/","name":"Cobi Rehab Logo \u2013 Download in verschiedenen Versionen","isPartOf":{"@id":"https:\/\/www.cobirehab.com\/en\/#website"},"datePublished":"2024-11-11T11:57:16+00:00","dateModified":"2024-12-12T10:55:59+00:00","description":"Cobi Rehab logo: Laden Sie das Logo in unterschiedlichen Versionen und Gr\u00f6\u00dfen herunter \u2013 optimiert f\u00fcr Druck und Bildschirmnutzung.","breadcrumb":{"@id":"https:\/\/www.cobirehab.com\/de\/ueber-uns\/cobi-rehab-logo\/#breadcrumb"},"inLanguage":"de","potentialAction":[{"@type":"ReadAction","target":["https:\/\/www.cobirehab.com\/de\/ueber-uns\/cobi-rehab-logo\/"]}]},{"@type":"BreadcrumbList","@id":"https:\/\/www.cobirehab.com\/de\/ueber-uns\/cobi-rehab-logo\/#breadcrumb","itemListElement":[{"@type":"ListItem","position":1,"name":"Hjem","item":"https:\/\/www.cobirehab.com\/"},{"@type":"ListItem","position":2,"name":"\u00dcber uns","item":"https:\/\/www.cobirehab.com\/de\/ueber-uns\/"},{"@type":"ListItem","position":3,"name":"Logo"}]},{"@type":"WebSite","@id":"https:\/\/www.cobirehab.com\/en\/#website","url":"https:\/\/www.cobirehab.com\/en\/","name":"Cobi Rehab","description":"The Positioning Company","publisher":{"@id":"https:\/\/www.cobirehab.com\/en\/#organization"},"alternateName":"Cobi","potentialAction":[{"@type":"SearchAction","target":{"@type":"EntryPoint","urlTemplate":"https:\/\/www.cobirehab.com\/en\/?s={search_term_string}"},"query-input":{"@type":"PropertyValueSpecification","valueRequired":true,"valueName":"search_term_string"}}],"inLanguage":"de"},{"@type":"Organization","@id":"https:\/\/www.cobirehab.com\/en\/#organization","name":"Cobi Rehab","url":"https:\/\/www.cobirehab.com\/en\/","logo":{"@type":"ImageObject","inLanguage":"de","@id":"https:\/\/www.cobirehab.com\/en\/#\/schema\/logo\/image\/","url":"https:\/\/www.cobirehab.com\/wp-content\/uploads\/2018\/04\/COBI-REHAB-17-logo-versA-pos.png","contentUrl":"https:\/\/www.cobirehab.com\/wp-content\/uploads\/2018\/04\/COBI-REHAB-17-logo-versA-pos.png","width":1195,"height":768,"caption":"Cobi Rehab"},"image":{"@id":"https:\/\/www.cobirehab.com\/en\/#\/schema\/logo\/image\/"}}]}},"_links":{"self":[{"href":"https:\/\/www.cobirehab.com\/de\/wp-json\/wp\/v2\/pages\/46547","targetHints":{"allow":["GET"]}}],"collection":[{"href":"https:\/\/www.cobirehab.com\/de\/wp-json\/wp\/v2\/pages"}],"about":[{"href":"https:\/\/www.cobirehab.com\/de\/wp-json\/wp\/v2\/types\/page"}],"author":[{"embeddable":true,"href":"https:\/\/www.cobirehab.com\/de\/wp-json\/wp\/v2\/users\/23"}],"replies":[{"embeddable":true,"href":"https:\/\/www.cobirehab.com\/de\/wp-json\/wp\/v2\/comments?post=46547"}],"version-history":[{"count":10,"href":"https:\/\/www.cobirehab.com\/de\/wp-json\/wp\/v2\/pages\/46547\/revisions"}],"predecessor-version":[{"id":46967,"href":"https:\/\/www.cobirehab.com\/de\/wp-json\/wp\/v2\/pages\/46547\/revisions\/46967"}],"up":[{"embeddable":true,"href":"https:\/\/www.cobirehab.com\/de\/wp-json\/wp\/v2\/pages\/46541"}],"wp:attachment":[{"href":"https:\/\/www.cobirehab.com\/de\/wp-json\/wp\/v2\/media?parent=46547"}],"curies":[{"name":"wp","href":"https:\/\/api.w.org\/{rel}","templated":true}]}}