{"id":46541,"date":"2024-11-11T12:55:19","date_gmt":"2024-11-11T11:55:19","guid":{"rendered":"https:\/\/www.cobirehab.com\/?page_id=46541"},"modified":"2025-01-13T14:33:07","modified_gmt":"2025-01-13T13:33:07","slug":"ueber-uns","status":"publish","type":"page","link":"https:\/\/www.cobirehab.com\/de\/ueber-uns\/","title":{"rendered":"\u00dcber uns"},"content":{"rendered":"<p>[et_pb_section fb_built=&#8220;1&#8243; _builder_version=&#8220;4.16&#8243; global_colors_info=&#8220;{}&#8220;][et_pb_row _builder_version=&#8220;4.16&#8243; custom_margin=&#8220;0px||0px|&#8220; custom_padding=&#8220;0px||0px|&#8220; global_colors_info=&#8220;{}&#8220;][et_pb_column type=&#8220;4_4&#8243; _builder_version=&#8220;4.16&#8243; custom_padding=&#8220;|||&#8220; global_colors_info=&#8220;{}&#8220; custom_padding__hover=&#8220;|||&#8220;][et_pb_text admin_label=&#8220;Breadcrumbs&#8220; module_class=&#8220;woocommerce-breadcrumb&#8220; _builder_version=&#8220;4.16&#8243; saved_tabs=&#8220;all&#8220; global_colors_info=&#8220;{}&#8220;][breadcrumbs]<br \/>\n[\/et_pb_text][\/et_pb_column][\/et_pb_row][et_pb_row _builder_version=&#8220;4.16&#8243; global_colors_info=&#8220;{}&#8220;][et_pb_column type=&#8220;4_4&#8243; _builder_version=&#8220;4.16&#8243; custom_padding=&#8220;|||&#8220; global_colors_info=&#8220;{}&#8220; custom_padding__hover=&#8220;|||&#8220;][et_pb_text _builder_version=&#8220;4.27.4&#8243; global_colors_info=&#8220;{}&#8220;]<\/p>\n<h1>Cobi Rehab Unternehmensprofil<\/h1>\n<p>[\/et_pb_text][\/et_pb_column][\/et_pb_row][et_pb_row _builder_version=&#8220;4.16&#8243; custom_margin=&#8220;0px|||&#8220; custom_padding=&#8220;0px|||&#8220; global_colors_info=&#8220;{}&#8220;][et_pb_column type=&#8220;4_4&#8243; _builder_version=&#8220;4.16&#8243; custom_padding=&#8220;|||&#8220; global_colors_info=&#8220;{}&#8220; custom_padding__hover=&#8220;|||&#8220;][et_pb_image src=&#8220;https:\/\/www.cobirehab.com\/wp-content\/uploads\/2018\/05\/Henrik-minimaxx-1080x600px.jpg&#8220; align_tablet=&#8220;center&#8220; align_phone=&#8220;&#8220; align_last_edited=&#8220;on|desktop&#8220; _builder_version=&#8220;4.16&#8243; global_colors_info=&#8220;{}&#8220;][\/et_pb_image][\/et_pb_column][\/et_pb_row][et_pb_row _builder_version=&#8220;4.16&#8243; background_size=&#8220;initial&#8220; background_position=&#8220;top_left&#8220; background_repeat=&#8220;repeat&#8220; global_colors_info=&#8220;{}&#8220;][et_pb_column type=&#8220;4_4&#8243; _builder_version=&#8220;4.16&#8243; custom_padding=&#8220;|||&#8220; global_colors_info=&#8220;{}&#8220; custom_padding__hover=&#8220;|||&#8220;][et_pb_text _builder_version=&#8220;4.27.4&#8243; hover_enabled=&#8220;0&#8243; global_colors_info=&#8220;{}&#8220; sticky_enabled=&#8220;0&#8243;]<\/p>\n<h2>Kurzprofil von Cobi Rehab<\/h2>\n<p>Wir sind auf Positionierungsl\u00f6sungen f\u00fcr bariatrische Patienten rund um die Uhr spezialisiert, mit dem Ziel, Unabh\u00e4ngigkeit, Komfort und Entlastung zu gew\u00e4hrleisten.<\/p>\n<p>Unser Schwerpunkt liegt auf Respekt f\u00fcr den Einzelnen. Innovation, Proaktivit\u00e4t, Qualit\u00e4t und Empathie bilden die Grundlage unseres Handelns und pr\u00e4gen alle Aspekte unserer Arbeit.<\/p>\n<p>Unsere Positionierungsl\u00f6sungen basieren auf fundiertem Wissen \u00fcber die Anwendung der Produkte und deren Nutzen, wobei W\u00fcrde und ein gutes Arbeitsumfeld sowohl f\u00fcr den Nutzer als auch f\u00fcr das Pflegepersonal im Mittelpunkt stehen.<\/p>\n<p>Unsere Produkte sind robust konstruiert, funktional gestaltet und haben eine Tragf\u00e4higkeit von bis zu 325 kg. Unser Produktportfolio umfasst Rollst\u00fchle, Duschst\u00fchle, Duschb\u00e4nke, Patienten-\/Essst\u00fchle, Rollatoren, Gehhilfen, Gehst\u00f6cke sowie Betten und Matratzen.<\/p>\n<p><strong>Standort in D\u00e4nemark:<\/strong><br \/>Wir beliefern sowohl den privaten als auch den \u00f6ffentlichen Sektor weltweit. Unser Ziel ist es, professionelle Beratung und qualitativ hochwertige Produkte innerhalb kurzer Zeit zu liefern. Unsere Mitarbeiter verf\u00fcgen \u00fcber umfangreiche Erfahrung in der Ergotherapie und haben praktische Kenntnisse im Umgang mit bariatrischen Patienten.<\/p>\n<p>Alle unsere Produkte sind CE-zertifiziert und <a href=\"https:\/\/hmi-basen.dk\/en\/indexdk.asp\" target=\"_blank\" rel=\"noopener\">in der d\u00e4nischen Hilfsmitteldatenbank<\/a> aufgef\u00fchrt.<\/p>\n<p>[\/et_pb_text][\/et_pb_column][\/et_pb_row][et_pb_row _builder_version=&#8220;4.16&#8243; global_colors_info=&#8220;{}&#8220;][et_pb_column type=&#8220;4_4&#8243; _builder_version=&#8220;4.16&#8243; custom_padding=&#8220;|||&#8220; global_colors_info=&#8220;{}&#8220; custom_padding__hover=&#8220;|||&#8220;][et_pb_image src=&#8220;https:\/\/www.cobirehab.com\/wp-content\/uploads\/2017\/12\/icon1.png&#8220; align=&#8220;center&#8220; align_tablet=&#8220;center&#8220; align_phone=&#8220;&#8220; align_last_edited=&#8220;on|desktop&#8220; module_class=&#8220;cobi_divider&#8220; _builder_version=&#8220;4.16&#8243; custom_css_before=&#8220;content: %22%22;||background: #ccc;||width:50%;||height: 1px;||&#8220; custom_css_main_element=&#8220;position: relative;||display: flex;||align-items:center;||width: 100%;||justify-content: space-between;&#8220; custom_css_after=&#8220;content: %22%22;||background: #ccc;||width:50%;||height: 1px;||&#8220; global_colors_info=&#8220;{}&#8220;][\/et_pb_image][\/et_pb_column][\/et_pb_row][et_pb_row column_structure=&#8220;3_4,1_4&#8243; module_id=&#8220;test&#8220; _builder_version=&#8220;4.16&#8243; global_colors_info=&#8220;{}&#8220;][et_pb_column type=&#8220;3_4&#8243; _builder_version=&#8220;4.16&#8243; custom_padding=&#8220;|||&#8220; global_colors_info=&#8220;{}&#8220; custom_padding__hover=&#8220;|||&#8220;][et_pb_text _builder_version=&#8220;4.27.4&#8243; global_colors_info=&#8220;{}&#8220;]<\/p>\n<h5>Die Cobi Academy<\/h5>\n<p>ist unser eigenes Schulungs- und Wissenszentrum, in dem wir vor Ort Schulungen und Seminare f\u00fcr Mitarbeiter anbieten. Hier erhalten Sie die neuesten Erkenntnisse und Positionierungsl\u00f6sungen f\u00fcr die bariatrische Rehabilitation.<\/p>\n<p><strong>Mehr \u00fcber die <a href=\"https:\/\/www.cobirehab.com\/en\/cobiacademy\/\" target=\"_blank\" rel=\"noopener noreferrer\">Cobi Academy<\/a> erfahren (Englisch).<\/strong><\/p>\n<p>[\/et_pb_text][\/et_pb_column][et_pb_column type=&#8220;1_4&#8243; _builder_version=&#8220;4.16&#8243; custom_padding=&#8220;|||&#8220; global_colors_info=&#8220;{}&#8220; custom_padding__hover=&#8220;|||&#8220;][et_pb_image src=&#8220;https:\/\/www.cobirehab.com\/wp-content\/uploads\/2018\/04\/CobiRehab-Academy-Tyrkis.jpg&#8220; align_tablet=&#8220;center&#8220; align_phone=&#8220;&#8220; align_last_edited=&#8220;on|desktop&#8220; _builder_version=&#8220;4.16&#8243; global_colors_info=&#8220;{}&#8220;][\/et_pb_image][\/et_pb_column][\/et_pb_row][et_pb_row _builder_version=&#8220;4.16&#8243; global_colors_info=&#8220;{}&#8220;][et_pb_column type=&#8220;4_4&#8243; _builder_version=&#8220;4.16&#8243; custom_padding=&#8220;|||&#8220; global_colors_info=&#8220;{}&#8220; custom_padding__hover=&#8220;|||&#8220;][et_pb_image src=&#8220;https:\/\/www.cobirehab.com\/wp-content\/uploads\/2017\/12\/icon1.png&#8220; align=&#8220;center&#8220; align_tablet=&#8220;center&#8220; align_phone=&#8220;&#8220; align_last_edited=&#8220;on|desktop&#8220; module_class=&#8220;cobi_divider&#8220; _builder_version=&#8220;4.16&#8243; custom_css_before=&#8220;content: %22%22;||background: #ccc;||width:50%;||height: 1px;||&#8220; custom_css_main_element=&#8220;position: relative;||display: flex;||align-items:center;||width: 100%;||justify-content: space-between;&#8220; custom_css_after=&#8220;content: %22%22;||background: #ccc;||width:50%;||height: 1px;||&#8220; global_colors_info=&#8220;{}&#8220;][\/et_pb_image][\/et_pb_column][\/et_pb_row][et_pb_row module_id=&#8220;test&#8220; _builder_version=&#8220;4.16&#8243; global_colors_info=&#8220;{}&#8220;][et_pb_column type=&#8220;4_4&#8243; _builder_version=&#8220;4.16&#8243; custom_padding=&#8220;|||&#8220; global_colors_info=&#8220;{}&#8220; custom_padding__hover=&#8220;|||&#8220;][et_pb_text _builder_version=&#8220;4.27.4&#8243; global_colors_info=&#8220;{}&#8220;]<\/p>\n<h3>Allgemeine Gesch\u00e4ftsbedingungen<\/h3>\n<p>Link zu den aktualisierten <a href=\"https:\/\/www.cobirehab.com\/wp-content\/uploads\/2022\/06\/General-terms-and-conditions.pdf\" target=\"_blank\" rel=\"noopener\">Allgemeinen Gesch\u00e4ftsbedingungen<\/a> 2022 (Englisch)<\/p>\n<p>[\/et_pb_text][\/et_pb_column][\/et_pb_row][\/et_pb_section]<\/p>\n","protected":false},"excerpt":{"rendered":"<p>[breadcrumbs] Cobi Rehab UnternehmensprofilKurzprofil von Cobi Rehab Wir sind auf Positionierungsl\u00f6sungen f\u00fcr bariatrische Patienten rund um die Uhr spezialisiert, mit dem Ziel, Unabh\u00e4ngigkeit, Komfort und Entlastung zu gew\u00e4hrleisten. Unser Schwerpunkt liegt auf Respekt f\u00fcr den Einzelnen. Innovation, Proaktivit\u00e4t, Qualit\u00e4t und Empathie bilden die Grundlage unseres Handelns und pr\u00e4gen alle Aspekte unserer Arbeit. Unsere Positionierungsl\u00f6sungen basieren [&hellip;]<\/p>\n","protected":false},"author":23,"featured_media":0,"parent":0,"menu_order":0,"comment_status":"closed","ping_status":"closed","template":"","meta":{"_et_pb_use_builder":"on","_et_pb_old_content":"<!-- wp:divi\/placeholder \/-->","_et_gb_content_width":"","footnotes":""},"class_list":["post-46541","page","type-page","status-publish","hentry"],"yoast_head":"<!-- This site is optimized with the Yoast SEO plugin v27.2 - https:\/\/yoast.com\/product\/yoast-seo-wordpress\/ -->\n<title>Uber uns - Experten f\u00fcr bariatrische Positionierungsl\u00f6sungen<\/title>\n<meta name=\"description\" content=\"Uber uns: Cobi Rehab bietet innovative, robuste und funktionale L\u00f6sungen f\u00fcr bariatrische Patienten. Entdecken Sie unser Reiches Sortiment!\" \/>\n<meta name=\"robots\" content=\"index, follow, max-snippet:-1, max-image-preview:large, max-video-preview:-1\" \/>\n<link rel=\"canonical\" href=\"https:\/\/www.cobirehab.com\/de\/ueber-uns\/\" \/>\n<meta property=\"og:locale\" content=\"de_DE\" \/>\n<meta property=\"og:type\" content=\"article\" \/>\n<meta property=\"og:title\" content=\"Uber uns - Experten f\u00fcr bariatrische Positionierungsl\u00f6sungen\" \/>\n<meta property=\"og:description\" content=\"Uber uns: Cobi Rehab bietet innovative, robuste und funktionale L\u00f6sungen f\u00fcr bariatrische Patienten. Entdecken Sie unser Reiches Sortiment!\" \/>\n<meta property=\"og:url\" content=\"https:\/\/www.cobirehab.com\/de\/ueber-uns\/\" \/>\n<meta property=\"og:site_name\" content=\"Cobi Rehab\" \/>\n<meta property=\"article:modified_time\" content=\"2025-01-13T13:33:07+00:00\" \/>\n<meta name=\"twitter:card\" content=\"summary_large_image\" \/>\n<meta name=\"twitter:label1\" content=\"Gesch\u00e4tzte Lesezeit\" \/>\n\t<meta name=\"twitter:data1\" content=\"3\u00a0Minuten\" \/>\n<script type=\"application\/ld+json\" class=\"yoast-schema-graph\">{\"@context\":\"https:\/\/schema.org\",\"@graph\":[{\"@type\":\"WebPage\",\"@id\":\"https:\/\/www.cobirehab.com\/de\/ueber-uns\/\",\"url\":\"https:\/\/www.cobirehab.com\/de\/ueber-uns\/\",\"name\":\"Uber uns - Experten f\u00fcr bariatrische Positionierungsl\u00f6sungen\",\"isPartOf\":{\"@id\":\"https:\/\/www.cobirehab.com\/en\/#website\"},\"datePublished\":\"2024-11-11T11:55:19+00:00\",\"dateModified\":\"2025-01-13T13:33:07+00:00\",\"description\":\"Uber uns: Cobi Rehab bietet innovative, robuste und funktionale L\u00f6sungen f\u00fcr bariatrische Patienten. Entdecken Sie unser Reiches Sortiment!\",\"breadcrumb\":{\"@id\":\"https:\/\/www.cobirehab.com\/de\/ueber-uns\/#breadcrumb\"},\"inLanguage\":\"de\",\"potentialAction\":[{\"@type\":\"ReadAction\",\"target\":[\"https:\/\/www.cobirehab.com\/de\/ueber-uns\/\"]}]},{\"@type\":\"BreadcrumbList\",\"@id\":\"https:\/\/www.cobirehab.com\/de\/ueber-uns\/#breadcrumb\",\"itemListElement\":[{\"@type\":\"ListItem\",\"position\":1,\"name\":\"Hjem\",\"item\":\"https:\/\/www.cobirehab.com\/\"},{\"@type\":\"ListItem\",\"position\":2,\"name\":\"\u00dcber uns\"}]},{\"@type\":\"WebSite\",\"@id\":\"https:\/\/www.cobirehab.com\/en\/#website\",\"url\":\"https:\/\/www.cobirehab.com\/en\/\",\"name\":\"Cobi Rehab\",\"description\":\"The Positioning Company\",\"publisher\":{\"@id\":\"https:\/\/www.cobirehab.com\/en\/#organization\"},\"alternateName\":\"Cobi\",\"potentialAction\":[{\"@type\":\"SearchAction\",\"target\":{\"@type\":\"EntryPoint\",\"urlTemplate\":\"https:\/\/www.cobirehab.com\/en\/?s={search_term_string}\"},\"query-input\":{\"@type\":\"PropertyValueSpecification\",\"valueRequired\":true,\"valueName\":\"search_term_string\"}}],\"inLanguage\":\"de\"},{\"@type\":\"Organization\",\"@id\":\"https:\/\/www.cobirehab.com\/en\/#organization\",\"name\":\"Cobi Rehab\",\"url\":\"https:\/\/www.cobirehab.com\/en\/\",\"logo\":{\"@type\":\"ImageObject\",\"inLanguage\":\"de\",\"@id\":\"https:\/\/www.cobirehab.com\/en\/#\/schema\/logo\/image\/\",\"url\":\"https:\/\/www.cobirehab.com\/wp-content\/uploads\/2018\/04\/COBI-REHAB-17-logo-versA-pos.png\",\"contentUrl\":\"https:\/\/www.cobirehab.com\/wp-content\/uploads\/2018\/04\/COBI-REHAB-17-logo-versA-pos.png\",\"width\":1195,\"height\":768,\"caption\":\"Cobi Rehab\"},\"image\":{\"@id\":\"https:\/\/www.cobirehab.com\/en\/#\/schema\/logo\/image\/\"}}]}<\/script>\n<!-- \/ Yoast SEO plugin. -->","yoast_head_json":{"title":"Uber uns - Experten f\u00fcr bariatrische Positionierungsl\u00f6sungen","description":"Uber uns: Cobi Rehab bietet innovative, robuste und funktionale L\u00f6sungen f\u00fcr bariatrische Patienten. Entdecken Sie unser Reiches Sortiment!","robots":{"index":"index","follow":"follow","max-snippet":"max-snippet:-1","max-image-preview":"max-image-preview:large","max-video-preview":"max-video-preview:-1"},"canonical":"https:\/\/www.cobirehab.com\/de\/ueber-uns\/","og_locale":"de_DE","og_type":"article","og_title":"Uber uns - Experten f\u00fcr bariatrische Positionierungsl\u00f6sungen","og_description":"Uber uns: Cobi Rehab bietet innovative, robuste und funktionale L\u00f6sungen f\u00fcr bariatrische Patienten. Entdecken Sie unser Reiches Sortiment!","og_url":"https:\/\/www.cobirehab.com\/de\/ueber-uns\/","og_site_name":"Cobi Rehab","article_modified_time":"2025-01-13T13:33:07+00:00","twitter_card":"summary_large_image","twitter_misc":{"Gesch\u00e4tzte Lesezeit":"3\u00a0Minuten"},"schema":{"@context":"https:\/\/schema.org","@graph":[{"@type":"WebPage","@id":"https:\/\/www.cobirehab.com\/de\/ueber-uns\/","url":"https:\/\/www.cobirehab.com\/de\/ueber-uns\/","name":"Uber uns - Experten f\u00fcr bariatrische Positionierungsl\u00f6sungen","isPartOf":{"@id":"https:\/\/www.cobirehab.com\/en\/#website"},"datePublished":"2024-11-11T11:55:19+00:00","dateModified":"2025-01-13T13:33:07+00:00","description":"Uber uns: Cobi Rehab bietet innovative, robuste und funktionale L\u00f6sungen f\u00fcr bariatrische Patienten. Entdecken Sie unser Reiches Sortiment!","breadcrumb":{"@id":"https:\/\/www.cobirehab.com\/de\/ueber-uns\/#breadcrumb"},"inLanguage":"de","potentialAction":[{"@type":"ReadAction","target":["https:\/\/www.cobirehab.com\/de\/ueber-uns\/"]}]},{"@type":"BreadcrumbList","@id":"https:\/\/www.cobirehab.com\/de\/ueber-uns\/#breadcrumb","itemListElement":[{"@type":"ListItem","position":1,"name":"Hjem","item":"https:\/\/www.cobirehab.com\/"},{"@type":"ListItem","position":2,"name":"\u00dcber uns"}]},{"@type":"WebSite","@id":"https:\/\/www.cobirehab.com\/en\/#website","url":"https:\/\/www.cobirehab.com\/en\/","name":"Cobi Rehab","description":"The Positioning Company","publisher":{"@id":"https:\/\/www.cobirehab.com\/en\/#organization"},"alternateName":"Cobi","potentialAction":[{"@type":"SearchAction","target":{"@type":"EntryPoint","urlTemplate":"https:\/\/www.cobirehab.com\/en\/?s={search_term_string}"},"query-input":{"@type":"PropertyValueSpecification","valueRequired":true,"valueName":"search_term_string"}}],"inLanguage":"de"},{"@type":"Organization","@id":"https:\/\/www.cobirehab.com\/en\/#organization","name":"Cobi Rehab","url":"https:\/\/www.cobirehab.com\/en\/","logo":{"@type":"ImageObject","inLanguage":"de","@id":"https:\/\/www.cobirehab.com\/en\/#\/schema\/logo\/image\/","url":"https:\/\/www.cobirehab.com\/wp-content\/uploads\/2018\/04\/COBI-REHAB-17-logo-versA-pos.png","contentUrl":"https:\/\/www.cobirehab.com\/wp-content\/uploads\/2018\/04\/COBI-REHAB-17-logo-versA-pos.png","width":1195,"height":768,"caption":"Cobi Rehab"},"image":{"@id":"https:\/\/www.cobirehab.com\/en\/#\/schema\/logo\/image\/"}}]}},"_links":{"self":[{"href":"https:\/\/www.cobirehab.com\/de\/wp-json\/wp\/v2\/pages\/46541","targetHints":{"allow":["GET"]}}],"collection":[{"href":"https:\/\/www.cobirehab.com\/de\/wp-json\/wp\/v2\/pages"}],"about":[{"href":"https:\/\/www.cobirehab.com\/de\/wp-json\/wp\/v2\/types\/page"}],"author":[{"embeddable":true,"href":"https:\/\/www.cobirehab.com\/de\/wp-json\/wp\/v2\/users\/23"}],"replies":[{"embeddable":true,"href":"https:\/\/www.cobirehab.com\/de\/wp-json\/wp\/v2\/comments?post=46541"}],"version-history":[{"count":8,"href":"https:\/\/www.cobirehab.com\/de\/wp-json\/wp\/v2\/pages\/46541\/revisions"}],"predecessor-version":[{"id":47570,"href":"https:\/\/www.cobirehab.com\/de\/wp-json\/wp\/v2\/pages\/46541\/revisions\/47570"}],"wp:attachment":[{"href":"https:\/\/www.cobirehab.com\/de\/wp-json\/wp\/v2\/media?parent=46541"}],"curies":[{"name":"wp","href":"https:\/\/api.w.org\/{rel}","templated":true}]}}